{"id":1019,"date":"2018-12-29T07:50:23","date_gmt":"2018-12-29T09:50:23","guid":{"rendered":"https:\/\/www.encontrafortaleza.com\/sobre\/?page_id=1019"},"modified":"2019-01-15T05:11:51","modified_gmt":"2019-01-15T07:11:51","slug":"passeio-publico-fortaleza","status":"publish","type":"page","link":"https:\/\/www.encontrafortaleza.com\/sobre\/passeio-publico-fortaleza\/","title":{"rendered":"Passeio P\u00fablico Fortaleza"},"content":{"rendered":"<div class=\"2ad529334b11458fd7d9bde3e187e581\" data-index=\"1\" style=\"float: left; margin: 5px 5px 5px 0;\">\n<!-- EBR \/Novo-Bairro-Topo\/ 300x250 -->\r\n<ins class=\"adsbygoogle\"\r\n     style=\"display:inline-block;width:300px;height:250px\"\r\n     data-ad-client=\"ca-pub-6414922941841817\"\r\n     data-ad-slot=\"5351822287\"><\/ins>\r\n<script>\r\n(adsbygoogle = window.adsbygoogle || []).push({});\r\n<\/script>\n<\/div>\n<p>O <strong>Passeio P\u00fablico Fortaleza<\/strong> tem o nome de Pra\u00e7a dos M\u00e1rtires, \u00e9 a mais antiga pra\u00e7a da cidade de Fortaleza, Cear\u00e1. Al\u00e9m da bela vista para o mar, a pra\u00e7a possui como atrativos naturais diversas \u00e1rvores centen\u00e1rias, como o famoso baob\u00e1 plantado por Senador Pompeu em 1910.<\/p>\n<p>Seu nome atual foi definido em 11 de janeiro de 1879 pela C\u00e2mara Municipal de Fortaleza.<\/p>\n<p><img loading=\"lazy\" decoding=\"async\" class=\"alignnone wp-image-1021 size-full\" title=\"Passeio P\u00fablico Fortaleza\" src=\"https:\/\/www.encontrafortaleza.com\/sobre\/wp-content\/uploads\/2018\/12\/passeio-publico-fortaleza.gif\" alt=\"Passeio P\u00fablico Fortaleza\" width=\"680\" height=\"189\" \/><\/p>\n<h2>Hist\u00f3ria do Passeio P\u00fablico Fortaleza<\/h2>\n<p>A pra\u00e7a foi planejada na d\u00e9cada de 1891 por Silva Paulet. Durante o governo de Jos\u00e9 F\u00e9lix de Azevedo e S\u00e1 a \u00e1rea foi cuidada e nesta \u00e9poca houve a execu\u00e7\u00e3o dos revolucion\u00e1rios da Confedera\u00e7\u00e3o do Equador: Azevedo Bol\u00e3o, Feliciano Carapinima, Francisco Ibiapina, Padre Moror\u00f3 e Pessoa Anta, que foram executados naquele local em 1825.\u00a0Em todas as plantas de Adolpho Herbster houve men\u00e7\u00e3o a futura pra\u00e7a que em 1864, o ent\u00e3o governador da prov\u00edncia encomendar\u00e1 ao Engenheiro da Prov\u00edncia os or\u00e7amentos das obras.<\/p>\n<p>Constru\u00edda em 1890 em estilo neocl\u00e1ssico, a pra\u00e7a foi reformada em 1940 nos moldes do Passeio P\u00fablico do Rio de Janeiro.\u00a0O logradouro foi palco das primeiras partidas de futebol do estado, disputadas por marinheiros de navios ancorados no porto da cidade, ingleses residentes em Fortaleza e cearenses da classe alta.\u00a0Foi tombada pelo IPHAN em 13 de abril de 1965.<\/p>\n<p>Durante a d\u00e9cada de 1990, o local passou a sofrer com o abandono por parte do poder p\u00fablico, e aos poucos se transformou em ponto de consumo e tr\u00e1fico de drogas e prostitui\u00e7\u00e3o. Consequentemente, o espa\u00e7o passou a ser pouco aproveitado pela popula\u00e7\u00e3o. Tal situa\u00e7\u00e3o s\u00f3 foi revertida na segunda metade da d\u00e9cada de 2000, com a revitaliza\u00e7\u00e3o pela qual passou.<\/p>\n<p>Em setembro de 2007, teve in\u00edcio a \u00faltima restaura\u00e7\u00e3o da pra\u00e7a realizada pela Prefeitura de Fortaleza atrav\u00e9s da FUNCET com o apoio da Casa Cor no Cear\u00e1. A pra\u00e7a restaurada foi entregue \u00e0 popula\u00e7\u00e3o em solenidade ocorrida em 6 de outubro de 2007. Desde ent\u00e3o, a pra\u00e7a voltou a ser bem freq\u00fcentada pelas fam\u00edlias, passou a contar com mais vigil\u00e2ncia e a ter atrativos como caf\u00e9s e restaurantes, mediante parcerias com a iniciativa privada.<\/p>\n<p>Entretanto, o poder p\u00fablico permanece concentrando as fun\u00e7\u00f5es de manuten\u00e7\u00e3o do local, sem contar com a colabora\u00e7\u00e3o de entes privados ou de volunt\u00e1rios, o que dificulta os trabalhos, j\u00e1 que muitas vezes faltam recursos e capacidade de gest\u00e3o. O resultado \u00e9 que, mesmo restaurada, a pra\u00e7a se encontra h\u00e1 tempos com alguns postes e est\u00e1tuas quebradas, al\u00e9m de jardins mal cuidados. Apesar disso, permanece sendo uma das pra\u00e7as mais belas e bem cuidadas da cidade.<\/p>\n<h3>Pra\u00e7a dos M\u00e1rtires Fortaleza Programa\u00e7\u00e3o<\/h3>\n<p>Periodicamente acontecem alguns eventos na Pra\u00e7a dos M\u00e1rtires. Fique atento aos an\u00fancios na cidade para n\u00e3o perder a <em>programa\u00e7\u00e3o<\/em> dos eventos do Passeio P\u00fablico.<\/p>\n<h3>Pra\u00e7a dos M\u00e1rtires Fortaleza Restaurante<\/h3>\n<p>Na Pra\u00e7a dos M\u00e1rtires tamb\u00e9m \u00e9 poss\u00edvel encontrar caf\u00e9s e<em> restaurantes<\/em>, assim voc\u00ea pode fazer seu passeio, se divertir nos eventos e ainda fazer um lanche ou uma refei\u00e7\u00e3o num cen\u00e1rio muito lindo.<\/p>\n<h3>Passeio P\u00fablico Fortaleza Fotos<\/h3>\n<p><img loading=\"lazy\" decoding=\"async\" class=\"alignnone wp-image-1020 size-full\" title=\"Passeio P\u00fablico Fortaleza Fotos\" src=\"https:\/\/www.encontrafortaleza.com\/sobre\/wp-content\/uploads\/2018\/12\/passeio-publico-fotos.gif\" alt=\"Passeio P\u00fablico Fortaleza Fotos\" width=\"577\" height=\"500\" \/><\/p>\n<h3>Hor\u00e1rio de Funcionamento Passeio P\u00fablico em Fortaleza<\/h3>\n<ul>\n<li>24 horas<\/li>\n<\/ul>\n<h3>Onde Fica e Endere\u00e7o Passeio P\u00fablico em Fortaleza<\/h3>\n<ul>\n<li>Pra\u00e7a dos M\u00e1rtires &#8211; Centro, Fortaleza &#8211; CE<\/li>\n<\/ul>\n<h4>Mapa de localiza\u00e7\u00e3o<\/h4>\n<a class=\"wp-colorbox-iframe\" href=\"https:\/\/www.google.com\/maps\/embed?pb=!1m14!1m8!1m3!1d15925.59554337498!2d-38.5264022!3d-3.7228791!3m2!1i1024!2i768!4f13.1!3m3!1m2!1s0x00xb415e67443f7d6a3!2sPraa+dos+Mrtires+(Passeio+Pblico)!5e0!3m2!1spt-BR!2sbr!4v1546076603684\"><img decoding=\"async\" src=\"http:\/\/www.encontracampinas.com.br\/imgs\/maps-post.png\"><\/a>\n\n<div style=\"font-size: 0px; height: 0px; line-height: 0px; margin: 0; padding: 0; clear: both;\"><\/div>","protected":false},"excerpt":{"rendered":"<p>O Passeio P\u00fablico Fortaleza tem o nome de Pra\u00e7a dos M\u00e1rtires, \u00e9 a mais antiga pra\u00e7a da cidade de Fortaleza, Cear\u00e1. Al\u00e9m da bela vista para o mar, a pra\u00e7a possui como atrativos naturais diversas \u00e1rvores centen\u00e1rias, como o famoso baob\u00e1 plantado por Senador Pompeu em 1910. Seu nome atual foi definido em 11 de janeiro de 1879 pela C\u00e2mara Municipal de Fortaleza. Hist\u00f3ria do Passeio P\u00fablico Fortaleza A pra\u00e7a foi planejada na d\u00e9cada de 1891 por Silva Paulet. Durante o governo de Jos\u00e9 F\u00e9lix de Azevedo e S\u00e1 a \u00e1rea foi cuidada e nesta \u00e9poca houve a execu\u00e7\u00e3o dos <\/p>\n","protected":false},"author":1,"featured_media":0,"parent":0,"menu_order":0,"comment_status":"closed","ping_status":"closed","template":"","meta":{"footnotes":""},"class_list":["post-1019","page","type-page","status-publish","hentry"],"aioseo_notices":[],"_links":{"self":[{"href":"https:\/\/www.encontrafortaleza.com\/sobre\/wp-json\/wp\/v2\/pages\/1019"}],"collection":[{"href":"https:\/\/www.encontrafortaleza.com\/sobre\/wp-json\/wp\/v2\/pages"}],"about":[{"href":"https:\/\/www.encontrafortaleza.com\/sobre\/wp-json\/wp\/v2\/types\/page"}],"author":[{"embeddable":true,"href":"https:\/\/www.encontrafortaleza.com\/sobre\/wp-json\/wp\/v2\/users\/1"}],"replies":[{"embeddable":true,"href":"https:\/\/www.encontrafortaleza.com\/sobre\/wp-json\/wp\/v2\/comments?post=1019"}],"version-history":[{"count":0,"href":"https:\/\/www.encontrafortaleza.com\/sobre\/wp-json\/wp\/v2\/pages\/1019\/revisions"}],"wp:attachment":[{"href":"https:\/\/www.encontrafortaleza.com\/sobre\/wp-json\/wp\/v2\/media?parent=1019"}],"curies":[{"name":"wp","href":"https:\/\/api.w.org\/{rel}","templated":true}]}}