{"id":1028,"date":"2019-01-02T11:17:36","date_gmt":"2019-01-02T13:17:36","guid":{"rendered":"https:\/\/www.encontrafortaleza.com\/sobre\/?page_id=1028"},"modified":"2019-01-02T11:20:04","modified_gmt":"2019-01-02T13:20:04","slug":"spu-fortaleza","status":"publish","type":"page","link":"https:\/\/www.encontrafortaleza.com\/sobre\/spu-fortaleza\/","title":{"rendered":"SPU Fortaleza"},"content":{"rendered":"<div class=\"2ad529334b11458fd7d9bde3e187e581\" data-index=\"1\" style=\"float: left; margin: 5px 5px 5px 0;\">\n<!-- EBR \/Novo-Bairro-Topo\/ 300x250 -->\r\n<ins class=\"adsbygoogle\"\r\n     style=\"display:inline-block;width:300px;height:250px\"\r\n     data-ad-client=\"ca-pub-6414922941841817\"\r\n     data-ad-slot=\"5351822287\"><\/ins>\r\n<script>\r\n(adsbygoogle = window.adsbygoogle || []).push({});\r\n<\/script>\n<\/div>\n<p>A <strong>SPU Fortaleza<\/strong> \u00e9 a\u00a0Superintend\u00eancia do Patrim\u00f4nio da Uni\u00e3o no Cear\u00e1.\u00a0O Minist\u00e9rio do Planejamento \u00e9 respons\u00e1vel pela gest\u00e3o do patrim\u00f4nio da Uni\u00e3o. \u00c9 o \u00f3rg\u00e3o que autoriza a ocupa\u00e7\u00e3o dos im\u00f3veis p\u00fablicos federais, estabelecendo diretrizes para permiss\u00e3o de uso, promo\u00e7\u00e3o, doa\u00e7\u00e3o ou cess\u00e3o gratuita, quando houver interesse p\u00fablico.<\/p>\n<p>\u00c9 respons\u00e1vel tamb\u00e9m pela gest\u00e3o dos terrenos de marinha e o controle do uso dos bens de uso comum do povo, entre outras atribui\u00e7\u00f5es. Nesta \u00e1rea do site, voc\u00ea encontra informa\u00e7\u00f5es sobre como o governo cuida do nosso patrim\u00f4nio, al\u00e9m de acessar a p\u00e1gina de servi\u00e7os de patrim\u00f4nio.<\/p>\n<p><img loading=\"lazy\" decoding=\"async\" class=\"alignnone wp-image-1029 size-full\" title=\"SPU Fortaleza\" src=\"https:\/\/www.encontrafortaleza.com\/sobre\/wp-content\/uploads\/2019\/01\/spu-fortaleza.gif\" alt=\"SPU Fortaleza\" width=\"680\" height=\"189\" \/><\/p>\n<h2>SPU Fortaleza Processos<\/h2>\n<p>Voc\u00ea pode acompanhar o andamento do seu <em>processo<\/em> acessado o site\u00a0<a href=\"http:\/\/www.patrimoniodetodos.gov.br\/#\/\" target=\"_blank\" rel=\"noopener\">www.patrimoniodetodos.gov.br<\/a>\u00a0 utilize o seu CPF ou CNPJ e o n\u00famero do atendimento localizado no seu protocolo.<\/p>\n<h3>SPU Fortaleza Totem<\/h3>\n<p>Os processos podem ser consultados pelo <em>Totem<\/em>, que \u00e9 o Sistema de Protocolo \u00danico. Nesse site voc\u00ea pode acessar qualquer tipo de protocolo feito pela Prefeitura. Acesse o site\u00a0<a href=\"http:\/\/spuevolucao.fortaleza.ce.gov.br\/totem\" target=\"_blank\" rel=\"noopener\">www.spuevolucao.fortaleza.ce.gov.br\/totem<\/a>\u00a0e siga os seguintes passos:<\/p>\n<ul>\n<li>Informe o seu CPF ou CNPJ (sem pontua\u00e7\u00e3o) no campo\u00a0CPF\/CNPJ\u00a0e aperte\u00a0TAB<\/li>\n<li>Informe o n\u00famero do seu processo (Exemplo: P140513\/2011) no campo\u00a0N\u00famero do Processo.<\/li>\n<li>Aperte\u00a0ENTER\u00a0. Caso o processo n\u00e3o seja encontrado, voc\u00ea ser\u00e1 informado. Caso contr\u00e1rio, exibir\u00e1 os dados do processo.<\/li>\n<\/ul>\n<h3>SPU Fortaleza Darf<\/h3>\n<p>Para emitir qualquer <em>darf<\/em> dos seus processos basta acessar o site abaixo e clicar em &#8220;servi\u00e7os financeiros&#8221; e informar os dados requisitados na p\u00e1gina. Encontrada a sua darf \u00e9 s\u00f3 imprimir e fazer o pagamento.<em><br \/>\n<\/em><\/p>\n<h3>Hor\u00e1rio de Funcionamento SPU em Fortaleza<\/h3>\n<ul>\n<li>Segunda a Sexta: das 07h30 \u00e0s 11h30<\/li>\n<\/ul>\n<h3>Onde Fica,\u00a0Endere\u00e7o e Telefone SPU em Fortaleza<\/h3>\n<ul>\n<li>Rua Bar\u00e3o de Aracati, 909 &#8211; Aldeota &#8211;\u00a0Fortaleza &#8211; CE<\/li>\n<li>Telefone: (85) 3878 &#8211; 3701<\/li>\n<\/ul>\n<h4>Outras informa\u00e7\u00f5es e site<\/h4>\n<ul>\n<li>Mais informa\u00e7\u00f5es:\u00a0<a href=\"http:\/\/www.patrimoniodetodos.gov.br\/#\/\" target=\"_blank\" rel=\"noopener noreferrer\">www.patrimoniodetodos.gov.br<\/a><\/li>\n<li>E-mail: grpuce@planejamento.gov.br<\/li>\n<\/ul>\n<h4>Mapa de localiza\u00e7\u00e3o<\/h4>\n<a class=\"wp-colorbox-iframe\" href=\"https:\/\/www.google.com\/maps\/embed?pb=!1m18!1m12!1m3!1d3981.3682118209135!2d-38.51271908524107!3d-3.729656997286479!2m3!1f0!2f0!3f0!3m2!1i1024!2i768!4f13.1!3m3!1m2!1s0x7c7485c6f99e04d0xd4dfddecb42fbaeb!2sR.+Baro+de+Aracati+909+-+Aldeota+Fortaleza+-+CE+60115-081!5e0!3m2!1spt-BR!2sbr!4v1546434721160\"><img decoding=\"async\" src=\"http:\/\/www.encontracampinas.com.br\/imgs\/maps-post.png\"><\/a>\n\n<div style=\"font-size: 0px; height: 0px; line-height: 0px; margin: 0; padding: 0; clear: both;\"><\/div>","protected":false},"excerpt":{"rendered":"<p>A SPU Fortaleza \u00e9 a\u00a0Superintend\u00eancia do Patrim\u00f4nio da Uni\u00e3o no Cear\u00e1.\u00a0O Minist\u00e9rio do Planejamento \u00e9 respons\u00e1vel pela gest\u00e3o do patrim\u00f4nio da Uni\u00e3o. \u00c9 o \u00f3rg\u00e3o que autoriza a ocupa\u00e7\u00e3o dos im\u00f3veis p\u00fablicos federais, estabelecendo diretrizes para permiss\u00e3o de uso, promo\u00e7\u00e3o, doa\u00e7\u00e3o ou cess\u00e3o gratuita, quando houver interesse p\u00fablico. \u00c9 respons\u00e1vel tamb\u00e9m pela gest\u00e3o dos terrenos de marinha e o controle do uso dos bens de uso comum do povo, entre outras atribui\u00e7\u00f5es. Nesta \u00e1rea do site, voc\u00ea encontra informa\u00e7\u00f5es sobre como o governo cuida do nosso patrim\u00f4nio, al\u00e9m de acessar a p\u00e1gina de servi\u00e7os de patrim\u00f4nio. SPU Fortaleza Processos Voc\u00ea <\/p>\n","protected":false},"author":1,"featured_media":0,"parent":0,"menu_order":0,"comment_status":"closed","ping_status":"closed","template":"","meta":{"footnotes":""},"class_list":["post-1028","page","type-page","status-publish","hentry"],"aioseo_notices":[],"_links":{"self":[{"href":"https:\/\/www.encontrafortaleza.com\/sobre\/wp-json\/wp\/v2\/pages\/1028"}],"collection":[{"href":"https:\/\/www.encontrafortaleza.com\/sobre\/wp-json\/wp\/v2\/pages"}],"about":[{"href":"https:\/\/www.encontrafortaleza.com\/sobre\/wp-json\/wp\/v2\/types\/page"}],"author":[{"embeddable":true,"href":"https:\/\/www.encontrafortaleza.com\/sobre\/wp-json\/wp\/v2\/users\/1"}],"replies":[{"embeddable":true,"href":"https:\/\/www.encontrafortaleza.com\/sobre\/wp-json\/wp\/v2\/comments?post=1028"}],"version-history":[{"count":0,"href":"https:\/\/www.encontrafortaleza.com\/sobre\/wp-json\/wp\/v2\/pages\/1028\/revisions"}],"wp:attachment":[{"href":"https:\/\/www.encontrafortaleza.com\/sobre\/wp-json\/wp\/v2\/media?parent=1028"}],"curies":[{"name":"wp","href":"https:\/\/api.w.org\/{rel}","templated":true}]}}