{"id":1053,"date":"2019-01-03T11:30:37","date_gmt":"2019-01-03T13:30:37","guid":{"rendered":"https:\/\/www.encontrafortaleza.com\/sobre\/?page_id=1053"},"modified":"2019-01-03T11:33:18","modified_gmt":"2019-01-03T13:33:18","slug":"postos-de-saude-fortaleza","status":"publish","type":"page","link":"https:\/\/www.encontrafortaleza.com\/sobre\/postos-de-saude-fortaleza\/","title":{"rendered":"Postos de Sa\u00fade Fortaleza"},"content":{"rendered":"<div class=\"2ad529334b11458fd7d9bde3e187e581\" data-index=\"1\" style=\"float: left; margin: 5px 5px 5px 0;\">\n<!-- EBR \/Novo-Bairro-Topo\/ 300x250 -->\r\n<ins class=\"adsbygoogle\"\r\n     style=\"display:inline-block;width:300px;height:250px\"\r\n     data-ad-client=\"ca-pub-6414922941841817\"\r\n     data-ad-slot=\"5351822287\"><\/ins>\r\n<script>\r\n(adsbygoogle = window.adsbygoogle || []).push({});\r\n<\/script>\n<\/div>\n<p>O <strong>posto de sa\u00fade Fortaleza<\/strong> \u00e9 uma unidade de atendimento de sa\u00fade ou UBS (Unidade B\u00e1sica de Sa\u00fade), \u00e9 onde encontram-se m\u00e9dicos, dentistas para atender \u00e0 popula\u00e7\u00e3o de um bairro ou de uma determinada regi\u00e3o.<\/p>\n<p>O atendimento deve ser gratuito e destina-se exclusivamente \u00e0 preven\u00e7\u00e3o. Os casos mais graves e\/ou urg\u00eancias, emerg\u00eancias, devem se encaminhar diretamente a um pronto-socorro (ou pronto-atendimento), onde h\u00e1 recursos adequados para tais atendimentos. No posto de sa\u00fade ou UBS, o paciente agenda as consultas para preven\u00e7\u00e3o \u2014 ginecologista, obstetra, cl\u00ednico geral, pediatra, dentista, psiquiatra e tamb\u00e9m vacinas e acompanhamento de hipertens\u00e3o.<\/p>\n<p><img loading=\"lazy\" decoding=\"async\" class=\"alignnone wp-image-1054 size-full\" title=\"Postos de Sa\u00fade Fortaleza\" src=\"https:\/\/www.encontrafortaleza.com\/sobre\/wp-content\/uploads\/2019\/01\/posto-de-saude-fortaleza.gif\" alt=\"Postos de Sa\u00fade Fortaleza\" width=\"680\" height=\"189\" \/><\/p>\n<p>Quando h\u00e1 necessidade de exames de m\u00e9dia e alta complexidade, especialidades m\u00e9dicas ou cirurgias, os pacientes s\u00e3o encaminhados para uma lista de espera de disponibilidade de vagas do governo do estado, pois a responsabilidade do munic\u00edpio (prefeitura) \u00e9 o atendimento b\u00e1sico. A rela\u00e7\u00e3o m\u00e9dico\/dentista varia de acordo com o estado; por exemplo, no Paran\u00e1 a rela\u00e7\u00e3o \u00e9 de um dentista para cada um m\u00e9dico.<\/p>\n<h3>Veja abaixo os Postos de Sa\u00fade de Fortaleza<\/h3>\n<ul>\n<li><strong>Floresta<\/strong> &#8211; Rua Tenente Jos\u00e9 Barreira,\u00a0 251 &#8211; Telefone: (85) 3452-6657<\/li>\n<li><strong>Fernando Fa\u00e7anha<\/strong> &#8211; Rua Rio Tocantins, s\/n &#8211; Telefone: (85) 3452-6660<\/li>\n<li><strong>Carlos Ribeiro<\/strong> &#8211; Rua Jacinto Matos, 944 \u2013 Telefone: (85) 3452-6373<\/li>\n<li><strong>Dr. Paulo de Melo Machado<\/strong> &#8211; Rua Bernardo Porto, 497 &#8211; Telefone: (85) 3452-6380<\/li>\n<li><strong>Guiomar Arruda<\/strong> &#8211; Rua Gal Costa Matos, 06 \u2013 Telefone: (85) 3452-6378<\/li>\n<li><strong>Lineu Juc\u00e1<\/strong> &#8211; Rua Vila Velha, 101 &#8211; Telefone: (85) 3452-5887<\/li>\n<li><strong>Casemiro De Lima Filho<\/strong> &#8211; Av. Francisco S\u00e1, 6449 &#8211; Telefone: (85) 3452-5877<\/li>\n<li><strong>Virg\u00edlio T\u00e1vora<\/strong> &#8211; Av. Monsenhor H\u00e9lio Campos, s\/n Telefone: (85) 3452-3487<\/li>\n<li><strong>Rebou\u00e7as Macambira<\/strong> &#8211; Rua Creuza Rocha, s\/n &#8211; Telefone: (85) 3452-6687<\/li>\n<li><strong>Jo\u00e3o Medeiros de Lima<\/strong> &#8211; Av. Dom Alo\u00edsio Lorscheider,\u00a0 982 Telefone: (85) 3452-6646<\/li>\n<li><strong>Francisco Domingos da Silva<\/strong> &#8211; Av. Castelo Branco, 4707 &#8211; Telefone: (85) 3452-6643<\/li>\n<li><strong>Posto de Sa\u00fade Quatro Varas<\/strong> &#8211; Rua Profeta Isa\u00edas, 456 Telefone: (85) 3101-2594<\/li>\n<li><strong>Odorico de Morais<\/strong> &#8211; Rua S\u00e3o Bernardo do Campo, s\/n &#8211; Telefone: (85) 3433-2738<\/li>\n<li><strong>Benedito Artur de Carvalho<\/strong> &#8211; Rua Jaime Leonel, 228 &#8211; Telefone: (85) 3452-1897<\/li>\n<li><strong>Paulo Marcelo<\/strong> &#8211; Rua 25 de Mar\u00e7o, 607 \u2013 Telefone: (85) 3433-9701<\/li>\n<li><strong>Miriam Porto Mota<\/strong> &#8211; Rua Coronel Juc\u00e1, 1636 &#8211; Telefone: (85) 3433-2748<\/li>\n<li><strong>Frei Tito<\/strong> &#8211; Rua Jos\u00e9 Cl\u00e1udio Costa Lima, 100 &#8211; Telefone: (85) 3433-2730<\/li>\n<li><strong>Irm\u00e3 Herc\u00edlia Arag\u00e3o<\/strong> \u2013 Rua Frei Vidal, 1821- Telefone: (85) 3452-1883<\/li>\n<li><strong>Rigoberto Romero &#8211;<\/strong> Av. das Graviolas, 195 &#8211; Telefone: (85) 3433-2746<\/li>\n<li><strong>Pio XII<\/strong> &#8211; Rua Belizario T\u00e1vora, s\/n &#8211; Telefone: (85) 3452-1896<\/li>\n<li><strong>Fl\u00e1vio Marc\u00edlio &#8211;<\/strong> Avenida Aboli\u00e7\u00e3o, 4180 &#8211; Telefone: (85) 3433-2737<\/li>\n<li><strong>C\u00e9lio Brasil Gir\u00e3o<\/strong> &#8211; Rua Professor Henrique Firmesa &#8211; 82 Telefone: (85) 3433-2739<\/li>\n<li><strong>A\u00edda Santos e Silva &#8211;<\/strong> Rua Trajano de Medeiro, 813 &#8211; Telefone: (85) 3265-6566<\/li>\n<li><strong>Meton de Alencar &#8211;<\/strong> Rua Perdig\u00e3o Sampaio, 820 &#8211; Telefone: (85) 3488-3271<\/li>\n<li><strong>Clodoaldo Pinto<\/strong> &#8211; Rua Banward Bezerra, 100 &#8211; Telefone: (85) 3433-9745<\/li>\n<li><strong>Eli\u00e9zer Studart<\/strong> &#8211; Rua Tomaz Cavalcante, 545 &#8211; Telefone: (85) 3488-3259<\/li>\n<li><strong>Fernandes T\u00e1vora<\/strong> &#8211; Rua Macei\u00f3, 1354 &#8211; Telefone: (85) 3488-3254<\/li>\n<li><strong>Prof. Luiz Recamonde Capelo<\/strong> &#8211; Rua Maria Quintela, 935 &#8211; Telefone: (85) 3488-3252<\/li>\n<li><strong>C\u00e9sar Cals De Oliveira Filho<\/strong> &#8211; Rua Cel. Matos Dourado, S\/N &#8211; Telefone: (85)\u00a03488-3251<\/li>\n<li><strong>Jo\u00e3o XXIII<\/strong> &#8211; Rua J\u00falio Braga, S\/N &#8211; Telefone: (85) 3488-3258<\/li>\n<li><strong>Francisco Pereira De Almeida<\/strong> &#8211; Rua Paraguai, s\/n &#8211; Telefone: (85) 3433-2890<\/li>\n<li><strong>Waldemar Alc\u00e2ntara<\/strong> &#8211; Rua Silveira Filho, 903 &#8211; Telefone: (85) 3488-3253<\/li>\n<li><strong>Prof. Jos\u00e9 Sobreira Amorim<\/strong> &#8211; Av. Des. Luis Paulino, 109 &#8211; Telefone: (85) 3488-1271<\/li>\n<li><strong>Santa Lidu\u00edna<\/strong> &#8211; Rua Prof. Jo\u00e3o Bosco, 213 &#8211; PTelefone: (85) 3433-2569<\/li>\n<li><strong>Humberto Bezerra<\/strong> &#8211; Rua Hugo Victor, 51 &#8211; Telefone: (85) 3212-1920<\/li>\n<li><strong>George Benevides<\/strong> &#8211; Rua Pio Saraiva, 168 &#8211; Telefone: (85) 3105-1086<\/li>\n<li><strong>Ivana De Sousa Paes<\/strong> &#8211; Rua Virg\u00edlio Br\u00edgido, s\/n -Telefone: (85) 3238-1851<\/li>\n<li><strong>Herm\u00ednia Leit\u00e3o<\/strong> &#8211; Rua gal. Jo\u00e3o Couto, 470 \u2013 Telefone: (85) 3433-9741<\/li>\n<li><strong>Anast\u00e1cio Magalh\u00e3es<\/strong> &#8211; Rua Delmiro de Farias, 1.679 &#8211; Telefone: (85) 3433-2564<\/li>\n<li><strong>Maria Jos\u00e9 Turbay Barreira<\/strong> &#8211; Rua Gon\u00e7alo Souto, 420 &#8211; Telefone: (85) 3272-4055<\/li>\n<li><strong>Abel Pinto<\/strong> &#8211; Travessa Goi\u00e1s, s\/n &#8211; Telefone: (85) 3131-7339<\/li>\n<li><strong>Luis Albuquerque Mendes<\/strong> &#8211; Rua Benjamin Franklin, 735 \u2013 Telefone: (85) 3131-7335<\/li>\n<li><strong>Dom Aluisio Loscheider<\/strong> &#8211; Rua Betel, s\/n &#8211; Telefone: (85) 3131-1945<\/li>\n<li><strong>Gutemberg Braum<\/strong> \u2013 Rua Monsenhor Agostinho, 505 \u2013 Telefone: (85) 3452-5199<\/li>\n<li><strong>Oliveira Pombo<\/strong> &#8211; Rua Rio Grande do Sul, s\/n &#8211; Telefone: (85) 3482-8576<\/li>\n<li><strong>Gothardo Figueiredo<\/strong> &#8211; Rua Irm\u00e3 Bazet, s\/n &#8211;\u00a0Telefone: n\u00e3o informado<\/li>\n<li><strong>Guarany Mont\u2019alverne<\/strong> &#8211; Rua Geraldo Barbosa, 3230 &#8211; Telefone: (85) 3452-2496<\/li>\n<li><strong>Galba Ara\u00fajo<\/strong> &#8211; Av. Senador Fernandes T\u00e1vora, 3161 \u2013 Telefone: (85) 3452-6753<\/li>\n<li><strong>Luiza T\u00e1vora<\/strong> &#8211; Travessa S\u00e3o Jos\u00e9, 940 \u2013 Telefone: (85) 3433-4916<\/li>\n<li><strong>Jo\u00e3o El\u00edsio Holanda<\/strong> &#8211; Rua Juv\u00eancio Sales s\/n &#8211; Telefone: (85) 3105-3055<\/li>\n<li><strong>Abner Cavalcante Brasil<\/strong> &#8211; Rua Joana Batista, 471 &#8211; Telefone: (85) 3452-2468<\/li>\n<li><strong>Luciano Torres de Melo<\/strong> &#8211; Rua Delta, 365 &#8211; Telefone: (85) 3433-4922<\/li>\n<li><strong>Siqueira<\/strong> &#8211; Rua Eng. Luis Montenegro, 485 \u2013 Telefone: (85) 3105-3342<\/li>\n<li><strong>Maciel de Brito<\/strong> &#8211; Av. A, s\/n, 1\u00aa Etapa &#8211; Telefone: (85) 3452-2487<\/li>\n<li><strong>Parque S\u00e3o Jos\u00e9<\/strong> &#8211; Rua Desembargador Frota, s\/n &#8211; Telefone: (85) 3483-5451<\/li>\n<li><strong>Fernando C\u00e9sar Vieira Di\u00f3genes<\/strong> &#8211; Rua Teodoro de Castro, S\/N &#8211; Telefone: (85) 3488-3242<\/li>\n<li><strong>Jos\u00e9 Paracampos<\/strong> &#8211; Rua Alfredo Mamede, 250 \u2013 Telefone: (85) 3433-4914<\/li>\n<li><strong>Graciliano Muniz<\/strong> &#8211; Rua 106, 345 &#8211; Telefone: (85)\u00a0 3433-4913<\/li>\n<li><strong>Dom Ant\u00f4nio De Almeida Lustosa<\/strong> &#8211; R: A, S\/N &#8211; Telefone: (85) 3245-9323<\/li>\n<li><strong>Maria Viviane Benevides Gouveia<\/strong> &#8211; Rua Jo\u00e3o \u00c1reas, 1296 &#8211; Telefone: (85) 3433-4902<\/li>\n<li><strong>Argeu Herbster<\/strong> &#8211; Rua Cel. Jo\u00e3o Correia, 728 &#8211; Telefone: (85) 3452-2495<\/li>\n<li><strong>Edmilson Pinheiro<\/strong> &#8211; Av. H, 2191 &#8211; Telefone: (85) 3452-2421<\/li>\n<li><strong>Pedro Celestino<\/strong> &#8211; Rua Gast\u00e3o Justo, 215 \u2013 Telefone: (85) 3433-4915<\/li>\n<li><strong>Jurandir Pican\u00e7o<\/strong> &#8211; Rua Duas Na\u00e7\u00f5es, s\/n &#8211; Telefone: (85) 3452-2480<\/li>\n<li><strong>Jos\u00e9 Walter<\/strong> \u2013 Avenida L, 1880 3\u00aa etapa \u2013 Telefone: (85) 3433-4918<\/li>\n<li><strong>Zelia Correia<\/strong> \u2013 Rua Ant\u00f4nio Pereira, 1495 \u2013 Telefone: (85) 3452-5125<\/li>\n<li><strong>Waldo Pessoa<\/strong> &#8211; Rua Capit\u00e3o Hugo Bezerra, 75 \u2013 Telefone: (85) 3452-1830<\/li>\n<li><strong>Monteiro de Moraes<\/strong> &#8211; Av. Evil\u00e1sio Miranda, s\/n &#8211; Telefone: (85) 3452-6091<\/li>\n<li><strong>H\u00e9lio Goes Ferreira<\/strong> &#8211; Av. Eng. Leal Lima Verde, 453 &#8211; Telefone: (85) 3273-4813<\/li>\n<li><strong>Terezinha Parente<\/strong> &#8211; Rua Nelson Coelho, 209 &#8211; Telefone: (85) 3105-1626<\/li>\n<li><strong>Jose Barros De Alencar &#8211;<\/strong> Rua Jos\u00e9 Nogueira de Alencar Telefone: (85) 3105-1562<\/li>\n<li><strong>Maria De Lourdes Jereissati<\/strong> &#8211; Rua Reino Unido, 115 &#8211; Telefone: (85) 3452-8160<\/li>\n<li><strong>Francisco De Melo Jaborandi<\/strong> &#8211; Rua 315, 80 &#8211; Telefone: (85) 3488-3307<\/li>\n<li><strong>Messejana<\/strong> &#8211; Rua Cel. Guilherme Alencar, s\/n \u2013 Telefone: (85) 3474-2637<\/li>\n<li><strong>Jo\u00e3o Hip\u00f3lito<\/strong> &#8211; Rua Tr\u00eas, 88 &#8211; Telefone: (85) 3105-3200<\/li>\n<li><strong>Manoel Carlos Gouveia<\/strong> &#8211; Av. Des. Fausto Albuquerque, 486 Telefone: (85) 3452-6092<\/li>\n<li><strong>Pedro Sampaio<\/strong> &#8211; Av. Iracema, 1516 &#8211; Telefone: (85) 3488-3300<\/li>\n<li><strong>Vicentina Campos<\/strong> &#8211; Rua B, 145 &#8211; Telefone: (85) 3493-4732<\/li>\n<li><strong>Alarico Leite<\/strong> &#8211; Rua dos Paroaras, 301 &#8211; Telefone: (85) 3452-9369<\/li>\n<li><strong>Edmar Fujita<\/strong> &#8211; Av. Alberto Craveiro, 1480 &#8211; Telefone: (85) 3105-3089<\/li>\n<li><strong>Janival De Almeida<\/strong> &#8211; Rua Coelho Garcia, 25 &#8211; Telefone: (85) 3105-3095<\/li>\n<li><strong>Evandro Ayres De Moura<\/strong> &#8211; Av. Castelo de Castro, S\/N &#8211; Telefone: (85) 3105-1765<\/li>\n<li><strong>An\u00edsio Teixeira<\/strong> &#8211; Rua Guarani, 355 \u2013 Telefone: (85) 3433-5285<\/li>\n<li><strong>Mattos Dourado<\/strong> &#8211; Rua Floriano Benevides, s\/n &#8211; Telefone: (85) 3105-1564<\/li>\n<li><strong>C\u00e9sar Cals de Oliveira &#8211;<\/strong> Rua Capit\u00e3o Arag\u00e3o, 555 &#8211; Telefone: (85) 3247-5213<\/li>\n<li><strong>Galba Ara\u00fajo<\/strong> &#8211; Avenida Recreio, 1390 &#8211; Telefone: (85) 3488-3319<\/li>\n<\/ul>\n\n<div style=\"font-size: 0px; height: 0px; line-height: 0px; margin: 0; padding: 0; clear: both;\"><\/div>","protected":false},"excerpt":{"rendered":"<p>O posto de sa\u00fade Fortaleza \u00e9 uma unidade de atendimento de sa\u00fade ou UBS (Unidade B\u00e1sica de Sa\u00fade), \u00e9 onde encontram-se m\u00e9dicos, dentistas para atender \u00e0 popula\u00e7\u00e3o de um bairro ou de uma determinada regi\u00e3o. O atendimento deve ser gratuito e destina-se exclusivamente \u00e0 preven\u00e7\u00e3o. Os casos mais graves e\/ou urg\u00eancias, emerg\u00eancias, devem se encaminhar diretamente a um pronto-socorro (ou pronto-atendimento), onde h\u00e1 recursos adequados para tais atendimentos. No posto de sa\u00fade ou UBS, o paciente agenda as consultas para preven\u00e7\u00e3o \u2014 ginecologista, obstetra, cl\u00ednico geral, pediatra, dentista, psiquiatra e tamb\u00e9m vacinas e acompanhamento de hipertens\u00e3o. Quando h\u00e1 necessidade de <\/p>\n","protected":false},"author":1,"featured_media":0,"parent":0,"menu_order":0,"comment_status":"closed","ping_status":"closed","template":"","meta":{"footnotes":""},"class_list":["post-1053","page","type-page","status-publish","hentry"],"aioseo_notices":[],"_links":{"self":[{"href":"https:\/\/www.encontrafortaleza.com\/sobre\/wp-json\/wp\/v2\/pages\/1053"}],"collection":[{"href":"https:\/\/www.encontrafortaleza.com\/sobre\/wp-json\/wp\/v2\/pages"}],"about":[{"href":"https:\/\/www.encontrafortaleza.com\/sobre\/wp-json\/wp\/v2\/types\/page"}],"author":[{"embeddable":true,"href":"https:\/\/www.encontrafortaleza.com\/sobre\/wp-json\/wp\/v2\/users\/1"}],"replies":[{"embeddable":true,"href":"https:\/\/www.encontrafortaleza.com\/sobre\/wp-json\/wp\/v2\/comments?post=1053"}],"version-history":[{"count":0,"href":"https:\/\/www.encontrafortaleza.com\/sobre\/wp-json\/wp\/v2\/pages\/1053\/revisions"}],"wp:attachment":[{"href":"https:\/\/www.encontrafortaleza.com\/sobre\/wp-json\/wp\/v2\/media?parent=1053"}],"curies":[{"name":"wp","href":"https:\/\/api.w.org\/{rel}","templated":true}]}}