{"id":1114,"date":"2019-01-09T13:04:22","date_gmt":"2019-01-09T15:04:22","guid":{"rendered":"https:\/\/www.encontrafortaleza.com\/sobre\/?page_id=1114"},"modified":"2019-01-09T13:05:24","modified_gmt":"2019-01-09T15:05:24","slug":"fortaleza-2040","status":"publish","type":"page","link":"https:\/\/www.encontrafortaleza.com\/sobre\/fortaleza-2040\/","title":{"rendered":"Fortaleza 2040"},"content":{"rendered":"<div class=\"2ad529334b11458fd7d9bde3e187e581\" data-index=\"1\" style=\"float: left; margin: 5px 5px 5px 0;\">\n<!-- EBR \/Novo-Bairro-Topo\/ 300x250 -->\r\n<ins class=\"adsbygoogle\"\r\n     style=\"display:inline-block;width:300px;height:250px\"\r\n     data-ad-client=\"ca-pub-6414922941841817\"\r\n     data-ad-slot=\"5351822287\"><\/ins>\r\n<script>\r\n(adsbygoogle = window.adsbygoogle || []).push({});\r\n<\/script>\n<\/div>\n<p>O Plano <strong>Fortaleza 2040<\/strong> \u00e9 um planejamento para a cidade de Fortaleza com estrat\u00e9gias a serem implementadas no curto, m\u00e9dio e longo prazo (tendo como horizonte o ano 2040), contemplando:<\/p>\n<ul>\n<li>Plano Mestre Urban\u00edstico;<\/li>\n<li>Plano de Mobilidade; e<\/li>\n<li>Plano de Desenvolvimento Econ\u00f4mico e Social.<\/li>\n<\/ul>\n<p><img loading=\"lazy\" decoding=\"async\" class=\"alignnone wp-image-1115 size-full\" title=\"Fortaleza 2040\" src=\"https:\/\/www.encontrafortaleza.com\/sobre\/wp-content\/uploads\/2019\/01\/2040fortaleza.gif\" alt=\"Fortaleza 2040\" width=\"680\" height=\"189\" \/><\/p>\n<p class=\"text-justify\">A\u00a0<em>primeira etapa<\/em>\u00a0do Plano buscou fazer uma reflex\u00e3o sobre a \u201cFortaleza Hoje\u201d, envolvendo mais de 4.000 pessoas e 524 institui\u00e7\u00f5es representativas dos interesses dos bairros de Fortaleza mobilizadas por meio das Secretarias Regionais sob coordena\u00e7\u00e3o do Iplanfor.<\/p>\n<p class=\"text-justify\">A\u00a0<em>segunda fase<\/em>\u00a0do Plano buscou debater e definir \u201cA Fortaleza que Queremos\u201d para 2040, em que diversos segmentos da sociedade civil e organizada puderam dar sua opini\u00e3o sobre a realidade da cidade hoje e da cidade que gostariam.<\/p>\n<p class=\"text-justify\">Na sequ\u00eancia, foi realizada a\u00a0<em>terceira fase<\/em>\u00a0do Plano Fortaleza 2040, \u201cVis\u00e3o de Futuro e Plano de A\u00e7\u00e3o\u201d, na qual ocorreu a valida\u00e7\u00e3o da Vis\u00e3o de Futuro e dos objetivos estrat\u00e9gicos propostos a partir dos F\u00f3runs Tem\u00e1ticos, Setoriais e Territoriais, ocorridos em outubro e novembro de 2015, e seguidos pela composi\u00e7\u00e3o de grupos de trabalho para tratar as proposi\u00e7\u00f5es que foram feitas.<\/p>\n<h2>Fortaleza 2040 Mobilidade<\/h2>\n<p>Pretende-se inicialmente definir os objetivos, princ\u00edpios e diretrizes que dever\u00e3o servir de base\u00a0para que Fortaleza consiga redirecionar as suas a\u00e7\u00f5es de forma a criar um ambiente urbano\u00a0adequado para os padr\u00f5es atuais de sustentabilidade para o deslocamento de pessoas e de<br \/>\ncargas<br \/>\nO Objetivo geral do PlanMob de Fortaleza \u00e9 que a sociedade, composta pelos entes\u00a0governamentais, pela sociedade civil organizada, pelas diversas entidades de classes e pela\u00a0pr\u00f3pria contribui\u00e7\u00e3o dos mun\u00edcipes, consiga se articular de forma participativa para reduzir as<br \/>\ndesigualdades sociais, garantir a acessibilidade, otimizar os deslocamentos de pessoas e\u00a0bens.<\/p>\n<h3>Fortaleza 2040\u00a0Praia do Futuro<\/h3>\n<p>Ser\u00e3o criados na<em> Praia do Futuro <\/em>alguns pontos atrativos como\u00a0bols\u00e3o de estacionamento e areninhas esportivas. Os recursos or\u00e7ados s\u00e3o oriundos de bancos de investimento privados, com previs\u00e3o de\u00a0entrega do mobili\u00e1rio at\u00e9 o final de 2016.<\/p>\n<h3>Fortaleza 2040 Plano de Energia<\/h3>\n<p>O Plano Fortaleza 2040 prop\u00f5e o comprometimento da cidade para que em 2040:<\/p>\n<ul>\n<li>Os ganhos com medidas de efici\u00eancia energ\u00e9tica sejam equivalente de 20% da demanda de energia daquele ano<\/li>\n<li>100% dos res\u00edduos gerados na cidade e n\u00e3o reciclados sejam aproveitados energicamente<\/li>\n<li>Fortaleza seja uma geradora l\u00edquida de <em>energia el\u00e9trica<\/em> (montante de energia gerada seja maior que a consumida)<\/li>\n<\/ul>\n<h3>Fortaleza 2040 Meio Ambiente<\/h3>\n<p>O Plano para o <em>meio ambiente<\/em> \u00e9 garantir que a cidade de Fortaleza tenha as condi\u00e7\u00f5es legais institucionais necess\u00e1rias para\u00a0recuperar sua qualidade ambiental, manter o que ainda existe e valorizar os processos naturais na\u00a0cidade. Para isso, ser\u00e1 necess\u00e1rio minimamente:<\/p>\n<ul>\n<li>Reestrutura\u00e7\u00e3o Institucional com a cria\u00e7\u00e3o de uma Secretaria Municipal de Meio Ambiente e Saneamento ou reestrutura\u00e7\u00e3o da<br \/>\natual Secretaria Municipal de Urbanismo e Meio Ambiente.<\/li>\n<li>Revis\u00e3o da atual Pol\u00edtica Ambiental da cidade para inclus\u00e3o das demandas oriundas do\u00a0Fortaleza 2040<\/li>\n<li>Credenciamento das empresas de poda e previs\u00e3o de multa para poda\u00e7\u00e3o inadequada com comprometimento do estado fitossanit\u00e1rio das \u00e1rvores<\/li>\n<li>Recomposi\u00e7\u00e3o, manejo e manuten\u00e7\u00e3o do verde<\/li>\n<li>Amplia\u00e7\u00e3o da cobertura vegetal por meio da arboriza\u00e7\u00e3o urbana<\/li>\n<li>Recupera\u00e7\u00e3o dos parques urbanos (reformas, reparos, plantios, manuten\u00e7\u00e3o)<\/li>\n<li>Invent\u00e1rio das condi\u00e7\u00f5es dos corpos h\u00eddricos superficiais (rios, riachos, lagos, lagoas e\u00a0a\u00e7udes) da cidade;<\/li>\n<li>Reconhecer, planejar e gerir do ponto de vista ambiental a zona costeira (praias, dunas,\u00a0estu\u00e1rios, mar), ordenando a ocupa\u00e7\u00e3o e o uso do solo considerando as fragilidades, peculiaridades e\u00a0din\u00e2mica naturais.<\/li>\n<li>Garantir a sustentabilidade e a resili\u00eancia de Fortaleza frente \u00e0s mudan\u00e7as globais (clim\u00e1ticas,\u00a0n\u00edvel dos oceanos, comportamentais de consumo), as quais extrapolam os limites da cidade e por isso,\u00a0precisam ser incorporadas ao planejamento de forma estrat\u00e9gica.<\/li>\n<li>Planejar e gerir as a\u00e7\u00f5es e projetos de saneamento de forma integrada partindo de uma vis\u00e3o\u00a0sist\u00eamica sobre o territ\u00f3rio e com ampla promo\u00e7\u00e3o de educa\u00e7\u00e3o ambiental para a sociedade.<\/li>\n<li>Tornar Fortaleza uma cidade com o uso sustent\u00e1vel dos recursos h\u00eddricos, inovadora\u00a0tecnologicamente, resiliente \u00e0s secas e solid\u00e1ria com os que compartilham a \u00e1gua com ela.<\/li>\n<\/ul>\n<h4>Outras informa\u00e7\u00f5es e site<\/h4>\n<ul>\n<li>Mais informa\u00e7\u00f5es:\u00a0<a href=\"http:\/\/fortaleza2040.fortaleza.ce.gov.br\/site\/\" target=\"_blank\" rel=\"noopener noreferrer\">www.fortaleza2040.fortaleza.ce.gov.br<\/a><\/li>\n<\/ul>\n\n<div style=\"font-size: 0px; height: 0px; line-height: 0px; margin: 0; padding: 0; clear: both;\"><\/div>","protected":false},"excerpt":{"rendered":"<p>O Plano Fortaleza 2040 \u00e9 um planejamento para a cidade de Fortaleza com estrat\u00e9gias a serem implementadas no curto, m\u00e9dio e longo prazo (tendo como horizonte o ano 2040), contemplando: Plano Mestre Urban\u00edstico; Plano de Mobilidade; e Plano de Desenvolvimento Econ\u00f4mico e Social. A\u00a0primeira etapa\u00a0do Plano buscou fazer uma reflex\u00e3o sobre a \u201cFortaleza Hoje\u201d, envolvendo mais de 4.000 pessoas e 524 institui\u00e7\u00f5es representativas dos interesses dos bairros de Fortaleza mobilizadas por meio das Secretarias Regionais sob coordena\u00e7\u00e3o do Iplanfor. A\u00a0segunda fase\u00a0do Plano buscou debater e definir \u201cA Fortaleza que Queremos\u201d para 2040, em que diversos segmentos da sociedade civil e <\/p>\n","protected":false},"author":1,"featured_media":0,"parent":0,"menu_order":0,"comment_status":"closed","ping_status":"closed","template":"","meta":{"footnotes":""},"class_list":["post-1114","page","type-page","status-publish","hentry"],"aioseo_notices":[],"_links":{"self":[{"href":"https:\/\/www.encontrafortaleza.com\/sobre\/wp-json\/wp\/v2\/pages\/1114"}],"collection":[{"href":"https:\/\/www.encontrafortaleza.com\/sobre\/wp-json\/wp\/v2\/pages"}],"about":[{"href":"https:\/\/www.encontrafortaleza.com\/sobre\/wp-json\/wp\/v2\/types\/page"}],"author":[{"embeddable":true,"href":"https:\/\/www.encontrafortaleza.com\/sobre\/wp-json\/wp\/v2\/users\/1"}],"replies":[{"embeddable":true,"href":"https:\/\/www.encontrafortaleza.com\/sobre\/wp-json\/wp\/v2\/comments?post=1114"}],"version-history":[{"count":0,"href":"https:\/\/www.encontrafortaleza.com\/sobre\/wp-json\/wp\/v2\/pages\/1114\/revisions"}],"wp:attachment":[{"href":"https:\/\/www.encontrafortaleza.com\/sobre\/wp-json\/wp\/v2\/media?parent=1114"}],"curies":[{"name":"wp","href":"https:\/\/api.w.org\/{rel}","templated":true}]}}