{"id":1121,"date":"2019-01-09T13:39:32","date_gmt":"2019-01-09T15:39:32","guid":{"rendered":"https:\/\/www.encontrafortaleza.com\/sobre\/?page_id=1121"},"modified":"2019-01-09T13:39:32","modified_gmt":"2019-01-09T15:39:32","slug":"defensoria-publica-fortaleza","status":"publish","type":"page","link":"https:\/\/www.encontrafortaleza.com\/sobre\/defensoria-publica-fortaleza\/","title":{"rendered":"Defensoria P\u00fablica Fortaleza"},"content":{"rendered":"<div class=\"2ad529334b11458fd7d9bde3e187e581\" data-index=\"1\" style=\"float: left; margin: 5px 5px 5px 0;\">\n<!-- EBR \/Novo-Bairro-Topo\/ 300x250 -->\r\n<ins class=\"adsbygoogle\"\r\n     style=\"display:inline-block;width:300px;height:250px\"\r\n     data-ad-client=\"ca-pub-6414922941841817\"\r\n     data-ad-slot=\"5351822287\"><\/ins>\r\n<script>\r\n(adsbygoogle = window.adsbygoogle || []).push({});\r\n<\/script>\n<\/div>\n<p>A\u00a0<em>Defensoria P\u00fablica<\/em>\u00a0\u00e9 institui\u00e7\u00e3o constitucionalmente aut\u00f4noma e independente, essencial \u00e0 fun\u00e7\u00e3o jurisdicional do\u00a0<em>Estado<\/em>, express\u00e3o e instrumento do regime democr\u00e1tico incumbida, fundamentalmente, da orienta\u00e7\u00e3o jur\u00eddica, promo\u00e7\u00e3o dos direitos humanos e a defesa, em todos os graus, judicial e extrajudicial, dos direitos individuais e coletivos, de forma integral e gratuita, dos necessitados.<\/p>\n<p>Veja mais sobre a\u00a0<strong>Defensoria P\u00fablica Fortaleza<\/strong>\u00a0abaixo.<\/p>\n<p><img loading=\"lazy\" decoding=\"async\" class=\"alignnone wp-image-1122 size-full\" title=\"Defensoria P\u00fablica Fortaleza\" src=\"https:\/\/www.encontrafortaleza.com\/sobre\/wp-content\/uploads\/2019\/01\/defensoria-publica-fortale.gif\" alt=\"Defensoria P\u00fablica Fortaleza\" width=\"680\" height=\"189\" \/><\/p>\n<h2>A Defensoria P\u00fablica:<\/h2>\n<p>A\u00a0<em>Defensoria P\u00fablica<\/em>\u00a0presta consultoria jur\u00eddica, ou seja, fornece informa\u00e7\u00f5es sobre os direitos e deveres das pessoas que recebem sua assist\u00eancia. \u00c9 com base na resposta \u00e0 consulta que o assistido pela\u00a0<em>Defensoria P\u00fablica<\/em>\u00a0pode decidir melhor como agir em rela\u00e7\u00e3o ao problema apresentado ao defensor p\u00fablico.<\/p>\n<p>O\u00a0<em>Defensor<\/em>\u00a0\u00e9 um agente pol\u00edtico de transforma\u00e7\u00e3o social. N\u00e3o integra a advocacia, p\u00fablica ou privada, e tem independ\u00eancia funcional no exerc\u00edcio de sua fun\u00e7\u00e3o.<\/p>\n<h3>Defensoria P\u00fablica Fortaleza Pens\u00e3o Aliment\u00edcia<\/h3>\n<p>A Defensoria P\u00fablica presta atendimento e orienta\u00e7\u00e3o jur\u00eddica, integral e gratuita, e em todos os graus de jurisdi\u00e7\u00e3o, nos assuntos que envolvem o direito de fam\u00edlia, e em sendo necess\u00e1rio, assegurando o acesso \u00e0 justi\u00e7a com a propositura de a\u00e7\u00f5es, tais como: investiga\u00e7\u00e3o de paternidade, <em>pens\u00e3o aliment\u00edcia<\/em>, guarda, div\u00f3rcio e dissolu\u00e7\u00e3o de uni\u00e3o est\u00e1vel, regulamenta\u00e7\u00e3o do direito de visitas, interdi\u00e7\u00e3o, dentre outras.<\/p>\n<h3>Defensoria P\u00fablica Fortaleza Concurso<\/h3>\n<p>A Defensoria P\u00fablica contrata funcion\u00e1rios atrav\u00e9s de <em>concurso<\/em>, acesse o site e verifique as datas de inscri\u00e7\u00e3o e provas.<\/p>\n<h3>Hor\u00e1rio de Funcionamento Defensoria P\u00fablica Fortaleza<\/h3>\n<ul>\n<li>Segunda a Sexta das 7h \u00e0s 17h<\/li>\n<\/ul>\n<h3>Endere\u00e7o e Telefone Defensoria P\u00fablica de Fortaleza<\/h3>\n<ul>\n<li><strong>Luciano Cavalcante:<\/strong> Av. Pinto Bandeira, 111 &#8211; Telefone: (85) 3101-3434<\/li>\n<li><strong>Dionisio Torres:<\/strong> Av. Senador Virg\u00edlio, T\u00e1vora, 2184 &#8211; Telefone: (85) 3101-1263<\/li>\n<li><strong>Aldeota:<\/strong> Rua Costa Barros, 1227 &#8211; Telefone: (85) 3474-8750<\/li>\n<li><strong>Cais do Porto:<\/strong> Av. Vicente de Castro, s\/n &#8211; Telefone: (85) 3101-1079<\/li>\n<li><strong>Bonsucesso:<\/strong> Rua J\u00falio Braga, 1281 &#8211; Telefone: (85) 3233-1754<\/li>\n<\/ul>\n<h4>Mapa de localiza\u00e7\u00e3o Luciano Cavalcante<\/h4>\n<a class=\"wp-colorbox-iframe\" href=\"https:\/\/www.google.com\/maps\/embed?pb=!1m18!1m12!1m3!1d3981.179140252685!2d-38.48810988524095!3d-3.771166697256453!2m3!1f0!2f0!3f0!3m2!1i1024!2i768!4f13.1!3m3!1m2!1s0x7c74f55982094e70x8d8ded6f88fa2ae6!2sAv.+Pinto+Bandeira+111+-+Eng.+Luciano+Cavalcante+Fortaleza+-+CE+60811-020!5e0!3m2!1spt-BR!2sbr!4v1547048170090\"><img decoding=\"async\" src=\"http:\/\/www.encontracampinas.com.br\/imgs\/maps-post.png\"><\/a>\n\n<div style=\"font-size: 0px; height: 0px; line-height: 0px; margin: 0; padding: 0; clear: both;\"><\/div>","protected":false},"excerpt":{"rendered":"<p>A\u00a0Defensoria P\u00fablica\u00a0\u00e9 institui\u00e7\u00e3o constitucionalmente aut\u00f4noma e independente, essencial \u00e0 fun\u00e7\u00e3o jurisdicional do\u00a0Estado, express\u00e3o e instrumento do regime democr\u00e1tico incumbida, fundamentalmente, da orienta\u00e7\u00e3o jur\u00eddica, promo\u00e7\u00e3o dos direitos humanos e a defesa, em todos os graus, judicial e extrajudicial, dos direitos individuais e coletivos, de forma integral e gratuita, dos necessitados. Veja mais sobre a\u00a0Defensoria P\u00fablica Fortaleza\u00a0abaixo. A Defensoria P\u00fablica: A\u00a0Defensoria P\u00fablica\u00a0presta consultoria jur\u00eddica, ou seja, fornece informa\u00e7\u00f5es sobre os direitos e deveres das pessoas que recebem sua assist\u00eancia. \u00c9 com base na resposta \u00e0 consulta que o assistido pela\u00a0Defensoria P\u00fablica\u00a0pode decidir melhor como agir em rela\u00e7\u00e3o ao problema apresentado ao defensor <\/p>\n","protected":false},"author":1,"featured_media":0,"parent":0,"menu_order":0,"comment_status":"closed","ping_status":"closed","template":"","meta":{"footnotes":""},"class_list":["post-1121","page","type-page","status-publish","hentry"],"aioseo_notices":[],"_links":{"self":[{"href":"https:\/\/www.encontrafortaleza.com\/sobre\/wp-json\/wp\/v2\/pages\/1121"}],"collection":[{"href":"https:\/\/www.encontrafortaleza.com\/sobre\/wp-json\/wp\/v2\/pages"}],"about":[{"href":"https:\/\/www.encontrafortaleza.com\/sobre\/wp-json\/wp\/v2\/types\/page"}],"author":[{"embeddable":true,"href":"https:\/\/www.encontrafortaleza.com\/sobre\/wp-json\/wp\/v2\/users\/1"}],"replies":[{"embeddable":true,"href":"https:\/\/www.encontrafortaleza.com\/sobre\/wp-json\/wp\/v2\/comments?post=1121"}],"version-history":[{"count":0,"href":"https:\/\/www.encontrafortaleza.com\/sobre\/wp-json\/wp\/v2\/pages\/1121\/revisions"}],"wp:attachment":[{"href":"https:\/\/www.encontrafortaleza.com\/sobre\/wp-json\/wp\/v2\/media?parent=1121"}],"curies":[{"name":"wp","href":"https:\/\/api.w.org\/{rel}","templated":true}]}}