{"id":1157,"date":"2019-01-11T21:33:33","date_gmt":"2019-01-11T23:33:33","guid":{"rendered":"https:\/\/www.encontrafortaleza.com\/sobre\/?page_id=1157"},"modified":"2019-01-11T21:35:06","modified_gmt":"2019-01-11T23:35:06","slug":"sefaz-fortaleza","status":"publish","type":"page","link":"https:\/\/www.encontrafortaleza.com\/sobre\/sefaz-fortaleza\/","title":{"rendered":"Sefaz Fortaleza"},"content":{"rendered":"<div class=\"2ad529334b11458fd7d9bde3e187e581\" data-index=\"1\" style=\"float: left; margin: 5px 5px 5px 0;\">\n<!-- EBR \/Novo-Bairro-Topo\/ 300x250 -->\r\n<ins class=\"adsbygoogle\"\r\n     style=\"display:inline-block;width:300px;height:250px\"\r\n     data-ad-client=\"ca-pub-6414922941841817\"\r\n     data-ad-slot=\"5351822287\"><\/ins>\r\n<script>\r\n(adsbygoogle = window.adsbygoogle || []).push({});\r\n<\/script>\n<\/div>\n<p>A <strong>Sefaz Fortaleza<\/strong> &#8211; Secretaria da Fazenda do Estado do Cear\u00e1 &#8211; \u00e9 uma das mais antigas institui\u00e7\u00f5es p\u00fablicas da administra\u00e7\u00e3o estadual, considerando a sua cria\u00e7\u00e3o por meio da Lei n\u00ba 58, de 26 de setembro de 1836. Inicialmente o \u00f3rg\u00e3o recebeu a denomina\u00e7\u00e3o de Thesouraria Provincial.<br \/>\nDesde ent\u00e3o s\u00e3o decorridos mais de 180 anos de uma hist\u00f3ria institucional que se confunde com a do pr\u00f3prio Estado do Cear\u00e1, de incont\u00e1veis servi\u00e7os em defesa dos reais interesses dos cearenses, haja vista que muitos \u201ccobradores de impostos e taxas\u201d, como s\u00e3o chamados os agentes do fisco, perderam a vida no cumprimento do dever.<\/p>\n<p><img loading=\"lazy\" decoding=\"async\" class=\"alignnone wp-image-1158 size-full\" title=\"Sefaz Fortaleza\" src=\"https:\/\/www.encontrafortaleza.com\/sobre\/wp-content\/uploads\/2019\/01\/sefaz-fortaleza.gif\" alt=\"Sefaz Fortaleza\" width=\"680\" height=\"189\" \/><br \/>\nEm 1993 foi comemorado o \u201cCenten\u00e1rio da Sefaz\u201d, per\u00edodo marcado por uma s\u00e9rie de eventos institucionais que abrangeram a capital e o interior do Estado.<\/p>\n<h2>Sefaz Fortaleza Servi\u00e7os<\/h2>\n<p>O Sefaz oferece os seguintes servi\u00e7os:<\/p>\n<ul>\n<li>Ambiente Seguro<\/li>\n<li>Conhecimento de Transporte Eletr\u00f4nico<\/li>\n<li>Contencioso<\/li>\n<li>Sua Nota Vale Dinheiro<\/li>\n<li>CF-E Cupom Fiscal Eletr\u00f4nico<\/li>\n<li>Emiss\u00e3o de DAE Taxas<\/li>\n<li>GLME &#8211; Valida\u00e7\u00e3o<\/li>\n<li>GNRE<\/li>\n<li>IPVA<\/li>\n<li>ITCD<\/li>\n<li>Legisla\u00e7\u00e3o Tribut\u00e1ria<\/li>\n<li>NFC-E &#8211; Nota Fiscal ao Consumidor Eletr\u00f4nica<\/li>\n<li>Nota Fiscal Avulsa<\/li>\n<li>NF-E &#8211; Nota Fiscal Eletr\u00f4nica<\/li>\n<li>Portal Siget<\/li>\n<li>Processos Cadastrais<\/li>\n<li>SITRAM<\/li>\n<li>VIPRO<\/li>\n<li>Valida\u00e7\u00e3o de AIDF Eletr\u00f4nica<\/li>\n<\/ul>\n<h3>Secretaria da Fazenda do Estado do Cear\u00e1 Nota Fiscal<\/h3>\n<p>Para consultar suas notas fiscais basta acessar o site do Sefaz na aba Servi\u00e7os e acesse as notas utilizando a sua chave de acesso.<em><br \/>\n<\/em><\/p>\n<h3>Hor\u00e1rio de Funcionamento Sefaz em Fortaleza<\/h3>\n<ul>\n<li>Segunda a Sexta: das 08h \u00e0s 17h<\/li>\n<\/ul>\n<h3>Onde Fica,\u00a0Endere\u00e7o e Telefone Sefaz em Fortaleza<\/h3>\n<ul>\n<li><strong>Centro:<\/strong> Rua Senador Pompeu, 512 &#8211; Telefone: (85) 3101-0850<\/li>\n<li><strong>Praia de Iracema:<\/strong> Av. Pessoa Anta, 274 &#8211; Telefone: (85) 3101-9200<\/li>\n<li><strong>Luciano Cavalcante:<\/strong> Rua Transversal Norte, 144 &#8211; Telefone: (85) 3108-0800<\/li>\n<li><strong>Presidente Kennedy:<\/strong> Rua Ant\u00f4nio Lafaiete, 368 &#8211; Telefone: 0800 707 8585<\/li>\n<li><strong>Joaquim T\u00e1vora:<\/strong> Av. Visconde do Rio Branco, 2515 &#8211; Telefone: (85) 3101-2684<\/li>\n<li><strong>Parangaba:<\/strong> Rua do Giro, 50 &#8211; Telefone: (85) 3289-5050<\/li>\n<li><strong>Messejana:<\/strong> Rua Eduardo Porto, 42 &#8211; Telefone: (85) 3108-1180<\/li>\n<li><strong>Serrinha:<\/strong> Av. Ded\u00e9 Brasil, 4976 &#8211; Telefone: (85) 3101-0850<\/li>\n<li><strong>Barra do Cear\u00e1:<\/strong> Av. Cel Carvalho, 1368 &#8211; Telefone: (85) 3108-1206<\/li>\n<\/ul>\n<h4>Outras informa\u00e7\u00f5es e site<\/h4>\n<ul>\n<li>Mais informa\u00e7\u00f5es:\u00a0<a href=\"https:\/\/www.sefaz.ce.gov.br\/\" target=\"_blank\" rel=\"noopener noreferrer\">www.sefaz.ce.gov.br<\/a><\/li>\n<\/ul>\n<h4>Mapa de localiza\u00e7\u00e3o Centro<\/h4>\n<a class=\"wp-colorbox-iframe\" href=\"https:\/\/www.google.com\/maps\/embed?pb=!1m18!1m12!1m3!1d3981.3973719946484!2d-38.53077138524104!3d-3.723213897291145!2m3!1f0!2f0!3f0!3m2!1i1024!2i768!4f13.1!3m3!1m2!1s0x7c749b314f43eef0xff09bef1086e4277!2sRua+Senador+Pompeu+512+-+Centro+Fortaleza+-+CE+60025-000!5e0!3m2!1spt-BR!2sbr!4v1547249373582\"><img decoding=\"async\" src=\"http:\/\/www.encontracampinas.com.br\/imgs\/maps-post.png\"><\/a>\n\n<div style=\"font-size: 0px; height: 0px; line-height: 0px; margin: 0; padding: 0; clear: both;\"><\/div>","protected":false},"excerpt":{"rendered":"<p>A Sefaz Fortaleza &#8211; Secretaria da Fazenda do Estado do Cear\u00e1 &#8211; \u00e9 uma das mais antigas institui\u00e7\u00f5es p\u00fablicas da administra\u00e7\u00e3o estadual, considerando a sua cria\u00e7\u00e3o por meio da Lei n\u00ba 58, de 26 de setembro de 1836. Inicialmente o \u00f3rg\u00e3o recebeu a denomina\u00e7\u00e3o de Thesouraria Provincial. Desde ent\u00e3o s\u00e3o decorridos mais de 180 anos de uma hist\u00f3ria institucional que se confunde com a do pr\u00f3prio Estado do Cear\u00e1, de incont\u00e1veis servi\u00e7os em defesa dos reais interesses dos cearenses, haja vista que muitos \u201ccobradores de impostos e taxas\u201d, como s\u00e3o chamados os agentes do fisco, perderam a vida no cumprimento <\/p>\n","protected":false},"author":1,"featured_media":0,"parent":0,"menu_order":0,"comment_status":"closed","ping_status":"closed","template":"","meta":{"footnotes":""},"class_list":["post-1157","page","type-page","status-publish","hentry"],"aioseo_notices":[],"_links":{"self":[{"href":"https:\/\/www.encontrafortaleza.com\/sobre\/wp-json\/wp\/v2\/pages\/1157"}],"collection":[{"href":"https:\/\/www.encontrafortaleza.com\/sobre\/wp-json\/wp\/v2\/pages"}],"about":[{"href":"https:\/\/www.encontrafortaleza.com\/sobre\/wp-json\/wp\/v2\/types\/page"}],"author":[{"embeddable":true,"href":"https:\/\/www.encontrafortaleza.com\/sobre\/wp-json\/wp\/v2\/users\/1"}],"replies":[{"embeddable":true,"href":"https:\/\/www.encontrafortaleza.com\/sobre\/wp-json\/wp\/v2\/comments?post=1157"}],"version-history":[{"count":0,"href":"https:\/\/www.encontrafortaleza.com\/sobre\/wp-json\/wp\/v2\/pages\/1157\/revisions"}],"wp:attachment":[{"href":"https:\/\/www.encontrafortaleza.com\/sobre\/wp-json\/wp\/v2\/media?parent=1157"}],"curies":[{"name":"wp","href":"https:\/\/api.w.org\/{rel}","templated":true}]}}