{"id":1169,"date":"2019-01-14T06:54:08","date_gmt":"2019-01-14T08:54:08","guid":{"rendered":"https:\/\/www.encontrafortaleza.com\/sobre\/?page_id=1169"},"modified":"2019-01-14T06:54:08","modified_gmt":"2019-01-14T08:54:08","slug":"conselho-tutelar-fortaleza","status":"publish","type":"page","link":"https:\/\/www.encontrafortaleza.com\/sobre\/conselho-tutelar-fortaleza\/","title":{"rendered":"Conselho Tutelar Fortaleza"},"content":{"rendered":"<div class=\"2ad529334b11458fd7d9bde3e187e581\" data-index=\"1\" style=\"float: left; margin: 5px 5px 5px 0;\">\n<!-- EBR \/Novo-Bairro-Topo\/ 300x250 -->\r\n<ins class=\"adsbygoogle\"\r\n     style=\"display:inline-block;width:300px;height:250px\"\r\n     data-ad-client=\"ca-pub-6414922941841817\"\r\n     data-ad-slot=\"5351822287\"><\/ins>\r\n<script>\r\n(adsbygoogle = window.adsbygoogle || []).push({});\r\n<\/script>\n<\/div>\n<p>O\u00a0<b>Conselho Tutelar Fortaleza<\/b>\u00a0\u00e9 \u00f3rg\u00e3o aut\u00f4nomo da\u00a0administra\u00e7\u00e3o p\u00fablica\u00a0municipal\u00a0brasileira, destitu\u00eddo de fun\u00e7\u00e3o jurisdicional, que possui a atribui\u00e7\u00e3o de zelar pelo cumprimento dos\u00a0direitos das crian\u00e7as e adolescentes.<\/p>\n<p>O Conselho Tutelar \u00e9 um \u00f3rg\u00e3o colegiado, aut\u00f4nomo, pertencente \u00e0 administra\u00e7\u00e3o p\u00fablica municipal e sem fun\u00e7\u00e3o jurisdicional. \u00c9 regido pelo\u00a0Estatuto da Crian\u00e7a e do Adolescente.\u00a0Enquanto \u00f3rg\u00e3o colegiado, \u00e9 caracterizado pela pluralidade de membros. No caso, s\u00e3o 5 membros que comp\u00f5em o Conselho Tutelar.<\/p>\n<p><img loading=\"lazy\" decoding=\"async\" class=\"alignnone wp-image-1170 size-full\" title=\"Conselho Tutelar Fortaleza\" src=\"https:\/\/www.encontrafortaleza.com\/sobre\/wp-content\/uploads\/2019\/01\/conselho-tutelar-fortaleza.gif\" alt=\"Conselho Tutelar Fortaleza\" width=\"680\" height=\"189\" \/><\/p>\n<p>A autonomia do \u00f3rg\u00e3o \u00e9 denotada pela falta de rela\u00e7\u00e3o de subordina\u00e7\u00e3o com o\u00a0Executivo municipal. Portanto, n\u00e3o deve obedi\u00eancia ao comando do\u00a0Prefeito\u00a0ou seus\u00a0secret\u00e1rios, quanto \u00e0s suas fun\u00e7\u00f5es institucionais. A orienta\u00e7\u00e3o t\u00e9cnica do Conselho Tutelar n\u00e3o comporta imposi\u00e7\u00e3o externa, por\u00e9m \u00e9 pass\u00edvel de controle pelo\u00a0Judici\u00e1rio.<\/p>\n<p>N\u00e3o existe Conselho Tutelar nas esferas\u00a0estaduais\u00a0e da\u00a0Uni\u00e3o, sendo um \u00f3rg\u00e3o que apenas existe na \u00f3rbita dos munic\u00edpios e do\u00a0Distrito Federal. Preserva-se uma proximidade do Conselho com as crian\u00e7as e adolescentes que deva tutelar, com uma liga\u00e7\u00e3o mais pr\u00f3xima das realidades sociais, econ\u00f4micas e culturais que vivem estes sujeitos.<\/p>\n<p>A aus\u00eancia de fun\u00e7\u00e3o jurisdicional significa que os conselheiros tutelares n\u00e3o possuem as garantias, atribui\u00e7\u00f5es nem prerrogativas dos magistrados. Suas decis\u00f5es podem ser revistas pelo Judici\u00e1rio, mediante provoca\u00e7\u00e3o do\u00a0Minist\u00e9rio P\u00fablico, dos pr\u00f3prios conselheiros, da\u00a0sociedade civil\u00a0ou, mediante\u00a0a\u00e7\u00e3o popular, de qualquer cidad\u00e3o.<\/p>\n<h2>Conselho Tutelar Fortaleza Atribui\u00e7\u00f5es<\/h2>\n<p>O Conselho Tutelar conta com as seguintes<em>\u00a0atribui\u00e7\u00f5es:<\/em><\/p>\n<ul>\n<li>Atender crian\u00e7as e adolescentes nas hip\u00f3teses previstas nos arts.98 e 105, aplicando as medidas previstas no art. 101, I a VII;<\/li>\n<li>Atender e aconselhar pais ou respons\u00e1veis, aplicando as medidas previstas no art.129, I a VII;<\/li>\n<li>Promover a execu\u00e7\u00e3o de suas decis\u00f5es, podendo para tanto:\n<ol>\n<li>Requisitar servi\u00e7os p\u00fablicos nas \u00e1reas de sa\u00fade, educa\u00e7\u00e3o, servi\u00e7o social, previd\u00eancia, trabalho e seguran\u00e7a;<\/li>\n<li>Representar junto \u00e0 autoridade judici\u00e1ria nos casos de descumprimento injustificado de suas delibera\u00e7\u00f5es;<\/li>\n<\/ol>\n<\/li>\n<li>Encaminhar ao\u00a0Minist\u00e9rio P\u00fablico\u00a0not\u00edcia de fato que constitua infra\u00e7\u00e3o administrativa ou penal contra os direitos da crian\u00e7a e do adolescente;<\/li>\n<li>Encaminhar \u00e0 autoridade judici\u00e1ria os casos de sua compet\u00eancia;<\/li>\n<li>Providenciar a medida estabelecida pela autoridade judici\u00e1ria, dentre as previstas no art. 101, de I a VI, para o adolescente autor do ato infracional;<\/li>\n<li>Expedir notifica\u00e7\u00f5es;<\/li>\n<li>Requisitar certid\u00f5es de nascimento e de \u00f3bito de crian\u00e7a ou adolescente quando necess\u00e1rio;<\/li>\n<li>Assessorar o Poder Executivo local na elabora\u00e7\u00e3o da proposta or\u00e7ament\u00e1ria para planos e programas de atendimento dos direitos da crian\u00e7a e do adolescente;<\/li>\n<li>Representar, em nome da pessoa e da fam\u00edlia, contra a viola\u00e7\u00e3o dos direitos previstos no art. 220, \u00a73\u00ba, inciso II, da Constitui\u00e7\u00e3o Federal.<\/li>\n<\/ul>\n<h3>Conselho Tutelar Fortaleza Den\u00fancia<\/h3>\n<p>Para fazer alguma\u00a0<em>den\u00fancia<\/em>\u00a0ao Conselho Tutelar, basta comparecer a algum dos endere\u00e7os abaixo ou fazer contato pelo telefone.<\/p>\n<h3>Hor\u00e1rio de Funcionamento Conselho Tutelar em Fortaleza<\/h3>\n<ul>\n<li>Segunda a Sexta das 08h \u00e0s 18h<\/li>\n<\/ul>\n<h3>Onde fica, Endere\u00e7o e Telefone Conselho Tutelar em Fortaleza<\/h3>\n<ul>\n<li><strong>Conselho Tutelar I:<\/strong> Rua Guilherme Rocha, 1070 &#8211; Telefone: (85) 98970-5986<\/li>\n<li><strong>Conselho Tutelar II:<\/strong> Rua da Paz, 300 &#8211; Telefone: (85) 3259-2612<\/li>\n<li><strong>Conselho Tutelar III:<\/strong> Rua Silveira Filho, 935 &#8211; Telefone: (85) 3131-1950<\/li>\n<li><strong>Conselho Tutelar IV:<\/strong> Rua Padre Ambr\u00f3sio Machado, 625 &#8211; Telefone: (85) 3292-4955<\/li>\n<li><strong>Conselho Tutelar VI:<\/strong> Rua Pedro Dantas, 334 &#8211; Telefone: (85) 3295-5794<\/li>\n<li><strong>Conselho Tutelar VII:<\/strong> Rua Jo\u00e3o Tom\u00e9, 261 &#8211; Telefone: (85) 3274-6211<\/li>\n<li><strong>Conselho Tutelar VIII:<\/strong> Rua Boa Vista, 1500 &#8211; Telefone: (85) 98706-6121<\/li>\n<\/ul>\n<h4>Mapa de localiza\u00e7\u00e3o Conselho Tutelar I<\/h4>\n<a class=\"wp-colorbox-iframe\" href=\"https:\/\/www.google.com\/maps\/embed?pb=!1m18!1m12!1m3!1d3981.3925315193846!2d-38.53781638524102!3d-3.7242841972903786!2m3!1f0!2f0!3f0!3m2!1i1024!2i768!4f13.1!3m3!1m2!1s0x7c749b045437ce30x671e104d536a6a7d!2sR.+Guilherme+Rocha+1070+-+Centro+Fortaleza+-+CE+60030-141!5e0!3m2!1spt-BR!2sbr!4v1547455831230\"><img decoding=\"async\" src=\"http:\/\/www.encontracampinas.com.br\/imgs\/maps-post.png\"><\/a>\n\n<div style=\"font-size: 0px; height: 0px; line-height: 0px; margin: 0; padding: 0; clear: both;\"><\/div>","protected":false},"excerpt":{"rendered":"<p>O\u00a0Conselho Tutelar Fortaleza\u00a0\u00e9 \u00f3rg\u00e3o aut\u00f4nomo da\u00a0administra\u00e7\u00e3o p\u00fablica\u00a0municipal\u00a0brasileira, destitu\u00eddo de fun\u00e7\u00e3o jurisdicional, que possui a atribui\u00e7\u00e3o de zelar pelo cumprimento dos\u00a0direitos das crian\u00e7as e adolescentes. O Conselho Tutelar \u00e9 um \u00f3rg\u00e3o colegiado, aut\u00f4nomo, pertencente \u00e0 administra\u00e7\u00e3o p\u00fablica municipal e sem fun\u00e7\u00e3o jurisdicional. \u00c9 regido pelo\u00a0Estatuto da Crian\u00e7a e do Adolescente.\u00a0Enquanto \u00f3rg\u00e3o colegiado, \u00e9 caracterizado pela pluralidade de membros. No caso, s\u00e3o 5 membros que comp\u00f5em o Conselho Tutelar. A autonomia do \u00f3rg\u00e3o \u00e9 denotada pela falta de rela\u00e7\u00e3o de subordina\u00e7\u00e3o com o\u00a0Executivo municipal. Portanto, n\u00e3o deve obedi\u00eancia ao comando do\u00a0Prefeito\u00a0ou seus\u00a0secret\u00e1rios, quanto \u00e0s suas fun\u00e7\u00f5es institucionais. A orienta\u00e7\u00e3o t\u00e9cnica do Conselho <\/p>\n","protected":false},"author":1,"featured_media":0,"parent":0,"menu_order":0,"comment_status":"closed","ping_status":"closed","template":"","meta":{"footnotes":""},"class_list":["post-1169","page","type-page","status-publish","hentry"],"aioseo_notices":[],"_links":{"self":[{"href":"https:\/\/www.encontrafortaleza.com\/sobre\/wp-json\/wp\/v2\/pages\/1169"}],"collection":[{"href":"https:\/\/www.encontrafortaleza.com\/sobre\/wp-json\/wp\/v2\/pages"}],"about":[{"href":"https:\/\/www.encontrafortaleza.com\/sobre\/wp-json\/wp\/v2\/types\/page"}],"author":[{"embeddable":true,"href":"https:\/\/www.encontrafortaleza.com\/sobre\/wp-json\/wp\/v2\/users\/1"}],"replies":[{"embeddable":true,"href":"https:\/\/www.encontrafortaleza.com\/sobre\/wp-json\/wp\/v2\/comments?post=1169"}],"version-history":[{"count":0,"href":"https:\/\/www.encontrafortaleza.com\/sobre\/wp-json\/wp\/v2\/pages\/1169\/revisions"}],"wp:attachment":[{"href":"https:\/\/www.encontrafortaleza.com\/sobre\/wp-json\/wp\/v2\/media?parent=1169"}],"curies":[{"name":"wp","href":"https:\/\/api.w.org\/{rel}","templated":true}]}}