{"id":1174,"date":"2019-01-14T09:53:08","date_gmt":"2019-01-14T11:53:08","guid":{"rendered":"https:\/\/www.encontrafortaleza.com\/sobre\/?page_id=1174"},"modified":"2019-01-14T09:54:31","modified_gmt":"2019-01-14T11:54:31","slug":"comunidade-das-nacoes-fortaleza","status":"publish","type":"page","link":"https:\/\/www.encontrafortaleza.com\/sobre\/comunidade-das-nacoes-fortaleza\/","title":{"rendered":"Comunidade das Na\u00e7\u00f5es Fortaleza"},"content":{"rendered":"<div class=\"2ad529334b11458fd7d9bde3e187e581\" data-index=\"1\" style=\"float: left; margin: 5px 5px 5px 0;\">\n<!-- EBR \/Novo-Bairro-Topo\/ 300x250 -->\r\n<ins class=\"adsbygoogle\"\r\n     style=\"display:inline-block;width:300px;height:250px\"\r\n     data-ad-client=\"ca-pub-6414922941841817\"\r\n     data-ad-slot=\"5351822287\"><\/ins>\r\n<script>\r\n(adsbygoogle = window.adsbygoogle || []).push({});\r\n<\/script>\n<\/div>\n<p>A <strong>Comunidade das Na\u00e7\u00f5es Fortaleza<\/strong> tem a miss\u00e3o de treinar e aperfei\u00e7oar pessoas para o exerc\u00edcio de sua chamada, cumprindo o seu destino. Elevar pessoas \u00e0 maturidade emocional e espiritual, renovando suas mentes pela verdade do evangelho, conquistando territ\u00f3rios para o Reino de Deus e definindo a realidade da nossa gera\u00e7\u00e3o e das pr\u00f3ximas.<\/p>\n<p>Visa ser um minist\u00e9rio atual e relevante na sociedade, que consegue oferecer respostas \u00e0s demandas das pessoas, atualizando-se sempre a fim de continuar movendo-se para o futuro e recebendo o novo de Deus.<\/p>\n<p><img loading=\"lazy\" decoding=\"async\" class=\"alignnone wp-image-1175 size-full\" title=\"Comunidade das Na\u00e7\u00f5es Fortaleza\" src=\"https:\/\/www.encontrafortaleza.com\/sobre\/wp-content\/uploads\/2019\/01\/comunidade-das-na\u00e7\u00f5es-fortaleza.gif\" alt=\"Comunidade das Na\u00e7\u00f5es Fortaleza\" width=\"680\" height=\"189\" \/><\/p>\n<p>Conta com os valores de excel\u00eancia, cultura do Reino, trabalho em equipe, vis\u00e3o positiva do futuro, esperan\u00e7a, alegria e regozijo, liberdade, servi\u00e7o, fraternidade, grandeza, prosperidade, solidariedade, paix\u00e3o, pureza, honestidade e transcend\u00eancia.<\/p>\n<h2>Comunidade das Na\u00e7\u00f5es Fortaleza Eventos<\/h2>\n<p>Voc\u00ea pode acessar o site da Igreja na aba agenda e tomar conhecimento de todos os<em> eventos<\/em> programados.<\/p>\n<h3>Comunidade das Na\u00e7\u00f5es Fortaleza Youtube<\/h3>\n<p>A Comunidade das Na\u00e7\u00f5es possui um canal no Youtube onde s\u00e3o ministrados cultos e prega\u00e7\u00f5es. Voc\u00ea pode assistir as cultos e se sentir tocado pela Palavra de Deus de qualquer lugar. Voc\u00ea pode participar, louvar e agradecer quando n\u00e3o puder comparecer ao templo.<em><br \/>\n<\/em><\/p>\n<h3>Comunidade das Na\u00e7\u00f5es Fortaleza Culto ao Vivo<\/h3>\n<p>Nem sempre \u00e9 poss\u00edvel comparecer aos cultos por in\u00fameros motivos. Mas n\u00e3o se sinta exclu\u00eddo da comunidade, voc\u00ea pode assistir ao vivo \u00e0s prega\u00e7\u00f5es e louvores pelo site da Comunidade das Na\u00e7\u00f5es na aba <a href=\"https:\/\/cnplay.com.br\/cultoaovivo\/\" target=\"_blank\" rel=\"noopener\">Culto ao Vivo<\/a>. E tamb\u00e9m pode assistir aos cultos anteriores e se inundar da Palavra de Deus.<\/p>\n<h3>Hor\u00e1rio de Funcionamento Comunidade das Na\u00e7\u00f5es em Fortaleza<\/h3>\n<ul>\n<li>Seg, Ter, Qui e Sex das 08h \u00e0s 17h \/ Qua das\u00a008h \u00e0s 17h e das 19h30 \u00e0s 21h30<\/li>\n<li>S\u00e1b das 18h \u00e0s 21h \/ Dom das\u00a008h45 \u00e0s 12h e das 16h30 \u00e0s 22h<\/li>\n<\/ul>\n<h3>Onde Fica,\u00a0Endere\u00e7o e Telefone Comunidade das Na\u00e7\u00f5es em Fortaleza<\/h3>\n<ul>\n<li>R. Santa Esmeralda, 110 &#8211; Dion\u00edsio Torres &#8211; Fortaleza &#8211; CE<\/li>\n<li>Telefone: (85) 3046-7733<\/li>\n<\/ul>\n<h4>Outras informa\u00e7\u00f5es e site<\/h4>\n<ul>\n<li>Mais informa\u00e7\u00f5es:\u00a0<a href=\"https:\/\/comunidadedasnacoes.com.br\/\" target=\"_blank\" rel=\"noopener noreferrer\">www.comunidadedasnacoes.com.br<\/a><\/li>\n<li>Facebook:\u00a0<a href=\"https:\/\/www.facebook.com\/cnfortalezaoficial\/\" target=\"_blank\" rel=\"noopener\">www.facebook.com\/cnfortalezaoficial<\/a><\/li>\n<li>Instagram:\u00a0<a href=\"https:\/\/www.instagram.com\/cnfortaleza\/?hl=pt-br\" target=\"_blank\" rel=\"noopener\">www.instagram.com\/cnfortaleza<\/a><\/li>\n<\/ul>\n<h4>Mapa de localiza\u00e7\u00e3o<\/h4>\n<a class=\"wp-colorbox-iframe\" href=\"https:\/\/www.google.com\/maps\/embed?pb=!1m14!1m8!1m3!1d15925.064036907552!2d-38.4975475!3d-3.752152!3m2!1i1024!2i768!4f13.1!3m3!1m2!1s0x00xf6187c6c7cb54551!2sIgreja+Comunidade+das+Naes++Fortaleza!5e0!3m2!1spt-BR!2sbr!4v1547466569437\"><img decoding=\"async\" src=\"http:\/\/www.encontracampinas.com.br\/imgs\/maps-post.png\"><\/a>\n\n<div style=\"font-size: 0px; height: 0px; line-height: 0px; margin: 0; padding: 0; clear: both;\"><\/div>","protected":false},"excerpt":{"rendered":"<p>A Comunidade das Na\u00e7\u00f5es Fortaleza tem a miss\u00e3o de treinar e aperfei\u00e7oar pessoas para o exerc\u00edcio de sua chamada, cumprindo o seu destino. Elevar pessoas \u00e0 maturidade emocional e espiritual, renovando suas mentes pela verdade do evangelho, conquistando territ\u00f3rios para o Reino de Deus e definindo a realidade da nossa gera\u00e7\u00e3o e das pr\u00f3ximas. Visa ser um minist\u00e9rio atual e relevante na sociedade, que consegue oferecer respostas \u00e0s demandas das pessoas, atualizando-se sempre a fim de continuar movendo-se para o futuro e recebendo o novo de Deus. Conta com os valores de excel\u00eancia, cultura do Reino, trabalho em equipe, vis\u00e3o <\/p>\n","protected":false},"author":1,"featured_media":0,"parent":0,"menu_order":0,"comment_status":"closed","ping_status":"closed","template":"","meta":{"footnotes":""},"class_list":["post-1174","page","type-page","status-publish","hentry"],"aioseo_notices":[],"_links":{"self":[{"href":"https:\/\/www.encontrafortaleza.com\/sobre\/wp-json\/wp\/v2\/pages\/1174"}],"collection":[{"href":"https:\/\/www.encontrafortaleza.com\/sobre\/wp-json\/wp\/v2\/pages"}],"about":[{"href":"https:\/\/www.encontrafortaleza.com\/sobre\/wp-json\/wp\/v2\/types\/page"}],"author":[{"embeddable":true,"href":"https:\/\/www.encontrafortaleza.com\/sobre\/wp-json\/wp\/v2\/users\/1"}],"replies":[{"embeddable":true,"href":"https:\/\/www.encontrafortaleza.com\/sobre\/wp-json\/wp\/v2\/comments?post=1174"}],"version-history":[{"count":0,"href":"https:\/\/www.encontrafortaleza.com\/sobre\/wp-json\/wp\/v2\/pages\/1174\/revisions"}],"wp:attachment":[{"href":"https:\/\/www.encontrafortaleza.com\/sobre\/wp-json\/wp\/v2\/media?parent=1174"}],"curies":[{"name":"wp","href":"https:\/\/api.w.org\/{rel}","templated":true}]}}