{"id":120,"date":"2018-04-03T04:32:21","date_gmt":"2018-04-03T07:32:21","guid":{"rendered":"http:\/\/www.encontrafortaleza.com\/sobre\/?page_id=120"},"modified":"2018-04-03T04:32:21","modified_gmt":"2018-04-03T07:32:21","slug":"sesc-fortaleza","status":"publish","type":"page","link":"https:\/\/www.encontrafortaleza.com\/sobre\/sesc-fortaleza\/","title":{"rendered":"Sesc Fortaleza"},"content":{"rendered":"<div class=\"2ad529334b11458fd7d9bde3e187e581\" data-index=\"1\" style=\"float: left; margin: 5px 5px 5px 0;\">\n<!-- EBR \/Novo-Bairro-Topo\/ 300x250 -->\r\n<ins class=\"adsbygoogle\"\r\n     style=\"display:inline-block;width:300px;height:250px\"\r\n     data-ad-client=\"ca-pub-6414922941841817\"\r\n     data-ad-slot=\"5351822287\"><\/ins>\r\n<script>\r\n(adsbygoogle = window.adsbygoogle || []).push({});\r\n<\/script>\n<\/div>\n<p>O\u00a0<strong>Sesc Fortaleza<\/strong>\u00a0foi inaugurado no ano de 1960.<\/p>\n<p>O\u00a0<em>Servi\u00e7o Social do Com\u00e9rcio (Sesc)<\/em>\u00a0\u00e9 uma institui\u00e7\u00e3o brasileira privada, mantida pelos empres\u00e1rios do com\u00e9rcio de bens, servi\u00e7os e turismo, com atua\u00e7\u00e3o em todo \u00e2mbito nacional, voltada prioritariamente para o bem-estar social dos seus empregados e familiares, por\u00e9m aberto \u00e0 comunidade em geral. Atua nas \u00e1reas da Educa\u00e7\u00e3o, Sa\u00fade, Lazer, Cultura e Assist\u00eancia.<\/p>\n<p><img loading=\"lazy\" decoding=\"async\" class=\"alignnone wp-image-123 size-full\" title=\"Sesc Fortaleza\" src=\"http:\/\/www.encontrafortaleza.com\/sobre\/wp-content\/uploads\/2018\/04\/sesc-fortaleza.jpg\" alt=\"Sesc Fortaleza\" width=\"680\" height=\"189\" srcset=\"https:\/\/www.encontrafortaleza.com\/sobre\/wp-content\/uploads\/2018\/04\/sesc-fortaleza.jpg 680w, https:\/\/www.encontrafortaleza.com\/sobre\/wp-content\/uploads\/2018\/04\/sesc-fortaleza-300x83.jpg 300w\" sizes=\"(max-width: 680px) 100vw, 680px\" \/><\/p>\n<p>A unidade <em>Sesc Fortaleza<\/em> disp\u00f5e de teatro, gin\u00e1sio de esportes, \u00e1rea de conviv\u00eancia, biblioteca, lanchonete e restaurante, academia e piscinas. Oferece ainda cursos de dan\u00e7a, ballet, canto, gin\u00e1stica, jud\u00f4, nata\u00e7\u00e3o, hidrogin\u00e1stica, muscula\u00e7\u00e3o e futsal.<\/p>\n<p>O Sesc Fortaleza desenvolve atividades educativas, al\u00e9m de realizar um excelente trabalho com grupo da terceira idade, o TSI \u2013 Trabalho Social com o Idoso. Na \u00e1rea de cultura, a unidade \u00e9 respons\u00e1vel pelo fomento da arte e forma\u00e7\u00e3o de plateia na regi\u00e3o, com cursos e atua\u00e7\u00e3o em v\u00e1rias linguagens como dan\u00e7a, artes pl\u00e1sticas, teatro e m\u00fasica.<\/p>\n<p><em>As atividades desenvolvidas s\u00e3o<\/em>:<\/p>\n<ul>\n<li>Ateli\u00ea e Galeria de Artes<\/li>\n<li>Sala de TV e V\u00eddeo<\/li>\n<li>Teatro SESC Emiliano Queiroz<\/li>\n<li>Biblioteca Rachel Queiroz<\/li>\n<li>Biblioteca Infantil<\/li>\n<li>Centro Esportivo<\/li>\n<li>Cl\u00ednica SESC Sa\u00fade<\/li>\n<li>Unidade de Turismo Social<\/li>\n<li>Mesa Brasil SESC<\/li>\n<li>Trabalho Social com Idosos<\/li>\n<li>Restaurante e Lanchonete SESC Lanches<\/li>\n<li>Loja SESC Mania<\/li>\n<li>Servi\u00e7o de Atendimento ao Cliente (SAC)<em><br \/>\n<\/em><\/li>\n<\/ul>\n<h2>Sesc Fortaleza Hospedagem<\/h2>\n<p>O hotel Col\u00f4nia Ecol\u00f3gica oferece boa hospedagem, boa comida, op\u00e7\u00f5es de lazer, al\u00e9m de bom atendimento.<\/p>\n<h3>Sesc Fortaleza Hotel<\/h3>\n<p>O Sesc possui o hotel <em>Col\u00f4nia Ecol\u00f3gica<\/em>, localizada na Praia de Iparana em Caucaia &#8211; CE, que oferece boa hospedagem, bom atendimento e boa comida.<em><br \/>\n<\/em><\/p>\n<h3>Sesc Fortaleza Reservas<\/h3>\n<p>\u00c9 poss\u00edvel fazer reservas online no site do Sesc Fortaleza. Acesse <a href=\"http:\/\/reservas.sesc-ce.com.br\/reservaonline\">aqui<\/a>.\u00a0<em><br \/>\n<\/em><\/p>\n<h3>Sesc Fortaleza Fotos<\/h3>\n<p>Confira abaixo algumas fotos do\u00a0 Sesc em Fortaleza:<\/p>\n<p><img loading=\"lazy\" decoding=\"async\" class=\"wp-image-121 size-full alignleft\" title=\"Sesc Fortaleza Fotos\" src=\"http:\/\/www.encontrafortaleza.com\/sobre\/wp-content\/uploads\/2018\/04\/sesc-fortaleza-fotos-1.jpg\" alt=\"Sesc Fortaleza Fotos\" width=\"680\" height=\"189\" srcset=\"https:\/\/www.encontrafortaleza.com\/sobre\/wp-content\/uploads\/2018\/04\/sesc-fortaleza-fotos-1.jpg 680w, https:\/\/www.encontrafortaleza.com\/sobre\/wp-content\/uploads\/2018\/04\/sesc-fortaleza-fotos-1-300x83.jpg 300w\" sizes=\"(max-width: 680px) 100vw, 680px\" \/><\/p>\n<p><img loading=\"lazy\" decoding=\"async\" class=\"alignnone wp-image-122 size-full\" title=\"Sesc Fortaleza Fotos\" src=\"http:\/\/www.encontrafortaleza.com\/sobre\/wp-content\/uploads\/2018\/04\/sesc-fortaleza-fotos-2.jpg\" alt=\"Sesc Fortaleza Fotos\" width=\"680\" height=\"189\" srcset=\"https:\/\/www.encontrafortaleza.com\/sobre\/wp-content\/uploads\/2018\/04\/sesc-fortaleza-fotos-2.jpg 680w, https:\/\/www.encontrafortaleza.com\/sobre\/wp-content\/uploads\/2018\/04\/sesc-fortaleza-fotos-2-300x83.jpg 300w\" sizes=\"(max-width: 680px) 100vw, 680px\" \/><\/p>\n<h3>Hor\u00e1rio de Funcionamento Sesc Fortaleza<\/h3>\n<ul>\n<li>Segunda a Sexta: das 08:00 \u00e0s 20h<\/li>\n<\/ul>\n<h3>Endere\u00e7o e Telefone Sesc Fortaleza<\/h3>\n<ul>\n<li><span class=\"w8qArf\">\u00a0<\/span><span class=\"LrzXr\">Rua Clarindo de Queiroz, 1740 &#8211; Centro, Fortaleza &#8211; CE<\/span><\/li>\n<li>Telefone: (85) 3462-6350<\/li>\n<\/ul>\n<h4>Outras informa\u00e7\u00f5es e site<\/h4>\n<ul>\n<li>Mais informa\u00e7\u00f5es:\u00a0<a href=\"http:\/\/www.sesc.com.br\" target=\"_blank\" rel=\"noopener noreferrer\">www.sesc.com.br<\/a><\/li>\n<\/ul>\n<h4>Mapa de localiza\u00e7\u00e3o<\/h4>\n<a class=\"wp-colorbox-iframe\" href=\"https:\/\/www.google.com\/maps\/embed?pb=!1m14!1m8!1m3!1d15925.472122477677!2d-38.5393233!3d-3.729697!3m2!1i1024!2i768!4f13.1!3m3!1m2!1s0x00x97b6613e38af147b!2sSesc+Fortaleza!5e0!3m2!1spt-BR!2sbr!4v1522740334711\"><img decoding=\"async\" src=\"http:\/\/www.encontracampinas.com.br\/imgs\/maps-post.png\"><\/a>\n\n<div style=\"font-size: 0px; height: 0px; line-height: 0px; margin: 0; padding: 0; clear: both;\"><\/div>","protected":false},"excerpt":{"rendered":"<p>O\u00a0Sesc Fortaleza\u00a0foi inaugurado no ano de 1960. O\u00a0Servi\u00e7o Social do Com\u00e9rcio (Sesc)\u00a0\u00e9 uma institui\u00e7\u00e3o brasileira privada, mantida pelos empres\u00e1rios do com\u00e9rcio de bens, servi\u00e7os e turismo, com atua\u00e7\u00e3o em todo \u00e2mbito nacional, voltada prioritariamente para o bem-estar social dos seus empregados e familiares, por\u00e9m aberto \u00e0 comunidade em geral. Atua nas \u00e1reas da Educa\u00e7\u00e3o, Sa\u00fade, Lazer, Cultura e Assist\u00eancia. A unidade Sesc Fortaleza disp\u00f5e de teatro, gin\u00e1sio de esportes, \u00e1rea de conviv\u00eancia, biblioteca, lanchonete e restaurante, academia e piscinas. Oferece ainda cursos de dan\u00e7a, ballet, canto, gin\u00e1stica, jud\u00f4, nata\u00e7\u00e3o, hidrogin\u00e1stica, muscula\u00e7\u00e3o e futsal. O Sesc Fortaleza desenvolve atividades educativas, al\u00e9m <\/p>\n","protected":false},"author":1,"featured_media":0,"parent":0,"menu_order":0,"comment_status":"closed","ping_status":"closed","template":"","meta":{"footnotes":""},"class_list":["post-120","page","type-page","status-publish","hentry"],"aioseo_notices":[],"_links":{"self":[{"href":"https:\/\/www.encontrafortaleza.com\/sobre\/wp-json\/wp\/v2\/pages\/120"}],"collection":[{"href":"https:\/\/www.encontrafortaleza.com\/sobre\/wp-json\/wp\/v2\/pages"}],"about":[{"href":"https:\/\/www.encontrafortaleza.com\/sobre\/wp-json\/wp\/v2\/types\/page"}],"author":[{"embeddable":true,"href":"https:\/\/www.encontrafortaleza.com\/sobre\/wp-json\/wp\/v2\/users\/1"}],"replies":[{"embeddable":true,"href":"https:\/\/www.encontrafortaleza.com\/sobre\/wp-json\/wp\/v2\/comments?post=120"}],"version-history":[{"count":0,"href":"https:\/\/www.encontrafortaleza.com\/sobre\/wp-json\/wp\/v2\/pages\/120\/revisions"}],"wp:attachment":[{"href":"https:\/\/www.encontrafortaleza.com\/sobre\/wp-json\/wp\/v2\/media?parent=120"}],"curies":[{"name":"wp","href":"https:\/\/api.w.org\/{rel}","templated":true}]}}