{"id":1218,"date":"2019-01-18T04:43:58","date_gmt":"2019-01-18T06:43:58","guid":{"rendered":"https:\/\/www.encontrafortaleza.com\/sobre\/?page_id=1218"},"modified":"2019-01-18T04:43:58","modified_gmt":"2019-01-18T06:43:58","slug":"regionais-de-fortaleza","status":"publish","type":"page","link":"https:\/\/www.encontrafortaleza.com\/sobre\/regionais-de-fortaleza\/","title":{"rendered":"Regionais de Fortaleza"},"content":{"rendered":"<div class=\"2ad529334b11458fd7d9bde3e187e581\" data-index=\"1\" style=\"float: left; margin: 5px 5px 5px 0;\">\n<!-- EBR \/Novo-Bairro-Topo\/ 300x250 -->\r\n<ins class=\"adsbygoogle\"\r\n     style=\"display:inline-block;width:300px;height:250px\"\r\n     data-ad-client=\"ca-pub-6414922941841817\"\r\n     data-ad-slot=\"5351822287\"><\/ins>\r\n<script>\r\n(adsbygoogle = window.adsbygoogle || []).push({});\r\n<\/script>\n<\/div>\n<p>Desde 1997, durante a gest\u00e3o do prefeito Juraci Vieira de Magalh\u00e3es (PMDB-CE), a administra\u00e7\u00e3o executiva da prefeitura foi dividida em subprefeituras chamadas de Secretarias Executivas <strong>Regionais<\/strong> (as SERs) que s\u00e3o ao todo 7 (SER I, SER II, SER III, SER IV, SER V, SER VI e a regional do Centro, sendo esta \u00faltima criada apenas em 2011, pois antes o Centro Hist\u00f3rico fortalezense era vinculado \u00e0 Regional II).<\/p>\n<p>A partir de 2008, as SER foram ainda subdivididas em \u00c1reas Particulares (APs), com o intuito de melhorar a demanda por servi\u00e7os b\u00e1sicos de infraestrutura, sa\u00fade, educa\u00e7\u00e3o, seguran\u00e7a e meio ambiente em cada secretaria; esta nova subdivis\u00e3o levou em considera\u00e7\u00e3o a proximidade de bairros com um bairro central em cada regi\u00e3o, uma via importante que passe pelos mesmos ou que tenham bairros no entorno, a economia local e as caracter\u00edsticas naturais. As SER n\u00e3o t\u00eam \u00e1rea sobreposta \u00e0 dos antigos distritos, que hoje n\u00e3o t\u00eam fun\u00e7\u00e3o administrativa, mas as sedes das SER s\u00e3o pr\u00f3ximas aos n\u00facleos desses cinco distritos hist\u00f3ricos.<\/p>\n<p><img loading=\"lazy\" decoding=\"async\" class=\"alignnone wp-image-1220 size-full\" title=\"Regionais de Fortaleza\" src=\"https:\/\/www.encontrafortaleza.com\/sobre\/wp-content\/uploads\/2019\/01\/regionais-fortaleza.gif\" alt=\"Regionais de Fortaleza\" width=\"680\" height=\"189\" \/><\/p>\n<h2>Regionais Fortaleza B<strong>airros<\/strong><\/h2>\n<p>A divis\u00e3o dos bairros em regionais s\u00e3o o seguinte:<\/p>\n<ul>\n<li>Regional I: Vila Velha, Jardim Guanabara, Jardim Iracema, Barra do Cear\u00e1, Floresta, \u00c1lvaro Weyne, Cristo Redentor, Ellery, S\u00e3o Gerardo, Monte Castelo, Carlito Pamplona, Pirambu, Farias Brito, Jacarecanga e Moura Brasil.<\/li>\n<li>Regional II: Aldeota, Cais do Porto, Cidade 2000, Coc\u00f3, De Lourdes, Dion\u00edsio Torres, Engenheiro Luciano Calvalcante, Guararapes, Joaquim T\u00e1vora, Manuel Dias Branco, Meireles, Mucuripe, Papicu, Praia de Iracema, Praia do Futuro I e II, Salinas, S\u00e3o Jo\u00e3o do Tauape, Varjota, Vicente Pinzon.<\/li>\n<li>Regional III: Amadeu Furtado, Ant\u00f4nio Bezerra, Autran Nunes, Bonsucesso, Bela Vista, Dom Lustosa, Henrique Jorge, Jo\u00e3o XXIII, J\u00f3quei Clube, Olavo Oliveira, Padre Andrade, Parque Arax\u00e1, Pici, Parquel\u00e2ndia, Presidente Kennedy, Rodolfo Te\u00f3filo e Quintino Cunha.<\/li>\n<li>Regional IV: S\u00e3o Jos\u00e9 Bonif\u00e1cio, Benfica, F\u00e1tima, Jardim Am\u00e9rica, Damas, Parre\u00e3o, Bom Futuro, Vila Uni\u00e3o, Montese, Couto Fernandes, Pan Americano, Dem\u00f3crito Rocha, Itaoca, Parangaba, Serrinha, Aeroporto, Itaperi, Dend\u00ea e Vila Pery.<\/li>\n<li>Regional V: Conjunto Cear\u00e1, Siqueira, Mondubim, Conjunto Jos\u00e9 Walter, Granja Lisboa, Granja Portugal, Bom Jardim, Geniba\u00fa, Canindezinho, Vila Manoel S\u00e1tiro, Parque S\u00e3o Jos\u00e9, Parque Santa Rosa, Maraponga, Jardim Cearense, Conjunto Esperan\u00e7a, Presidente Vargas, Planalto Ayrton Senna e Novo Mondubim.<\/li>\n<li>Regional VI: Sabiaguaba, Edson Queiroz, Sapiranga, Alagadi\u00e7o Novo, Curi\u00f3, Guajer\u00fa, Coa\u00e7u, Paupina, Parque Manibura, Cambeba, Messejana, Ancuri, Pedras, Jardim das Oliveiras, Cidade dos Funcion\u00e1rios, Parque Iracema, Auto da Balan\u00e7a, Aerol\u00e2ndia, Dias Macedo, Castel\u00e3o, Mata Galinha, Cajaeiras, Barroso, Jangurussu, Passar\u00e9, Parque Dois Irm\u00e3os e Lagoa Redonda.<\/li>\n<li>Regional do Centro: Delimitada ao Norte, pelas avenidas Historiador Raimundo Gir\u00e3o, Almirante Barroso e Pessoa Anta, ruas Adolfo Caminha e Santa Terezinha, e Avenida Presidente Castelo Branco (Leste &#8211; Oeste); ao Leste, pela rua Jo\u00e3o Cordeiro; ao Oeste, pelas avenidas Filomeno Gomes e Padre Ibiapina; e ao Sul, pela Avenida Domingos Ol\u00edmpio e in\u00edcio da Avenida Antonio Sales.<\/li>\n<\/ul>\n<h3>Regionais Fortaleza Mapa<\/h3>\n<p><em><img loading=\"lazy\" decoding=\"async\" class=\"alignnone wp-image-1219 size-full\" title=\"Regionais Fortaleza Mapa\" src=\"https:\/\/www.encontrafortaleza.com\/sobre\/wp-content\/uploads\/2019\/01\/mapa-ser.png\" alt=\"Regionais Fortaleza Mapa\" width=\"747\" height=\"521\" srcset=\"https:\/\/www.encontrafortaleza.com\/sobre\/wp-content\/uploads\/2019\/01\/mapa-ser.png 747w, https:\/\/www.encontrafortaleza.com\/sobre\/wp-content\/uploads\/2019\/01\/mapa-ser-300x209.png 300w\" sizes=\"(max-width: 747px) 100vw, 747px\" \/><\/em><\/p>\n<h3>Hor\u00e1rio de Funcionamento Regionais em Fortaleza<\/h3>\n<ul>\n<li>Segunda a Sexta: das 08h \u00e0s 17h<\/li>\n<\/ul>\n<h3>Onde Fica,\u00a0Endere\u00e7o e Telefone Regionais em Fortaleza<\/h3>\n<ul>\n<li><strong>Ser I:<\/strong> Rua Dom Jeronomo, 20 &#8211; Telefone: (85) 3433-6894<\/li>\n<li><strong>Ser II:<\/strong> Rua Professor Juraci M. Oliveira, 01 &#8211; Telefone: (85) 3241-4839<\/li>\n<li><strong>Ser III:<\/strong> Av. Jovita Feitosa, 1264 &#8211; Telefone: (85) 3433-2501<\/li>\n<li><strong>Ser IV:<\/strong> Avenida Ded\u00e9 Brasil, 3770 &#8211; Telefone: (85) 3216-1800<\/li>\n<li><strong>Ser V:<\/strong> Rua Sessenta e Nove, 01 &#8211; Telefone: (85) 3488-1272<\/li>\n<li><strong>Ser VI:<\/strong> Rua Padre Pedro de Alencar, 789 &#8211; Telefone: (85) 3488-3103<\/li>\n<li><strong>Ser Centro:<\/strong> Rua Major Facundo, 907 &#8211; Telefone: (85) 3254-3427<\/li>\n<\/ul>\n<h4>Mapa de localiza\u00e7\u00e3o Ser Centro<\/h4>\n<a class=\"wp-colorbox-iframe\" href=\"https:\/\/www.google.com\/maps\/embed?pb=!1m18!1m12!1m3!1d3981.3626221467944!2d-38.531027385240925!3d-3.730890797285586!2m3!1f0!2f0!3f0!3m2!1i1024!2i768!4f13.1!3m3!1m2!1s0x7c749ab6e627b2b0xab921a518b3a4eef!2sRua+Major+Facundo+907+-+Centro+Fortaleza+-+CE+60025-100!5e0!3m2!1spt-BR!2sbr!4v1547793660774\"><img decoding=\"async\" src=\"http:\/\/www.encontracampinas.com.br\/imgs\/maps-post.png\"><\/a>\n\n<div style=\"font-size: 0px; height: 0px; line-height: 0px; margin: 0; padding: 0; clear: both;\"><\/div>","protected":false},"excerpt":{"rendered":"<p>Desde 1997, durante a gest\u00e3o do prefeito Juraci Vieira de Magalh\u00e3es (PMDB-CE), a administra\u00e7\u00e3o executiva da prefeitura foi dividida em subprefeituras chamadas de Secretarias Executivas Regionais (as SERs) que s\u00e3o ao todo 7 (SER I, SER II, SER III, SER IV, SER V, SER VI e a regional do Centro, sendo esta \u00faltima criada apenas em 2011, pois antes o Centro Hist\u00f3rico fortalezense era vinculado \u00e0 Regional II). A partir de 2008, as SER foram ainda subdivididas em \u00c1reas Particulares (APs), com o intuito de melhorar a demanda por servi\u00e7os b\u00e1sicos de infraestrutura, sa\u00fade, educa\u00e7\u00e3o, seguran\u00e7a e meio ambiente em <\/p>\n","protected":false},"author":1,"featured_media":0,"parent":0,"menu_order":0,"comment_status":"closed","ping_status":"closed","template":"","meta":{"footnotes":""},"class_list":["post-1218","page","type-page","status-publish","hentry"],"aioseo_notices":[],"_links":{"self":[{"href":"https:\/\/www.encontrafortaleza.com\/sobre\/wp-json\/wp\/v2\/pages\/1218"}],"collection":[{"href":"https:\/\/www.encontrafortaleza.com\/sobre\/wp-json\/wp\/v2\/pages"}],"about":[{"href":"https:\/\/www.encontrafortaleza.com\/sobre\/wp-json\/wp\/v2\/types\/page"}],"author":[{"embeddable":true,"href":"https:\/\/www.encontrafortaleza.com\/sobre\/wp-json\/wp\/v2\/users\/1"}],"replies":[{"embeddable":true,"href":"https:\/\/www.encontrafortaleza.com\/sobre\/wp-json\/wp\/v2\/comments?post=1218"}],"version-history":[{"count":0,"href":"https:\/\/www.encontrafortaleza.com\/sobre\/wp-json\/wp\/v2\/pages\/1218\/revisions"}],"wp:attachment":[{"href":"https:\/\/www.encontrafortaleza.com\/sobre\/wp-json\/wp\/v2\/media?parent=1218"}],"curies":[{"name":"wp","href":"https:\/\/api.w.org\/{rel}","templated":true}]}}