{"id":1239,"date":"2019-01-29T05:15:14","date_gmt":"2019-01-29T07:15:14","guid":{"rendered":"https:\/\/www.encontrafortaleza.com\/sobre\/?page_id=1239"},"modified":"2019-01-29T05:15:14","modified_gmt":"2019-01-29T07:15:14","slug":"museu-da-fotografia-fortaleza","status":"publish","type":"page","link":"https:\/\/www.encontrafortaleza.com\/sobre\/museu-da-fotografia-fortaleza\/","title":{"rendered":"Museu da Fotografia Fortaleza"},"content":{"rendered":"<div class=\"2ad529334b11458fd7d9bde3e187e581\" data-index=\"1\" style=\"float: left; margin: 5px 5px 5px 0;\">\n<!-- EBR \/Novo-Bairro-Topo\/ 300x250 -->\r\n<ins class=\"adsbygoogle\"\r\n     style=\"display:inline-block;width:300px;height:250px\"\r\n     data-ad-client=\"ca-pub-6414922941841817\"\r\n     data-ad-slot=\"5351822287\"><\/ins>\r\n<script>\r\n(adsbygoogle = window.adsbygoogle || []).push({});\r\n<\/script>\n<\/div>\n<p>O <strong>Museu da Fotografia Fortaleza<\/strong> \u00e9 o mais novo espa\u00e7o disseminador da cultura em nossa cidade. O equipamento \u00e9 administrado pelo Instituto Paula e Silvio Frota, detentor de uma das mais tradicionais cole\u00e7\u00f5es de fotografia do Brasil, abrindo seu acervo e instala\u00e7\u00f5es para os olhos e sentidos do p\u00fablico.<\/p>\n<p>Como espa\u00e7o cultural, re\u00fane e divulga obras do mundo inteiro para a aprecia\u00e7\u00e3o plena da arte fotogr\u00e1fica. Como ferramenta educativa, ensina e incentiva a percep\u00e7\u00e3o, produ\u00e7\u00e3o, profissionaliza\u00e7\u00e3o e evolu\u00e7\u00e3o do olhar por meio de cursos e eventos diversos.<\/p>\n<p><img loading=\"lazy\" decoding=\"async\" class=\"alignnone wp-image-1240 size-full\" title=\"Museu da Fotografia Fortaleza\" src=\"https:\/\/www.encontrafortaleza.com\/sobre\/wp-content\/uploads\/2019\/01\/museu-da-fotografia-fortaleza.gif\" alt=\"Museu da Fotografia Fortaleza\" width=\"680\" height=\"189\" \/><\/p>\n<p>Com o objetivo de fomentar o conhecimento local, o Museu tamb\u00e9m busca tornar acess\u00edvel e constante a educa\u00e7\u00e3o pela fotografia. Sua estrutura comporta espa\u00e7os abertos n\u00e3o s\u00f3 \u00e0 exposi\u00e7\u00e3o, mas \u00e0 discuss\u00e3o, difus\u00e3o, conhecimento e pesquisa sobre a fotografia. Tudo isto se torna poss\u00edvel com o audit\u00f3rio, a biblioteca, exibi\u00e7\u00e3o de filmes e v\u00eddeos al\u00e9m de atividades como oficinas e workshops para congregar p\u00fablicos de todas as idades, turistas, pesquisadores e admiradores.<\/p>\n<p>O MFF est\u00e1 aberto ao p\u00fablico com atividades diversas, acervo pr\u00f3prio, biblioteca para pesquisa, exposi\u00e7\u00e3o permanente e exposi\u00e7\u00f5es tempor\u00e1rias.<\/p>\n<h2>Museu da Fotografia Fortaleza Programa\u00e7\u00e3o<\/h2>\n<p>Acesse o site do Museu da Fotografia e confira a programa\u00e7\u00e3o de todo o m\u00eas. S\u00e3o oficinas, para adultos e crian\u00e7as, filmes e palestras que v\u00e3o trazer muita cultura para o p\u00fablico.<\/p>\n<h3>Museu da Fotografia Fortaleza Visita\u00e7\u00e3o<\/h3>\n<p>O Museu da Fotografia Fortaleza recebe <em>visitas<\/em> di\u00e1rias de grupos interessados em saber um pouco mais sobre fotografia e conhecer as obras expostas. Em uma visita guiada, voc\u00ea pode formar grupos de no m\u00ednimo 10 pessoas e no m\u00e1ximo 40 pessoas para descobrir as mais detalhadamente as hist\u00f3rias por tr\u00e1s de grandes obras. A visita\u00e7\u00e3o \u00e9 uma chance \u00fanica e inesquec\u00edvel de ter uma grande aula de arte com media\u00e7\u00e3o de nossa equipe educativa. Para uma visita guiada, o grupo deve marcar um dia e um hor\u00e1rio com a equipe do Museu.\u00a0Os interessados devem preencher um dos formul\u00e1rios no site e aguardar a confirma\u00e7\u00e3o por e-mail.<em><br \/>\n<\/em><\/p>\n<h3>Museu da Fotografia Fortaleza Arquitetura<\/h3>\n<p>Com projeto do escrit\u00f3rio Marcus Novais <em>Arquitetura<\/em>, o Museu de Fotografia de Fortaleza ganhou fachada escultural e programa organizado para abrigar mais de 2 mil fotos.\u00a0O objeto do trabalho foi um edif\u00edcio existente com aproximados 2000 m\u00b2 de \u00e1rea constru\u00edda, localizado no bairro Varjota, em Fortaleza, Cear\u00e1. Com vida social bastante ativa, o bairro \u00e9 considerado um p\u00f3lo gastron\u00f4mico, e importante ponto de encontro para parte do p\u00fablico da cidade.<\/p>\n<h3>Vagas Museu da Fotografia Fortaleza &#8211; Trabalhe Conosco<\/h3>\n<p>O Museu da Fotografia Fortaleza disponibiliza vagas de trabalho durante todo ano. Para se informar sobre os processos seletivos e se candidatar as vagas acompanhe o site da empresa, onde \u00e9 poss\u00edvel se informar sobre vagas abertas, sal\u00e1rios e compet\u00eancias necess\u00e1rias para se candidatar ao processo.<\/p>\n<h3>Hor\u00e1rio de Funcionamento Museu da Fotografia em Fortaleza<\/h3>\n<ul>\n<li>Quarta a Domingo das 12h \u00e0s 17h com entrada gratuita<\/li>\n<\/ul>\n<h3>Onde Fica,\u00a0Endere\u00e7o e Telefone Museu da Fotografia em Fortaleza<\/h3>\n<ul>\n<li>Rua Frederico Borges, 545 &#8211;\u00a0Varjota &#8211; Fortaleza &#8211; CE<\/li>\n<li>Telefone: (85) 3017-3661<\/li>\n<\/ul>\n<h4>Outras informa\u00e7\u00f5es e site<\/h4>\n<ul>\n<li>Mais informa\u00e7\u00f5es:\u00a0<a href=\"https:\/\/museudafotografia.com.br\/\" target=\"_blank\" rel=\"noopener noreferrer\">www.museudafotografia.com.br<\/a><\/li>\n<li>E-mail:\u00a0museu@museudafotografia.com.br<\/li>\n<\/ul>\n<h4>Mapa de localiza\u00e7\u00e3o<\/h4>\n<a class=\"wp-colorbox-iframe\" href=\"https:\/\/www.google.com\/maps\/embed?pb=!1m14!1m8!1m3!1d15925.38706009214!2d-38.4890488!3d-3.7343887!3m2!1i1024!2i768!4f13.1!3m3!1m2!1s0x00xca4094ceb4c43ddb!2sMuseu+da+Fotografia+de+Fortaleza!5e0!3m2!1spt-BR!2sbr!4v1548745868266\"><img decoding=\"async\" src=\"http:\/\/www.encontracampinas.com.br\/imgs\/maps-post.png\"><\/a>\n\n<div style=\"font-size: 0px; height: 0px; line-height: 0px; margin: 0; padding: 0; clear: both;\"><\/div>","protected":false},"excerpt":{"rendered":"<p>O Museu da Fotografia Fortaleza \u00e9 o mais novo espa\u00e7o disseminador da cultura em nossa cidade. O equipamento \u00e9 administrado pelo Instituto Paula e Silvio Frota, detentor de uma das mais tradicionais cole\u00e7\u00f5es de fotografia do Brasil, abrindo seu acervo e instala\u00e7\u00f5es para os olhos e sentidos do p\u00fablico. Como espa\u00e7o cultural, re\u00fane e divulga obras do mundo inteiro para a aprecia\u00e7\u00e3o plena da arte fotogr\u00e1fica. Como ferramenta educativa, ensina e incentiva a percep\u00e7\u00e3o, produ\u00e7\u00e3o, profissionaliza\u00e7\u00e3o e evolu\u00e7\u00e3o do olhar por meio de cursos e eventos diversos. Com o objetivo de fomentar o conhecimento local, o Museu tamb\u00e9m busca tornar <\/p>\n","protected":false},"author":1,"featured_media":0,"parent":0,"menu_order":0,"comment_status":"closed","ping_status":"closed","template":"","meta":{"footnotes":""},"class_list":["post-1239","page","type-page","status-publish","hentry"],"aioseo_notices":[],"_links":{"self":[{"href":"https:\/\/www.encontrafortaleza.com\/sobre\/wp-json\/wp\/v2\/pages\/1239"}],"collection":[{"href":"https:\/\/www.encontrafortaleza.com\/sobre\/wp-json\/wp\/v2\/pages"}],"about":[{"href":"https:\/\/www.encontrafortaleza.com\/sobre\/wp-json\/wp\/v2\/types\/page"}],"author":[{"embeddable":true,"href":"https:\/\/www.encontrafortaleza.com\/sobre\/wp-json\/wp\/v2\/users\/1"}],"replies":[{"embeddable":true,"href":"https:\/\/www.encontrafortaleza.com\/sobre\/wp-json\/wp\/v2\/comments?post=1239"}],"version-history":[{"count":0,"href":"https:\/\/www.encontrafortaleza.com\/sobre\/wp-json\/wp\/v2\/pages\/1239\/revisions"}],"wp:attachment":[{"href":"https:\/\/www.encontrafortaleza.com\/sobre\/wp-json\/wp\/v2\/media?parent=1239"}],"curies":[{"name":"wp","href":"https:\/\/api.w.org\/{rel}","templated":true}]}}