{"id":126,"date":"2018-04-03T11:35:45","date_gmt":"2018-04-03T14:35:45","guid":{"rendered":"http:\/\/www.encontrafortaleza.com\/sobre\/?page_id=126"},"modified":"2026-02-09T13:38:06","modified_gmt":"2026-02-09T16:38:06","slug":"mercado-central-fortaleza","status":"publish","type":"page","link":"https:\/\/www.encontrafortaleza.com\/sobre\/mercado-central-fortaleza\/","title":{"rendered":"Mercado Central Fortaleza"},"content":{"rendered":"<div class=\"2ad529334b11458fd7d9bde3e187e581\" data-index=\"1\" style=\"float: left; margin: 5px 5px 5px 0;\">\n<!-- EBR \/Novo-Bairro-Topo\/ 300x250 -->\r\n<ins class=\"adsbygoogle\"\r\n     style=\"display:inline-block;width:300px;height:250px\"\r\n     data-ad-client=\"ca-pub-6414922941841817\"\r\n     data-ad-slot=\"5351822287\"><\/ins>\r\n<script>\r\n(adsbygoogle = window.adsbygoogle || []).push({});\r\n<\/script>\n<\/div>\n<p>O <span style=\"text-decoration: underline;\">Mercado Central de Fortaleza<\/span> \u00e9 um mercado especializado em produtos artesanais cearenses.\u00a0\u00c9 de propriedade da prefeitura municipal e est\u00e1 localizado no Centro da cidade ao lado da <em>Catedral de Fortaleza<\/em> e da <em>Fortaleza de Nossa Senhora da Assun\u00e7\u00e3o. <\/em>Foi constru\u00eddo ao lado da margem esquerda do Riacho Paje\u00fa, que corta a regi\u00e3o.<\/p>\n<p>Conhe\u00e7a melhor o <strong>Mercado Central de Fortaleza<\/strong> abaixo.<\/p>\n<p><img loading=\"lazy\" decoding=\"async\" class=\"alignnone wp-image-130 size-full\" title=\"Mercado Central Fortaleza\" src=\"http:\/\/www.encontrafortaleza.com\/sobre\/wp-content\/uploads\/2018\/04\/mercado-central-fortaleza.jpg\" alt=\"Mercado Central Fortaleza\" width=\"680\" height=\"189\" srcset=\"https:\/\/www.encontrafortaleza.com\/sobre\/wp-content\/uploads\/2018\/04\/mercado-central-fortaleza.jpg 680w, https:\/\/www.encontrafortaleza.com\/sobre\/wp-content\/uploads\/2018\/04\/mercado-central-fortaleza-300x83.jpg 300w\" sizes=\"(max-width: 680px) 100vw, 680px\" \/><\/p>\n<h2>Mercado Central Fortaleza Cear\u00e1<\/h2>\n<p>A hist\u00f3ria do Mercado Central come\u00e7a em 1809, com a autoriza\u00e7\u00e3o da C\u00e2mara Municipal para a constru\u00e7\u00e3o, em madeira, do mercado que a funcionou inicialmente para o com\u00e9rcio de carnes, frutas e verduras. Em 1814, as instala\u00e7\u00f5es foram demolidas e um novo pr\u00e9dio foi erguido com a denomina\u00e7\u00e3o de Cozinha do Povo.<\/p>\n<p>J\u00e1 no s\u00e9culo XX, em 1931, o com\u00e9rcio de carnes, frutas e verduras foi proibido dentro do pr\u00e9dio, e as instala\u00e7\u00f5es foram ocupadas por produtos utilit\u00e1rios e decorativos feitos artesanalmente, sobretudo vestimentas, artigos de cama e mesa, derivados do caju e bebidas e doces t\u00edpicos.<\/p>\n<p>V\u00e1rias reformas foram realizadas, em 1975, no entanto, o mercado foi totalmente renovado e reinaugurado, ocupando um espa\u00e7o de 1.200 metros quadrados. O mercado vendia todo tipo de artesanato produzido no Cear\u00e1, em especial rendas de bilro, redes e cer\u00e2micas.<\/p>\n<p>Nessa \u00e9poca, Fortaleza come\u00e7ou a se desenvolver enquanto importante destino de turismo no Brasil, e, a partir disso, o Mercado Central passou a figurar como atra\u00e7\u00e3o cultural.<\/p>\n<p>Depois de muitos anos sem reforma, j\u00e1 na d\u00e9cada de 1990, as instala\u00e7\u00f5es estavam prec\u00e1rias e o pr\u00e9dio corria risco de inc\u00eandio. Nesse contexto de exig\u00eancia de reformas e com o aumento da demanda pelos produtos do mercado, que j\u00e1 estava saturado, um novo espa\u00e7o foi constru\u00eddo e sua administra\u00e7\u00e3o foi passada, ent\u00e3o, para a Associa\u00e7\u00e3o dos Lojistas do Mercado Central (ALMEC).<\/p>\n<p>No dia 19 de janeiro de 1998, foi inaugurado o novo pr\u00e9dio do Mercado Central de Fortaleza, a funcionar na Avenida Alberto Nepomuceno. As instala\u00e7\u00f5es foram projetadas pelo arquiteto Luiz Fi\u00faza.<\/p>\n<p>O Novo Mercado Central abriga 553 boxes, distribu\u00eddos em 5 pavimentos, sendo um deles destinado a estacionamento, compreendendo \u00e1rea total de 9.690,75 metros quadrados de \u00e1rea constru\u00edda.<\/p>\n<p>Hoje, s\u00e3o encontrados nas lojas artigos em couro (sand\u00e1lias, sapatos, chap\u00e9us, bolsas e malas), rendas e bordados em roupas e em pe\u00e7as de cama, mesa e banho, rendas de bilro, camisetas, souvenires como mini-jangadas, bijuterias, j\u00f3ias em ouro, artigos para decora\u00e7\u00e3o, dentre diversos outros itens.<\/p>\n<h3>Mercado Central Fortaleza Fotos<\/h3>\n<p>Confira algumas fotos do<em> Mercado Central em Fortaleza:<\/em><\/p>\n<p><img loading=\"lazy\" decoding=\"async\" class=\"alignleft wp-image-127 size-full\" title=\"Mercado Central em Fortaleza Fotos\" src=\"http:\/\/www.encontrafortaleza.com\/sobre\/wp-content\/uploads\/2018\/04\/mercado-central-fotos-1.jpg\" alt=\"Mercado Central em Fortaleza Fotos\" width=\"680\" height=\"189\" srcset=\"https:\/\/www.encontrafortaleza.com\/sobre\/wp-content\/uploads\/2018\/04\/mercado-central-fotos-1.jpg 680w, https:\/\/www.encontrafortaleza.com\/sobre\/wp-content\/uploads\/2018\/04\/mercado-central-fotos-1-300x83.jpg 300w\" sizes=\"(max-width: 680px) 100vw, 680px\" \/><\/p>\n<p><img loading=\"lazy\" decoding=\"async\" class=\"alignnone wp-image-128 size-full\" title=\"Mercado Central em Fortaleza Fotos\" src=\"http:\/\/www.encontrafortaleza.com\/sobre\/wp-content\/uploads\/2018\/04\/mercado-central-fotos-2.jpg\" alt=\"Mercado Central em Fortaleza Fotos\" width=\"680\" height=\"189\" srcset=\"https:\/\/www.encontrafortaleza.com\/sobre\/wp-content\/uploads\/2018\/04\/mercado-central-fotos-2.jpg 680w, https:\/\/www.encontrafortaleza.com\/sobre\/wp-content\/uploads\/2018\/04\/mercado-central-fotos-2-300x83.jpg 300w\" sizes=\"(max-width: 680px) 100vw, 680px\" \/><\/p>\n<h3>Mercado Central Fortaleza Mapa<\/h3>\n<p><em><img loading=\"lazy\" decoding=\"async\" class=\"size-full wp-image-129 alignleft\" src=\"http:\/\/www.encontrafortaleza.com\/sobre\/wp-content\/uploads\/2018\/04\/mapa-mercado-central.jpg\" alt=\"\" width=\"1199\" height=\"594\" srcset=\"https:\/\/www.encontrafortaleza.com\/sobre\/wp-content\/uploads\/2018\/04\/mapa-mercado-central.jpg 1199w, https:\/\/www.encontrafortaleza.com\/sobre\/wp-content\/uploads\/2018\/04\/mapa-mercado-central-300x149.jpg 300w, https:\/\/www.encontrafortaleza.com\/sobre\/wp-content\/uploads\/2018\/04\/mapa-mercado-central-768x380.jpg 768w, https:\/\/www.encontrafortaleza.com\/sobre\/wp-content\/uploads\/2018\/04\/mapa-mercado-central-1024x507.jpg 1024w\" sizes=\"(max-width: 1199px) 100vw, 1199px\" \/><br \/>\n<\/em><\/p>\n<h3>Mercado Central Fortaleza Restaurantes<\/h3>\n<p>O Mercado Central de Fortaleza possui pra\u00e7a de alimenta\u00e7\u00e3o com restaurantes, oferecendo variadas op\u00e7\u00f5es de comida, veja abaixo:<\/p>\n<ol>\n<li>Restaurante Central<\/li>\n<li>Cyber Caf\u00e9<\/li>\n<li>Sabor da Terra<\/li>\n<li>Restaurante Gulodices<\/li>\n<li>Brito Regionais<\/li>\n<li>Le Pritaf<\/li>\n<li>Tinas Lanches<\/li>\n<\/ol>\n<h3>Hor\u00e1rio de Funcionamento Mercado Central Fortaleza<\/h3>\n<ul>\n<li>Segunda a Sexta: das 08:00 \u00e0s 18h\/ S\u00e1bado: das 08:00 \u00e0s 16h\/ Domingo: das 08:00 \u00e0s 13h<\/li>\n<\/ul>\n<h3>Endere\u00e7o e Telefone Mercado Central Fortaleza<\/h3>\n<ul>\n<li>Av. Alberto Nepomuceno, 199 &#8211; Centro, Fortaleza &#8211; CE<\/li>\n<li>Telefone: (85) 3454-8586<\/li>\n<\/ul>\n<h4>Outras informa\u00e7\u00f5es e site<\/h4>\n<ul>\n<li>Outras informa\u00e7\u00f5es: <a href=\"https:\/\/fortaleza.mercadomodelo.com.br\/\" target=\"_blank\" rel=\"noopener\">https:\/\/fortaleza.mercadomodelo.com.br<\/a><\/li>\n<li>Site: <a href=\"http:\/\/www.mercadocentraldefortaleza.com.br\" target=\"_blank\" rel=\"noopener noreferrer\">www.mercadocentraldefortaleza.com.br<\/a><\/li>\n<\/ul>\n<h4>Mapa de localiza\u00e7\u00e3o<\/h4>\n<a class=\"wp-colorbox-iframe\" href=\"https:\/\/www.google.com\/maps\/embed?pb=!1m14!1m8!1m3!1d15925.590556896308!2d-38.5238104!3d-3.7231548!3m2!1i1024!2i768!4f13.1!3m3!1m2!1s0x00x6ed535a1099961fd!2sMercado+Central+de+Fortaleza!5e0!3m2!1spt-BR!2sbr!4v1522765570622\"><img decoding=\"async\" src=\"http:\/\/www.encontracampinas.com.br\/imgs\/maps-post.png\"><\/a>\n\n<div style=\"font-size: 0px; height: 0px; line-height: 0px; margin: 0; padding: 0; clear: both;\"><\/div>","protected":false},"excerpt":{"rendered":"<p>O Mercado Central de Fortaleza \u00e9 um mercado especializado em produtos artesanais cearenses.\u00a0\u00c9 de propriedade da prefeitura municipal e est\u00e1 localizado no Centro da cidade ao lado da Catedral de Fortaleza e da Fortaleza de Nossa Senhora da Assun\u00e7\u00e3o. Foi constru\u00eddo ao lado da margem esquerda do Riacho Paje\u00fa, que corta a regi\u00e3o. Conhe\u00e7a melhor o Mercado Central de Fortaleza abaixo. Mercado Central Fortaleza Cear\u00e1 A hist\u00f3ria do Mercado Central come\u00e7a em 1809, com a autoriza\u00e7\u00e3o da C\u00e2mara Municipal para a constru\u00e7\u00e3o, em madeira, do mercado que a funcionou inicialmente para o com\u00e9rcio de carnes, frutas e verduras. Em 1814, <\/p>\n","protected":false},"author":1,"featured_media":0,"parent":0,"menu_order":0,"comment_status":"closed","ping_status":"closed","template":"","meta":{"footnotes":""},"class_list":["post-126","page","type-page","status-publish","hentry"],"aioseo_notices":[],"_links":{"self":[{"href":"https:\/\/www.encontrafortaleza.com\/sobre\/wp-json\/wp\/v2\/pages\/126"}],"collection":[{"href":"https:\/\/www.encontrafortaleza.com\/sobre\/wp-json\/wp\/v2\/pages"}],"about":[{"href":"https:\/\/www.encontrafortaleza.com\/sobre\/wp-json\/wp\/v2\/types\/page"}],"author":[{"embeddable":true,"href":"https:\/\/www.encontrafortaleza.com\/sobre\/wp-json\/wp\/v2\/users\/1"}],"replies":[{"embeddable":true,"href":"https:\/\/www.encontrafortaleza.com\/sobre\/wp-json\/wp\/v2\/comments?post=126"}],"version-history":[{"count":0,"href":"https:\/\/www.encontrafortaleza.com\/sobre\/wp-json\/wp\/v2\/pages\/126\/revisions"}],"wp:attachment":[{"href":"https:\/\/www.encontrafortaleza.com\/sobre\/wp-json\/wp\/v2\/media?parent=126"}],"curies":[{"name":"wp","href":"https:\/\/api.w.org\/{rel}","templated":true}]}}