{"id":1267,"date":"2019-02-05T05:16:21","date_gmt":"2019-02-05T07:16:21","guid":{"rendered":"https:\/\/www.encontrafortaleza.com\/sobre\/?page_id=1267"},"modified":"2019-02-05T05:16:21","modified_gmt":"2019-02-05T07:16:21","slug":"issec-fortaleza","status":"publish","type":"page","link":"https:\/\/www.encontrafortaleza.com\/sobre\/issec-fortaleza\/","title":{"rendered":"Issec Fortaleza"},"content":{"rendered":"<div class=\"2ad529334b11458fd7d9bde3e187e581\" data-index=\"1\" style=\"float: left; margin: 5px 5px 5px 0;\">\n<!-- EBR \/Novo-Bairro-Topo\/ 300x250 -->\r\n<ins class=\"adsbygoogle\"\r\n     style=\"display:inline-block;width:300px;height:250px\"\r\n     data-ad-client=\"ca-pub-6414922941841817\"\r\n     data-ad-slot=\"5351822287\"><\/ins>\r\n<script>\r\n(adsbygoogle = window.adsbygoogle || []).push({});\r\n<\/script>\n<\/div>\n<p>O <strong>ISSEC Fortaleza<\/strong> &#8211; Instituto de Sa\u00fade dos Servidores do Estado do Cear\u00e1 &#8211;\u00a0 \u00e9 uma autarquia vinculada \u00e0 Secretaria do Planejamento e Gest\u00e3o &#8211; SEPLAG que tem por finalidade oferecer servi\u00e7os de sa\u00fade, atrav\u00e9s de Rede Credenciada, aos servidores p\u00fablicos do Estado do Cear\u00e1.<\/p>\n<p>O Instituto de Previd\u00eancia do Estado do Cear\u00e1 (Ipec) passou a ser denominado como Instituto de Sa\u00fade dos Servidores do Estado do Cear\u00e1 (Issec), conforme a Lei n\u00ba 13.875 publicada no Di\u00e1rio Oficial do Estado, em 7 de fevereiro de 2007. Desde ent\u00e3o, o \u00f3rg\u00e3o passou a ser respons\u00e1vel, exclusivamente, pelo atendimento \u00e0 sa\u00fade dos servidores p\u00fablicos estaduais. A previd\u00eancia ficou vinculada \u00e0 Coordenadoria de Gest\u00e3o Previdenci\u00e1ria da Secretaria do Planejamento e Gest\u00e3o (Seplag).<\/p>\n<p><img loading=\"lazy\" decoding=\"async\" class=\"alignnone wp-image-1268 size-full\" title=\"Issec Fortaleza\" src=\"https:\/\/www.encontrafortaleza.com\/sobre\/wp-content\/uploads\/2019\/02\/issec-fortaleza.gif\" alt=\"Issec Fortaleza\" width=\"680\" height=\"189\" \/><\/p>\n<h2>Issesc Fortaleza Marca\u00e7\u00e3o de Consulta<\/h2>\n<p>Agendada com anteced\u00eancia no profissional m\u00e9dico ou clinica da Rede Credenciada do ISSEC, da escolha do benefici\u00e1rio, portando o Cart\u00e3o Sa\u00fade ISSEC v\u00e1lido ou Cart\u00e3o Provis\u00f3rio atualizado, RG (carteira de identidade) ou outro documento oficial com foto.\u00a0O ISSEC oferece aos servidores p\u00fablicos estaduais e seus dependentes 12 consultas durante os 365 dias sendo 01(uma) <em>consulta m\u00e9dica<\/em> eletiva a cada 30 dias em especialidades diferentes. Os benefici\u00e1rios podem realizar o procedimento sem a necessidade de vir at\u00e9 a sede da Institui\u00e7\u00e3o.<\/p>\n<p>Para o acesso da Rede Credenciada o benefici\u00e1rio utiliza o site do ISSEC <a href=\"http:\/\/www.issec.ce.gov.br\/\" target=\"_blank\" rel=\"noopener\">www.issec.ce.gov.br<\/a> no link Portal do Benefici\u00e1rio (lado direito do site), preenche os dados solicitados ou entra em contato com a central de informa\u00e7\u00e3o nos telefones (85) 3101-4903 e 3101-4888.<\/p>\n<h3>Issec Fortaleza Renova\u00e7\u00e3o de Carteirinha<\/h3>\n<p>Benefici\u00e1rios e dependentes que desejam usar os servi\u00e7os de sa\u00fade oferecidos como benef\u00edcio pelo Governo do Estado do Cear\u00e1, aos servidores p\u00fablicos estaduais, por meio de rede credenciada dever\u00e3o estar com seus cadastros atualizados da seguinte forma:<\/p>\n<p>Cadastro Primeira vez:<\/p>\n<ul>\n<li>\u00daltimo extrato de pagamento (original ou c\u00f3pia autenticada);<\/li>\n<li>RG e CPF (original ou c\u00f3pia autenticada);<\/li>\n<li>Comprovante de endere\u00e7o (original ou c\u00f3pia autenticada);<\/li>\n<li>Certid\u00e3o de casamento (original ou c\u00f3pia autenticada);<\/li>\n<li>RG e CPF do c\u00f4njuge (original ou c\u00f3pia autenticada);<\/li>\n<li>Certid\u00e3o de nascimento dos filhos (no caso de dependentes entre 18 e 21 anos, obrigat\u00f3rio RG e CPF &#8211; (original ou c\u00f3pia autenticada).<\/li>\n<\/ul>\n<p>Inclus\u00e3o de Dependentes &#8211; Filho Universit\u00e1rio at\u00e9 24 anos:<\/p>\n<ul>\n<li>Declara\u00e7\u00e3o original em papel timbrado da Universidade\/Faculdade\/Institutos Federais devidamente assinada e carimbada pelo Coordenador\/Respons\u00e1vel do curso, constando o curso e o semestre onde o aluno encontra-se regularmente matriculado;<\/li>\n<li>CPF e RG do dependente universit\u00e1rio (original ou c\u00f3pia autenticada);<\/li>\n<li>\u00daltimo extrato de pagamento do benefici\u00e1rio e Cart\u00e3o Sa\u00fade ISSEC (original ou c\u00f3pia autenticada)<\/li>\n<li>Os documentos dever\u00e3o ser entregues na sede do ISSEC no N\u00facleo de Cadastro de Benefici\u00e1rio de segunda feira a sexta feira, nos dias \u00fateis, no hor\u00e1rio de 8h as 16:30h.<\/li>\n<\/ul>\n<p>Atualiza\u00e7\u00e3o &#8211; Cart\u00e3o Provis\u00f3rio:<\/p>\n<p><span style=\"text-decoration: underline;\">Na sede do ISSEC:<\/span> No N\u00facleo de Cadastro de Benefici\u00e1rio de segunda feira a sexta feira, nos dia \u00fateis, no hor\u00e1rio de 8h as 16:30h.<\/p>\n<ul>\n<li>\u00a0\u00daltimo extrato de pagamento.<\/li>\n<\/ul>\n<p><span style=\"text-decoration: underline;\">Pela Internet:<\/span><\/p>\n<ul>\n<li>O benefici\u00e1rio emite fax do ultimo extrato de pagamento (pelo n\u00famero 3101.4828). Em seguida, acessa o link Portal do Benefici\u00e1rio (lado direito do site), preenche os dados solicitados e clica na aba 2\u00aa via cart\u00e3o provis\u00f3rio para imprimir o Cart\u00e3o Provis\u00f3rio.<\/li>\n<\/ul>\n<p><span style=\"text-decoration: underline;\">Por email:<\/span><\/p>\n<ul>\n<li>\u00daltimo extrato de pagamento para nucob@issec.ce.gov.br. Em seguida, acessa o link Portal do Benefici\u00e1rio (lado direito do site), preenche os dados solicitados e clica na aba 2\u00aa via cart\u00e3o provis\u00f3rio para imprimir o Cart\u00e3o Provis\u00f3rio.<\/li>\n<\/ul>\n<h3>Issec Fortaleza Autoriza\u00e7\u00e3o de Procedimento<\/h3>\n<p>O Instituto de Sa\u00fade dos Servidores do Estado do Cear\u00e1 &#8211; ISSEC oferece aos servidores p\u00fablicos estaduais, seus dependentes, aposentados e pensionistas assist\u00eancia m\u00e9dica, hospitalar, odontol\u00f3gica e complementar de sa\u00fade por meio de Rede Credenciada do ISSEC, mantida em n\u00edveis compat\u00edveis com os recursos dispon\u00edveis da autarquia.<\/p>\n<p>O benefici\u00e1rio dever\u00e1 estar devidamente inscrito no sistema ser cadastrado no sistema de sa\u00fade (health) ISSEC e portar o Cart\u00e3o Sa\u00fade ISSEC v\u00e1lido ou Cart\u00e3o Provis\u00f3rio atualizado, RG (carteira de identidade) ou outro documento oficial com foto, condi\u00e7\u00e3o essencial e imprescind\u00edvel para usufruir de qualquer servi\u00e7o de sa\u00fade, por meio da Rede Credenciada do ISSEC.<\/p>\n<p><span style=\"text-decoration: underline;\">Capital<\/span><\/p>\n<ul>\n<li>Consulta Eletiva<\/li>\n<li>Tratamento de Fisioterapia, Fonoaudiologia e Psicologia<\/li>\n<li>Pessoas com Defici\u00eancia Mental e\/ou Auditiva<\/li>\n<li>Exames de Laborat\u00f3rio e Especializados<\/li>\n<li>Odontologia<\/li>\n<li>Internamento<\/li>\n<\/ul>\n<p><span style=\"text-decoration: underline;\">Interior<\/span><\/p>\n<ul>\n<li>No Interior do Estado do Cear\u00e1 as <em>autoriza\u00e7\u00f5es<\/em>, tamb\u00e9m, s\u00e3o feitas por meio da web \/ biometria ou pelo teleatendimento de segunda feira a sexta feira, nos dias \u00fateis, no hor\u00e1rio de 8h as 17h.<\/li>\n<\/ul>\n<h3>Hor\u00e1rio de Funcionamento Issec em Fortaleza<\/h3>\n<ul>\n<li>Segunda a Sexta: das 08h \u00e0s 16h30<\/li>\n<\/ul>\n<h3>Onde Fica,\u00a0Endere\u00e7o e Telefone Issec em Fortaleza<\/h3>\n<ul>\n<li>R. Senador Pompeu, 685 &#8211; Centro &#8211; Fortaleza &#8211; Ce<\/li>\n<li>Telefone: (85) 3101-4803<\/li>\n<\/ul>\n<h4>Outras informa\u00e7\u00f5es e site<\/h4>\n<ul>\n<li>Mais informa\u00e7\u00f5es:\u00a0<a href=\"http:\/\/www.issec.ce.gov.br\/\" target=\"_blank\" rel=\"noopener noreferrer\">www.issec.ce.gov.br<\/a><\/li>\n<\/ul>\n<h4>Mapa de localiza\u00e7\u00e3o<\/h4>\n<a class=\"wp-colorbox-iframe\" href=\"https:\/\/www.google.com\/maps\/embed?pb=!1m14!1m8!1m3!1d15925.559669413144!2d-38.5287336!3d-3.7248621!3m2!1i1024!2i768!4f13.1!3m3!1m2!1s0x00xe179f50e43ba2663!2sInstituto+de+Sade+dos+Servidores+do+Estado+do+Cear!5e0!3m2!1spt-BR!2sbr!4v1549350750029\"><img decoding=\"async\" src=\"http:\/\/www.encontracampinas.com.br\/imgs\/maps-post.png\"><\/a>\n\n<div style=\"font-size: 0px; height: 0px; line-height: 0px; margin: 0; padding: 0; clear: both;\"><\/div>","protected":false},"excerpt":{"rendered":"<p>O ISSEC Fortaleza &#8211; Instituto de Sa\u00fade dos Servidores do Estado do Cear\u00e1 &#8211;\u00a0 \u00e9 uma autarquia vinculada \u00e0 Secretaria do Planejamento e Gest\u00e3o &#8211; SEPLAG que tem por finalidade oferecer servi\u00e7os de sa\u00fade, atrav\u00e9s de Rede Credenciada, aos servidores p\u00fablicos do Estado do Cear\u00e1. O Instituto de Previd\u00eancia do Estado do Cear\u00e1 (Ipec) passou a ser denominado como Instituto de Sa\u00fade dos Servidores do Estado do Cear\u00e1 (Issec), conforme a Lei n\u00ba 13.875 publicada no Di\u00e1rio Oficial do Estado, em 7 de fevereiro de 2007. Desde ent\u00e3o, o \u00f3rg\u00e3o passou a ser respons\u00e1vel, exclusivamente, pelo atendimento \u00e0 sa\u00fade dos <\/p>\n","protected":false},"author":1,"featured_media":0,"parent":0,"menu_order":0,"comment_status":"closed","ping_status":"closed","template":"","meta":{"footnotes":""},"class_list":["post-1267","page","type-page","status-publish","hentry"],"aioseo_notices":[],"_links":{"self":[{"href":"https:\/\/www.encontrafortaleza.com\/sobre\/wp-json\/wp\/v2\/pages\/1267"}],"collection":[{"href":"https:\/\/www.encontrafortaleza.com\/sobre\/wp-json\/wp\/v2\/pages"}],"about":[{"href":"https:\/\/www.encontrafortaleza.com\/sobre\/wp-json\/wp\/v2\/types\/page"}],"author":[{"embeddable":true,"href":"https:\/\/www.encontrafortaleza.com\/sobre\/wp-json\/wp\/v2\/users\/1"}],"replies":[{"embeddable":true,"href":"https:\/\/www.encontrafortaleza.com\/sobre\/wp-json\/wp\/v2\/comments?post=1267"}],"version-history":[{"count":0,"href":"https:\/\/www.encontrafortaleza.com\/sobre\/wp-json\/wp\/v2\/pages\/1267\/revisions"}],"wp:attachment":[{"href":"https:\/\/www.encontrafortaleza.com\/sobre\/wp-json\/wp\/v2\/media?parent=1267"}],"curies":[{"name":"wp","href":"https:\/\/api.w.org\/{rel}","templated":true}]}}