{"id":1276,"date":"2019-02-05T06:30:07","date_gmt":"2019-02-05T08:30:07","guid":{"rendered":"https:\/\/www.encontrafortaleza.com\/sobre\/?page_id=1276"},"modified":"2019-02-05T06:30:07","modified_gmt":"2019-02-05T08:30:07","slug":"igreja-batista-central-de-fortaleza","status":"publish","type":"page","link":"https:\/\/www.encontrafortaleza.com\/sobre\/igreja-batista-central-de-fortaleza\/","title":{"rendered":"Igreja Batista Central de Fortaleza"},"content":{"rendered":"<div class=\"2ad529334b11458fd7d9bde3e187e581\" data-index=\"1\" style=\"float: left; margin: 5px 5px 5px 0;\">\n<!-- EBR \/Novo-Bairro-Topo\/ 300x250 -->\r\n<ins class=\"adsbygoogle\"\r\n     style=\"display:inline-block;width:300px;height:250px\"\r\n     data-ad-client=\"ca-pub-6414922941841817\"\r\n     data-ad-slot=\"5351822287\"><\/ins>\r\n<script>\r\n(adsbygoogle = window.adsbygoogle || []).push({});\r\n<\/script>\n<\/div>\n<p>A <strong>Igreja Batista Central de Fortaleza<\/strong> \u00e9 uma comunidade comprometida em amar a Deus, amar uns aos outros e proclamar Jesus, vivenciando relacionamentos em grupos, de casa em casa, como tamb\u00e9m nos grandes ajuntamentos de Celebra\u00e7\u00e3o.<\/p>\n<p>\u00c9 uma comunidade de seguidores de Jesus Cristo que busca cumprir os prop\u00f3sitos b\u00edblicos: Proclamar a mensagem do Evangelho, discipular os convertidos, promover o servi\u00e7o m\u00fatuo e \u00e0 sociedade, orar, desenvolver a comunh\u00e3o fraternal e adorar a Deus.<\/p>\n<p><img loading=\"lazy\" decoding=\"async\" class=\"alignnone wp-image-1277 size-full\" title=\"Igreja Batista Central de Fortaleza\" src=\"https:\/\/www.encontrafortaleza.com\/sobre\/wp-content\/uploads\/2019\/02\/igreja-batista-central-fortaleza.gif\" alt=\"Igreja Batista Central de Fortaleza\" width=\"680\" height=\"189\" \/><\/p>\n<p>A comunidade est\u00e1 em um lindo e aconchegante templo onde s\u00e3o realizados cultos dominicais, cultos de ora\u00e7\u00e3o, cultos direcionados para jovens e para adolescentes, durante a semana. Nas salas existe encontros de pequenos grupos, aulas de Escola B\u00edblica Dominical, discipulado individual, atendimentos pastorais e administrativos, reuni\u00f5es de capacita\u00e7\u00e3o de l\u00edderes e muitas outras atividades vinculadas aos minist\u00e9rios da igreja.<\/p>\n<p>Adota a estrutura organizacional da Rede Ministerial que tem como alvo ajudar volunt\u00e1rios a servirem de acordo com seus dons espirituais e aptid\u00f5es pessoais. Estimula os membros e congregados da igreja a servirem ao pr\u00f3ximo, no seu dia a dia, atrav\u00e9s de sua profiss\u00e3o. Oferece por meio dos minist\u00e9rios da igreja muitas oportunidades para servi\u00e7o m\u00fatuo e \u00e0 comunidade onde est\u00e1 inseridos.<\/p>\n<p>A Igreja Batista tem programas espec\u00edficos para crian\u00e7as, adolescentes, jovens, \u201csingles\u201d (solteiros, divorciados e vi\u00favos adultos), casais e idosos.<br \/>\nPromove a expans\u00e3o do Reino de Deus no Cear\u00e1, no Brasil e no mundo, participando do sustento de centenas de mission\u00e1rios em parceria com ag\u00eancias mission\u00e1rias.<\/p>\n<p>Cultua a Deus com diferentes estilos musicais, hinos e c\u00e2nticos tradicionais, can\u00e7\u00f5es contempor\u00e2neas, em um ambiente de alegria e contri\u00e7\u00e3o. Os pastores trazem mensagens b\u00edblicas e relevantes, que tratam dos desafios do dia a dia e do cumprimento de nossa miss\u00e3o neste mundo.<\/p>\n<h2>Igreja Batista Central Fortaleza Programa\u00e7\u00e3o<\/h2>\n<p>Conhe\u00e7a toda programa\u00e7\u00e3o das atividades da Igreja na p\u00e1gina\u00a0<a href=\"http:\/\/ibc.org.br\/a-igreja\/agenda\/\" target=\"_blank\" rel=\"noopener\">www.ibc.org.br\/a-igreja\/agenda<\/a>\u00a0e participe de todos os eventos da comunidade.<\/p>\n<h3>Hor\u00e1rio de Funcionamento Igreja Batista Central em Fortaleza<\/h3>\n<ul>\n<li>Segunda a Sexta: das 08h \u00e0s 19h30<\/li>\n<\/ul>\n<h3>Onde Fica,\u00a0Endere\u00e7o e Telefone Igreja Batista Central em Fortaleza<\/h3>\n<ul>\n<li>R. Cruzeiro, 401 &#8211; Ancuri &#8211; Fortaleza &#8211; CE<\/li>\n<li>Telefone: (85) 3444-3600<\/li>\n<\/ul>\n<h4>Outras informa\u00e7\u00f5es e site<\/h4>\n<ul>\n<li>Mais informa\u00e7\u00f5es:\u00a0<a href=\"http:\/\/ibc.org.br\/\" target=\"_blank\" rel=\"noopener noreferrer\">www.ibc.org.br<\/a><\/li>\n<\/ul>\n<h4>Mapa de localiza\u00e7\u00e3o<\/h4>\n<a class=\"wp-colorbox-iframe\" href=\"https:\/\/www.google.com\/maps\/embed?pb=!1m14!1m8!1m3!1d15922.921592016684!2d-38.5033445!3d-3.8679054!3m2!1i1024!2i768!4f13.1!3m3!1m2!1s0x00xb587f95b8390eed1!2sIgreja+Batista+Central+de+Fortaleza!5e0!3m2!1spt-BR!2sbr!4v1549355219597\"><img decoding=\"async\" src=\"http:\/\/www.encontracampinas.com.br\/imgs\/maps-post.png\"><\/a>\n\n<div style=\"font-size: 0px; height: 0px; line-height: 0px; margin: 0; padding: 0; clear: both;\"><\/div>","protected":false},"excerpt":{"rendered":"<p>A Igreja Batista Central de Fortaleza \u00e9 uma comunidade comprometida em amar a Deus, amar uns aos outros e proclamar Jesus, vivenciando relacionamentos em grupos, de casa em casa, como tamb\u00e9m nos grandes ajuntamentos de Celebra\u00e7\u00e3o. \u00c9 uma comunidade de seguidores de Jesus Cristo que busca cumprir os prop\u00f3sitos b\u00edblicos: Proclamar a mensagem do Evangelho, discipular os convertidos, promover o servi\u00e7o m\u00fatuo e \u00e0 sociedade, orar, desenvolver a comunh\u00e3o fraternal e adorar a Deus. A comunidade est\u00e1 em um lindo e aconchegante templo onde s\u00e3o realizados cultos dominicais, cultos de ora\u00e7\u00e3o, cultos direcionados para jovens e para adolescentes, durante a <\/p>\n","protected":false},"author":1,"featured_media":0,"parent":0,"menu_order":0,"comment_status":"closed","ping_status":"closed","template":"","meta":{"footnotes":""},"class_list":["post-1276","page","type-page","status-publish","hentry"],"aioseo_notices":[],"_links":{"self":[{"href":"https:\/\/www.encontrafortaleza.com\/sobre\/wp-json\/wp\/v2\/pages\/1276"}],"collection":[{"href":"https:\/\/www.encontrafortaleza.com\/sobre\/wp-json\/wp\/v2\/pages"}],"about":[{"href":"https:\/\/www.encontrafortaleza.com\/sobre\/wp-json\/wp\/v2\/types\/page"}],"author":[{"embeddable":true,"href":"https:\/\/www.encontrafortaleza.com\/sobre\/wp-json\/wp\/v2\/users\/1"}],"replies":[{"embeddable":true,"href":"https:\/\/www.encontrafortaleza.com\/sobre\/wp-json\/wp\/v2\/comments?post=1276"}],"version-history":[{"count":0,"href":"https:\/\/www.encontrafortaleza.com\/sobre\/wp-json\/wp\/v2\/pages\/1276\/revisions"}],"wp:attachment":[{"href":"https:\/\/www.encontrafortaleza.com\/sobre\/wp-json\/wp\/v2\/media?parent=1276"}],"curies":[{"name":"wp","href":"https:\/\/api.w.org\/{rel}","templated":true}]}}