{"id":1292,"date":"2019-02-07T06:28:01","date_gmt":"2019-02-07T08:28:01","guid":{"rendered":"https:\/\/www.encontrafortaleza.com\/sobre\/?page_id=1292"},"modified":"2019-02-07T06:28:51","modified_gmt":"2019-02-07T08:28:51","slug":"caixa-economica-fortaleza","status":"publish","type":"page","link":"https:\/\/www.encontrafortaleza.com\/sobre\/caixa-economica-fortaleza\/","title":{"rendered":"Caixa Econ\u00f4mica Fortaleza"},"content":{"rendered":"<div class=\"2ad529334b11458fd7d9bde3e187e581\" data-index=\"1\" style=\"float: left; margin: 5px 5px 5px 0;\">\n<!-- EBR \/Novo-Bairro-Topo\/ 300x250 -->\r\n<ins class=\"adsbygoogle\"\r\n     style=\"display:inline-block;width:300px;height:250px\"\r\n     data-ad-client=\"ca-pub-6414922941841817\"\r\n     data-ad-slot=\"5351822287\"><\/ins>\r\n<script>\r\n(adsbygoogle = window.adsbygoogle || []).push({});\r\n<\/script>\n<\/div>\n<p>A\u00a0<strong>Caixa Econ\u00f4mica Federal Fortaleza<\/strong>\u00a0\u00e9 uma empresa 100% p\u00fablica, e que exerce um papel fundamental no desenvolvimento urbano e da justi\u00e7a social do pa\u00eds, vez que prioriza setores como habita\u00e7\u00e3o, saneamento b\u00e1sico, infraestrutura e presta\u00e7\u00e3o de servi\u00e7os, contribuindo significativamente para melhorar a vida das pessoas, principalmente as de baixa renda.<\/p>\n<p>Al\u00e9m disso, ela apoia in\u00fameras atividades art\u00edsticas-culturais, educacionais e desportivas, garantindo um lugar de destaque no dia a dia das pessoas, pois acredita que pode fazer o melhor pelo pa\u00eds e por cada um de seus habitantes.<\/p>\n<p><img loading=\"lazy\" decoding=\"async\" class=\"alignnone wp-image-1299 size-full\" title=\"Caixa Econ\u00f4mica Fortaleza\" src=\"https:\/\/www.encontrafortaleza.com\/sobre\/wp-content\/uploads\/2019\/02\/caica-economica-goiania.gif\" alt=\"Caixa Econ\u00f4mica Fortaleza\" width=\"680\" height=\"189\" \/><\/p>\n<p>Para seus correntistas, a Caixa\u00a0busca sempre oferecer os melhores servi\u00e7os e op\u00e7\u00f5es de cr\u00e9dito, ajudando-os a concretizar seus sonhos, acumulando conquistas e sucessos em parceria com o povo brasileiro. S\u00f3 um banco com a tradi\u00e7\u00e3o e conhecimento da Caixa para ser a poupan\u00e7a dos brasileiros h\u00e1 mais de 150 anos, e com muitos ainda por vir.<\/p>\n<h2>Hor\u00e1rio de Funcionamento\u00a0Caixa Econ\u00f4mica Federal Fortaleza<\/h2>\n<ul>\n<li>Segunda a Sexta das 10h \u00e0s 16h<\/li>\n<\/ul>\n<h3>Endere\u00e7o e Telefone\u00a0Caixa Econ\u00f4mica Federal Fortaleza<\/h3>\n<ul>\n<li><strong>F\u00e1tima:<\/strong> Av. Treze de Maio, 389 &#8211; Telefone: (85) 3218-3110<\/li>\n<li><strong>Centro 1:<\/strong> Av. Bezerra de Menezes, 1001 &#8211; Telefone: 0800 726 0101<\/li>\n<li><strong>Centro 2:<\/strong> Rua Senador Pompeu, 716 &#8211; Telefone: (85) 3455-6909<\/li>\n<li><strong>Praia de Iracema:<\/strong> Av. Almirante Barroso, 500 &#8211; Telefone: (85) 3211-4900<\/li>\n<li><strong>Parangaba:<\/strong> Rua Sete de Setembro, 132 &#8211; Telefone: (85) 3299-1000<\/li>\n<li><strong>Jacarenga:<\/strong> Av. Francisca S\u00e1, 3832 &#8211; Telefone: (85) 3131-1200<\/li>\n<li><strong>Dion\u00edsio Torres:<\/strong> Av. Bar\u00e3o de Studart, 2191 &#8211; Telefone: (85) 3462-9500<\/li>\n<li><strong>Meireles:<\/strong> Av. Des. Moreira, 125 &#8211; Telefone: (85) 3462-4900<\/li>\n<li><strong>Messejena:<\/strong> Rua Coronel Francsico Pereira, 62 &#8211; Telefone: (85) 3444-2550<\/li>\n<li><strong>Aldeota:<\/strong> Av. Santos Dumont, 3131 &#8211; Telefone: (85) 3456-9000<\/li>\n<li><strong>Vila Peri:<\/strong> Av. Gen Os\u00f3rio de Paiva, s\/n &#8211; Telefone: (85) 3487-3450<\/li>\n<li><strong>Parquel\u00e2ndia:<\/strong> Av. Jovita Feitosa, 2418 &#8211; Telefone: 0800 726 0207<\/li>\n<li><strong>Edson Queiroz:<\/strong> Av. Washington Soares, 85 &#8211; Telefone: (85) 3444-2100<\/li>\n<li><strong>Parque Dois Irm\u00e3os:<\/strong> Av. Presidente Costa e Silva, 2721 &#8211; Telefone: (85) 3291-1009<\/li>\n<li><strong>Bom Futuro:<\/strong> Av. Professor Gomes de Matos, 455 &#8211; Telefone: (85) 3004-1105<\/li>\n<li><strong>Dionisio Torres:<\/strong> Av. Pontes Vieira, 2000 &#8211; Telefone: (85) 3272-8914<\/li>\n<\/ul>\n<h4>Outras Informa\u00e7\u00f5es e Site:<\/h4>\n<ul>\n<li>Mais informa\u00e7\u00f5es:\u00a0<a href=\"http:\/\/www.caixa.gov.br\/\" target=\"_blank\" rel=\"noopener noreferrer\">www.caixa.gov.br<\/a><\/li>\n<\/ul>\n<h4>Mapa de localiza\u00e7\u00e3o \u2013\u00a0\u00a0Caixa Econ\u00f4mica Federal Jacarenga<\/h4>\n<a class=\"wp-colorbox-iframe\" href=\"https:\/\/www.google.com\/maps\/embed?pb=!1m18!1m12!1m3!1d3981.426968431136!2d-38.561272685241!3d-3.7166629972958845!2m3!1f0!2f0!3f0!3m2!1i1024!2i768!4f13.1!3m3!1m2!1s0x7c7498d5225b3c90x786830697dc727ac!2sAv.+Francisco+S+3832+-+Jacarecanga+Fortaleza+-+CE+60335-195!5e0!3m2!1spt-BR!2sbr!4v1549528006789\"><img decoding=\"async\" src=\"http:\/\/www.encontracampinas.com.br\/imgs\/maps-post.png\"><\/a>\n\n<div style=\"font-size: 0px; height: 0px; line-height: 0px; margin: 0; padding: 0; clear: both;\"><\/div>","protected":false},"excerpt":{"rendered":"<p>A\u00a0Caixa Econ\u00f4mica Federal Fortaleza\u00a0\u00e9 uma empresa 100% p\u00fablica, e que exerce um papel fundamental no desenvolvimento urbano e da justi\u00e7a social do pa\u00eds, vez que prioriza setores como habita\u00e7\u00e3o, saneamento b\u00e1sico, infraestrutura e presta\u00e7\u00e3o de servi\u00e7os, contribuindo significativamente para melhorar a vida das pessoas, principalmente as de baixa renda. Al\u00e9m disso, ela apoia in\u00fameras atividades art\u00edsticas-culturais, educacionais e desportivas, garantindo um lugar de destaque no dia a dia das pessoas, pois acredita que pode fazer o melhor pelo pa\u00eds e por cada um de seus habitantes. Para seus correntistas, a Caixa\u00a0busca sempre oferecer os melhores servi\u00e7os e op\u00e7\u00f5es de cr\u00e9dito, <\/p>\n","protected":false},"author":1,"featured_media":0,"parent":0,"menu_order":0,"comment_status":"closed","ping_status":"closed","template":"","meta":{"footnotes":""},"class_list":["post-1292","page","type-page","status-publish","hentry"],"aioseo_notices":[],"_links":{"self":[{"href":"https:\/\/www.encontrafortaleza.com\/sobre\/wp-json\/wp\/v2\/pages\/1292"}],"collection":[{"href":"https:\/\/www.encontrafortaleza.com\/sobre\/wp-json\/wp\/v2\/pages"}],"about":[{"href":"https:\/\/www.encontrafortaleza.com\/sobre\/wp-json\/wp\/v2\/types\/page"}],"author":[{"embeddable":true,"href":"https:\/\/www.encontrafortaleza.com\/sobre\/wp-json\/wp\/v2\/users\/1"}],"replies":[{"embeddable":true,"href":"https:\/\/www.encontrafortaleza.com\/sobre\/wp-json\/wp\/v2\/comments?post=1292"}],"version-history":[{"count":0,"href":"https:\/\/www.encontrafortaleza.com\/sobre\/wp-json\/wp\/v2\/pages\/1292\/revisions"}],"wp:attachment":[{"href":"https:\/\/www.encontrafortaleza.com\/sobre\/wp-json\/wp\/v2\/media?parent=1292"}],"curies":[{"name":"wp","href":"https:\/\/api.w.org\/{rel}","templated":true}]}}