{"id":1322,"date":"2019-02-11T05:46:08","date_gmt":"2019-02-11T07:46:08","guid":{"rendered":"https:\/\/www.encontrafortaleza.com\/sobre\/?page_id=1322"},"modified":"2019-02-11T05:46:08","modified_gmt":"2019-02-11T07:46:08","slug":"spc-fortaleza","status":"publish","type":"page","link":"https:\/\/www.encontrafortaleza.com\/sobre\/spc-fortaleza\/","title":{"rendered":"SPC Fortaleza"},"content":{"rendered":"<div class=\"2ad529334b11458fd7d9bde3e187e581\" data-index=\"1\" style=\"float: left; margin: 5px 5px 5px 0;\">\n<!-- EBR \/Novo-Bairro-Topo\/ 300x250 -->\r\n<ins class=\"adsbygoogle\"\r\n     style=\"display:inline-block;width:300px;height:250px\"\r\n     data-ad-client=\"ca-pub-6414922941841817\"\r\n     data-ad-slot=\"5351822287\"><\/ins>\r\n<script>\r\n(adsbygoogle = window.adsbygoogle || []).push({});\r\n<\/script>\n<\/div>\n<p>O\u00a0<b>SPC\u00a0Fortaleza <\/b>(Servi\u00e7o de Prote\u00e7\u00e3o ao Cr\u00e9dito), ou\u00a0<i>bureau<\/i>\u00a0de cr\u00e9dito, \u00e9 um\u00a0servi\u00e7o\u00a0de informa\u00e7\u00f5es de cr\u00e9dito, que utiliza informa\u00e7\u00f5es de adimpl\u00eancia e inadimpl\u00eancia de\u00a0pessoas f\u00edsicas\u00a0ou\u00a0jur\u00eddicas\u00a0para fins de decis\u00e3o sobre cr\u00e9dito.<\/p>\n<p>Historicamente, no Brasil a concess\u00e3o de cr\u00e9dito \u00e9 baseada exclusivamente nos registros de inadimpl\u00eancia, utilizado para checar o hist\u00f3rico de mau pagamento de consumidores ou empresas.<\/p>\n<p><img loading=\"lazy\" decoding=\"async\" class=\"alignnone wp-image-1323 size-full\" title=\"SPC FOrtaleza\" src=\"https:\/\/www.encontrafortaleza.com\/sobre\/wp-content\/uploads\/2019\/02\/spc-Fortaleza.gif\" alt=\"SPC Fortaleza\" width=\"680\" height=\"189\" \/><\/p>\n<h2>SPC\u00a0Fortaleza <span id=\"Como_retirar_o_nome_da_lista_de_inadimplente\" class=\"mw-headline\">Como retirar o nome da lista de inadimplente<\/span><\/h2>\n<p>Ao tomar ci\u00eancia de que seu nome consta na lista de inadimplentes de \u00f3rg\u00e3os de prote\u00e7\u00e3o ao cr\u00e9dito; o primeiro passo \u00e9 identificar qual o tipo de pend\u00eancia que esta registrado.<\/p>\n<ul>\n<li>No caso de empresas de varejo,\u00a0<i>utilities<\/i>, bancos e financeiras, deve-se entrar em contato com o credor para negociar a d\u00edvida. Caso seja feito um acordo para pagamento da d\u00edvida, a empresa que solicitou a inclus\u00e3o do d\u00e9bito junto aos \u00f3rg\u00e3os de prote\u00e7\u00e3o ao cr\u00e9dito, dever\u00e1 solicitar a exclus\u00e3o da informa\u00e7\u00e3o de d\u00e9bito.<\/li>\n<li>No caso de cheques devolvidos (a partir da segunda devolu\u00e7\u00e3o \u00e9 anotado no\u00a0Cadastro de Emitentes de Cheques sem Fundos\u00a0(CCF) do\u00a0Banco Central do Brasil), deve-se recuperar o cheque junto ao fornecedor. Com o cheque em m\u00e3os, deve-se apresentar o cheque a comprova\u00e7\u00e3o da quita\u00e7\u00e3o na ag\u00eancia banc\u00e1ria vinculada ao cheque, e solicitar a exclus\u00e3o do cadastro do CCF.<\/li>\n<li>No caso de t\u00edtulos de protesto originados de nota promiss\u00f3ria, duplicata, letra de c\u00e2mbio ou cheque sem fundo, deve-se procurar o cart\u00f3rio no qual foi lavrado o d\u00e9bito. Deve-se solicitar uma certid\u00e3o a fim de obter informa\u00e7\u00f5es de identifica\u00e7\u00e3o (nome, telefone e endere\u00e7o) da pessoa que protestou. Ent\u00e3o, entre em contato e quite o d\u00e9bito. Resgate o t\u00edtulo (documento que gerou o protesto) e, tamb\u00e9m deve ser solicitada uma carta de anu\u00eancia ou recibo de pagamento. Apresente esses documentos no cart\u00f3rio onde o t\u00edtulo foi apresentado para que a baixa seja efetuada.<sup id=\"cite_ref-4\" class=\"reference\"><\/sup><\/li>\n<\/ul>\n<h4>Servi\u00e7o de Prote\u00e7\u00e3o ao Cr\u00e9dito Fortaleza Consulta Gr\u00e1tis<\/h4>\n<p>A\u00a0<em>consulta<\/em>\u00a0do seu CPF \u00e9 feita\u00a0<em>gratuitamente<\/em>\u00a0em qualquer ag\u00eancia do SPC, compare\u00e7a no endere\u00e7o abaixo e fa\u00e7a sua consulta.<\/p>\n<h3>Hor\u00e1rio de Funcionamento SPC em Fortaleza<\/h3>\n<ul>\n<li>Segunda a Sexta das 08h30 \u00e0s 15h30<\/li>\n<\/ul>\n<h3>Endere\u00e7o e Telefone SPC em Fortaleza<\/h3>\n<ul>\n<li>R. Rua Pedro Borges, 20 \u2013 Centro \u2013 Fortaleza &#8211; CE<\/li>\n<li>Telefone: (85) 3003-6300<\/li>\n<\/ul>\n<h4>Outras informa\u00e7\u00f5es e site<\/h4>\n<ul>\n<li>Mais informa\u00e7\u00f5es:\u00a0<a href=\"https:\/\/www.spcbrasil.org.br\/\" target=\"_blank\" rel=\"noopener noreferrer\">www.spcbrasil.org.br<\/a><\/li>\n<\/ul>\n<h4>Mapa de localiza\u00e7\u00e3o<\/h4>\n<a class=\"wp-colorbox-iframe\" href=\"https:\/\/www.google.com\/maps\/embed?pb=!1m18!1m12!1m3!1d3981.374542711685!2d-38.527495485241104!3d-3.728259097287484!2m3!1f0!2f0!3f0!3m2!1i1024!2i768!4f13.1!3m3!1m2!1s0x7c74852e1fcb6ed0x2b1173f6da136144!2sR.+Pedro+Borges+20+-+Centro+Fortaleza+-+CE+60055-120!5e0!3m2!1spt-BR!2sbr!4v1549871079050\"><img decoding=\"async\" src=\"http:\/\/www.encontracampinas.com.br\/imgs\/maps-post.png\"><\/a>\n\n<div style=\"font-size: 0px; height: 0px; line-height: 0px; margin: 0; padding: 0; clear: both;\"><\/div>","protected":false},"excerpt":{"rendered":"<p>O\u00a0SPC\u00a0Fortaleza (Servi\u00e7o de Prote\u00e7\u00e3o ao Cr\u00e9dito), ou\u00a0bureau\u00a0de cr\u00e9dito, \u00e9 um\u00a0servi\u00e7o\u00a0de informa\u00e7\u00f5es de cr\u00e9dito, que utiliza informa\u00e7\u00f5es de adimpl\u00eancia e inadimpl\u00eancia de\u00a0pessoas f\u00edsicas\u00a0ou\u00a0jur\u00eddicas\u00a0para fins de decis\u00e3o sobre cr\u00e9dito. Historicamente, no Brasil a concess\u00e3o de cr\u00e9dito \u00e9 baseada exclusivamente nos registros de inadimpl\u00eancia, utilizado para checar o hist\u00f3rico de mau pagamento de consumidores ou empresas. SPC\u00a0Fortaleza Como retirar o nome da lista de inadimplente Ao tomar ci\u00eancia de que seu nome consta na lista de inadimplentes de \u00f3rg\u00e3os de prote\u00e7\u00e3o ao cr\u00e9dito; o primeiro passo \u00e9 identificar qual o tipo de pend\u00eancia que esta registrado. No caso de empresas de varejo,\u00a0utilities, bancos <\/p>\n","protected":false},"author":1,"featured_media":0,"parent":0,"menu_order":0,"comment_status":"closed","ping_status":"closed","template":"","meta":{"footnotes":""},"class_list":["post-1322","page","type-page","status-publish","hentry"],"aioseo_notices":[],"_links":{"self":[{"href":"https:\/\/www.encontrafortaleza.com\/sobre\/wp-json\/wp\/v2\/pages\/1322"}],"collection":[{"href":"https:\/\/www.encontrafortaleza.com\/sobre\/wp-json\/wp\/v2\/pages"}],"about":[{"href":"https:\/\/www.encontrafortaleza.com\/sobre\/wp-json\/wp\/v2\/types\/page"}],"author":[{"embeddable":true,"href":"https:\/\/www.encontrafortaleza.com\/sobre\/wp-json\/wp\/v2\/users\/1"}],"replies":[{"embeddable":true,"href":"https:\/\/www.encontrafortaleza.com\/sobre\/wp-json\/wp\/v2\/comments?post=1322"}],"version-history":[{"count":0,"href":"https:\/\/www.encontrafortaleza.com\/sobre\/wp-json\/wp\/v2\/pages\/1322\/revisions"}],"wp:attachment":[{"href":"https:\/\/www.encontrafortaleza.com\/sobre\/wp-json\/wp\/v2\/media?parent=1322"}],"curies":[{"name":"wp","href":"https:\/\/api.w.org\/{rel}","templated":true}]}}