{"id":1325,"date":"2019-02-11T06:07:51","date_gmt":"2019-02-11T08:07:51","guid":{"rendered":"https:\/\/www.encontrafortaleza.com\/sobre\/?page_id=1325"},"modified":"2019-02-11T06:07:51","modified_gmt":"2019-02-11T08:07:51","slug":"infraero-fortaleza","status":"publish","type":"page","link":"https:\/\/www.encontrafortaleza.com\/sobre\/infraero-fortaleza\/","title":{"rendered":"Infraero Fortaleza"},"content":{"rendered":"<div class=\"2ad529334b11458fd7d9bde3e187e581\" data-index=\"1\" style=\"float: left; margin: 5px 5px 5px 0;\">\n<!-- EBR \/Novo-Bairro-Topo\/ 300x250 -->\r\n<ins class=\"adsbygoogle\"\r\n     style=\"display:inline-block;width:300px;height:250px\"\r\n     data-ad-client=\"ca-pub-6414922941841817\"\r\n     data-ad-slot=\"5351822287\"><\/ins>\r\n<script>\r\n(adsbygoogle = window.adsbygoogle || []).push({});\r\n<\/script>\n<\/div>\n<p>A<strong> Infraero Fortaleza<\/strong>, uma empresa p\u00fablica nacional com mais de 40 anos de experi\u00eancia, comprometida com as pessoas, com a seguran\u00e7a, o conforto e o bom atendimento. Est\u00e1 entre as tr\u00eas maiores operadoras aeroportu\u00e1rias do mundo e, desde 1973, contribui para simplificar e enriquecer a experi\u00eancia dos clientes, viajantes ou parceiros de neg\u00f3cios, que utilizam os 55 aeroportos espalhados pelo Brasil.<\/p>\n<p>S\u00e3o mais de 100 milh\u00f5es de passageiros transportados ao ano, representando cerca de 60% do movimento a\u00e9reo no Pa\u00eds, o que nos coloca em posi\u00e7\u00e3o de destaque no cen\u00e1rio da avia\u00e7\u00e3o nacional. Administra desde grandes aeroportos at\u00e9 alguns t\u00e3o pequenos que ainda n\u00e3o recebem voos comerciais regulares, mas cumprem a fun\u00e7\u00e3o de representar a soberania do Brasil em \u00e1reas long\u00ednquas e de fronteira.<\/p>\n<p><img loading=\"lazy\" decoding=\"async\" class=\"alignnone wp-image-1326 size-full\" title=\"Infraero Fortaleza\" src=\"https:\/\/www.encontrafortaleza.com\/sobre\/wp-content\/uploads\/2019\/02\/infraero-fortaleza.gif\" alt=\"Infraero Fortaleza\" width=\"680\" height=\"189\" \/><\/p>\n<p>Muitos dos aeroportos s\u00e3o considerados verdadeiros centros de neg\u00f3cios e abrigam as mais diversas atividades econ\u00f4micas, desde o varejo, a alimenta\u00e7\u00e3o e a m\u00eddia aeroportu\u00e1ria, at\u00e9 empreendimentos externos como hot\u00e9is, hangares, centros de conven\u00e7\u00f5es e estacionamentos de ve\u00edculos. Tamb\u00e9m \u00e9 s\u00f3cio \u2013 com 49% de participa\u00e7\u00e3o \u2013 dos aeroportos de Bras\u00edlia, no Distrito Federal, Guarulhos e Viracopos, em S\u00e3o Paulo, Confins, em Minas Gerais e Gale\u00e3o, no Rio de Janeiro. As conquistas ao longo dos anos mostram que est\u00e1 em constante evolu\u00e7\u00e3o, investindo em treinamento e tecnologia na busca da melhoria da presta\u00e7\u00e3o de servi\u00e7os e de solu\u00e7\u00f5es aeroportu\u00e1rias. Participar do desenvolvimento do Pa\u00eds e do setor \u00e9 o compromisso com o Brasil e com as pr\u00f3ximas gera\u00e7\u00f5es, primando sempre pelo bom atendimento aos clientes e pela sustentabilidade do neg\u00f3cio aeroportu\u00e1rio.<\/p>\n<h2>Infraero Fortaleza V\u00f4os<\/h2>\n<p>Ao acessar\u00a0<a href=\"http:\/\/www4.infraero.gov.br\/\" target=\"_blank\" rel=\"noopener\">www4.infraero.gov.br<\/a>\u00a0bem no inicio da p\u00e1gina voc\u00ea tem acesso aos v\u00f4os de todos os aeroportos do pa\u00eds. Basta escolher o nome do aeroporto, a cia a\u00e9rea e o n\u00famero do v\u00f4o.<\/p>\n<h3>Infraero Fortaleza Ouvidoria<\/h3>\n<p><em>A Ouvidoria<\/em> constitui CANAL \u00daNICO para recebimento de den\u00fancias, reclama\u00e7\u00f5es, sugest\u00f5es, solicita\u00e7\u00f5es de informa\u00e7\u00e3o ou elogios. Em caso de den\u00fancias \u00e9 admitido o anonimato ou assegurado o sigilo da identidade do denunciante, quando solicitado, conforme o art. 50 do C\u00f3digo de Conduta e Integridade da Infraero. Preencha o Formul\u00e1rio no site com todos os dados e sua reclama\u00e7\u00e3o.<\/p>\n<h3>Vagas Infraero Fortaleza &#8211; Trabalhe Conosco<\/h3>\n<p>A Infraero Fortaleza disponibiliza<em> vagas de trabalho<\/em> durante todo ano. Para se informar sobre os processos seletivos e se candidatar as vagas acompanhe o site da empresa, onde \u00e9 poss\u00edvel se informar sobre vagas abertas, sal\u00e1rios e compet\u00eancias necess\u00e1rias para se candidatar ao processo.<\/p>\n<h3>Hor\u00e1rio de Funcionamento Infraero em Fortaleza<\/h3>\n<ul>\n<li>O Aeroporto funciona 24 horas<\/li>\n<\/ul>\n<h3>Onde Fica,\u00a0Endere\u00e7o e Telefone Infraero em Fortaleza<\/h3>\n<ul>\n<li>Av. Senador Carlos Jereissati, 3000 &#8211; Serrinha &#8211; Fortaleza &#8211; CE<\/li>\n<li>Telefone: (85) 3392-1200<\/li>\n<\/ul>\n<h4>Outras informa\u00e7\u00f5es e site<\/h4>\n<ul>\n<li>Mais informa\u00e7\u00f5es:\u00a0<a href=\"http:\/\/www4.infraero.gov.br\/\" target=\"_blank\" rel=\"noopener noreferrer\">www4.infraero.gov.br<\/a><\/li>\n<\/ul>\n<h4>Mapa de localiza\u00e7\u00e3o<\/h4>\n<a class=\"wp-colorbox-iframe\" href=\"https:\/\/www.google.com\/maps\/embed?pb=!1m18!1m12!1m3!1d3981.145158711635!2d-38.5429042852407!3d-3.7785788972510987!2m3!1f0!2f0!3f0!3m2!1i1024!2i768!4f13.1!3m3!1m2!1s0x7c74ec3843128cb0xef3b35b84a2aac6f!2sTerminal+-+CE-401+3000+-+Serrinha+Fortaleza+-+CE!5e0!3m2!1spt-BR!2sbr!4v1549872266905\"><img decoding=\"async\" src=\"http:\/\/www.encontracampinas.com.br\/imgs\/maps-post.png\"><\/a>\n\n<div style=\"font-size: 0px; height: 0px; line-height: 0px; margin: 0; padding: 0; clear: both;\"><\/div>","protected":false},"excerpt":{"rendered":"<p>A Infraero Fortaleza, uma empresa p\u00fablica nacional com mais de 40 anos de experi\u00eancia, comprometida com as pessoas, com a seguran\u00e7a, o conforto e o bom atendimento. Est\u00e1 entre as tr\u00eas maiores operadoras aeroportu\u00e1rias do mundo e, desde 1973, contribui para simplificar e enriquecer a experi\u00eancia dos clientes, viajantes ou parceiros de neg\u00f3cios, que utilizam os 55 aeroportos espalhados pelo Brasil. S\u00e3o mais de 100 milh\u00f5es de passageiros transportados ao ano, representando cerca de 60% do movimento a\u00e9reo no Pa\u00eds, o que nos coloca em posi\u00e7\u00e3o de destaque no cen\u00e1rio da avia\u00e7\u00e3o nacional. Administra desde grandes aeroportos at\u00e9 alguns t\u00e3o <\/p>\n","protected":false},"author":1,"featured_media":0,"parent":0,"menu_order":0,"comment_status":"closed","ping_status":"closed","template":"","meta":{"footnotes":""},"class_list":["post-1325","page","type-page","status-publish","hentry"],"aioseo_notices":[],"_links":{"self":[{"href":"https:\/\/www.encontrafortaleza.com\/sobre\/wp-json\/wp\/v2\/pages\/1325"}],"collection":[{"href":"https:\/\/www.encontrafortaleza.com\/sobre\/wp-json\/wp\/v2\/pages"}],"about":[{"href":"https:\/\/www.encontrafortaleza.com\/sobre\/wp-json\/wp\/v2\/types\/page"}],"author":[{"embeddable":true,"href":"https:\/\/www.encontrafortaleza.com\/sobre\/wp-json\/wp\/v2\/users\/1"}],"replies":[{"embeddable":true,"href":"https:\/\/www.encontrafortaleza.com\/sobre\/wp-json\/wp\/v2\/comments?post=1325"}],"version-history":[{"count":0,"href":"https:\/\/www.encontrafortaleza.com\/sobre\/wp-json\/wp\/v2\/pages\/1325\/revisions"}],"wp:attachment":[{"href":"https:\/\/www.encontrafortaleza.com\/sobre\/wp-json\/wp\/v2\/media?parent=1325"}],"curies":[{"name":"wp","href":"https:\/\/api.w.org\/{rel}","templated":true}]}}