{"id":1333,"date":"2019-02-11T12:57:10","date_gmt":"2019-02-11T14:57:10","guid":{"rendered":"https:\/\/www.encontrafortaleza.com\/sobre\/?page_id=1333"},"modified":"2019-02-11T12:57:10","modified_gmt":"2019-02-11T14:57:10","slug":"base-aerea-fortaleza","status":"publish","type":"page","link":"https:\/\/www.encontrafortaleza.com\/sobre\/base-aerea-fortaleza\/","title":{"rendered":"Base A\u00e9rea Fortaleza"},"content":{"rendered":"<div class=\"2ad529334b11458fd7d9bde3e187e581\" data-index=\"1\" style=\"float: left; margin: 5px 5px 5px 0;\">\n<!-- EBR \/Novo-Bairro-Topo\/ 300x250 -->\r\n<ins class=\"adsbygoogle\"\r\n     style=\"display:inline-block;width:300px;height:250px\"\r\n     data-ad-client=\"ca-pub-6414922941841817\"\r\n     data-ad-slot=\"5351822287\"><\/ins>\r\n<script>\r\n(adsbygoogle = window.adsbygoogle || []).push({});\r\n<\/script>\n<\/div>\n<p>A <strong>Base A\u00e9rea de Fortaleza<\/strong> &#8211; BAFZ \u00e9 uma base da For\u00e7a A\u00e9rea Brasileira localizada na cidade de Fortaleza, capital do estado do Cear\u00e1, na Avenida Borges de Melo, 205.<\/p>\n<p>A Constitui\u00e7\u00e3o Federal estabelece como destina\u00e7\u00e3o das For\u00e7as Armadas a defesa da P\u00e1tria, a garantia dos poderes constitucionais e, por iniciativa de qualquer destes, da lei e da ordem, de onde derivam a miss\u00e3o e as atribui\u00e7\u00f5es do COMAER.<\/p>\n<p><img loading=\"lazy\" decoding=\"async\" class=\"alignnone wp-image-1334 size-full\" title=\"Base A\u00e9rea Fortaleza\" src=\"https:\/\/www.encontrafortaleza.com\/sobre\/wp-content\/uploads\/2019\/02\/base-aerea-fortaleza.gif\" alt=\"Base A\u00e9rea Fortaleza\" width=\"680\" height=\"189\" \/><\/p>\n<h2>Hist\u00f3ria da Base A\u00e9rea Fortaleza<\/h2>\n<p>A hist\u00f3ria da Base A\u00e9rea de Fortaleza remonta a 15 de maio de 1933, quando foi criado o 6\u00ba Regimento de Avia\u00e7\u00e3o da antiga Avia\u00e7\u00e3o Militar do Ex\u00e9rcito. As atividades do 6\u00ba RAv tiveram in\u00edcio em 21 de setembro de 1936 quando da ativa\u00e7\u00e3o do N\u00facleo da Base A\u00e9rea, recebendo tr\u00eas biplanos Waco CPF F-5.\u00a0O N\u00facleo passou a constituir o 6\u00ba Corpo de Base A\u00e9rea em 1939 at\u00e9 o dia 22 de maio de 1941, quando foi criada a BAFZ &#8211; Base A\u00e9rea de Fortaleza, sob o controle do rec\u00e9m-criado Minist\u00e9rio da Aeron\u00e1utica.<\/p>\n<p>Durante a 2\u00aa Guerra Mundial, temendo uma poss\u00edvel invas\u00e3o vinda dos pa\u00edses do Eixo, a partir de Dakar no norte da \u00c1frica e tamb\u00e9m, devido aos sucessivos ataques de submarinos alem\u00e3es e italianos contra os navios da nossa Marinha Mercante, o governo brasileiro cedeu o uso de bases no Nordeste, aos Estados Unidos. Em contra-partida, as for\u00e7as foram reequipadas com equipamentos modernos.<\/p>\n<p>Desta maneira, o primeiro lote de aeronaves chegou ao Brasil no in\u00edcio de 1942, compreendendo doze ca\u00e7as Curtiss P-36A Hawk, dois Douglas B-18 Bolo e seis NA B-25B Mitchell. Este primeiro lote foi utilizado para formar uma unidade provis\u00f3ria para o treinamento do pessoal da FAB.<\/p>\n<p>Foi num dos B-25B desta unidade que uma tripula\u00e7\u00e3o mista brasileira e norte-americada, sob o comando do Cap. Av. Parreiras Horta da FAB, que realizou o primeiro ataque de uma aeronave da For\u00e7a A\u00e9rea Brasileira a um submarino alem\u00e3o, \u00e0s 14:00 h do dia 22 de maio de 1942. O submarino alem\u00e3o, navegando na superf\u00edcie foi surpreendido e reagiu com forte artilharia antia\u00e9rea.<\/p>\n<p>Em 1944 foi criado na BAFZ o 4\u00ba GpBM &#8211; Grupamento de Bombardeio M\u00e9dio, equipado com os Lockeed A-28A Hudson e, posteriormente, com os B-25J Mitchell. As tripula\u00e7\u00f5es do 4\u00ba GpBM realizaram miss\u00f5es de patrulhas mar\u00edtima at\u00e9 o final da guerra.<\/p>\n<p>Em 24 de mar\u00e7o de 1947, o 4\u00ba GpBM foi redenominado 4\u00ba GAv Grupo de Avia\u00e7\u00e3o, sendo o seu 1\u00ba Esquadr\u00e3o ativado em 1948. Esta unidade foi designada para miss\u00f5es de bombardeio at\u00e9 1956, quando foi transformada em unidade de treinamento de ca\u00e7a, recebendo os Republic P-47 Thunderbolt, provenientes do 2\u00ba\/5\u00ba GAv.<\/p>\n<p>Em maio de 1958, a BAFZ entrou para a era do jato, ao receber 33 Lockheed F-80C Shooting Star, utilizados somente pelo 1\u00ba\/4\u00ba GAv. Em 1966 chegaram os Lockheed T-33, que foram utilizados juntamente com os F-80C at\u00e9 1973, quando todos foram substitu\u00eddos pelos Embraer AT-26 Xavante, utilizados at\u00e9 o ano de 2013, quando foi oficialmente aposentado.<\/p>\n<p>Desde 25 de novembro de 1986, a BAFZ \u00e9 a sede do 5\u00ba\/1\u00ba GCC &#8211; 5\u00ba Esquadr\u00e3o do 1\u00ba Grupo de Comunica\u00e7\u00e3o e Controle, que tem a miss\u00e3o de monitorar e controlar o tr\u00e1fego a\u00e9reo no Cear\u00e1, contando com radares de aproxima\u00e7\u00e3o para pouso de precis\u00e3o.<\/p>\n<p>Em 9 de janeiro de 2002 o 1\u00ba\/4\u00ba GAv &#8220;Pacau&#8221; foi transferido para a Base A\u00e9rea de Natal-RN, BANT, e, posteriormente, em novembro de 2010, foi para a Base A\u00e9rea de Manaus-AM, e o 1\u00ba\/5\u00ba GAv, Esquadr\u00e3o &#8220;Rumba&#8221;, veio transferido para Fortaleza, a fim de prosseguir em sua miss\u00e3o de forma\u00e7\u00e3o de pilotos em aeronaves multimotores. Mas em Dezembro de 2013, o 1\u00ba\/5\u00ba GAv foi transferido para a BANT deixando, assim, a BAFZ sem nenhuma Unidade A\u00e9rea em seu territ\u00f3rio militar.<\/p>\n<h3>Base A\u00e9rea Fortaleza Hotel de Tr\u00e2nsito<\/h3>\n<p>Na Base A\u00e9rea de Fortaleza existe tr\u00eas tipos de <em>hot\u00e9is de tr\u00e2nsito:<\/em><\/p>\n<ul>\n<li>Hotel de Tr\u00e2nsito de Oficiais;<\/li>\n<li>Hotel de Tr\u00e2nsito de Suboficiais e Sargentos; e<\/li>\n<li>Hotel de Tr\u00e2nsito de Cabos e Soldados.<\/li>\n<\/ul>\n<p>Endere\u00e7o: Avenida Borges de Melo, 205 &#8211; Telefone:\u00a0(85) 3216-3110 \/\u00a0\u00a03216-3105 \/3216-3067<\/p>\n<p>Condi\u00e7\u00f5es de Hospedagem:<\/p>\n<ol>\n<li>Hotel de Tr\u00e2nsito de Oficiais<br \/>\n04 Apartamentos com telefones destinados a Oficiais Generais;<br \/>\n08 Apartamentos destinados a Oficiais Superiores;<br \/>\n13 Apartamentos qu\u00e1druplos destinados a Oficiais Intermedi\u00e1rios e Subalternos;<br \/>\nPiscina, Deck com churrasqueira;<br \/>\nEstacionamento; e<br \/>\nTV, frigobar e ar condicionado.<\/li>\n<\/ol>\n<p>2.\u00a0 Hotel de Tr\u00e2nsito de Suboficiais e Sargentos<\/p>\n<p>6 Apartamentos qu\u00e1druplos;<br \/>\n9 Quartos triplos;<br \/>\nTV, Frigobar;<br \/>\nAr condicionado;<br \/>\nSala de jogos e estacionamento;<br \/>\nFavorecimento de condu\u00e7\u00e3o e<br \/>\nAluguel de carros.<\/p>\n<h3>Base A\u00e9rea Fortaleza Port\u00f5es Abertos<\/h3>\n<p>Para quem sempre teve curiosidade de ver de perto o trabalho dos militares e como funciona a estrutura da Base A\u00e9rea de Fortaleza, o evento <em>&#8220;Port\u00f5es Abertos&#8221;<\/em> permite o acesso livre da popula\u00e7\u00e3o ao local, que receber\u00e1 a comunidade com atra\u00e7\u00f5es musicais, exposi\u00e7\u00f5es e pra\u00e7a de alimenta\u00e7\u00e3o para um dia em fam\u00edlia. Fique atento \u00e0 m\u00eddia que ir\u00e1 noticiar quando acontecer o evento.<\/p>\n<h3>Hor\u00e1rio de Funcionamento Base A\u00e9rea em Fortaleza<\/h3>\n<ul>\n<li>Segunda a Sexta das 08h \u00c0s 17h<\/li>\n<\/ul>\n<h3>Onde Fica,\u00a0Endere\u00e7o e Telefone Base A\u00e9rea em Fortaleza<\/h3>\n<ul>\n<li>Av. Borges de Melo, 205 &#8211; Aeroporto &#8211; Fortaleza &#8211; CE<\/li>\n<li>Telefone: (85) 3216-3000<\/li>\n<\/ul>\n<h4>Outras informa\u00e7\u00f5es e site<\/h4>\n<ul>\n<li>Mais informa\u00e7\u00f5es:\u00a0<a href=\"http:\/\/www.fab.mil.br\/organizacoes\/mostra\/41\/BASE%20A%C3%89REA%20DE%20FORTALEZA\" target=\"_blank\" rel=\"noopener noreferrer\">www.fab.mil.br<\/a><\/li>\n<li>\n<p class=\"LC20lb\">CNPJ: 00.394.429\/0010-00<\/p>\n<\/li>\n<\/ul>\n<h4>Mapa de localiza\u00e7\u00e3o<\/h4>\n<a class=\"wp-colorbox-iframe\" href=\"https:\/\/www.google.com\/maps\/embed?pb=!1m18!1m12!1m3!1d3981.22293907032!2d-38.52341178524096!3d-3.7615915972633753!2m3!1f0!2f0!3f0!3m2!1i1024!2i768!4f13.1!3m3!1m2!1s0x7c748d1303beb2b0x2be16ec8170d4ab0!2sAv.+Borges+de+Melo+205+-+Aeroporto+Fortaleza+-+CE+60415-510!5e0!3m2!1spt-BR!2sbr!4v1549896724749\"><img decoding=\"async\" src=\"http:\/\/www.encontracampinas.com.br\/imgs\/maps-post.png\"><\/a>\n\n<div style=\"font-size: 0px; height: 0px; line-height: 0px; margin: 0; padding: 0; clear: both;\"><\/div>","protected":false},"excerpt":{"rendered":"<p>A Base A\u00e9rea de Fortaleza &#8211; BAFZ \u00e9 uma base da For\u00e7a A\u00e9rea Brasileira localizada na cidade de Fortaleza, capital do estado do Cear\u00e1, na Avenida Borges de Melo, 205. A Constitui\u00e7\u00e3o Federal estabelece como destina\u00e7\u00e3o das For\u00e7as Armadas a defesa da P\u00e1tria, a garantia dos poderes constitucionais e, por iniciativa de qualquer destes, da lei e da ordem, de onde derivam a miss\u00e3o e as atribui\u00e7\u00f5es do COMAER. Hist\u00f3ria da Base A\u00e9rea Fortaleza A hist\u00f3ria da Base A\u00e9rea de Fortaleza remonta a 15 de maio de 1933, quando foi criado o 6\u00ba Regimento de Avia\u00e7\u00e3o da antiga Avia\u00e7\u00e3o Militar <\/p>\n","protected":false},"author":1,"featured_media":0,"parent":0,"menu_order":0,"comment_status":"closed","ping_status":"closed","template":"","meta":{"footnotes":""},"class_list":["post-1333","page","type-page","status-publish","hentry"],"aioseo_notices":[],"_links":{"self":[{"href":"https:\/\/www.encontrafortaleza.com\/sobre\/wp-json\/wp\/v2\/pages\/1333"}],"collection":[{"href":"https:\/\/www.encontrafortaleza.com\/sobre\/wp-json\/wp\/v2\/pages"}],"about":[{"href":"https:\/\/www.encontrafortaleza.com\/sobre\/wp-json\/wp\/v2\/types\/page"}],"author":[{"embeddable":true,"href":"https:\/\/www.encontrafortaleza.com\/sobre\/wp-json\/wp\/v2\/users\/1"}],"replies":[{"embeddable":true,"href":"https:\/\/www.encontrafortaleza.com\/sobre\/wp-json\/wp\/v2\/comments?post=1333"}],"version-history":[{"count":0,"href":"https:\/\/www.encontrafortaleza.com\/sobre\/wp-json\/wp\/v2\/pages\/1333\/revisions"}],"wp:attachment":[{"href":"https:\/\/www.encontrafortaleza.com\/sobre\/wp-json\/wp\/v2\/media?parent=1333"}],"curies":[{"name":"wp","href":"https:\/\/api.w.org\/{rel}","templated":true}]}}