{"id":1336,"date":"2019-02-11T13:13:25","date_gmt":"2019-02-11T15:13:25","guid":{"rendered":"https:\/\/www.encontrafortaleza.com\/sobre\/?page_id=1336"},"modified":"2019-02-11T13:13:25","modified_gmt":"2019-02-11T15:13:25","slug":"ceo-fortaleza","status":"publish","type":"page","link":"https:\/\/www.encontrafortaleza.com\/sobre\/ceo-fortaleza\/","title":{"rendered":"Ceo Fortaleza"},"content":{"rendered":"<div class=\"2ad529334b11458fd7d9bde3e187e581\" data-index=\"1\" style=\"float: left; margin: 5px 5px 5px 0;\">\n<!-- EBR \/Novo-Bairro-Topo\/ 300x250 -->\r\n<ins class=\"adsbygoogle\"\r\n     style=\"display:inline-block;width:300px;height:250px\"\r\n     data-ad-client=\"ca-pub-6414922941841817\"\r\n     data-ad-slot=\"5351822287\"><\/ins>\r\n<script>\r\n(adsbygoogle = window.adsbygoogle || []).push({});\r\n<\/script>\n<\/div>\n<p>O <strong>Ceo Fortaleza<\/strong> &#8211; Centro de Especialidade Odontol\u00f3gica &#8211; s\u00e3o unidades de refer\u00eancia para as Equipes de Sa\u00fade Bucal (ESB) e ofertam, de acordo com a realidade epidemiol\u00f3gica de cada regi\u00e3o, procedimentos cl\u00ednicos odontol\u00f3gicos complementares aos que s\u00e3o realizados na Aten\u00e7\u00e3o Prim\u00e1ria.<\/p>\n<p>A rede municipal de Fortaleza possui quatro CEOs, al\u00e9m da parceria com tr\u00eas unidades estaduais.<\/p>\n<p><em><img loading=\"lazy\" decoding=\"async\" class=\"alignnone wp-image-1337 size-full\" title=\"Ceo Fortaleza\" src=\"https:\/\/www.encontrafortaleza.com\/sobre\/wp-content\/uploads\/2019\/02\/ceo-fortaleza.gif\" alt=\"Ceo Fortaleza\" width=\"680\" height=\"189\" \/><\/em><\/p>\n<h2>Ceo Fortaleza Servi\u00e7os<\/h2>\n<p>Nos CEOs s\u00e3o ofertados servi\u00e7os nas mais diversas especialidades, tais como: endodontia (canal), pr\u00f3tese, cirurgia, estomatologia (diagn\u00f3stico de c\u00e2ncer de boca e bi\u00f3psias em geral), odontopediatria, periodontia, atendimento para pacientes com necessidades especiais, dentre outros. Caso o usu\u00e1rio necessite de algum servi\u00e7o especializado, que n\u00e3o seja ofertado nos postos de sa\u00fade, ele ser\u00e1 encaminhado ao CEO para realizar o procedimento.<\/p>\n<h3>Ceo Fortaleza Atendimento<\/h3>\n<p><em>Atendimento <\/em>agendado por meio de encaminhamento realizado pelos cirurgi\u00f5es-dentistas das ESB dos postos de sa\u00fade.<\/p>\n<h3>Hor\u00e1rio de Funcionamento Ceo em Fortaleza<\/h3>\n<ul>\n<li>Segunda a Sexta: das 08h \u00e0s 17h<\/li>\n<\/ul>\n<h3>Onde Fica,\u00a0Endere\u00e7o e Telefone Ceo em Fortaleza<\/h3>\n<ul>\n<li>CEO Floresta:\u00a0Rua Tenente Jos\u00e9 Barreira, 251 &#8211; Telefone: (85)\u00a0\u00a03101-1526<\/li>\n<li>CEO Messeja:\u00a0Rua Cel. Guilherme Alencar, 0 &#8211; Telefone: (85)\u00a03298-7166<\/li>\n<li>CEO Nascente:\u00a0Rua Betel, 1895 &#8211; Telefone: (85)\u00a03101-5457<\/li>\n<li>CEO CEOP:\u00a0Rua Tereza Cristina, 1575 &#8211; Telefone: (85)\u00a0\u00a03101-1549<\/li>\n<\/ul>\n<h4>Outras informa\u00e7\u00f5es e site<\/h4>\n<ul>\n<li>Mais informa\u00e7\u00f5es:\u00a0<a href=\"https:\/\/catalogodeservicos.fortaleza.ce.gov.br\/categoria\/saude\/servico\/317\" target=\"_blank\" rel=\"noopener noreferrer\">www.catalogodeservicos.fortaleza.ce.gov.br<\/a><\/li>\n<\/ul>\n<h4>Mapa de localiza\u00e7\u00e3o Ceo Floresta<\/h4>\n<a class=\"wp-colorbox-iframe\" href=\"https:\/\/www.google.com\/maps\/embed?pb=!1m18!1m12!1m3!1d3981.4246923450796!2d-38.57372158524096!3d-3.717167197295513!2m3!1f0!2f0!3f0!3m2!1i1024!2i768!4f13.1!3m3!1m2!1s0x7c74a204cbf512b0xed8a9d053b78926c!2sRua+Tenente+Jos+Barreira+251+-+lvaro+Weyne+Fortaleza+-+CE+60336-050!5e0!3m2!1spt-BR!2sbr!4v1549897819874\"><img decoding=\"async\" src=\"http:\/\/www.encontracampinas.com.br\/imgs\/maps-post.png\"><\/a>\n\n<div style=\"font-size: 0px; height: 0px; line-height: 0px; margin: 0; padding: 0; clear: both;\"><\/div>","protected":false},"excerpt":{"rendered":"<p>O Ceo Fortaleza &#8211; Centro de Especialidade Odontol\u00f3gica &#8211; s\u00e3o unidades de refer\u00eancia para as Equipes de Sa\u00fade Bucal (ESB) e ofertam, de acordo com a realidade epidemiol\u00f3gica de cada regi\u00e3o, procedimentos cl\u00ednicos odontol\u00f3gicos complementares aos que s\u00e3o realizados na Aten\u00e7\u00e3o Prim\u00e1ria. A rede municipal de Fortaleza possui quatro CEOs, al\u00e9m da parceria com tr\u00eas unidades estaduais. Ceo Fortaleza Servi\u00e7os Nos CEOs s\u00e3o ofertados servi\u00e7os nas mais diversas especialidades, tais como: endodontia (canal), pr\u00f3tese, cirurgia, estomatologia (diagn\u00f3stico de c\u00e2ncer de boca e bi\u00f3psias em geral), odontopediatria, periodontia, atendimento para pacientes com necessidades especiais, dentre outros. Caso o usu\u00e1rio necessite de <\/p>\n","protected":false},"author":1,"featured_media":0,"parent":0,"menu_order":0,"comment_status":"closed","ping_status":"closed","template":"","meta":{"footnotes":""},"class_list":["post-1336","page","type-page","status-publish","hentry"],"aioseo_notices":[],"_links":{"self":[{"href":"https:\/\/www.encontrafortaleza.com\/sobre\/wp-json\/wp\/v2\/pages\/1336"}],"collection":[{"href":"https:\/\/www.encontrafortaleza.com\/sobre\/wp-json\/wp\/v2\/pages"}],"about":[{"href":"https:\/\/www.encontrafortaleza.com\/sobre\/wp-json\/wp\/v2\/types\/page"}],"author":[{"embeddable":true,"href":"https:\/\/www.encontrafortaleza.com\/sobre\/wp-json\/wp\/v2\/users\/1"}],"replies":[{"embeddable":true,"href":"https:\/\/www.encontrafortaleza.com\/sobre\/wp-json\/wp\/v2\/comments?post=1336"}],"version-history":[{"count":0,"href":"https:\/\/www.encontrafortaleza.com\/sobre\/wp-json\/wp\/v2\/pages\/1336\/revisions"}],"wp:attachment":[{"href":"https:\/\/www.encontrafortaleza.com\/sobre\/wp-json\/wp\/v2\/media?parent=1336"}],"curies":[{"name":"wp","href":"https:\/\/api.w.org\/{rel}","templated":true}]}}