{"id":1343,"date":"2019-02-11T14:22:20","date_gmt":"2019-02-11T16:22:20","guid":{"rendered":"https:\/\/www.encontrafortaleza.com\/sobre\/?page_id=1343"},"modified":"2019-02-11T14:22:20","modified_gmt":"2019-02-11T16:22:20","slug":"centro-de-zoonoses-fortaleza","status":"publish","type":"page","link":"https:\/\/www.encontrafortaleza.com\/sobre\/centro-de-zoonoses-fortaleza\/","title":{"rendered":"Centro de Zoonoses Fortaleza"},"content":{"rendered":"<div class=\"2ad529334b11458fd7d9bde3e187e581\" data-index=\"1\" style=\"float: left; margin: 5px 5px 5px 0;\">\n<!-- EBR \/Novo-Bairro-Topo\/ 300x250 -->\r\n<ins class=\"adsbygoogle\"\r\n     style=\"display:inline-block;width:300px;height:250px\"\r\n     data-ad-client=\"ca-pub-6414922941841817\"\r\n     data-ad-slot=\"5351822287\"><\/ins>\r\n<script>\r\n(adsbygoogle = window.adsbygoogle || []).push({});\r\n<\/script>\n<\/div>\n<p>Ao contr\u00e1rio do que muita gente pensa, o <strong>Centro de<\/strong>\u00a0<strong>Zoonoses Fortaleza<\/strong>, \u00f3rg\u00e3o da Funda\u00e7\u00e3o Municipal de Sa\u00fade, n\u00e3o cuida de animais, mas de doen\u00e7as que eles podem transmitir para os serem humanos como: Leptospirose, Doen\u00e7a de Chagas, Febre Maculosa, Raiva, Dengue entre tantas outras que podem levar as pessoas \u00e0 morte.<\/p>\n<p>A Prefeitura de Fortaleza disponibiliza atendimento cl\u00ednico para c\u00e3es e gatos por meio do Centro de Controle de Zoonoses e atrav\u00e9s das Unidades de Vigil\u00e2ncia de Zoonoses (UVZ). S\u00e3o ofertados gratuitamente atendimento com m\u00e9dico veterin\u00e1rio, exame de calazar e vacina\u00e7\u00e3o antirr\u00e1bica.<\/p>\n<p><img loading=\"lazy\" decoding=\"async\" class=\"alignnone wp-image-1344 size-full\" title=\"Centro de Zoonoses Fortaleza\" src=\"https:\/\/www.encontrafortaleza.com\/sobre\/wp-content\/uploads\/2019\/02\/centro-de-zoonozes-fortaleza.gif\" alt=\"Centro de Zoonoses Fortaleza\" width=\"680\" height=\"189\" \/><\/p>\n<p>Ao contr\u00e1rio. Atrav\u00e9s de palestras e em sua p\u00e1gina na internet constantemente s\u00e3o passadas informa\u00e7\u00f5es \u00a0importantes sobre Posse Respons\u00e1vel e dicas necess\u00e1rias para que eles tenham boa sa\u00fade e os pets estejam por muito tempo ao lado de seus donos.<\/p>\n<p>A preocupa\u00e7\u00e3o maior, no entanto, est\u00e1 relacionada \u00e0s enfermidades que atingem o homem atrav\u00e9s dos animais. Para alertar as pessoas sobre os riscos de um contato mais pr\u00f3ximo com algumas esp\u00e9cies, \u00a0o\u00a0Zoonoses orienta sobre a preven\u00e7\u00e3o de doen\u00e7as \u00a0que muitas vezes s\u00e3o desconhecidas da popula\u00e7\u00e3o:\u00a0 o IEC- departamento de Informa\u00e7\u00e3o, Educa\u00e7\u00e3o e Comunica\u00e7\u00e3o realiza palestras em escolas, empresas, universidades, centros comunit\u00e1rios, igrejas e v\u00e1rios outros locais,\u00a0 levando orienta\u00e7\u00f5es que possam ajud\u00e1-las a reconhecer algumas doen\u00e7as que s\u00e3o transmitidas pelos animais ou atrav\u00e9s deles.<\/p>\n<p>Agentes de Combate \u00e0 Endemias \u00a0realizam trabalhos nas resid\u00eancias,\u00a0 Agentes de Controle de Vetores cuidam de Pontos Estrat\u00e9gicos, como borracharias, \u00a0reciclagens e Im\u00f3veis Especiais como escolas e ind\u00fastrias.<\/p>\n<h3>Hor\u00e1rio de Funcionamento Zoonoses\u00a0em Fortaleza<\/h3>\n<ul>\n<li><strong>Maraponga:<\/strong> Segunda a S\u00e1bado das 08h \u00e0s 17h \/ Domingo das 08h \u00e0s 12h<\/li>\n<li><strong>Messejena:<\/strong> Segunda a Sexta das 08h \u00e0s 18h<\/li>\n<li><strong>Cidade 2000:<\/strong> Segunda a Sexta das 08h \u00e0s 17h<\/li>\n<li><strong>Vicente Pinzon:<\/strong> Segunda a Sexta das 08h \u00e0s 17h<\/li>\n<li><strong>S\u00e3o Bento:<\/strong> Segunda a Sexta das 08h \u00e0s 17h<\/li>\n<\/ul>\n<h3>Endere\u00e7o e Telefone\u00a0Zoonoses em Fortaleza<\/h3>\n<ul>\n<li><strong>Maraponga:<\/strong> Rua Betel, 2980 &#8211; Telefone: (85) 3131-7849<\/li>\n<li><strong>Messejena:<\/strong> Rua Coronel Dionisio Alencar, 264 &#8211; Telefone: (85) 3488-3329<\/li>\n<li><strong>Cidade 2000:<\/strong> Av. das Graviolas, 195 &#8211; Telefone: (85) 3488-3329<\/li>\n<li><strong>Vicente Pinzon:<\/strong> Av. Trajano de Medeiros, 813 &#8211; Telefone: (85) 3565-6566<\/li>\n<li><strong>S\u00e3o Bento:<\/strong> Rua Luis Montenegro, 625 &#8211; Telefone: (85) 3131-7849<\/li>\n<\/ul>\n<h3>Outras informa\u00e7\u00f5es e site<\/h3>\n<ul>\n<li>Mais informa\u00e7\u00f5es:\u00a0<a href=\"https:\/\/catalogodeservicos.fortaleza.ce.gov.br\/categoria\/saude\/servico\/56\" target=\"_blank\" rel=\"noopener noreferrer\">www.catalogodeservicos.fortaleza.ce.gov.br<\/a><\/li>\n<\/ul>\n<h4>Mapa de localiza\u00e7\u00e3o Maraponga<\/h4>\n<a class=\"wp-colorbox-iframe\" href=\"https:\/\/www.google.com\/maps\/embed?pb=!1m18!1m12!1m3!1d3981.0340001633153!2d-38.56160508524088!3d-3.8027244972336267!2m3!1f0!2f0!3f0!3m2!1i1024!2i768!4f13.1!3m3!1m2!1s0x7c74e7b31a866a10x70afb81c3b12cc23!2sR.+Betel+2980+-+Itaperi+Fortaleza+-+CE+60714-222!5e0!3m2!1spt-BR!2sbr!4v1549901861162\"><img decoding=\"async\" src=\"http:\/\/www.encontracampinas.com.br\/imgs\/maps-post.png\"><\/a>\n\n<div style=\"font-size: 0px; height: 0px; line-height: 0px; margin: 0; padding: 0; clear: both;\"><\/div>","protected":false},"excerpt":{"rendered":"<p>Ao contr\u00e1rio do que muita gente pensa, o Centro de\u00a0Zoonoses Fortaleza, \u00f3rg\u00e3o da Funda\u00e7\u00e3o Municipal de Sa\u00fade, n\u00e3o cuida de animais, mas de doen\u00e7as que eles podem transmitir para os serem humanos como: Leptospirose, Doen\u00e7a de Chagas, Febre Maculosa, Raiva, Dengue entre tantas outras que podem levar as pessoas \u00e0 morte. A Prefeitura de Fortaleza disponibiliza atendimento cl\u00ednico para c\u00e3es e gatos por meio do Centro de Controle de Zoonoses e atrav\u00e9s das Unidades de Vigil\u00e2ncia de Zoonoses (UVZ). S\u00e3o ofertados gratuitamente atendimento com m\u00e9dico veterin\u00e1rio, exame de calazar e vacina\u00e7\u00e3o antirr\u00e1bica. Ao contr\u00e1rio. Atrav\u00e9s de palestras e em sua <\/p>\n","protected":false},"author":1,"featured_media":0,"parent":0,"menu_order":0,"comment_status":"closed","ping_status":"closed","template":"","meta":{"footnotes":""},"class_list":["post-1343","page","type-page","status-publish","hentry"],"aioseo_notices":[],"_links":{"self":[{"href":"https:\/\/www.encontrafortaleza.com\/sobre\/wp-json\/wp\/v2\/pages\/1343"}],"collection":[{"href":"https:\/\/www.encontrafortaleza.com\/sobre\/wp-json\/wp\/v2\/pages"}],"about":[{"href":"https:\/\/www.encontrafortaleza.com\/sobre\/wp-json\/wp\/v2\/types\/page"}],"author":[{"embeddable":true,"href":"https:\/\/www.encontrafortaleza.com\/sobre\/wp-json\/wp\/v2\/users\/1"}],"replies":[{"embeddable":true,"href":"https:\/\/www.encontrafortaleza.com\/sobre\/wp-json\/wp\/v2\/comments?post=1343"}],"version-history":[{"count":0,"href":"https:\/\/www.encontrafortaleza.com\/sobre\/wp-json\/wp\/v2\/pages\/1343\/revisions"}],"wp:attachment":[{"href":"https:\/\/www.encontrafortaleza.com\/sobre\/wp-json\/wp\/v2\/media?parent=1343"}],"curies":[{"name":"wp","href":"https:\/\/api.w.org\/{rel}","templated":true}]}}