{"id":1350,"date":"2019-02-14T11:51:48","date_gmt":"2019-02-14T13:51:48","guid":{"rendered":"https:\/\/www.encontrafortaleza.com\/sobre\/?page_id=1350"},"modified":"2019-02-14T11:51:48","modified_gmt":"2019-02-14T13:51:48","slug":"hospital-da-mulher-fortaleza","status":"publish","type":"page","link":"https:\/\/www.encontrafortaleza.com\/sobre\/hospital-da-mulher-fortaleza\/","title":{"rendered":"Hospital da Mulher Fortaleza"},"content":{"rendered":"<div class=\"2ad529334b11458fd7d9bde3e187e581\" data-index=\"1\" style=\"float: left; margin: 5px 5px 5px 0;\">\n<!-- EBR \/Novo-Bairro-Topo\/ 300x250 -->\r\n<ins class=\"adsbygoogle\"\r\n     style=\"display:inline-block;width:300px;height:250px\"\r\n     data-ad-client=\"ca-pub-6414922941841817\"\r\n     data-ad-slot=\"5351822287\"><\/ins>\r\n<script>\r\n(adsbygoogle = window.adsbygoogle || []).push({});\r\n<\/script>\n<\/div>\n<p>Inaugurado em julho de 2012, o Hospital e Maternidade Dra. Zilda Arns Neumann, o <strong>Hospital da Mulher Fortaleza<\/strong>, localizado no bairro J\u00f3quei Clube.<\/p>\n<p>A unidade que \u00e9 a \u00fanica voltada para atendimento secund\u00e1rio e terci\u00e1rio exclusivo da popula\u00e7\u00e3o feminina na Capital, apesar da grande estrutura f\u00edsica, &#8211; \u00e1rea total constru\u00edda de 26.465 m\u00b2 &#8211; ainda \u00e9 considerada, pela gest\u00e3o municipal, de &#8220;pequeno porte&#8221;.<\/p>\n<p><img loading=\"lazy\" decoding=\"async\" class=\"alignnone wp-image-1351 size-full\" title=\"Hospital da Mulher Fortaleza\" src=\"https:\/\/www.encontrafortaleza.com\/sobre\/wp-content\/uploads\/2019\/02\/hospital-da-mulher-fortaleza.gif\" alt=\"Hospital da Mulher Fortaleza\" width=\"680\" height=\"189\" \/><\/p>\n<h2>Hospital da Mulher Fortaleza Especialidades<\/h2>\n<p>O Hospital da Mulher conta com as seguintes <em>especialidades:<\/em><\/p>\n<ul>\n<li>Ginecologia,<\/li>\n<li>Obstetr\u00edcia (incluindo aten\u00e7\u00e3o \u00e0 gravidez de alto risco, malforma\u00e7\u00e3o fetal e infec\u00e7\u00e3o gestacional),<\/li>\n<li>Ortopedia,<\/li>\n<li>Endocrinologia,<\/li>\n<li>Mastologia,<\/li>\n<li>Hebiatria (consultas para adolescentes),<\/li>\n<li>Psiquiatria (incluindo Psiquiatria Geri\u00e1trica),<\/li>\n<li>Neurologia,<\/li>\n<li>Cardiologia,<\/li>\n<li>Traumatologia,<\/li>\n<li>Reumatologia,<\/li>\n<li>Urologia,<\/li>\n<li>Uroginecologia,<\/li>\n<li>Proctologia,<\/li>\n<li>Infectologia.<\/li>\n<\/ul>\n<h3>Hospital Zilda Arns Fortaleza Exames<\/h3>\n<p>O <em>centro de imagens<\/em> conta com equipamentos para mamografia, tomografia, ultrassonografia, ecocardiograma, radiologia e eletrocardiografia.<\/p>\n<h3>Hospital da Mulher Fortaleza Centro Cir\u00fargico<\/h3>\n<p>No setor de Obstetr\u00edcia, h\u00e1 quatro salas para parto normal, centro cir\u00fargico obst\u00e9trico, Unidade de Terapia Intensiva adulto com dez leitos dispon\u00edveis e UTI neonatal de m\u00e9dio risco.<\/p>\n<p>No centro cir\u00fargico geral, podem ser realizados procedimentos como ces\u00e1rea, rinoplastia (interven\u00e7\u00e3o cir\u00fargica no nariz), laqueadura tub\u00e1ria, limpeza cir\u00fargica, artroplastia de quadril (substitui a articula\u00e7\u00e3o do quadril por pr\u00f3teses), entre outras.<\/p>\n<h3>Hospital da Mulher Fortaleza Encaminhamento<\/h3>\n<p>O acesso aos servi\u00e7os do Hospital Zilda Arns \u00e9 oferecido mediante <em>encaminhamento<\/em> realizado pelos postos de sa\u00fade, e a unidade tamb\u00e9m funciona como retaguarda nas \u00e1reas de Traumatologia e Obstetr\u00edcia.<\/p>\n<h3>Vagas Hospital Zilda Arns Fortaleza &#8211; Trabalhe Conosco<\/h3>\n<p>O Hospital da Mulher Zilda Arns Fortaleza disponibiliza <em>vagas de trabalho<\/em> durante todo ano. Para se informar sobre os processos seletivos e se candidatar as vagas acompanhe o site da empresa, onde \u00e9 poss\u00edvel se informar sobre vagas abertas, sal\u00e1rios e compet\u00eancias necess\u00e1rias para se candidatar ao processo.<\/p>\n<h3>Hor\u00e1rio de Funcionamento Hospital da Mulher em Fortaleza<\/h3>\n<ul>\n<li>Atendimento 24 horas<\/li>\n<\/ul>\n<h3>Onde Fica,\u00a0Endere\u00e7o e Telefone Hospital da Mulher em Fortaleza<\/h3>\n<ul>\n<li>Av. Lineu Machado, 145 &#8211; Dem\u00f3crito Rocha Fortaleza &#8211; CE<\/li>\n<li>Telefone: (85) 3233-3896<\/li>\n<\/ul>\n<h4>Outras informa\u00e7\u00f5es e site<\/h4>\n<ul>\n<li>Mais informa\u00e7\u00f5es:\u00a0<a href=\"https:\/\/www.facebook.com\/hospitaldamulherfortaleza\/\" target=\"_blank\" rel=\"noopener noreferrer\">www.facebook.com\/hospitaldamulherfortaleza<\/a><\/li>\n<\/ul>\n<h4>Mapa de localiza\u00e7\u00e3o<\/h4>\n<a class=\"wp-colorbox-iframe\" href=\"https:\/\/www.google.com\/maps\/embed?pb=!1m18!1m12!1m3!1d3981.22549309289!2d-38.57639098524102!3d-3.761032497263797!2m3!1f0!2f0!3f0!3m2!1i1024!2i768!4f13.1!3m3!1m2!1s0x7c74bfeb365f08d0x4b3a94a6935b32ab!2sAv.+Lineu+Machado+145+-+Jquei+Clube+Fortaleza+-+CE+60520-102!5e0!3m2!1spt-BR!2sbr!4v1550151719451\"><img decoding=\"async\" src=\"http:\/\/www.encontracampinas.com.br\/imgs\/maps-post.png\"><\/a>\n\n<div style=\"font-size: 0px; height: 0px; line-height: 0px; margin: 0; padding: 0; clear: both;\"><\/div>","protected":false},"excerpt":{"rendered":"<p>Inaugurado em julho de 2012, o Hospital e Maternidade Dra. Zilda Arns Neumann, o Hospital da Mulher Fortaleza, localizado no bairro J\u00f3quei Clube. A unidade que \u00e9 a \u00fanica voltada para atendimento secund\u00e1rio e terci\u00e1rio exclusivo da popula\u00e7\u00e3o feminina na Capital, apesar da grande estrutura f\u00edsica, &#8211; \u00e1rea total constru\u00edda de 26.465 m\u00b2 &#8211; ainda \u00e9 considerada, pela gest\u00e3o municipal, de &#8220;pequeno porte&#8221;. Hospital da Mulher Fortaleza Especialidades O Hospital da Mulher conta com as seguintes especialidades: Ginecologia, Obstetr\u00edcia (incluindo aten\u00e7\u00e3o \u00e0 gravidez de alto risco, malforma\u00e7\u00e3o fetal e infec\u00e7\u00e3o gestacional), Ortopedia, Endocrinologia, Mastologia, Hebiatria (consultas para adolescentes), Psiquiatria (incluindo <\/p>\n","protected":false},"author":1,"featured_media":0,"parent":0,"menu_order":0,"comment_status":"closed","ping_status":"closed","template":"","meta":{"footnotes":""},"class_list":["post-1350","page","type-page","status-publish","hentry"],"aioseo_notices":[],"_links":{"self":[{"href":"https:\/\/www.encontrafortaleza.com\/sobre\/wp-json\/wp\/v2\/pages\/1350"}],"collection":[{"href":"https:\/\/www.encontrafortaleza.com\/sobre\/wp-json\/wp\/v2\/pages"}],"about":[{"href":"https:\/\/www.encontrafortaleza.com\/sobre\/wp-json\/wp\/v2\/types\/page"}],"author":[{"embeddable":true,"href":"https:\/\/www.encontrafortaleza.com\/sobre\/wp-json\/wp\/v2\/users\/1"}],"replies":[{"embeddable":true,"href":"https:\/\/www.encontrafortaleza.com\/sobre\/wp-json\/wp\/v2\/comments?post=1350"}],"version-history":[{"count":0,"href":"https:\/\/www.encontrafortaleza.com\/sobre\/wp-json\/wp\/v2\/pages\/1350\/revisions"}],"wp:attachment":[{"href":"https:\/\/www.encontrafortaleza.com\/sobre\/wp-json\/wp\/v2\/media?parent=1350"}],"curies":[{"name":"wp","href":"https:\/\/api.w.org\/{rel}","templated":true}]}}