{"id":1371,"date":"2019-02-20T05:18:45","date_gmt":"2019-02-20T08:18:45","guid":{"rendered":"https:\/\/www.encontrafortaleza.com\/sobre\/?page_id=1371"},"modified":"2019-02-20T05:18:45","modified_gmt":"2019-02-20T08:18:45","slug":"ibama-fortaleza","status":"publish","type":"page","link":"https:\/\/www.encontrafortaleza.com\/sobre\/ibama-fortaleza\/","title":{"rendered":"Ibama Fortaleza"},"content":{"rendered":"<div class=\"2ad529334b11458fd7d9bde3e187e581\" data-index=\"1\" style=\"float: left; margin: 5px 5px 5px 0;\">\n<!-- EBR \/Novo-Bairro-Topo\/ 300x250 -->\r\n<ins class=\"adsbygoogle\"\r\n     style=\"display:inline-block;width:300px;height:250px\"\r\n     data-ad-client=\"ca-pub-6414922941841817\"\r\n     data-ad-slot=\"5351822287\"><\/ins>\r\n<script>\r\n(adsbygoogle = window.adsbygoogle || []).push({});\r\n<\/script>\n<\/div>\n<p>O <strong>Ibama Fortaleza<\/strong> &#8211; Instituto Brasileiro do Meio Ambiente e dos Recursos Naturais Renov\u00e1veis &#8211; criado pela Lei n\u00ba 7.735 de 22 de fevereiro de 1989, \u00e9 uma autarquia federal vinculada ao Minist\u00e9rio do Meio Ambiente (MMA).<\/p>\n<p>\u00c9 o \u00f3rg\u00e3o executivo respons\u00e1vel pela execu\u00e7\u00e3o da Pol\u00edtica Nacional do Meio Ambiente (PNMA), institu\u00edda pela lei n\u00ba 6.938, de 31 de agosto de 1981, e desenvolve diversas atividades para a preserva\u00e7\u00e3o e conserva\u00e7\u00e3o do patrim\u00f4nio natural, exercendo o controle e a fiscaliza\u00e7\u00e3o sobre o uso dos recursos naturais (\u00e1gua, flora, fauna, solo, etc). Tamb\u00e9m cabe a ele conceder licen\u00e7as ambientais para empreendimentos de sua compet\u00eancia.<\/p>\n<p><img loading=\"lazy\" decoding=\"async\" class=\"alignnone wp-image-1372 size-full\" title=\"Ibama Fortaleza\" src=\"https:\/\/www.encontrafortaleza.com\/sobre\/wp-content\/uploads\/2019\/02\/ibama-fortaleza.gif\" alt=\"Ibama Fortaleza\" width=\"680\" height=\"189\" \/><\/p>\n<h2>Hist\u00f3ria Ibama Fortaleza<\/h2>\n<p>Criado pela Lei n\u00ba 7.735 de 22 de fevereiro de 1989, o IBAMA foi formado pela fus\u00e3o de quatro entidades brasileiras que atuavam na \u00e1rea ambiental: Secretaria do Meio Ambiente (SEMA), Superintend\u00eancia da Borracha (SUDHEVEA), Superintend\u00eancia da Pesca (SUDEPE) e Instituto Brasileiro de Desenvolvimento Florestal (IBDF).\u00a0Em 1990, foi criada a Secretaria do Meio Ambiente da Presid\u00eancia da Rep\u00fablica \u2013 SEMAM, ligada \u00e0 Presid\u00eancia da Rep\u00fablica, que tinha no IBAMA seu \u00f3rg\u00e3o gerenciador da quest\u00e3o ambiental.<\/p>\n<p>Entre 3 e 14 de junho de 1992, realizou-se na cidade do Rio de Janeiro a Confer\u00eancia da ONU sobre Meio Ambiente e Desenvolvimento, mais conhecida como Rio-92, da qual participaram 170 pa\u00edses. A quest\u00e3o ambiental no Brasil tornou-se mais discutida, envolvendo a sociedade brasileira, que j\u00e1 vinha se organizando nas \u00faltimas d\u00e9cadas, no sentido de pressionar as autoridades brasileiras pela prote\u00e7\u00e3o ao meio ambiente de forma mais concisa. Desta forma foi reformulada a sua estrutura burocr\u00e1tica e em 16 de outubro de 1992, foi criado o MMA (Minist\u00e9rio do Meio Ambiente), com o objetivo de estruturar a pol\u00edtica do meio ambiente no Brasil, ao qual o IBAMA agora est\u00e1 vinculado. Em 2007, foi criado o Instituto Chico Mendes de Conserva\u00e7\u00e3o da Biodiversidade (ICMBio), autarquia respons\u00e1vel pela gest\u00e3o das unidades de conserva\u00e7\u00e3o nacionais, retirando do IBAMA esta compet\u00eancia legal.<\/p>\n<h3>Ibama Fortaleza Den\u00fancia<\/h3>\n<p>Para fazer uma <em>den\u00fancia <\/em>ao Ibama voc\u00ea tem tr\u00eas op\u00e7\u00f5es:<\/p>\n<ul>\n<li>Atendimento &#8211; Formul\u00e1rio online: O registro da sua den\u00fancia ser\u00e1 feito por meio do Sistema de Ouvidorias (<a href=\"https:\/\/sistema.ouvidorias.gov.br\/publico\/Manifestacao\/RegistrarManifestacao.aspx\" target=\"_blank\" rel=\"noopener\">e-OUV<\/a>) disponibilizado pela Ouvidoria-Geral da Uni\u00e3o.<\/li>\n<li>Atendimento telef\u00f4nico : 0800-618080 &#8211; Hor\u00e1rio de atendimento: Segunda \u00e0 sexta, das 7h00 \u00e0s 19h00<\/li>\n<li>Atendimento presencial: Unidade do Ibama mais pr\u00f3xima<\/li>\n<\/ul>\n<h3>Vagas Ibama Fortaleza<\/h3>\n<p>O Ibama contrata funcion\u00e1rios por meio de concurso p\u00fablico, fique atento ao site da institui\u00e7\u00e3o e ao <a href=\"http:\/\/www.encontrafortaleza.com\/sobre\/diario-oficial-fortaleza\/\" target=\"_blank\" rel=\"noopener\">di\u00e1rio oficial<\/a> da regi\u00e3o e n\u00e3o perca as datas de inscri\u00e7\u00e3o e provas.<\/p>\n<h3>Hor\u00e1rio de Funcionamento Ibama em Fortaleza<\/h3>\n<ul>\n<li>Segunda a Sexta das 07h30 \u00e0s 11h30 e das 13h30 \u00e0s 17h30<\/li>\n<\/ul>\n<h3>Onde Fica,\u00a0Endere\u00e7o e Telefone Ibama em Fortaleza<\/h3>\n<ul>\n<li>Av. Visconde do Rio Branco, 3900 &#8211; F\u00e1tima &#8211; Fortaleza &#8211; CE<\/li>\n<li>Telefone: (85) 3307-1129<\/li>\n<\/ul>\n<h4>Outras informa\u00e7\u00f5es e site<\/h4>\n<ul>\n<li>Mais informa\u00e7\u00f5es:\u00a0<a href=\"https:\/\/www.ibama.gov.br\/\" target=\"_blank\" rel=\"noopener noreferrer\">www.ibama.gov.br<\/a><\/li>\n<\/ul>\n<h4>Mapa de localiza\u00e7\u00e3o<\/h4>\n<a class=\"wp-colorbox-iframe\" href=\"https:\/\/www.google.com\/maps\/embed?pb=!1m14!1m8!1m3!1d15925.005379790866!2d-38.5206074!3d-3.7553686!3m2!1i1024!2i768!4f13.1!3m3!1m2!1s0x00xb4fc94212369b60f!2sIBAMA-+Instituto+Brasileiro+do+Meio+Ambiente!5e0!3m2!1spt-BR!2sbr!4v1550650497854\"><img decoding=\"async\" src=\"http:\/\/www.encontracampinas.com.br\/imgs\/maps-post.png\"><\/a>\n\n<div style=\"font-size: 0px; height: 0px; line-height: 0px; margin: 0; padding: 0; clear: both;\"><\/div>","protected":false},"excerpt":{"rendered":"<p>O Ibama Fortaleza &#8211; Instituto Brasileiro do Meio Ambiente e dos Recursos Naturais Renov\u00e1veis &#8211; criado pela Lei n\u00ba 7.735 de 22 de fevereiro de 1989, \u00e9 uma autarquia federal vinculada ao Minist\u00e9rio do Meio Ambiente (MMA). \u00c9 o \u00f3rg\u00e3o executivo respons\u00e1vel pela execu\u00e7\u00e3o da Pol\u00edtica Nacional do Meio Ambiente (PNMA), institu\u00edda pela lei n\u00ba 6.938, de 31 de agosto de 1981, e desenvolve diversas atividades para a preserva\u00e7\u00e3o e conserva\u00e7\u00e3o do patrim\u00f4nio natural, exercendo o controle e a fiscaliza\u00e7\u00e3o sobre o uso dos recursos naturais (\u00e1gua, flora, fauna, solo, etc). Tamb\u00e9m cabe a ele conceder licen\u00e7as ambientais para empreendimentos <\/p>\n","protected":false},"author":1,"featured_media":0,"parent":0,"menu_order":0,"comment_status":"closed","ping_status":"closed","template":"","meta":{"footnotes":""},"class_list":["post-1371","page","type-page","status-publish","hentry"],"aioseo_notices":[],"_links":{"self":[{"href":"https:\/\/www.encontrafortaleza.com\/sobre\/wp-json\/wp\/v2\/pages\/1371"}],"collection":[{"href":"https:\/\/www.encontrafortaleza.com\/sobre\/wp-json\/wp\/v2\/pages"}],"about":[{"href":"https:\/\/www.encontrafortaleza.com\/sobre\/wp-json\/wp\/v2\/types\/page"}],"author":[{"embeddable":true,"href":"https:\/\/www.encontrafortaleza.com\/sobre\/wp-json\/wp\/v2\/users\/1"}],"replies":[{"embeddable":true,"href":"https:\/\/www.encontrafortaleza.com\/sobre\/wp-json\/wp\/v2\/comments?post=1371"}],"version-history":[{"count":0,"href":"https:\/\/www.encontrafortaleza.com\/sobre\/wp-json\/wp\/v2\/pages\/1371\/revisions"}],"wp:attachment":[{"href":"https:\/\/www.encontrafortaleza.com\/sobre\/wp-json\/wp\/v2\/media?parent=1371"}],"curies":[{"name":"wp","href":"https:\/\/api.w.org\/{rel}","templated":true}]}}