{"id":1397,"date":"2019-02-23T05:55:52","date_gmt":"2019-02-23T08:55:52","guid":{"rendered":"https:\/\/www.encontrafortaleza.com\/sobre\/?page_id=1397"},"modified":"2019-02-23T05:56:46","modified_gmt":"2019-02-23T08:56:46","slug":"hospital-albert-sabin-fortaleza","status":"publish","type":"page","link":"https:\/\/www.encontrafortaleza.com\/sobre\/hospital-albert-sabin-fortaleza\/","title":{"rendered":"Hospital Albert Sabin Fortaleza"},"content":{"rendered":"<div class=\"2ad529334b11458fd7d9bde3e187e581\" data-index=\"1\" style=\"float: left; margin: 5px 5px 5px 0;\">\n<!-- EBR \/Novo-Bairro-Topo\/ 300x250 -->\r\n<ins class=\"adsbygoogle\"\r\n     style=\"display:inline-block;width:300px;height:250px\"\r\n     data-ad-client=\"ca-pub-6414922941841817\"\r\n     data-ad-slot=\"5351822287\"><\/ins>\r\n<script>\r\n(adsbygoogle = window.adsbygoogle || []).push({});\r\n<\/script>\n<\/div>\n<p>O <strong>Hospital Infantil Albert Sabin Fortaleza<\/strong>\u00a0 \u00e9 um \u00f3rg\u00e3o da administra\u00e7\u00e3o p\u00fablica estadual, subordinado \u00e0 Secretaria da Sa\u00fade do Estado do Cear\u00e1, que tem como miss\u00e3o: \u201cprestar assist\u00eancia terci\u00e1ria \u00e0 crian\u00e7a e ao adolescente, de forma segura e humanizada, sendo institui\u00e7\u00e3o de ensino e pesquisa.\u201d Regido por valores como \u00e9tica, humaniza\u00e7\u00e3o, compromisso, participa\u00e7\u00e3o, valoriza\u00e7\u00e3o profissional, efici\u00eancia e credibilidade, o Hospital tem como vis\u00e3o de futuro \u201cser excel\u00eancia internacional pedi\u00e1trica em assist\u00eancia quatern\u00e1ria, ensino e pesquisa, com responsabilidade s\u00f3cio-ambiental\u201d.<\/p>\n<p>Foi inaugurado em 26 de dezembro de 1952 como Hospital Infantil de Fortaleza (HIF) com o objetivo de abrigar, em tr\u00eas enfermarias, crian\u00e7as doentes provenientes principalmente do interior do Estado. Sua iniciativa foi considerada pioneira, pois, at\u00e9 ent\u00e3o, n\u00e3o existia no Cear\u00e1 nenhuma institui\u00e7\u00e3o voltada exclusivamente para o atendimento \u00e0 crian\u00e7a.<\/p>\n<p><img loading=\"lazy\" decoding=\"async\" class=\"alignnone wp-image-1398 size-full\" title=\"Hospital Albert Sabin Fortaleza\" src=\"https:\/\/www.encontrafortaleza.com\/sobre\/wp-content\/uploads\/2019\/02\/hospital-albert-sabin-fortaleza.gif\" alt=\"Hospital Albert Sabin Fortaleza\" width=\"680\" height=\"189\" \/><\/p>\n<p>Em 1976, foi inaugurada sua nova sede, onde se encontra at\u00e9 hoje e em 17 de julho de 1977, por ocasi\u00e3o da visita do Dr. Sabin ao hospital, o Governo Estadual decretou a mudan\u00e7a de sua denomina\u00e7\u00e3o para Hospital Infantil Albert Sabin.<\/p>\n<p>No in\u00edcio de suas atividades, o Hospital oferecia apenas servi\u00e7os de pediatria geral, assist\u00eancia materno-infantil e neurologia. Atualmente, o Albert Sabin \u00e9 o \u00fanico hospital infantil terci\u00e1rio do Estado que \u00e9 refer\u00eancia no atendimento a crian\u00e7as e adolescentes com doen\u00e7as graves e de alta complexidade e reconhecido como institui\u00e7\u00e3o de ensino e pesquisa.<\/p>\n<p>Conta com emerg\u00eancia cl\u00ednica, ambulat\u00f3rio com 28 especialidades m\u00e9dicas, unidades de terapia intensiva e neonatais de m\u00e9dio e alto risco, centro cir\u00fargico, laborat\u00f3rios cl\u00ednico e de imagem, al\u00e9m de um centro especializado em tratamento e servi\u00e7o de diagn\u00f3stico do c\u00e2ncer. O Hospital disp\u00f5e de 310 leitos, sendo 306 de interna\u00e7\u00e3o, 4 do Hospital Dia e 41 de UTIs, 14 servi\u00e7os t\u00e9cnicos de diagn\u00f3stico e terapia. Por m\u00eas, em m\u00e9dia, s\u00e3o realizados 830 interna\u00e7\u00f5es, 17 mil consultas ambulatoriais e 4,5 mil na Emerg\u00eancia, 86,3 mil exames laboratoriais cl\u00ednicos e de imagem (internos e externos) e 730 procedimentos em sala cir\u00fargica.<\/p>\n<h2>Hospital Albert Sabin Fortaleza Refer\u00eancia Norte\/Nordeste<\/h2>\n<p>O Hospital Infantil Albert Sabin foi a <em>primeira unidade de sa\u00fade p\u00fablica, nas regi\u00f5es Norte e Nordeste<\/em>, a realizar cirurgia in\u00e9dita com a BMP2 (Prote\u00edna Morfogen\u00e9tica com Recombinante Humano Tipo 2), que dispensa totalmente o uso de osso aut\u00f3geno em pacientes portadores de fissura l\u00e1bio-palatal. Outro marco, foi se tornar pioneiro no Brasil em licita\u00e7\u00e3o 100% digital.<\/p>\n<p>Esses avan\u00e7os se somam a outros como a renova\u00e7\u00e3o do parque tecnol\u00f3gico com a aquisi\u00e7\u00e3o de tom\u00f3grafo com reconstru\u00e7\u00e3o de imagem em 3D, o mais moderno das unidades de pediatria do Sistema \u00danico de Sa\u00fade (SUS) no Nordeste; gastroendosc\u00f3pio; equipamento e instrumental de v\u00eddeo cirurgia; arco cir\u00fargico; monitores multiparam\u00e9tricos; aparelhos de raio-x fixo e port\u00e1til; aparelho de ultrassom; lavadora ultrass\u00f4nica; marcapasso externo; ambul\u00e2ncias; motocicletas; ventiladores pulmonares; equipamento \u00e0 laser para o servi\u00e7o de odontologia; aparelhos de nasofibroscopia e oftalmol\u00f3gicos; microsc\u00f3pios biol\u00f3gicos binoculares; incubadoras com sistema digital autom\u00e1tico, dentre outros.<\/p>\n<h3>Hospital Albert Sabin Fortaleza Especialidades<\/h3>\n<p>O Hospital Albert Sabin oferece as seguintes <em>especialidades:<\/em><\/p>\n<ul>\n<li>Cirurgia Pedi\u00e1trica<\/li>\n<li>Cirurgia Card\u00edaca Pedi\u00e1trica<\/li>\n<li>Cirurgia Pl\u00e1stica Pedi\u00e1trica<\/li>\n<li>Neurocirurgia Pedi\u00e1trica<\/li>\n<li>Ortopedia Pedi\u00e1trica<\/li>\n<\/ul>\n<h3>Hospital Albert Sabin Fortaleza Laborat\u00f3rio de An\u00e1lises Cl\u00ednicas<\/h3>\n<p>O <em>Laborat\u00f3rio de An\u00e1lises Cl\u00ednicas<\/em> realiza cerca de 80 mil exames por m\u00eas. S\u00e3o procedimentos de hematologia, microbiologia, bioqu\u00edmica do sangue e da urina, imunologia (Rast), horm\u00f4nios, sum\u00e1rio de urina, teste do cloro no suor, diagn\u00f3stico da mal\u00e1ria e doen\u00e7a de chagas em gota espessa e coleta do teste do pezinho. A equipe \u00e9 composta por nove bioqu\u00edmicos, 37 auxiliares de laborat\u00f3rio, quatro t\u00e9cnicos de laborat\u00f3rio e um agente administrativo.<\/p>\n<p>Al\u00e9m disso, o Laborat\u00f3rio tamb\u00e9m desenvolve atividades de ensino e pesquisa, servindo como campo de est\u00e1gio para auxiliares de laborat\u00f3rio e farmac\u00eauticos bioqu\u00edmicos. A equipe trabalha com indicadores de avalia\u00e7\u00e3o de desempenho e com o sistema de interfaciamento, com o objetivo de garantir confiabilidade nos resultados dos exames.<\/p>\n<p>Para atender o usu\u00e1rio com rapidez e qualidade, o Laborat\u00f3rio Geral investe na aquisi\u00e7\u00e3o de aparelhos com tecnologia de ponta e na automatiza\u00e7\u00e3o dos exames, viabilizando resultados confi\u00e1veis, r\u00e1pidos e econ\u00f4micos (menor coleta de sangue X menor quantidade de reagentes). Fora isso, os resultados dos exames s\u00e3o disponibilizados para as unidades do Hospital por rede.<\/p>\n<p>A preocupa\u00e7\u00e3o com a capacita\u00e7\u00e3o profissional \u00e9 outro ponto forte do servi\u00e7o. Por isso, o Laborat\u00f3rio participa de programas de controle de qualidade (PNCQ e Prevecal) e incentiva os colaboradores a buscarem aperfei\u00e7oamento em congressos e cursos.<\/p>\n<h3>Vagas Hospital Albert Sabin Fortaleza &#8211; Trabalhe Conosco<\/h3>\n<p>O Hospital Albert Sabin Fortaleza disponibiliza <em>vagas de trabalho<\/em> durante todo ano. Para se informar sobre os processos seletivos e se candidatar as vagas acompanhe o site da empresa, onde \u00e9 poss\u00edvel se informar sobre vagas abertas, sal\u00e1rios e compet\u00eancias necess\u00e1rias para se candidatar ao processo.<\/p>\n<h3>Hor\u00e1rio de Funcionamento Hospital Albert Sabin em Fortaleza<\/h3>\n<ul>\n<li>24 horas<\/li>\n<\/ul>\n<h3>Onde Fica,\u00a0Endere\u00e7o e Telefone Hospital Albert Sabin em Fortaleza<\/h3>\n<ul>\n<li>R. Tertuliano S\u00e1les, 544 &#8211; Vila Uni\u00e3o &#8211; Fortaleza &#8211; CE<\/li>\n<li>Telefone: (85) 3101-4200<\/li>\n<\/ul>\n<h4>Outras informa\u00e7\u00f5es e site<\/h4>\n<ul>\n<li>Mais informa\u00e7\u00f5es:\u00a0<a href=\"http:\/\/www.hias.ce.gov.br\/\" target=\"_blank\" rel=\"noopener noreferrer\">www.hias.ce.gov.br<\/a><\/li>\n<\/ul>\n<h4>Mapa de localiza\u00e7\u00e3o<\/h4>\n<a class=\"wp-colorbox-iframe\" href=\"https:\/\/www.google.com\/maps\/embed?pb=!1m14!1m8!1m3!1d15924.870418332785!2d-38.5317896!3d-3.7627591!3m2!1i1024!2i768!4f13.1!3m3!1m2!1s0x00x3aa1f7e96b736d96!2sHospital+Infantil+Albert+Sabin!5e0!3m2!1spt-BR!2sbr!4v1550910698473\"><img decoding=\"async\" src=\"http:\/\/www.encontracampinas.com.br\/imgs\/maps-post.png\"><\/a>\n\n<div style=\"font-size: 0px; height: 0px; line-height: 0px; margin: 0; padding: 0; clear: both;\"><\/div>","protected":false},"excerpt":{"rendered":"<p>O Hospital Infantil Albert Sabin Fortaleza\u00a0 \u00e9 um \u00f3rg\u00e3o da administra\u00e7\u00e3o p\u00fablica estadual, subordinado \u00e0 Secretaria da Sa\u00fade do Estado do Cear\u00e1, que tem como miss\u00e3o: \u201cprestar assist\u00eancia terci\u00e1ria \u00e0 crian\u00e7a e ao adolescente, de forma segura e humanizada, sendo institui\u00e7\u00e3o de ensino e pesquisa.\u201d Regido por valores como \u00e9tica, humaniza\u00e7\u00e3o, compromisso, participa\u00e7\u00e3o, valoriza\u00e7\u00e3o profissional, efici\u00eancia e credibilidade, o Hospital tem como vis\u00e3o de futuro \u201cser excel\u00eancia internacional pedi\u00e1trica em assist\u00eancia quatern\u00e1ria, ensino e pesquisa, com responsabilidade s\u00f3cio-ambiental\u201d. Foi inaugurado em 26 de dezembro de 1952 como Hospital Infantil de Fortaleza (HIF) com o objetivo de abrigar, em tr\u00eas enfermarias, <\/p>\n","protected":false},"author":1,"featured_media":0,"parent":0,"menu_order":0,"comment_status":"closed","ping_status":"closed","template":"","meta":{"footnotes":""},"class_list":["post-1397","page","type-page","status-publish","hentry"],"aioseo_notices":[],"_links":{"self":[{"href":"https:\/\/www.encontrafortaleza.com\/sobre\/wp-json\/wp\/v2\/pages\/1397"}],"collection":[{"href":"https:\/\/www.encontrafortaleza.com\/sobre\/wp-json\/wp\/v2\/pages"}],"about":[{"href":"https:\/\/www.encontrafortaleza.com\/sobre\/wp-json\/wp\/v2\/types\/page"}],"author":[{"embeddable":true,"href":"https:\/\/www.encontrafortaleza.com\/sobre\/wp-json\/wp\/v2\/users\/1"}],"replies":[{"embeddable":true,"href":"https:\/\/www.encontrafortaleza.com\/sobre\/wp-json\/wp\/v2\/comments?post=1397"}],"version-history":[{"count":0,"href":"https:\/\/www.encontrafortaleza.com\/sobre\/wp-json\/wp\/v2\/pages\/1397\/revisions"}],"wp:attachment":[{"href":"https:\/\/www.encontrafortaleza.com\/sobre\/wp-json\/wp\/v2\/media?parent=1397"}],"curies":[{"name":"wp","href":"https:\/\/api.w.org\/{rel}","templated":true}]}}