{"id":1413,"date":"2019-02-26T05:00:54","date_gmt":"2019-02-26T08:00:54","guid":{"rendered":"https:\/\/www.encontrafortaleza.com\/sobre\/?p=1413"},"modified":"2019-03-07T06:18:28","modified_gmt":"2019-03-07T09:18:28","slug":"castelao-fortaleza","status":"publish","type":"page","link":"https:\/\/www.encontrafortaleza.com\/sobre\/castelao-fortaleza\/","title":{"rendered":"Castel\u00e3o Fortaleza"},"content":{"rendered":"<div class=\"2ad529334b11458fd7d9bde3e187e581\" data-index=\"1\" style=\"float: left; margin: 5px 5px 5px 0;\">\n<!-- EBR \/Novo-Bairro-Topo\/ 300x250 -->\r\n<ins class=\"adsbygoogle\"\r\n     style=\"display:inline-block;width:300px;height:250px\"\r\n     data-ad-client=\"ca-pub-6414922941841817\"\r\n     data-ad-slot=\"5351822287\"><\/ins>\r\n<script>\r\n(adsbygoogle = window.adsbygoogle || []).push({});\r\n<\/script>\n<\/div>\n<p>O Est\u00e1dio Governador Pl\u00e1cido Castelo, tamb\u00e9m conhecido como Arena Castel\u00e3o, ou simplesmente <strong>Castel\u00e3o Fortaleza<\/strong>, \u00e9 um est\u00e1dio de futebol brasileiro localizado em Fortaleza, Cear\u00e1, e inaugurado em 1973. Sua <em>capacidade<\/em> atual \u00e9 de at\u00e9 63.903 espectadores. Est\u00e1 entre os 60 maiores est\u00e1dios do mundo, \u00e9 o quarto maior do Brasil e o maior do Norte\/Nordeste. \u00c9 o primeiro est\u00e1dio da Am\u00e9rica do Sul a obter a certifica\u00e7\u00e3o ambiental Leed.<\/p>\n<p>O est\u00e1dio foi reformado em 2002, e totalmente remodelado em 2012, em decorr\u00eancia da Copa do Mundo FIFA de 2014, evento do qual foi uma das sedes, recebendo seis jogos, entre eles um jogo das oitavas de final, um das quartas de final e dois jogos da Sele\u00e7\u00e3o Brasileira.<\/p>\n<p><img loading=\"lazy\" decoding=\"async\" class=\"alignnone wp-image-1416 size-full\" title=\"Castel\u00e3o Fortaleza\" src=\"https:\/\/www.encontrafortaleza.com\/sobre\/wp-content\/uploads\/2019\/02\/arena-castelao-fortaleza.gif\" alt=\"Castel\u00e3o Fortaleza\" width=\"680\" height=\"189\" \/><\/p>\n<p>J\u00e1 foi palco de grandes eventos esportivos e culturais, como jogos da Sele\u00e7\u00e3o Brasileira e a recep\u00e7\u00e3o ao Papa Jo\u00e3o Paulo II em 1980, em sua passagem pela capital do estado. Entre competi\u00e7\u00f5es nacionais de futebol, foi sede das finais do Campeonato Brasileiro S\u00e9rie B de 2002, da Copa dos Campe\u00f5es de 2002, da Copa do Brasil de 1994 e da Copa do Nordeste de 2014 e de 2015.<\/p>\n<p>Em 2013, foi uma das sedes da Copa das Confedera\u00e7\u00f5es; em 2014, recebeu jogos da Copa do Mundo e, em 2016, foi um dos centros de treinamento para os Olimp\u00edadas de 2016 como parte integrante do Centro de Forma\u00e7\u00e3o Ol\u00edmpica do Nordeste, um dos maiores centros de forma\u00e7\u00e3o esportiva de alto n\u00edvel do pa\u00eds.<\/p>\n<h2>Castel\u00e3o Fortaleza Setores<\/h2>\n<p>O\u00a0<strong>Castel\u00e3o<\/strong>\u00a0\u00e9 dividido em <em>setores<\/em>. A Arena possu\u00ed quatro pavimentos, do subsolo aos camarotes, ao todo s\u00e3o nove setores separados por cores e nomes. Na \u00e9poca de inaugura\u00e7\u00e3o, o est\u00e1dio possu\u00eda somente dois lances de arquibancada, sem os setores atr\u00e1s dos gols. Em 1980 a\u00a0<em>Arena Castel\u00e3o\u00a0<\/em>passou por reformas, e as arquibancadas do setor inferior foram ent\u00e3o conclu\u00eddas.<\/p>\n<p><img loading=\"lazy\" decoding=\"async\" class=\"alignnone wp-image-1414 size-full\" title=\"Castel\u00e3o Fortaleza Setores\" src=\"https:\/\/www.encontrafortaleza.com\/sobre\/wp-content\/uploads\/2019\/02\/setores.png\" alt=\"Castel\u00e3o Fortaleza Setores\" width=\"898\" height=\"711\" srcset=\"https:\/\/www.encontrafortaleza.com\/sobre\/wp-content\/uploads\/2019\/02\/setores.png 898w, https:\/\/www.encontrafortaleza.com\/sobre\/wp-content\/uploads\/2019\/02\/setores-300x238.png 300w, https:\/\/www.encontrafortaleza.com\/sobre\/wp-content\/uploads\/2019\/02\/setores-768x608.png 768w\" sizes=\"(max-width: 898px) 100vw, 898px\" \/><\/p>\n<h3>Arena Castel\u00e3o Fortaleza Ingressos<\/h3>\n<p><em>Os\u00a0ingressos\u00a0<\/em>para jogos na\u00a0Arena Castel\u00e3o\u00a0s\u00e3o vendidos apenas em pontos de vendas f\u00edsicos na cidade de Fortaleza. Geralmente os lotes de ingressos s\u00e3o liberados de tr\u00eas a cinco dias antes do dia da partida. Os postos de vendas s\u00e3o:<\/p>\n<ul>\n<li><strong>Est\u00e1dio Alcides Santos<\/strong>\u00a0(Av. Senador Fernandes T\u00e1vora, 200 \u2013 Pici) \u2013 Tel: (85) 3496-2846<\/li>\n<li><strong>Loja do S\u00f3cio Torcedor<\/strong>\u00a0(Av. Bar\u00e3o de Studart, 2550 \u2013 Loja 2) \u2013 Tel: (85) 3055-1918<\/li>\n<li><strong>Le\u00e3o 1918<\/strong>\u00a0(Avenida Sargentino Herm\u00ednio, 3100) \u2013 Tel: (85) 3287-7149<\/li>\n<li><strong>Le\u00e3o Shop<\/strong>\u00a0(Avenida Washington Soares, 1360) \u2013 Tel: (85) 3111-4747<\/li>\n<li><strong>Loja Tricola\u00e7o 1<\/strong>\u00a0(Av. Bezerra de Menezes, 1548 \u2013 Loja 10) \u2013 Tel: (85) 3223-4707<\/li>\n<li><strong>Loja Tricola\u00e7o 2<\/strong>\u00a0(Rua Pedro Borges, 143 \u2013 Loja 13) \u2013 Tel: (85) 3231-6349<\/li>\n<li><strong>Loja Tricola\u00e7o 3<\/strong>\u00a0(Av. Dom Luis, 500 \u2013 Shopping Aldeota) \u2013 Tel: (85) 3458-1636<\/li>\n<li><strong>Loj\u00e3o do Fortaleza<\/strong>\u00a0(Av. dos Expedicion\u00e1rios, 3416 \u2013 Loja 04) \u2013 Tel: (85) 3214-2579<\/li>\n<li><strong>Loja Caldeir\u00e3o<\/strong>\u00a0(Rua Major Facundo, 692) \u2013 Tel: (85) 3223-5944<\/li>\n<li><strong>Amor Eterno<\/strong>\u00a0(Rua Senador Pompeu, 814 \u2013 Centro) \u2013 Tel: (85) 3212-0715<\/li>\n<li><strong>Le\u00e3o Store<\/strong>\u00a0(Avenida Carapinima, 2200 \u2013 Benfica) \u2013 Tel: (85) 3223-5979<\/li>\n<li><strong>Est\u00e1dio Soccer Store<\/strong>\u00a0(Avenida Carapinima, 2200 \u2013 Benfica) \u2013 Tel: (85) 3016-9228<\/li>\n<li><strong>Loja Rudigo do Le\u00e3o<\/strong>\u00a0(Rua Bom Jesus, 965 \u2013 Bom Jardim) \u2013 Tel: (85) 98586-3278<\/li>\n<li><strong>Loja do Le\u00e3o \u2013 Maracana\u00fa<\/strong>\u00a0(Rua 40a, 32 \u2013 Centro de Maracana\u00fa) \u2013 Tel: (85) 99804-0738<\/li>\n<li><strong>Loja Sou Tricolor \u2013 Caucaia<\/strong>\u00a0(Rua Joaquim Mota, 438) \u2013 Tel: (85) 98602-5455<\/li>\n<li><strong>Le\u00e3o shop 2<\/strong>\u00a0\u2013 (Shopping Parangaba Piso 1)<\/li>\n<\/ul>\n<h3>Arena Castel\u00e3o Fortaleza Visita<\/h3>\n<p>A\u00a0Arena Castel\u00e3o\u00a0recebe <em>visitas<\/em> de segunda a sexta mediante agendamento pr\u00e9vio atrav\u00e9s do telefone ou e-mail abaixo. \u00c9 cobrada uma taxa para a visita\u00e7\u00e3o e a meia entrada \u00e9 concedida \u00e0s crian\u00e7as com at\u00e9 12 anos, estudantes e idosos acima de 60 anos atrav\u00e9s da apresenta\u00e7\u00e3o de documento.<\/p>\n<h3>Castel\u00e3o Fortaleza Eventos<\/h3>\n<p>No Est\u00e1dio tamb\u00e9m s\u00e3o realizados alguns <em>eventos<\/em>, acesse o site e verifique a agenda do local.<\/p>\n<h3>Arena Castel\u00e3o Fortaleza Fotos<\/h3>\n<p><img loading=\"lazy\" decoding=\"async\" class=\"alignnone wp-image-1415 size-full\" title=\"Arena Castel\u00e3o Fortaleza Fotos\" src=\"https:\/\/www.encontrafortaleza.com\/sobre\/wp-content\/uploads\/2019\/02\/arena-fotos.png\" alt=\"Arena Castel\u00e3o Fortaleza Fotos\" width=\"761\" height=\"351\" srcset=\"https:\/\/www.encontrafortaleza.com\/sobre\/wp-content\/uploads\/2019\/02\/arena-fotos.png 761w, https:\/\/www.encontrafortaleza.com\/sobre\/wp-content\/uploads\/2019\/02\/arena-fotos-300x138.png 300w\" sizes=\"(max-width: 761px) 100vw, 761px\" \/><\/p>\n<h3>Hor\u00e1rio de Funcionamento Arena Castel\u00e3o em Fortaleza<\/h3>\n<ul>\n<li>Diariamente das 08h \u00e0s 17h<\/li>\n<\/ul>\n<h3>Onde Fica,\u00a0Endere\u00e7o e Telefone Arena Castel\u00e3o em Fortaleza<\/h3>\n<ul>\n<li>Av. Alberto Craveiro, 2901 &#8211; Castel\u00e3o &#8211; Fortaleza &#8211; CE<\/li>\n<li>Telefone: (85) 3304-4501<\/li>\n<\/ul>\n<h4>Outras informa\u00e7\u00f5es e site<\/h4>\n<ul>\n<li>Mais informa\u00e7\u00f5es:\u00a0<a href=\"https:\/\/www.arenacastelao.net\/\" target=\"_blank\" rel=\"noopener noreferrer\">www.arenacastelao.net<\/a><\/li>\n<\/ul>\n<h4>Mapa de localiza\u00e7\u00e3o<\/h4>\n<a class=\"wp-colorbox-iframe\" href=\"https:\/\/www.google.com\/maps\/embed?pb=!1m14!1m8!1m3!1d15924.051732395477!2d-38.5224331!3d-3.8072834!3m2!1i1024!2i768!4f13.1!3m3!1m2!1s0x00xb7514ac6ecd252e3!2sArena+Castelo!5e0!3m2!1spt-BR!2sbr!4v1551167813913\"><img decoding=\"async\" src=\"http:\/\/www.encontracampinas.com.br\/imgs\/maps-post.png\"><\/a>\n\n<div style=\"font-size: 0px; height: 0px; line-height: 0px; margin: 0; padding: 0; clear: both;\"><\/div>","protected":false},"excerpt":{"rendered":"<p>O Est\u00e1dio Governador Pl\u00e1cido Castelo, tamb\u00e9m conhecido como Arena Castel\u00e3o, ou simplesmente Castel\u00e3o Fortaleza, \u00e9 um est\u00e1dio de futebol brasileiro localizado em Fortaleza, Cear\u00e1, e inaugurado em 1973. Sua capacidade atual \u00e9 de at\u00e9 63.903 espectadores. Est\u00e1 entre os 60 maiores est\u00e1dios do mundo, \u00e9 o quarto maior do Brasil e o maior do Norte\/Nordeste. \u00c9 o primeiro est\u00e1dio da Am\u00e9rica do Sul a obter a certifica\u00e7\u00e3o ambiental Leed. O est\u00e1dio foi reformado em 2002, e totalmente remodelado em 2012, em decorr\u00eancia da Copa do Mundo FIFA de 2014, evento do qual foi uma das sedes, recebendo seis jogos, entre <\/p>\n","protected":false},"author":1,"featured_media":1416,"parent":0,"menu_order":0,"comment_status":"open","ping_status":"open","template":"","meta":{"footnotes":""},"class_list":["post-1413","page","type-page","status-publish","has-post-thumbnail","hentry","has_thumb"],"aioseo_notices":[],"_links":{"self":[{"href":"https:\/\/www.encontrafortaleza.com\/sobre\/wp-json\/wp\/v2\/pages\/1413"}],"collection":[{"href":"https:\/\/www.encontrafortaleza.com\/sobre\/wp-json\/wp\/v2\/pages"}],"about":[{"href":"https:\/\/www.encontrafortaleza.com\/sobre\/wp-json\/wp\/v2\/types\/page"}],"author":[{"embeddable":true,"href":"https:\/\/www.encontrafortaleza.com\/sobre\/wp-json\/wp\/v2\/users\/1"}],"replies":[{"embeddable":true,"href":"https:\/\/www.encontrafortaleza.com\/sobre\/wp-json\/wp\/v2\/comments?post=1413"}],"version-history":[{"count":0,"href":"https:\/\/www.encontrafortaleza.com\/sobre\/wp-json\/wp\/v2\/pages\/1413\/revisions"}],"wp:featuredmedia":[{"embeddable":true,"href":"https:\/\/www.encontrafortaleza.com\/sobre\/wp-json\/wp\/v2\/media\/1416"}],"wp:attachment":[{"href":"https:\/\/www.encontrafortaleza.com\/sobre\/wp-json\/wp\/v2\/media?parent=1413"}],"curies":[{"name":"wp","href":"https:\/\/api.w.org\/{rel}","templated":true}]}}