{"id":1457,"date":"2019-03-15T05:02:47","date_gmt":"2019-03-15T08:02:47","guid":{"rendered":"https:\/\/www.encontrafortaleza.com\/sobre\/?p=1457"},"modified":"2019-03-15T05:04:53","modified_gmt":"2019-03-15T08:04:53","slug":"planetario-fortaleza","status":"publish","type":"page","link":"https:\/\/www.encontrafortaleza.com\/sobre\/planetario-fortaleza\/","title":{"rendered":"Planet\u00e1rio Fortaleza"},"content":{"rendered":"<div class=\"2ad529334b11458fd7d9bde3e187e581\" data-index=\"1\" style=\"float: left; margin: 5px 5px 5px 0;\">\n<!-- EBR \/Novo-Bairro-Topo\/ 300x250 -->\r\n<ins class=\"adsbygoogle\"\r\n     style=\"display:inline-block;width:300px;height:250px\"\r\n     data-ad-client=\"ca-pub-6414922941841817\"\r\n     data-ad-slot=\"5351822287\"><\/ins>\r\n<script>\r\n(adsbygoogle = window.adsbygoogle || []).push({});\r\n<\/script>\n<\/div>\n<p>Conhecido popularmente como <strong>Planet\u00e1rio Fortaleza<\/strong>, o Planet\u00e1rio Rubens de Azevedo foi fundado em 1999, e reinaugurado em 2010. Na \u00e9poca recebeu novos equipamentos e instalou a Zeiss, uma m\u00e1quina de tecnologia alem\u00e3 que \u00e9 uma das mais modernas do mundo, que consegue projetar o c\u00e9u em alta defini\u00e7\u00e3o.<\/p>\n<p>Foi batizado com o nome do astr\u00f4nomo cearense que criou, em 1947, a primeira Sociedade Brasileira de Amigos da Astronomia (SBAA). Localizado no Centro Drag\u00e3o do Mar de Arte e Cultura, o Planet\u00e1rio Rubens de Azevedo abriga at\u00e9 78 pessoas em suas poltronas distribu\u00eddas em c\u00edrculos. O visitante assiste a um verdadeiro espet\u00e1culo explorando estrelas, planetas, fen\u00f4menos e constela\u00e7\u00f5es, de maneira realista e deslumbrante.<\/p>\n<p><img loading=\"lazy\" decoding=\"async\" class=\"alignnone wp-image-1458 size-full\" title=\"Planet\u00e1rio Fortaleza\" src=\"https:\/\/www.encontrafortaleza.com\/sobre\/wp-content\/uploads\/2019\/03\/planetario-fortaleza.gif\" alt=\"Planet\u00e1rio FortalezaPlanet\u00e1rio Fortaleza\" width=\"680\" height=\"189\" \/><\/p>\n<p>S\u00e3o oferecidos esporadicamente cursos, palestras e exposi\u00e7\u00f5es no local. Recebe um p\u00fablico variado, dentre eles, escolas p\u00fablicas e particulares. As crian\u00e7as ficam encantadas com a experi\u00eancia. \u00c9 poss\u00edvel adquirir conhecimentos sobre o universo e expandir sua vis\u00e3o sobre astronomia, ci\u00eancia e cultura.<\/p>\n<h2>Planet\u00e1rio Fortaleza Programa\u00e7\u00e3o<\/h2>\n<p>Confira a <em>programa\u00e7\u00e3o<\/em> das sess\u00f5es:<\/p>\n<p>\u00c0s quintas e sextas-feiras<\/p>\n<p>18h &#8211; Abc do Sistema Solar (sess\u00e3o infanto-juvenil )<\/p>\n<p>19h- Da terra as Gal\u00e1xias (sess\u00e3o infanto-juvenil )<\/p>\n<p>Aos s\u00e1bados e domingos:<\/p>\n<p>17h &#8211; Viagem no foguete de papel (sess\u00e3o infantil)<\/p>\n<p>18h &#8211; A lenda da princesa acorrentada (sess\u00e3o infanto-juvenil )<\/p>\n<p>19h &#8211; Da terra as Gal\u00e1xias (sess\u00e3o infanto-juvenil )<\/p>\n<p>20h- As Origens da vida<\/p>\n<h3>Planet\u00e1rio Rubens de Azevedo Fortaleza TripAdvisor<\/h3>\n<p>No\u00a0TripAdvisor\u00a0voc\u00ea pode ver as avalia\u00e7\u00f5es mais recentes e comparar os menores pre\u00e7os de divers\u00e3o e cultura em mais de 200 sites de reserva e aproveitar ao m\u00e1ximo sua viagem. No\u00a0<em>TripAdvisor<\/em>\u00a0voc\u00ea tamb\u00e9m encontra informa\u00e7\u00f5es e opini\u00f5es sobre o Planet\u00e1rio.<\/p>\n<h3>Planet\u00e1rio Fortaleza Pre\u00e7os<\/h3>\n<p>Acesse o site ou entre em contato pelo telefone abaixo para maiores informa\u00e7\u00f5es sobre o pre\u00e7o da entrada no Planet\u00e1rio.<em><br \/>\n<\/em><\/p>\n<h3>Hor\u00e1rio de Funcionamento Planet\u00e1rio em Fortaleza<\/h3>\n<ul>\n<li>Quinta e Sexta das 18h \u00e0s 19h \/\u00a0S\u00e1bado e Domingo das 17h \u00e0s 20h<\/li>\n<\/ul>\n<h3>Onde Fica,\u00a0Endere\u00e7o e Telefone Planet\u00e1rio em Fortaleza<\/h3>\n<ul>\n<li>R. Drag\u00e3o do Mar, 81 &#8211; Praia de Iracema &#8211; Fortaleza &#8211; CE<\/li>\n<li>Telefone: (85) 3488-8639<\/li>\n<\/ul>\n<h4>Outras informa\u00e7\u00f5es e site<\/h4>\n<ul>\n<li>Mais informa\u00e7\u00f5es:\u00a0<a href=\"http:\/\/www.dragaodomar.org.br\/planetario\" target=\"_blank\" rel=\"noopener noreferrer\">www.dragaodomar.org.br\/planetario<\/a><\/li>\n<\/ul>\n<h4>Mapa de localiza\u00e7\u00e3o<\/h4>\n<a class=\"wp-colorbox-iframe\" href=\"https:\/\/www.google.com\/maps\/embed?pb=!1m14!1m8!1m3!1d15925.620368993297!2d-38.5202348!3d-3.7215062!3m2!1i1024!2i768!4f13.1!3m3!1m2!1s0x00x4729b3c44601ccbd!2sPlanetrio+Rubens+de+Azevedo!5e0!3m2!1spt-BR!2sbr!4v1552636739159\"><img decoding=\"async\" src=\"http:\/\/www.encontracampinas.com.br\/imgs\/maps-post.png\"><\/a>\n\n<div style=\"font-size: 0px; height: 0px; line-height: 0px; margin: 0; padding: 0; clear: both;\"><\/div>","protected":false},"excerpt":{"rendered":"<p>Conhecido popularmente como Planet\u00e1rio Fortaleza, o Planet\u00e1rio Rubens de Azevedo foi fundado em 1999, e reinaugurado em 2010. Na \u00e9poca recebeu novos equipamentos e instalou a Zeiss, uma m\u00e1quina de tecnologia alem\u00e3 que \u00e9 uma das mais modernas do mundo, que consegue projetar o c\u00e9u em alta defini\u00e7\u00e3o. Foi batizado com o nome do astr\u00f4nomo cearense que criou, em 1947, a primeira Sociedade Brasileira de Amigos da Astronomia (SBAA). Localizado no Centro Drag\u00e3o do Mar de Arte e Cultura, o Planet\u00e1rio Rubens de Azevedo abriga at\u00e9 78 pessoas em suas poltronas distribu\u00eddas em c\u00edrculos. O visitante assiste a um verdadeiro <\/p>\n","protected":false},"author":1,"featured_media":0,"parent":0,"menu_order":0,"comment_status":"open","ping_status":"open","template":"","meta":{"footnotes":""},"class_list":["post-1457","page","type-page","status-publish","hentry"],"aioseo_notices":[],"_links":{"self":[{"href":"https:\/\/www.encontrafortaleza.com\/sobre\/wp-json\/wp\/v2\/pages\/1457"}],"collection":[{"href":"https:\/\/www.encontrafortaleza.com\/sobre\/wp-json\/wp\/v2\/pages"}],"about":[{"href":"https:\/\/www.encontrafortaleza.com\/sobre\/wp-json\/wp\/v2\/types\/page"}],"author":[{"embeddable":true,"href":"https:\/\/www.encontrafortaleza.com\/sobre\/wp-json\/wp\/v2\/users\/1"}],"replies":[{"embeddable":true,"href":"https:\/\/www.encontrafortaleza.com\/sobre\/wp-json\/wp\/v2\/comments?post=1457"}],"version-history":[{"count":0,"href":"https:\/\/www.encontrafortaleza.com\/sobre\/wp-json\/wp\/v2\/pages\/1457\/revisions"}],"wp:attachment":[{"href":"https:\/\/www.encontrafortaleza.com\/sobre\/wp-json\/wp\/v2\/media?parent=1457"}],"curies":[{"name":"wp","href":"https:\/\/api.w.org\/{rel}","templated":true}]}}