{"id":1486,"date":"2019-03-19T06:21:49","date_gmt":"2019-03-19T09:21:49","guid":{"rendered":"https:\/\/www.encontrafortaleza.com\/sobre\/?page_id=1486"},"modified":"2019-03-19T06:21:49","modified_gmt":"2019-03-19T09:21:49","slug":"samu-fortaleza","status":"publish","type":"page","link":"https:\/\/www.encontrafortaleza.com\/sobre\/samu-fortaleza\/","title":{"rendered":"Samu Fortaleza"},"content":{"rendered":"<div class=\"2ad529334b11458fd7d9bde3e187e581\" data-index=\"1\" style=\"float: left; margin: 5px 5px 5px 0;\">\n<!-- EBR \/Novo-Bairro-Topo\/ 300x250 -->\r\n<ins class=\"adsbygoogle\"\r\n     style=\"display:inline-block;width:300px;height:250px\"\r\n     data-ad-client=\"ca-pub-6414922941841817\"\r\n     data-ad-slot=\"5351822287\"><\/ins>\r\n<script>\r\n(adsbygoogle = window.adsbygoogle || []).push({});\r\n<\/script>\n<\/div>\n<p>Os servi\u00e7os de atendimento pr\u00e9-hospitalar m\u00f3vel, denominados Servi\u00e7os de Atendimento M\u00f3vel de Urg\u00eancia (Samu), e acionados por telefonia de discagem r\u00e1pida, conhecidos como Samu 192, foram normatizados no Brasil a partir de 2004. Caracterizam-se por prestar socorro \u00e0s pessoas em situa\u00e7\u00f5es de agravos urgentes, nas cenas em que esses agravos ocorrem, garantindo atendimento precoce, adequado ao ambiente pr\u00e9-hospitalar e ao acesso ao Sistema de Sa\u00fade.<\/p>\n<p>O\u00a0<strong>SAMU Fortaleza<\/strong>\u00a0n\u00e3o se caracteriza apenas por ser um servi\u00e7o de atendimento pr\u00e9-hospitalar m\u00f3vel mas por ser um servi\u00e7o complexo, onde uma central de regula\u00e7\u00e3o de urg\u00eancia e emerg\u00eancia composta por m\u00e9dicos reguladores atende toda a demanda do sistema telef\u00f4nico 192 e define uma hip\u00f3tese diagn\u00f3stica e a complexidade, assim como a prioridade do atendimento, podendo ser fornecida apenas uma orienta\u00e7\u00e3o m\u00e9dica ou, se necess\u00e1rio, um recurso mais complexo, liberando-se as diferentes viaturas \u2013 suporte b\u00e1sico ou suporte avan\u00e7ado.<\/p>\n<p><img loading=\"lazy\" decoding=\"async\" class=\"alignnone wp-image-1487 size-full\" title=\"Samu Fortaleza\" src=\"https:\/\/www.encontrafortaleza.com\/sobre\/wp-content\/uploads\/2019\/03\/samu-fortaleza.gif\" alt=\"Samu Fortaleza\" width=\"680\" height=\"189\" \/><\/p>\n<p>Ap\u00f3s o atendimento do paciente, tamb\u00e9m ser\u00e1 definido o destino do paciente podendo ser uma\u00a0unidade de pronto atendimento\u00a0(UPA) ou um hospital terci\u00e1rio. Assim, esse servi\u00e7o de atendimento m\u00f3vel foi criado para organizar os diferentes n\u00edveis de situa\u00e7\u00f5es de sa\u00fade, encaminhando os quadros de menor complexidade ou fase diagn\u00f3stica ou ainda de uma situa\u00e7\u00e3o de estabiliza\u00e7\u00e3o cl\u00ednica para UPAs, e os quadros de maior complexidade, que necessitam de especialidades (politraumatizados, infartos, trauma de cr\u00e2nios, acidentes vasculares encef\u00e1licos, abdome agudo), para hospitais.<\/p>\n<h2>Samu Fortaleza Protocolo<\/h2>\n<p>Voc\u00ea pode fazer os downloads dos <em>protocolos<\/em> do Samu diretamente no site, os mais baixados s\u00e3o:\u00a0protocolo de Regula\u00e7\u00e3o Samufor 2016 e protocolo de Suporte B\u00e1sico de Vida Samufor 2016<\/p>\n<h3>Samu Fortaleza Concurso<\/h3>\n<p>O Samu contrata funcion\u00e1rios por meio de concurso p\u00fablico, acesse o site e verifique quais editais est\u00e3o a disposi\u00e7\u00e3o.<\/p>\n<h3>Hor\u00e1rio de Funcionamento\u00a0Samu em Fortaleza<\/h3>\n<ul>\n<li>Parque Arax\u00e1: 24 horas<\/li>\n<li>Ouvidoria: Segunda a Sexta das 08h \u00e0s 17h<\/li>\n<\/ul>\n<h3>Endere\u00e7o e Telefone\u00a0Samu em Fortaleza<\/h3>\n<ul>\n<li>Parque Arax\u00e1:\u00a0Av. Bezerra de Menezes, 581 &#8211;\u00a0Telefone:\u00a0192<\/li>\n<li>Ouvidoria:\u00a0Rua Padre Guerra, 1350 &#8211; Telefone:\u00a0(85) 3452-9140<\/li>\n<\/ul>\n<h4>Outras informa\u00e7\u00f5es e site<\/h4>\n<ul>\n<li>Mais informa\u00e7\u00f5es:\u00a0<a href=\"http:\/\/www.samu.fortaleza.ce.gov.br\/\" target=\"_blank\" rel=\"noopener noreferrer\">www.samu.fortaleza.ce.gov.br<\/a><\/li>\n<\/ul>\n<h4>Mapa de localiza\u00e7\u00e3o<\/h4>\n<a class=\"wp-colorbox-iframe\" href=\"https:\/\/www.google.com\/maps\/embed?pb=!1m18!1m12!1m3!1d3981.35270315992!2d-38.552706185241085!3d-3.7330791972840074!2m3!1f0!2f0!3f0!3m2!1i1024!2i768!4f13.1!3m3!1m2!1s0x7c7499fd51d2f5f0x70a86a46b4e885de!2sAv.+Bezerra+de+Menezes+581+-+So+Gerardo+Fortaleza+-+CE+60325-003!5e0!3m2!1spt-BR!2sbr!4v1552987071850\"><img decoding=\"async\" src=\"http:\/\/www.encontracampinas.com.br\/imgs\/maps-post.png\"><\/a>\n\n<div style=\"font-size: 0px; height: 0px; line-height: 0px; margin: 0; padding: 0; clear: both;\"><\/div>","protected":false},"excerpt":{"rendered":"<p>Os servi\u00e7os de atendimento pr\u00e9-hospitalar m\u00f3vel, denominados Servi\u00e7os de Atendimento M\u00f3vel de Urg\u00eancia (Samu), e acionados por telefonia de discagem r\u00e1pida, conhecidos como Samu 192, foram normatizados no Brasil a partir de 2004. Caracterizam-se por prestar socorro \u00e0s pessoas em situa\u00e7\u00f5es de agravos urgentes, nas cenas em que esses agravos ocorrem, garantindo atendimento precoce, adequado ao ambiente pr\u00e9-hospitalar e ao acesso ao Sistema de Sa\u00fade. O\u00a0SAMU Fortaleza\u00a0n\u00e3o se caracteriza apenas por ser um servi\u00e7o de atendimento pr\u00e9-hospitalar m\u00f3vel mas por ser um servi\u00e7o complexo, onde uma central de regula\u00e7\u00e3o de urg\u00eancia e emerg\u00eancia composta por m\u00e9dicos reguladores atende toda a <\/p>\n","protected":false},"author":1,"featured_media":0,"parent":0,"menu_order":0,"comment_status":"closed","ping_status":"closed","template":"","meta":{"footnotes":""},"class_list":["post-1486","page","type-page","status-publish","hentry"],"aioseo_notices":[],"_links":{"self":[{"href":"https:\/\/www.encontrafortaleza.com\/sobre\/wp-json\/wp\/v2\/pages\/1486"}],"collection":[{"href":"https:\/\/www.encontrafortaleza.com\/sobre\/wp-json\/wp\/v2\/pages"}],"about":[{"href":"https:\/\/www.encontrafortaleza.com\/sobre\/wp-json\/wp\/v2\/types\/page"}],"author":[{"embeddable":true,"href":"https:\/\/www.encontrafortaleza.com\/sobre\/wp-json\/wp\/v2\/users\/1"}],"replies":[{"embeddable":true,"href":"https:\/\/www.encontrafortaleza.com\/sobre\/wp-json\/wp\/v2\/comments?post=1486"}],"version-history":[{"count":0,"href":"https:\/\/www.encontrafortaleza.com\/sobre\/wp-json\/wp\/v2\/pages\/1486\/revisions"}],"wp:attachment":[{"href":"https:\/\/www.encontrafortaleza.com\/sobre\/wp-json\/wp\/v2\/media?parent=1486"}],"curies":[{"name":"wp","href":"https:\/\/api.w.org\/{rel}","templated":true}]}}