{"id":1509,"date":"2019-03-28T05:45:08","date_gmt":"2019-03-28T08:45:08","guid":{"rendered":"https:\/\/www.encontrafortaleza.com\/sobre\/?page_id=1509"},"modified":"2019-03-28T05:45:08","modified_gmt":"2019-03-28T08:45:08","slug":"vigilancia-sanitaria-fortaleza","status":"publish","type":"page","link":"https:\/\/www.encontrafortaleza.com\/sobre\/vigilancia-sanitaria-fortaleza\/","title":{"rendered":"Vigil\u00e2ncia Sanit\u00e1ria Fortaleza"},"content":{"rendered":"<div class=\"2ad529334b11458fd7d9bde3e187e581\" data-index=\"1\" style=\"float: left; margin: 5px 5px 5px 0;\">\n<!-- EBR \/Novo-Bairro-Topo\/ 300x250 -->\r\n<ins class=\"adsbygoogle\"\r\n     style=\"display:inline-block;width:300px;height:250px\"\r\n     data-ad-client=\"ca-pub-6414922941841817\"\r\n     data-ad-slot=\"5351822287\"><\/ins>\r\n<script>\r\n(adsbygoogle = window.adsbygoogle || []).push({});\r\n<\/script>\n<\/div>\n<p><b>Vigil\u00e2ncia Sanit\u00e1ria Fortaleza<\/b>\u00a0\u00e9 a parcela do poder de pol\u00edcia do\u00a0Estado\u00a0destinada \u00e0 prote\u00e7\u00e3o e promo\u00e7\u00e3o da\u00a0sa\u00fade, que tem como principal finalidade impedir que a sa\u00fade humana seja exposta a riscos ou, em \u00faltima inst\u00e2ncia, combater as causas dos efeitos nocivos que lhe forem gerados, em raz\u00e3o de alguma distor\u00e7\u00e3o sanit\u00e1ria, na produ\u00e7\u00e3o e na circula\u00e7\u00e3o de bens, ou na presta\u00e7\u00e3o de servi\u00e7os de interesse \u00e0 sa\u00fade.<\/p>\n<p>No\u00a0Brasil, a defini\u00e7\u00e3o legal de Vigil\u00e2ncia Sanit\u00e1ria \u00e9 consentida pela Lei Federal n\u00ba 8.080 de 19 de setembro de 1990, que expressa as diretrizes e trata da execu\u00e7\u00e3o das a\u00e7\u00f5es desta entidade no \u00e2mbito e compet\u00eancia do\u00a0Sistema \u00danico de Sa\u00fade\u00a0(SUS):<\/p>\n<p><img loading=\"lazy\" decoding=\"async\" class=\"alignnone wp-image-1510 size-full\" title=\"Vigil\u00e2ncia Sanit\u00e1ria Fortaleza\" src=\"https:\/\/www.encontrafortaleza.com\/sobre\/wp-content\/uploads\/2019\/03\/vigilancia-sanitaria-fortalez.gif\" alt=\"Vigil\u00e2ncia Sanit\u00e1ria Fortaleza\" width=\"680\" height=\"189\" \/><\/p>\n<p>\u201cEntende-se, por vigil\u00e2ncia sanit\u00e1ria, um conjunto de a\u00e7\u00f5es capaz de eliminar, diminuir ou prevenir riscos \u00e0 sa\u00fade e de intervir nos problemas sanit\u00e1rios decorrentes do meio ambiente, da produ\u00e7\u00e3o e circula\u00e7\u00e3o de bens e da presta\u00e7\u00e3o de servi\u00e7os de interesse da sa\u00fade, abrangendo: o controle de bens de consumo que, direta ou indiretamente, se relacionem com a sa\u00fade, compreendidas todas as etapas e processos, da produ\u00e7\u00e3o ao consumo; e o controle da presta\u00e7\u00e3o de servi\u00e7os que se relacionam direta ou indiretamente com a sa\u00fade.\u201d<\/p>\n<p>Todavia, a Vigil\u00e2ncia Sanit\u00e1ria somente adquiriu car\u00e1ter de \u00f3rg\u00e3o regulat\u00f3rio com a cria\u00e7\u00e3o da Lei n\u00ba 9.782\/99, que criou a\u00a0Ag\u00eancia Nacional de Vigil\u00e2ncia Sanit\u00e1ria\u00a0(Anvisa) e definiu o Sistema Nacional de Vigil\u00e2ncia Sanit\u00e1ria (SNVS), o qual \u00e9 um instrumento privilegiado que o SUS disp\u00f5e para realizar seu objetivo de preven\u00e7\u00e3o e promo\u00e7\u00e3o da sa\u00fade.<\/p>\n<p>No Brasil, o SNVS \u00e9 organizado e estruturado nos tr\u00eas n\u00edveis de gorverno \u2013 federal, estadual e municipal \u2013 com responsabilidades compartilhadas. No n\u00edvel federal, est\u00e3o a Ag\u00eancia Nacional de Vigil\u00e2ncia Sanit\u00e1ria (Anvisa) e o Instituto Nacional de Controle de Qualidade em Sa\u00fade (INCQS\/Fiocruz).\u00a0A Anvisa representa uma autarquia com autonomia administrativa e financeira, e coordena os trabalhos pela constru\u00e7\u00e3o de uma Pol\u00edtica Nacional de Vigil\u00e2ncia Sanit\u00e1ria, conforme estabelecido no artigo 2\u00ba da Lei n\u00ba. 9.782\/1999. No n\u00edvel estadual, est\u00e3o o \u00f3rg\u00e3o de vigil\u00e2ncia sanit\u00e1ria\u00a0e o Laborat\u00f3rio Central (Lacen) de cada uma das 27\u00a0Unidades da Federa\u00e7\u00e3o. No n\u00edvel municipal, est\u00e3o os servi\u00e7os dos 5561 munic\u00edpios brasileiros, muitos dos quais ainda em fase de organiza\u00e7\u00e3o.<\/p>\n<p>A Vigil\u00e2ncia Sanit\u00e1ria e seus agentes p\u00fablicos s\u00e3o detentores do chamado \u201cPoder de Pol\u00edcia\u201d, que os permite realizar determinados atos administrativos, como a fiscaliza\u00e7\u00e3o, a autua\u00e7\u00e3o, e a interdi\u00e7\u00e3o de estabelecimento irregulares, de modo a garantir a seguran\u00e7a adequada para a popula\u00e7\u00e3o, com base em um conjunto de normas legais estabelecidos pela legisla\u00e7\u00e3o.<\/p>\n<h2>Vigil\u00e2ncia Sanit\u00e1ria\u00a0Fortaleza Atua\u00e7\u00e3o<\/h2>\n<p>A Vigil\u00e2ncia Sanit\u00e1ria pode\u00a0<em>atuar<\/em>\u00a0em:<\/p>\n<ul>\n<li>Locais de produ\u00e7\u00e3o, transporte e comercializa\u00e7\u00e3o de alimentos;<\/li>\n<li>Locais de produ\u00e7\u00e3o, distribui\u00e7\u00e3o, comercializa\u00e7\u00e3o de medicamentos, produtos de interesse para a sa\u00fade;<\/li>\n<li>Locais de servi\u00e7os de sa\u00fade;<\/li>\n<li>Meio ambiente;<\/li>\n<li>Ambientes e processos do trabalho\/sa\u00fade do trabalhador;<\/li>\n<li>P\u00f3s-comercializa\u00e7\u00e3o;<\/li>\n<li>Projetos de\u00a0arquitetura;<\/li>\n<li>Locais p\u00fablicos;<\/li>\n<\/ul>\n<p>A Anvisa tem como responsabilidade garantir o controle sanit\u00e1rio de portos, aeroportos e fronteiras, bem como a prote\u00e7\u00e3o \u00e0 sa\u00fade do viajante, dos meios de transporte e dos servi\u00e7os submetidos \u00e0 vigil\u00e2ncia sanit\u00e1ria.<\/p>\n<h3>Vigil\u00e2ncia Sanit\u00e1ria Fortaleza Den\u00fancia<\/h3>\n<p>Para fazer uma<em>\u00a0den\u00fancia<\/em>\u00a0entre em contato com a vigil\u00e2ncia sanit\u00e1ria pelo endere\u00e7o e telefone abaixo.<\/p>\n<h3>Hor\u00e1rio de Funcionamento\u00a0Vigil\u00e2ncia Sanit\u00e1ria\u00a0em Fortaleza<\/h3>\n<ul>\n<li>Segunda a Sexta: das 08h \u00e0s 16h30<\/li>\n<\/ul>\n<h3>Endere\u00e7o e Telefone\u00a0Vigil\u00e2ncia Sanit\u00e1ria em Fortaleza<\/h3>\n<ul>\n<li><strong>Aeroporto:<\/strong> Rodovia CE-401 &#8211; Telefone: (85) 3452-6031<\/li>\n<li><strong>Centro 1:<\/strong> Rua Rodrigues J\u00fanior, 840 &#8211; Telefone: (85) 3452-6022<\/li>\n<li><strong>Centro 2:<\/strong> Av. Imperador, 762 &#8211; Telefone:<\/li>\n<li><strong>Macuripe:<\/strong> Av. Vicente de Castro, 6101 &#8211; Telefone: (85) 3391-1604<\/li>\n<li><strong>Cajazeiras:<\/strong> Rua Encontros, 1800 &#8211; Telefone: (85) 3452-2359 8-16<\/li>\n<\/ul>\n<h3>Outras informa\u00e7\u00f5es e site<\/h3>\n<ul>\n<li>Mais informa\u00e7\u00f5es:\u00a0<a href=\"https:\/\/catalogodeservicos.fortaleza.ce.gov.br\/categoria\/saude\/servico\/\" target=\"_blank\" rel=\"noopener noreferrer\">www.catalogodeservicos.fortaleza.ce.gov.br<\/a><\/li>\n<\/ul>\n<h4>Mapa de localiza\u00e7\u00e3o Cajazeiras<\/h4>\n<a class=\"wp-colorbox-iframe\" href=\"https:\/\/www.google.com\/maps\/embed?pb=!1m18!1m12!1m3!1d3980.997492418965!2d-38.515386635240795!3d-3.810621297227916!2m3!1f0!2f0!3f0!3m2!1i1024!2i768!4f13.1!3m3!1m2!1s0x7c748dd24e118730x36e17ec620e4efc4!2sCoordenadoria+de+Vigilncia+em+Sade!5e0!3m2!1spt-BR!2sbr!4v1553762468487\"><img decoding=\"async\" src=\"http:\/\/www.encontracampinas.com.br\/imgs\/maps-post.png\"><\/a>\n\n<div style=\"font-size: 0px; height: 0px; line-height: 0px; margin: 0; padding: 0; clear: both;\"><\/div>","protected":false},"excerpt":{"rendered":"<p>Vigil\u00e2ncia Sanit\u00e1ria Fortaleza\u00a0\u00e9 a parcela do poder de pol\u00edcia do\u00a0Estado\u00a0destinada \u00e0 prote\u00e7\u00e3o e promo\u00e7\u00e3o da\u00a0sa\u00fade, que tem como principal finalidade impedir que a sa\u00fade humana seja exposta a riscos ou, em \u00faltima inst\u00e2ncia, combater as causas dos efeitos nocivos que lhe forem gerados, em raz\u00e3o de alguma distor\u00e7\u00e3o sanit\u00e1ria, na produ\u00e7\u00e3o e na circula\u00e7\u00e3o de bens, ou na presta\u00e7\u00e3o de servi\u00e7os de interesse \u00e0 sa\u00fade. No\u00a0Brasil, a defini\u00e7\u00e3o legal de Vigil\u00e2ncia Sanit\u00e1ria \u00e9 consentida pela Lei Federal n\u00ba 8.080 de 19 de setembro de 1990, que expressa as diretrizes e trata da execu\u00e7\u00e3o das a\u00e7\u00f5es desta entidade no \u00e2mbito e <\/p>\n","protected":false},"author":1,"featured_media":0,"parent":0,"menu_order":0,"comment_status":"closed","ping_status":"closed","template":"","meta":{"footnotes":""},"class_list":["post-1509","page","type-page","status-publish","hentry"],"aioseo_notices":[],"_links":{"self":[{"href":"https:\/\/www.encontrafortaleza.com\/sobre\/wp-json\/wp\/v2\/pages\/1509"}],"collection":[{"href":"https:\/\/www.encontrafortaleza.com\/sobre\/wp-json\/wp\/v2\/pages"}],"about":[{"href":"https:\/\/www.encontrafortaleza.com\/sobre\/wp-json\/wp\/v2\/types\/page"}],"author":[{"embeddable":true,"href":"https:\/\/www.encontrafortaleza.com\/sobre\/wp-json\/wp\/v2\/users\/1"}],"replies":[{"embeddable":true,"href":"https:\/\/www.encontrafortaleza.com\/sobre\/wp-json\/wp\/v2\/comments?post=1509"}],"version-history":[{"count":0,"href":"https:\/\/www.encontrafortaleza.com\/sobre\/wp-json\/wp\/v2\/pages\/1509\/revisions"}],"wp:attachment":[{"href":"https:\/\/www.encontrafortaleza.com\/sobre\/wp-json\/wp\/v2\/media?parent=1509"}],"curies":[{"name":"wp","href":"https:\/\/api.w.org\/{rel}","templated":true}]}}