{"id":1539,"date":"2019-04-03T07:06:45","date_gmt":"2019-04-03T10:06:45","guid":{"rendered":"https:\/\/www.encontrafortaleza.com\/sobre\/?page_id=1539"},"modified":"2019-04-06T04:18:38","modified_gmt":"2019-04-06T07:18:38","slug":"ceasa-fortaleza","status":"publish","type":"page","link":"https:\/\/www.encontrafortaleza.com\/sobre\/ceasa-fortaleza\/","title":{"rendered":"Ceasa Fortaleza"},"content":{"rendered":"<div class=\"2ad529334b11458fd7d9bde3e187e581\" data-index=\"1\" style=\"float: left; margin: 5px 5px 5px 0;\">\n<!-- EBR \/Novo-Bairro-Topo\/ 300x250 -->\r\n<ins class=\"adsbygoogle\"\r\n     style=\"display:inline-block;width:300px;height:250px\"\r\n     data-ad-client=\"ca-pub-6414922941841817\"\r\n     data-ad-slot=\"5351822287\"><\/ins>\r\n<script>\r\n(adsbygoogle = window.adsbygoogle || []).push({});\r\n<\/script>\n<\/div>\n<p>Inaugurada em 09 de novembro de 1972, no governo de C\u00e9sar Cals, com o objetivo de centralizar a distribui\u00e7\u00e3o de hortigrajeiros, a <strong>Ceasa Fortaleza<\/strong> &#8211; Centrais de Abastecimento do Cear\u00e1 S.A &#8211; fazia parte do Programa Nacional do Controle de Abastecimento de Produto Hortigranjeiros, implantado pelo Sistema Nacional de Centrais de Abastecimento (Sinac), \u00f3rg\u00e3o do Governo Federal.<\/p>\n<p>O Programa tinha como objetivo incentivar a constru\u00e7\u00e3o e dar diretrizes de funcionamento para as centrais dos Estados. A constru\u00e7\u00e3o da Ceasa\/CE foi considerada priorit\u00e1ria pelo Sinac, tendo sido iniciada em 1971.<\/p>\n<p><img loading=\"lazy\" decoding=\"async\" class=\"alignnone wp-image-1540 size-full\" title=\"Ceasa Fortaleza\" src=\"https:\/\/www.encontrafortaleza.com\/sobre\/wp-content\/uploads\/2019\/04\/ceasa-fortaleza.gif\" alt=\"Ceasa Fortaleza\" width=\"680\" height=\"189\" \/><\/p>\n<p>De princ\u00edpio, por determina\u00e7\u00e3o do Sinac, o Programa de Centrais de Abastecimento priorizava os hortigranjeiros. A Ceasa\/CE obedeceu a determina\u00e7\u00e3o, mas com passar do tempo iniciou-se um processo de diversifica\u00e7\u00e3o de atividades.<\/p>\n<p>Outros segmentos foram introduzidos em seus galp\u00f5es, fazendo com que a Central assumisse uma forte caracter\u00edstica de central de abastecimento polivalente.Inicialmente, a Ceasa contou com cinco galp\u00f5es permanentes e um galp\u00e3o n\u00e3o-permanente, prontos para receber a comercializa\u00e7\u00e3o de hortigranjeiros.<\/p>\n<p>A construtora Norberto Odebrech foi a respons\u00e1vel pelo empreendimento. Mas faltavam os produtores e compradores, que inicialmente, resistiram \u00e0 mudan\u00e7a do local. No in\u00edcio da d\u00e9cada de 70, os produtos hortigranjeiros eram comercializados nas imedia\u00e7\u00f5es do Centro de Fortaleza em pequenos mercados na periferia. N\u00e3o havia nenhum controle de higiene e qualidade dos produtos ou transpar\u00eancia de pre\u00e7o. Os produtores e comerciantes traziam os produtos e os colocavam no ch\u00e3o para esperar o comprador.<\/p>\n<p>O Decreto Federal n\u00ba 705002\/72 determinou que a Ceasa-CE iria centralizar o com\u00e9rcio de hortigranjeiros e caberia \u00e0 Companhia Brasileira de Alimentos (Cobal) gerir as centrais de cada Estado. A resist\u00eancia ao com\u00e9rcio no novo local s\u00f3 foi vencida depois de seis meses de pleno funcionamento do mercado, no munic\u00edpio de Maracana\u00fa-CE. Atualmente conta com tr\u00eas unidades de abastecimento distribu\u00eddas nos munic\u00edpios de Maracana\u00fa, Tiangu\u00e1 e Barbalha.<\/p>\n<h2>Ceasa Fortaleza Estrutura<\/h2>\n<p>O Ceasa funciona sob a seguinte <em>estrutura:<\/em><\/p>\n<ul>\n<li>7 Galp\u00f5es permanentes para hortigranjeiros com 168 lojas<\/li>\n<li>3 Galp\u00f5es n\u00e3o permanentes com 1.770 m\u00f3dulos para comercializa\u00e7\u00e3o<\/li>\n<li>2 Galp\u00f5es cobertos para comercializa\u00e7\u00e3o de milho verde<\/li>\n<li>1 Galp\u00e3o para estiva e cereais com 38 lojas<\/li>\n<li>1 Galp\u00e3o para frigor\u00edficos com 25 lojas<\/li>\n<li>1 Galp\u00e3o para produtos at\u00edpicos com 50 lojas<\/li>\n<li>1 Galp\u00e3o do produtor com 416 m\u00f3dulos de comercializa\u00e7\u00e3o<\/li>\n<li>1 Galp\u00e3o para carregadores aut\u00f4nomos com 500 vagas<\/li>\n<li>3 Ag\u00eancias banc\u00e1rias (Banco do Brasil, Bradesco e Banco do Nordeste)<\/li>\n<li>1 Cart\u00f3rio de Of\u00edcio<\/li>\n<li>1 Escrit\u00f3rio da COELCE<\/li>\n<li>1 N\u00facleo da SEFAZ<\/li>\n<li>1 Posto do SESC<\/li>\n<li>1 Posto da Policia Militar<\/li>\n<li>1 Posto m\u00e9dico-odontol\u00f3gica<\/li>\n<li>1 Posto de gasolina<\/li>\n<li>1 Ilha Digital<\/li>\n<li>1 Estacionamento para motos e bicicletas com 1.600 vagas<\/li>\n<li>2 Estacionamentos para ve\u00edculos com 600 vagas<\/li>\n<li>15 Lanchonetes<\/li>\n<li>3 Baterias de banheiros p\u00fablicos<\/li>\n<\/ul>\n<h3>Ceasa Fortaleza Pre\u00e7os<\/h3>\n<p>Os<em> pre\u00e7os<\/em> variam de acordo com os produtos escolhidos. Voc\u00ea pode verificar fazendo uma visita ao Ceasa.<em><br \/>\n<\/em><\/p>\n<h3>Vagas Ceasa Fortaleza &#8211; Trabalhe Conosco<\/h3>\n<p>O Ceasa Fortaleza disponibiliza <em>vagas de trabalho<\/em> durante todo ano. Para se informar sobre os processos seletivos e se candidatar as vagas acompanhe o site da empresa, onde \u00e9 poss\u00edvel se informar sobre vagas abertas, sal\u00e1rios e compet\u00eancias necess\u00e1rias para se candidatar ao processo.<\/p>\n<h3>Hor\u00e1rio de Funcionamento Ceasa em Fortaleza<\/h3>\n<ul>\n<li>Segunda a S\u00e1bado das 03h \u00e0s 15h<\/li>\n<\/ul>\n<h3>Onde Fica,\u00a0Endere\u00e7o e Telefone Ceasa em Fortaleza<\/h3>\n<ul>\n<li><span class=\"w8qArf\">\u00a0<\/span><span class=\"LrzXr\">Av. Dr. Mendel Steinbruch, s\/n &#8211; Paju\u00e7ara &#8211; Maracana\u00fa &#8211; CE<\/span><\/li>\n<li>Telefone: (85) 3299-1200<\/li>\n<\/ul>\n<h4>Outras informa\u00e7\u00f5es e site<\/h4>\n<ul>\n<li>Mais informa\u00e7\u00f5es:\u00a0<a href=\"https:\/\/www.ceasa-ce.com.br\/\" target=\"_blank\" rel=\"noopener noreferrer\">www.ceasa-ce.com.br<\/a><\/li>\n<\/ul>\n<h4>Mapa de localiza\u00e7\u00e3o<\/h4>\n<a class=\"wp-colorbox-iframe\" href=\"https:\/\/www.google.com\/maps\/embed?pb=!1m14!1m8!1m3!1d15923.346756077503!2d-38.5879862!3d-3.8452111!3m2!1i1024!2i768!4f13.1!3m3!1m2!1s0x00xa33aa3b29520a3a6!2sCeasa-CE!5e0!3m2!1spt-BR!2sbr!4v1554285828130!5m2!1spt-BR!2sbr\"><img decoding=\"async\" src=\"http:\/\/www.encontracampinas.com.br\/imgs\/maps-post.png\"><\/a>\n\n<div style=\"font-size: 0px; height: 0px; line-height: 0px; margin: 0; padding: 0; clear: both;\"><\/div>","protected":false},"excerpt":{"rendered":"<p>Inaugurada em 09 de novembro de 1972, no governo de C\u00e9sar Cals, com o objetivo de centralizar a distribui\u00e7\u00e3o de hortigrajeiros, a Ceasa Fortaleza &#8211; Centrais de Abastecimento do Cear\u00e1 S.A &#8211; fazia parte do Programa Nacional do Controle de Abastecimento de Produto Hortigranjeiros, implantado pelo Sistema Nacional de Centrais de Abastecimento (Sinac), \u00f3rg\u00e3o do Governo Federal. O Programa tinha como objetivo incentivar a constru\u00e7\u00e3o e dar diretrizes de funcionamento para as centrais dos Estados. A constru\u00e7\u00e3o da Ceasa\/CE foi considerada priorit\u00e1ria pelo Sinac, tendo sido iniciada em 1971. De princ\u00edpio, por determina\u00e7\u00e3o do Sinac, o Programa de Centrais de <\/p>\n","protected":false},"author":1,"featured_media":0,"parent":0,"menu_order":0,"comment_status":"closed","ping_status":"closed","template":"","meta":{"footnotes":""},"class_list":["post-1539","page","type-page","status-publish","hentry"],"aioseo_notices":[],"_links":{"self":[{"href":"https:\/\/www.encontrafortaleza.com\/sobre\/wp-json\/wp\/v2\/pages\/1539"}],"collection":[{"href":"https:\/\/www.encontrafortaleza.com\/sobre\/wp-json\/wp\/v2\/pages"}],"about":[{"href":"https:\/\/www.encontrafortaleza.com\/sobre\/wp-json\/wp\/v2\/types\/page"}],"author":[{"embeddable":true,"href":"https:\/\/www.encontrafortaleza.com\/sobre\/wp-json\/wp\/v2\/users\/1"}],"replies":[{"embeddable":true,"href":"https:\/\/www.encontrafortaleza.com\/sobre\/wp-json\/wp\/v2\/comments?post=1539"}],"version-history":[{"count":0,"href":"https:\/\/www.encontrafortaleza.com\/sobre\/wp-json\/wp\/v2\/pages\/1539\/revisions"}],"wp:attachment":[{"href":"https:\/\/www.encontrafortaleza.com\/sobre\/wp-json\/wp\/v2\/media?parent=1539"}],"curies":[{"name":"wp","href":"https:\/\/api.w.org\/{rel}","templated":true}]}}