{"id":155,"date":"2018-04-16T06:34:19","date_gmt":"2018-04-16T09:34:19","guid":{"rendered":"http:\/\/www.encontrafortaleza.com\/sobre\/?page_id=155"},"modified":"2018-04-16T06:36:39","modified_gmt":"2018-04-16T09:36:39","slug":"senac-fortaleza","status":"publish","type":"page","link":"https:\/\/www.encontrafortaleza.com\/sobre\/senac-fortaleza\/","title":{"rendered":"Senac Fortaleza"},"content":{"rendered":"<div class=\"2ad529334b11458fd7d9bde3e187e581\" data-index=\"1\" style=\"float: left; margin: 5px 5px 5px 0;\">\n<!-- EBR \/Novo-Bairro-Topo\/ 300x250 -->\r\n<ins class=\"adsbygoogle\"\r\n     style=\"display:inline-block;width:300px;height:250px\"\r\n     data-ad-client=\"ca-pub-6414922941841817\"\r\n     data-ad-slot=\"5351822287\"><\/ins>\r\n<script>\r\n(adsbygoogle = window.adsbygoogle || []).push({});\r\n<\/script>\n<\/div>\n<p>Em 2016, o\u00a0<em>Senac<\/em>\u00a0completou 70 anos de atividades. Com tantas d\u00e9cadas de hist\u00f3ria, a organiza\u00e7\u00e3o permanece contempor\u00e2nea e reafirma sua capacidade de inova\u00e7\u00e3o e renova\u00e7\u00e3o, atributo que a evidencia.<\/p>\n<p>Hoje, o Senac est\u00e1 fisicamente presente em mais de 40 munic\u00edpios, com 60 unidades. Uma dessas unidades \u00e9 o\u00a0<strong>Senac Fortaleza.\u00a0<\/strong><\/p>\n<p><img loading=\"lazy\" decoding=\"async\" class=\"alignnone wp-image-156 size-full\" title=\"Senac Fortaleza\" src=\"http:\/\/www.encontrafortaleza.com\/sobre\/wp-content\/uploads\/2018\/04\/senac-fortaleza.jpg\" alt=\"Senac Fortaleza\" width=\"680\" height=\"189\" srcset=\"https:\/\/www.encontrafortaleza.com\/sobre\/wp-content\/uploads\/2018\/04\/senac-fortaleza.jpg 680w, https:\/\/www.encontrafortaleza.com\/sobre\/wp-content\/uploads\/2018\/04\/senac-fortaleza-300x83.jpg 300w\" sizes=\"(max-width: 680px) 100vw, 680px\" \/><\/p>\n<p>Tudo come\u00e7ou em 10 de janeiro de 1946, quando o Conselho Nacional do Com\u00e9rcio recebeu autoriza\u00e7\u00e3o do Governo Federal para criar escolas em todo o pa\u00eds. O Senac S\u00e3o Paulo teve seu Conselho Regional eleito em 13 de julho daquele ano e foi o primeiro a iniciar os trabalhos.<\/p>\n<p>O Senac Cear\u00e1 atende 160 munic\u00edpios no Estado, com mais de 800 cursos nas \u00e1reas de Turismo, Lazer e hospitalidade; Inform\u00e1tica; Beleza e Sa\u00fade.<em><br \/>\n<\/em><\/p>\n<h2>Senac Fortaleza Cursos<\/h2>\n<p>O Senac preparou mais de 40 milh\u00f5es de pessoas para o setor de Com\u00e9rcio e Servi\u00e7os, contribuindo para a valoriza\u00e7\u00e3o do trabalhador, por meio de sua capacita\u00e7\u00e3o profissional com uma vasta op\u00e7\u00e3o de cursos em doze \u00e1reas de forma\u00e7\u00e3o, incluindo cursos de idiomas.<\/p>\n<p>No Senac h\u00e1 tamb\u00e9m cursos para \u201cjovens aprendizes\u201d, entre idade de 14 e 24 anos (e sem limite de idade para portadores de defici\u00eancias), com a capacita\u00e7\u00e3o e desenvolvimento da qualifica\u00e7\u00e3o profissional dos jovens na entrada do mercado de trabalho.<\/p>\n<p>O Senac Fortaleza oferece cursos em:<\/p>\n<ul>\n<li><em>Turismo, hospitalidade e lazer:<\/em><br \/>\n\u2022 Gastronomia<br \/>\n\u2022 Produ\u00e7\u00e3o de Alimentos<br \/>\n\u2022 Seguran\u00e7a Alimentar<br \/>\n\u2022 Turismo<\/li>\n<\/ul>\n<p>&nbsp;<\/p>\n<ul>\n<li><em>Produ\u00e7\u00e3o cultural e design<\/em>:<br \/>\n\u2022 Moda<\/li>\n<\/ul>\n<p>&nbsp;<\/p>\n<ul>\n<li><em>Ambiente e sa\u00fade<\/em>:<br \/>\n\u2022 Beleza<br \/>\n\u2022 Sa\u00fade<\/li>\n<\/ul>\n<p>&nbsp;<\/p>\n<ul>\n<li><em>Gest\u00e3o e neg\u00f3cios<\/em>:<br \/>\n\u2022 Gest\u00e3o<\/li>\n<\/ul>\n<p>&nbsp;<\/p>\n<ul>\n<li><em>Informa\u00e7\u00f5es e comunica\u00e7\u00e3o<\/em>:<br \/>\n\u2022 Inform\u00e1tica<\/li>\n<\/ul>\n<h3>Senac Fortaleza Unidade Centro<\/h3>\n<p>O Senac Unidade Centro oferta cursos nas mais diversas \u00e1reas para qualifica\u00e7\u00e3o profissional no setor de com\u00e9rcio de bens, servi\u00e7os e turismo. Por ano, mais de 16.000 matr\u00edculas s\u00e3o realizadas nas \u00e1reas de <em>Sa\u00fade, Gest\u00e3o, Neg\u00f3cios, Informa\u00e7\u00e3o, Comunica\u00e7\u00e3o, Infraestrutura, Produ\u00e7\u00e3o Cultural, Design, Turismo, Hospitalidade, Beleza, Gastronomia e Meio Ambiente.<\/em><\/p>\n<p>Os cursos v\u00e3o desde a forma\u00e7\u00e3o b\u00e1sica at\u00e9 os T\u00e9cnicos, incluindo tamb\u00e9m aperfei\u00e7oamento profissional e P\u00f3s Gradua\u00e7\u00e3o na modalidade de Ensino a Dist\u00e2ncia (EAD). Destaque para os cursos que s\u00e3o requisitos para atuar no mercado de trabalho hoje, nas mais diversas \u00e1reas, como Inform\u00e1tica e Idiomas.<\/p>\n<p>A unidade conta com 45 ambientes pedag\u00f3gicos, incluindo uma sala multifuncional, laborat\u00f3rios de inform\u00e1tica, hospedagem, alimentos e bebidas, enfermagem, \u00f3ptica, est\u00e9tica, massagem, costura, moda, fotografia, podologia e tr\u00eas cozinhas pedag\u00f3gicas. Al\u00e9m das salas de aula modernas e bem equipadas, a localiza\u00e7\u00e3o \u00e9 estrat\u00e9gica e de f\u00e1cil acesso pelo transporte p\u00fablico.<\/p>\n<h3>Senac Fortaleza Cursos Gratuitos<\/h3>\n<p>Por meio do <em>Programa Senac de Gratuidade (PSG)<\/em> voc\u00ea tem acesso a diversos cursos a dist\u00e2ncia para ganhar novos conhecimentos e conquistar mais espa\u00e7o no mercado de trabalho. O PSG destina-se a pessoas com renda familiar mensal per capita que n\u00e3o ultrapasse 2 sal\u00e1rios m\u00ednimos federais.<\/p>\n<p>Antes de efetuar a inscri\u00e7\u00e3o, o candidato dever\u00e1 tomar conhecimento das informa\u00e7\u00f5es dispon\u00edveis na guia \u201cPr\u00e9-requisitos\u201d de cada curso e certificar-se de que atende a todos os crit\u00e9rios exigidos. As vagas est\u00e3o sujeitas \u00e0 disponibilidade nos estados.<\/p>\n<h3>Senac Fortaleza Unidade Aldeota<\/h3>\n<p>O Senac Unidade Aldeota re\u00fane os cursos de turismo e idiomas. Tem capacidade para atender at\u00e9 210 alunos\/hora e para ofertar mais de 240 cursos, que v\u00e3o desde os de forma\u00e7\u00e3o b\u00e1sica aos T\u00e9cnicos, englobando esses dois segmentos.<\/p>\n<p>A unidade conta com 10 ambientes pedag\u00f3gicos, incluindo cinco salas multifuncionais, laborat\u00f3rio de inform\u00e1tica, laborat\u00f3rio de hospedagem, laborat\u00f3rio de alimentos e bebidas, duas cozinhas pedag\u00f3gicas.<\/p>\n<p>Al\u00e9m das salas de aula modernas e bem equipadas, o Senac Unidade Aldeota tem localiza\u00e7\u00e3o privilegiada, de acesso f\u00e1cil para quem usa o transporte p\u00fablico. Conta ainda com estacionamento para carros, motos e bicicletas.<\/p>\n<p>Ao reunir os dois segmentos, Senac Cear\u00e1 traz grandes oportunidades para o aluno que j\u00e1 se encontra num ambiente favor\u00e1vel para desenvolver essas habilidades de forma integrada e contextualizada.<\/p>\n<p>Al\u00e9m das qualifica\u00e7\u00f5es, a unidade atende tamb\u00e9m pessoas que pretendem falar um novo idioma com outros objetivos como, por exemplo, ampliar seus conhecimentos e viajar.<\/p>\n<h3>Senac Fortaleza Trabalhe Conosco<\/h3>\n<p>Voc\u00ea pode se candidatar a uma vaga de trabalho no Senac Fortaleza acessando o Banco de Talentos da institui\u00e7\u00e3o.<\/p>\n<p>No pr\u00f3prio site \u00e9 poss\u00edvel consultar as vagas dispon\u00edveis, o per\u00edodo de inscri\u00e7\u00e3o e requisitos para preencher a vaga. Voc\u00ea poder\u00e1 se candidatar a vaga preenchendo o formul\u00e1rio pelo pr\u00f3prio site.<\/p>\n<h3>Hor\u00e1rio de Funcionamento Senac Fortaleza<\/h3>\n<ul>\n<li>Segunda a Sexta: das 08:00 \u00e0s 20h\/ S\u00e1bado: das 08:00 \u00e0s 12h<\/li>\n<li>Os hor\u00e1rios podem mudar de acordo com a unidade. Consulte o local para saber sobre hor\u00e1rios.<\/li>\n<\/ul>\n<h3>Endere\u00e7o e Telefone Senac Fortaleza<\/h3>\n<ul>\n<li><b>Senac Aldeota\u00a0<\/b>&#8211;\u00a0R. Tib\u00farcio Cavalcante, 1750 &#8211; Tel:\u00a0(85) 3433-3884<\/li>\n<li><strong>Senac Centro\u00a0<\/strong>&#8211;\u00a0Av. Trist\u00e3o Gon\u00e7alves, 1245 &#8211; Tel:\u00a0(85) 3270-5400<\/li>\n<\/ul>\n<h4>Outras informa\u00e7\u00f5es e site<\/h4>\n<ul>\n<li>Mais informa\u00e7\u00f5es:\u00a0<a href=\"https:\/\/www.ce.senac.br\/\" target=\"_blank\" rel=\"noopener noreferrer\">www.ce.senac.br<\/a><\/li>\n<\/ul>\n<h4>Mapa de localiza\u00e7\u00e3o &#8211; Senac Unidade Aldeota<\/h4>\n<a class=\"wp-colorbox-iframe\" href=\"https:\/\/www.google.com\/maps\/embed?pb=!1m14!1m8!1m3!1d15925.286469298955!2d-38.5040127!3d-3.7399293!3m2!1i1024!2i768!4f13.1!3m3!1m2!1s0x00x7ad4c735d5c72630!2sSENAC+CE+-+Unidade+Aldeota!5e0!3m2!1spt-BR!2sbr!4v1523870021813\"><img decoding=\"async\" src=\"http:\/\/www.encontracampinas.com.br\/imgs\/maps-post.png\"><\/a>\n\n<div style=\"font-size: 0px; height: 0px; line-height: 0px; margin: 0; padding: 0; clear: both;\"><\/div>","protected":false},"excerpt":{"rendered":"<p>Em 2016, o\u00a0Senac\u00a0completou 70 anos de atividades. Com tantas d\u00e9cadas de hist\u00f3ria, a organiza\u00e7\u00e3o permanece contempor\u00e2nea e reafirma sua capacidade de inova\u00e7\u00e3o e renova\u00e7\u00e3o, atributo que a evidencia. Hoje, o Senac est\u00e1 fisicamente presente em mais de 40 munic\u00edpios, com 60 unidades. Uma dessas unidades \u00e9 o\u00a0Senac Fortaleza.\u00a0 Tudo come\u00e7ou em 10 de janeiro de 1946, quando o Conselho Nacional do Com\u00e9rcio recebeu autoriza\u00e7\u00e3o do Governo Federal para criar escolas em todo o pa\u00eds. O Senac S\u00e3o Paulo teve seu Conselho Regional eleito em 13 de julho daquele ano e foi o primeiro a iniciar os trabalhos. O Senac Cear\u00e1 <\/p>\n","protected":false},"author":1,"featured_media":0,"parent":0,"menu_order":0,"comment_status":"closed","ping_status":"closed","template":"","meta":{"footnotes":""},"class_list":["post-155","page","type-page","status-publish","hentry"],"aioseo_notices":[],"_links":{"self":[{"href":"https:\/\/www.encontrafortaleza.com\/sobre\/wp-json\/wp\/v2\/pages\/155"}],"collection":[{"href":"https:\/\/www.encontrafortaleza.com\/sobre\/wp-json\/wp\/v2\/pages"}],"about":[{"href":"https:\/\/www.encontrafortaleza.com\/sobre\/wp-json\/wp\/v2\/types\/page"}],"author":[{"embeddable":true,"href":"https:\/\/www.encontrafortaleza.com\/sobre\/wp-json\/wp\/v2\/users\/1"}],"replies":[{"embeddable":true,"href":"https:\/\/www.encontrafortaleza.com\/sobre\/wp-json\/wp\/v2\/comments?post=155"}],"version-history":[{"count":0,"href":"https:\/\/www.encontrafortaleza.com\/sobre\/wp-json\/wp\/v2\/pages\/155\/revisions"}],"wp:attachment":[{"href":"https:\/\/www.encontrafortaleza.com\/sobre\/wp-json\/wp\/v2\/media?parent=155"}],"curies":[{"name":"wp","href":"https:\/\/api.w.org\/{rel}","templated":true}]}}