{"id":1632,"date":"2019-04-23T07:35:22","date_gmt":"2019-04-23T10:35:22","guid":{"rendered":"https:\/\/www.encontrafortaleza.com\/sobre\/?page_id=1632"},"modified":"2019-04-23T07:35:22","modified_gmt":"2019-04-23T10:35:22","slug":"cogep-fortaleza","status":"publish","type":"page","link":"https:\/\/www.encontrafortaleza.com\/sobre\/cogep-fortaleza\/","title":{"rendered":"Cogep Fortaleza"},"content":{"rendered":"<div class=\"2ad529334b11458fd7d9bde3e187e581\" data-index=\"1\" style=\"float: left; margin: 5px 5px 5px 0;\">\n<!-- EBR \/Novo-Bairro-Topo\/ 300x250 -->\r\n<ins class=\"adsbygoogle\"\r\n     style=\"display:inline-block;width:300px;height:250px\"\r\n     data-ad-client=\"ca-pub-6414922941841817\"\r\n     data-ad-slot=\"5351822287\"><\/ins>\r\n<script>\r\n(adsbygoogle = window.adsbygoogle || []).push({});\r\n<\/script>\n<\/div>\n<p>A <strong>Cogep Fortaleza<\/strong> &#8211; Coordena\u00e7\u00e3o de Gest\u00e3o de Pessoas \u00e9 respons\u00e1vel por administrar todos os processos e informa\u00e7\u00f5es funcionais relacionados aos servidores da rede estadual de ensino do Cear\u00e1.<\/p>\n<p><img loading=\"lazy\" decoding=\"async\" class=\"alignnone wp-image-1633 size-full\" title=\"Cogep Fortaleza\" src=\"https:\/\/www.encontrafortaleza.com\/sobre\/wp-content\/uploads\/2019\/04\/cogep-fortaleza.gif\" alt=\"Cogep Fortaleza\" width=\"680\" height=\"189\" \/><\/p>\n<h2>Cogep Fortaleza Atribui\u00e7\u00f5es<\/h2>\n<p>O Departamento de Recursos Humanos &#8211; DERH, da Coordenadoria de Gest\u00e3o de Pessoas &#8211; COGEP, tem as seguintes <em>atribui\u00e7\u00f5es<\/em>, nos termos do Artigo 10 do Decreto 53.494, de 23 de Outubro de 2012.<\/p>\n<p>Art. 10. O Departamento de Recursos Humanos &#8211; DERH tem as seguintes atribui\u00e7\u00f5es:<\/p>\n<ul>\n<li>definir normas e diretrizes relativas \u00e0s informa\u00e7\u00f5es cadastrais dos eventos da vida funcional dos servidores p\u00fablicos municipais, inclusive aquelas relativas ao seu recadastramento anual;<\/li>\n<li>definir normas e diretrizes relativas ao registro e assentamento de todos os elementos e ocorr\u00eancias relacionados \u00e0 vida funcional e respectivos deveres e direitos de servidores<br \/>\nmunicipais;<\/li>\n<li>definir normas e diretrizes relativas aos eventos de frequ\u00eancia e contagem de tempo de servi\u00e7o dos servidores p\u00fablicos municipais;<\/li>\n<li>gerir os quadros de pessoal da Administra\u00e7\u00e3o Direta;<\/li>\n<li>gerir a folha de pagamento da Administra\u00e7\u00e3o Direta;<\/li>\n<li>gerenciar os recursos financeiros relativos ao pagamento de aux\u00edlio-funeral;<\/li>\n<li>subsidiar a pol\u00edtica municipal de gest\u00e3o de pessoas, no \u00e2mbito da Administra\u00e7\u00e3o Direta, com dados obtidos por meio de pesquisas salariais;<\/li>\n<li>coordenar, no \u00e2mbito da Administra\u00e7\u00e3o Direta, o processo de recadastramento anual do funcionalismo p\u00fablico municipal;<\/li>\n<li>gerenciar o cumprimento de normas para o ingresso de servidores em cargos de provimento efetivo e em comiss\u00e3o, assim como para a contrata\u00e7\u00e3o de pessoal por tempo determinado para o atendimento de excepcional interesse p\u00fablico;<\/li>\n<li>subsidiar a Coordenadoria de Gest\u00e3o de Pessoas nos assuntos pertinentes \u00e0 pol\u00edtica salarial e de concess\u00e3o de gratifica\u00e7\u00f5es e benef\u00edcios, elaborando os impactos financeiros<br \/>\nda\u00ed decorrentes;<\/li>\n<li>orientar os \u00f3rg\u00e3os setoriais na elabora\u00e7\u00e3o de relat\u00f3rios de impacto financeiro;<\/li>\n<li>prestar atendimento presencial e permanente aos servidores p\u00fablicos municipais e mun\u00edcipes nos assuntos pertinentes \u00e0 \u00e1rea de gest\u00e3o de pessoas;<\/li>\n<li>planejar, coordenar e gerenciar os concursos p\u00fablicos, no \u00e2mbito da Administra\u00e7\u00e3o Direta;<\/li>\n<li>normatizar, capacitar, acompanhar e prestar orienta\u00e7\u00e3o t\u00e9cnica aos \u00f3rg\u00e3os setoriais da Administra\u00e7\u00e3o Direta nos assuntos relacionados \u00e0 sua \u00e1rea de atua\u00e7\u00e3o;<\/li>\n<li>oferecer subs\u00eddio para a defesa da Municipalidade, em Ju\u00edzo ou fora dele, bem como cumprir e orientar os \u00f3rg\u00e3os setoriais sobre o cumprimento de decis\u00f5es judiciais em mat\u00e9ria de pessoal da Administra\u00e7\u00e3o Direta;<\/li>\n<li>atuar de forma integrada com os \u00f3rg\u00e3os setoriais da Administra\u00e7\u00e3o Direta;<\/li>\n<li>estabelecer canal permanente de comunica\u00e7\u00e3o com o Instituto de Previd\u00eancia Municipal de S\u00e3o Paulo &#8211; IPREM, visando a troca de informa\u00e7\u00f5es relativas a assuntos previdenci\u00e1rios dos servidores ativos e aposentados, bem como dos pensionistas regidos pelo Decreto Lei n\u00ba 289, de 7 de junho de 1945.<\/li>\n<\/ul>\n<h3>Hor\u00e1rio de Funcionamento Cogep em Fortaleza<\/h3>\n<ul>\n<li>Ter\u00e7a a Sexta das 08h \u00e0s 17h<\/li>\n<\/ul>\n<h3>Onde Fica, Endere\u00e7o e Telefone Cogep em Fortaleza<\/h3>\n<ul>\n<li>R. Barbosa de Freitas, 2267 &#8211; Dion\u00edsio Torres &#8211; Fortaleza &#8211; CE<\/li>\n<li>Telefone: (85) 3459-5929<\/li>\n<\/ul>\n<h4>Outras informa\u00e7\u00f5es e site<\/h4>\n<ul>\n<li>Mais informa\u00e7\u00f5es:\u00a0<a href=\"http:\/\/intranet.sme.fortaleza.ce.gov.br\" target=\"_blank\" rel=\"noopener noreferrer\">www.intranet.sme.fortaleza.ce.gov.br<\/a><\/li>\n<\/ul>\n<h4>Mapa de localiza\u00e7\u00e3o<\/h4>\n<a class=\"wp-colorbox-iframe\" href=\"https:\/\/www.google.com\/maps\/embed?pb=!1m14!1m8!1m3!1d15925.159375546149!2d-38.5006242!3d-3.746918!3m2!1i1024!2i768!4f13.1!3m3!1m2!1s0x00x6e8cf8e9a517fa96!2sSMECOGEP+-+Coordenadoria+de+Gesto+de+Pessoas!5e0!3m2!1spt-BR!2sbr!4v1556015473124!5m2!1spt-BR!2sbr\"><img decoding=\"async\" src=\"http:\/\/www.encontracampinas.com.br\/imgs\/maps-post.png\"><\/a>\n\n<div style=\"font-size: 0px; height: 0px; line-height: 0px; margin: 0; padding: 0; clear: both;\"><\/div>","protected":false},"excerpt":{"rendered":"<p>A Cogep Fortaleza &#8211; Coordena\u00e7\u00e3o de Gest\u00e3o de Pessoas \u00e9 respons\u00e1vel por administrar todos os processos e informa\u00e7\u00f5es funcionais relacionados aos servidores da rede estadual de ensino do Cear\u00e1. Cogep Fortaleza Atribui\u00e7\u00f5es O Departamento de Recursos Humanos &#8211; DERH, da Coordenadoria de Gest\u00e3o de Pessoas &#8211; COGEP, tem as seguintes atribui\u00e7\u00f5es, nos termos do Artigo 10 do Decreto 53.494, de 23 de Outubro de 2012. Art. 10. O Departamento de Recursos Humanos &#8211; DERH tem as seguintes atribui\u00e7\u00f5es: definir normas e diretrizes relativas \u00e0s informa\u00e7\u00f5es cadastrais dos eventos da vida funcional dos servidores p\u00fablicos municipais, inclusive aquelas relativas ao seu <\/p>\n","protected":false},"author":1,"featured_media":0,"parent":0,"menu_order":0,"comment_status":"closed","ping_status":"closed","template":"","meta":{"footnotes":""},"class_list":["post-1632","page","type-page","status-publish","hentry"],"aioseo_notices":[],"_links":{"self":[{"href":"https:\/\/www.encontrafortaleza.com\/sobre\/wp-json\/wp\/v2\/pages\/1632"}],"collection":[{"href":"https:\/\/www.encontrafortaleza.com\/sobre\/wp-json\/wp\/v2\/pages"}],"about":[{"href":"https:\/\/www.encontrafortaleza.com\/sobre\/wp-json\/wp\/v2\/types\/page"}],"author":[{"embeddable":true,"href":"https:\/\/www.encontrafortaleza.com\/sobre\/wp-json\/wp\/v2\/users\/1"}],"replies":[{"embeddable":true,"href":"https:\/\/www.encontrafortaleza.com\/sobre\/wp-json\/wp\/v2\/comments?post=1632"}],"version-history":[{"count":0,"href":"https:\/\/www.encontrafortaleza.com\/sobre\/wp-json\/wp\/v2\/pages\/1632\/revisions"}],"wp:attachment":[{"href":"https:\/\/www.encontrafortaleza.com\/sobre\/wp-json\/wp\/v2\/media?parent=1632"}],"curies":[{"name":"wp","href":"https:\/\/api.w.org\/{rel}","templated":true}]}}