{"id":1652,"date":"2019-04-26T06:11:15","date_gmt":"2019-04-26T09:11:15","guid":{"rendered":"https:\/\/www.encontrafortaleza.com\/sobre\/?page_id=1652"},"modified":"2019-04-26T06:11:15","modified_gmt":"2019-04-26T09:11:15","slug":"iss-fortaleza","status":"publish","type":"page","link":"https:\/\/www.encontrafortaleza.com\/sobre\/iss-fortaleza\/","title":{"rendered":"ISS Fortaleza"},"content":{"rendered":"<div class=\"2ad529334b11458fd7d9bde3e187e581\" data-index=\"1\" style=\"float: left; margin: 5px 5px 5px 0;\">\n<!-- EBR \/Novo-Bairro-Topo\/ 300x250 -->\r\n<ins class=\"adsbygoogle\"\r\n     style=\"display:inline-block;width:300px;height:250px\"\r\n     data-ad-client=\"ca-pub-6414922941841817\"\r\n     data-ad-slot=\"5351822287\"><\/ins>\r\n<script>\r\n(adsbygoogle = window.adsbygoogle || []).push({});\r\n<\/script>\n<\/div>\n<p>O Imposto Sobre Servi\u00e7os de qualquer natureza (ISS), de compet\u00eancia dos munic\u00edpios, tem como fato gerador a presta\u00e7\u00e3o de servi\u00e7os relacionados na Lista de Servi\u00e7os anexa \u00e0 Lei Complementar no. 116\/2003 (Federal) e Lei Complementar no. 40\/2001 (Municipal). O ISS \u00e9 a principal fonte de receita do munic\u00edpio. O dinheiro do imposto \u00e9 aplicado em sa\u00fade, educa\u00e7\u00e3o e outros servi\u00e7os essenciais para a popula\u00e7\u00e3o, al\u00e9m de obras de manuten\u00e7\u00e3o da cidade.<\/p>\n<p>A al\u00edquota do<strong> ISS em Fortaleza <\/strong>varia de 2% a 5%, de acordo com o tipo de servi\u00e7o prestado.<\/p>\n<p><img loading=\"lazy\" decoding=\"async\" class=\"alignnone wp-image-1653 size-full\" title=\"ISS Fortaleza\" src=\"https:\/\/www.encontrafortaleza.com\/sobre\/wp-content\/uploads\/2019\/04\/iss-belem.gif\" alt=\"ISS Fortaleza\" width=\"680\" height=\"189\" \/><\/p>\n<p>A al\u00edquota a ser utilizada para recolhimento do imposto retido na fonte \u00e9 de 5% (cinco por cento), conforme previsto no Art.6o. Dec.no. 67\/81e dever\u00e1 ser aplicada sobre o total do servi\u00e7o tomado no m\u00eas anterior.\u00a0As al\u00edquotas a serem utilizadas para o recolhimento do ISS retido nas hip\u00f3teses previstas no inciso XI do artigo 8\u00ba. Da LC no. 40\/2001, variam de 2% a 5%, de acordo com o tipo do servi\u00e7o tomado.<br \/>\nA al\u00edquota para recolhimento do ISS por reten\u00e7\u00e3o\/substitui\u00e7\u00e3o, sobre servi\u00e7os executados por contribuintes enquadrados no Simples Nacional, dever\u00e1 ser informada na nota fiscal de servi\u00e7os pelo prestador dos servi\u00e7os, bem como, o valor do ISS retido, por se tratar de al\u00edquota que varia mensalmente de acordo com a receita bruta do prestador.<br \/>\nAs empresas prestadoras de servi\u00e7os e os respons\u00e1veis tribut\u00e1rios, devem efetuar o pagamento do ISS at\u00e9 o dia 20 de cada m\u00eas atrav\u00e9s do DAM \u2013 Documento de Arrecada\u00e7\u00e3o Municipal, conforme Decreto no. 1442\/2007, exceto os \u00d3rg\u00e3os P\u00fablicos Federais relacionados no Decreto no.1637\/2005. A escritura\u00e7\u00e3o e a emiss\u00e3o do DAM s\u00f3 podem ser feitos por via eletr\u00f4nica, atrav\u00e9s do Sistema ISS-Fortaleza, dispon\u00edvel neste endere\u00e7o eletr\u00f4nico.<br \/>\nAp\u00f3s o prazo fixado, incidir\u00e3o sobre o valor do ISS devido, atualiza\u00e7\u00e3o monet\u00e1ria, multa e juros de mora, sendo os dois \u00faltimos sobre o valor atualizado.<br \/>\nOs impostos municipais s\u00e3o pagos diretamente nos bancos conveniados \u00e0 Prefeitura ou nas casas lot\u00e9ricas credenciadas pela Caixa Econ\u00f4mica Federal.<\/p>\n<h2>ISS Fortaleza Declara\u00e7\u00e3o Eletr\u00f4nica<\/h2>\n<p>Declara eletronicamente todas as notas emitidas e recebidas mensalmente atrav\u00e9s do Sistema Eletr\u00f4nico de declara\u00e7\u00e3o do ISS denominado ISS Fortaleza e transmite os dados \u00e0 <a href=\"http:\/\/www.encontrafortaleza.com\/sobre\/prefeitura-de-fortaleza\/\">Prefeitura Municipal de Fortaleza<\/a> at\u00e9 o dia 20 (vinte) do m\u00eas subseq\u00fcente ao da presta\u00e7\u00e3o do servi\u00e7o, ou ainda, no primeiro dia \u00fatil ap\u00f3s o dia 20, quando este ocorrer no s\u00e1bado, domingo ou feriado. Quando n\u00e3o houver movimento tribut\u00e1vel para Fortaleza de servi\u00e7os prestados tamb\u00e9m deve fazer esta declara\u00e7\u00e3o no ISS Fortaleza at\u00e9 o dia 31 de janeiro do exerc\u00edcio seguinte (baixa sem movimento).<br \/>\nAs notas fiscais eletr\u00f4nicas EMITIDAS (NFSe) n\u00e3o precisam ser declaradas, estas j\u00e1 est\u00e3o automaticamente registradas no ISS Fortaleza:<br \/>\nABA NFS-e \u2013 Pesquisar NFS-e emitidas\/Cancelar NFS-e \u2013 Colocar o m\u00eas o e ano \u2013 pesquisar.<br \/>\nPortanto, n\u00e3o devem ser declaradas para n\u00e3o gerar duplicidade.<\/p>\n<h3>ISS Fortaleza Sefin<\/h3>\n<p>A\u00a0<strong><a href=\"http:\/\/www.encontrafortaleza.com\/sobre\/sefin-fortaleza\/\">Sefin<\/a> Fortaleza<\/strong> -Secretaria Municipal das Finan\u00e7as \u2013 \u00e9 \u00f3rg\u00e3o integrante da administra\u00e7\u00e3o direta do Munic\u00edpio de Fortaleza. Faz a capta\u00e7\u00e3o e gest\u00e3o eficientes dos recursos financeiros com responsabilidade fiscal.<\/p>\n<p>Tem a miss\u00e3o de captar receita p\u00fablica com justi\u00e7a fiscal e gerir os recursos financeiros, com efici\u00eancia, para o desenvolvimento sustent\u00e1vel do Munic\u00edpio de Fortaleza e, tem a pretens\u00e3o de at\u00e9 2021, ser refer\u00eancia nacional na gest\u00e3o das finan\u00e7as p\u00fablicas municipais, com resultados criadores de valor p\u00fablico.<\/p>\n<h4>Outras informa\u00e7\u00f5es e site<\/h4>\n<ul>\n<li>Mais informa\u00e7\u00f5es:\u00a0<a href=\"https:\/\/www.sefin.fortaleza.ce.gov.br\/duvidas-iss\" target=\"_blank\" rel=\"noopener noreferrer\">www.sefin.fortaleza.ce.gov.br\/duvidas-iss<\/a><\/li>\n<\/ul>\n\n<div style=\"font-size: 0px; height: 0px; line-height: 0px; margin: 0; padding: 0; clear: both;\"><\/div>","protected":false},"excerpt":{"rendered":"<p>O Imposto Sobre Servi\u00e7os de qualquer natureza (ISS), de compet\u00eancia dos munic\u00edpios, tem como fato gerador a presta\u00e7\u00e3o de servi\u00e7os relacionados na Lista de Servi\u00e7os anexa \u00e0 Lei Complementar no. 116\/2003 (Federal) e Lei Complementar no. 40\/2001 (Municipal). O ISS \u00e9 a principal fonte de receita do munic\u00edpio. O dinheiro do imposto \u00e9 aplicado em sa\u00fade, educa\u00e7\u00e3o e outros servi\u00e7os essenciais para a popula\u00e7\u00e3o, al\u00e9m de obras de manuten\u00e7\u00e3o da cidade. A al\u00edquota do ISS em Fortaleza varia de 2% a 5%, de acordo com o tipo de servi\u00e7o prestado. A al\u00edquota a ser utilizada para recolhimento do imposto retido <\/p>\n","protected":false},"author":1,"featured_media":0,"parent":0,"menu_order":0,"comment_status":"closed","ping_status":"closed","template":"","meta":{"footnotes":""},"class_list":["post-1652","page","type-page","status-publish","hentry"],"aioseo_notices":[],"_links":{"self":[{"href":"https:\/\/www.encontrafortaleza.com\/sobre\/wp-json\/wp\/v2\/pages\/1652"}],"collection":[{"href":"https:\/\/www.encontrafortaleza.com\/sobre\/wp-json\/wp\/v2\/pages"}],"about":[{"href":"https:\/\/www.encontrafortaleza.com\/sobre\/wp-json\/wp\/v2\/types\/page"}],"author":[{"embeddable":true,"href":"https:\/\/www.encontrafortaleza.com\/sobre\/wp-json\/wp\/v2\/users\/1"}],"replies":[{"embeddable":true,"href":"https:\/\/www.encontrafortaleza.com\/sobre\/wp-json\/wp\/v2\/comments?post=1652"}],"version-history":[{"count":0,"href":"https:\/\/www.encontrafortaleza.com\/sobre\/wp-json\/wp\/v2\/pages\/1652\/revisions"}],"wp:attachment":[{"href":"https:\/\/www.encontrafortaleza.com\/sobre\/wp-json\/wp\/v2\/media?parent=1652"}],"curies":[{"name":"wp","href":"https:\/\/api.w.org\/{rel}","templated":true}]}}