{"id":240,"date":"2018-05-14T23:49:41","date_gmt":"2018-05-15T02:49:41","guid":{"rendered":"http:\/\/www.encontrafortaleza.com\/sobre\/?page_id=240"},"modified":"2018-05-14T23:50:31","modified_gmt":"2018-05-15T02:50:31","slug":"teatro-riomar-fortaleza","status":"publish","type":"page","link":"https:\/\/www.encontrafortaleza.com\/sobre\/teatro-riomar-fortaleza\/","title":{"rendered":"Teatro RioMar Fortaleza"},"content":{"rendered":"<div class=\"2ad529334b11458fd7d9bde3e187e581\" data-index=\"1\" style=\"float: left; margin: 5px 5px 5px 0;\">\n<!-- EBR \/Novo-Bairro-Topo\/ 300x250 -->\r\n<ins class=\"adsbygoogle\"\r\n     style=\"display:inline-block;width:300px;height:250px\"\r\n     data-ad-client=\"ca-pub-6414922941841817\"\r\n     data-ad-slot=\"5351822287\"><\/ins>\r\n<script>\r\n(adsbygoogle = window.adsbygoogle || []).push({});\r\n<\/script>\n<\/div>\n<p>O espa\u00e7o cultural \u00e9 o terceiro teatro aberto no Nordeste com administra\u00e7\u00e3o da Opus Promo\u00e7\u00f5es. O empreendimento \u00e9 mais uma parceria com o<em> Grupo JCPM.\u00a0<\/em>O Teatro RioMar Fortaleza come\u00e7ou seu funcionamento em dezembro de 2014 com o espet\u00e1culo infantil Branca de Neve.<\/p>\n<p>Em mais uma parceria entre a Opus Promo\u00e7\u00f5es e o Grupo JCPM, o empreendimento est\u00e1 localizado dentro do Shopping RioMar Fortaleza, um dos mais modernos do Pa\u00eds.<\/p>\n<p>Conhe\u00e7a melhor o <strong>Teatro RioMar Fortaleza<\/strong> abaixo.<\/p>\n<p><img loading=\"lazy\" decoding=\"async\" class=\"alignnone wp-image-241 size-full\" title=\"Teatro RioMar Fortaleza\" src=\"http:\/\/www.encontrafortaleza.com\/sobre\/wp-content\/uploads\/2018\/05\/teatro-riomar-fortaleza.jpg\" alt=\"Teatro RioMar Fortaleza\" width=\"680\" height=\"189\" srcset=\"https:\/\/www.encontrafortaleza.com\/sobre\/wp-content\/uploads\/2018\/05\/teatro-riomar-fortaleza.jpg 680w, https:\/\/www.encontrafortaleza.com\/sobre\/wp-content\/uploads\/2018\/05\/teatro-riomar-fortaleza-300x83.jpg 300w\" sizes=\"(max-width: 680px) 100vw, 680px\" \/><\/p>\n<h2>Teatro RioMar Fortaleza Capacidade<\/h2>\n<p>Com capacidade superior a 900 pessoas, mais de 4.000 m\u00b2 de \u00e1rea total, bar, chapelaria e recursos t\u00e9cnicos e ac\u00fasticos que seguem aos mais modernos padr\u00f5es de qualidade, o Teatro RioMar Fortaleza alia conforto, beleza e seguran\u00e7a.<\/p>\n<p>Composto por tr\u00eas setores, Plateia Baixa A, Plateia Baixa B, e Plateia Alta, o p\u00fablico ainda conta com locais destinados a pessoas com defici\u00eancia e poltronas para obesos, al\u00e9m de estar apto a receber eventos sociais e corporativos, como congressos, palestras, lan\u00e7amentos, comemora\u00e7\u00f5es e formaturas.<\/p>\n<h3>Teatro RioMar Fortaleza Programa\u00e7\u00e3o<\/h3>\n<p>Voc\u00ea pode conferir a programa\u00e7\u00e3o do Teatro RioMar <a href=\"www.teatroriomarfortaleza.com.br\/programacao.php\">aqui<\/a>.<em><br \/>\n<\/em><\/p>\n<h3>Teatro RioMar Fortaleza Ingressos<\/h3>\n<p>\u00c9 poss\u00edvel comprar ingressos online no Ingresso R\u00e1pido ou na bilheteria local.<\/p>\n<h3>Hor\u00e1rio de Funcionamento Teatro RioMar Fortaleza<\/h3>\n<ul>\n<li>Ter\u00e7a a S\u00e1bado: das 12:00 \u00e0s 21h<\/li>\n<li>O hor\u00e1rio de funcionamento varia de acordo com o espet\u00e1culo em cartaz.<\/li>\n<\/ul>\n<h3>Endere\u00e7o e Telefone Teatro RioMar Fortaleza<\/h3>\n<ul>\n<li>(<a href=\"http:\/\/www.encontrafortaleza.com\/sobre\/riomar-fortaleza\/\">Shopp. RioMar Fortaleza<\/a>) R. Des. Lauro Nogueira, 1500 &#8211; Lj 3001 &#8211; Papicu, Fortaleza &#8211; CE<\/li>\n<li>Telefone: (85) 3066-2000<\/li>\n<\/ul>\n<h4>Outras informa\u00e7\u00f5es e site<\/h4>\n<ul>\n<li>Mais informa\u00e7\u00f5es:\u00a0<a href=\"https:\/\/www.teatroriomarfortaleza.com.br\" target=\"_blank\" rel=\"noopener noreferrer\">www.teatroriomarfortaleza.com.br<\/a><\/li>\n<\/ul>\n<h4>Mapa de localiza\u00e7\u00e3o<\/h4>\n<a class=\"wp-colorbox-iframe\" href=\"https:\/\/www.google.com\/maps\/embed?pb=!1m14!1m8!1m3!1d15925.268270957427!2d-38.4723748!3d-3.7409308!3m2!1i1024!2i768!4f13.1!3m3!1m2!1s0x00x2324439123100395!2sTeatro+RioMar+Fortaleza!5e0!3m2!1spt-BR!2sbr!4v1526352083572\"><img decoding=\"async\" src=\"http:\/\/www.encontracampinas.com.br\/imgs\/maps-post.png\"><\/a>\n\n<div style=\"font-size: 0px; height: 0px; line-height: 0px; margin: 0; padding: 0; clear: both;\"><\/div>","protected":false},"excerpt":{"rendered":"<p>O espa\u00e7o cultural \u00e9 o terceiro teatro aberto no Nordeste com administra\u00e7\u00e3o da Opus Promo\u00e7\u00f5es. O empreendimento \u00e9 mais uma parceria com o Grupo JCPM.\u00a0O Teatro RioMar Fortaleza come\u00e7ou seu funcionamento em dezembro de 2014 com o espet\u00e1culo infantil Branca de Neve. Em mais uma parceria entre a Opus Promo\u00e7\u00f5es e o Grupo JCPM, o empreendimento est\u00e1 localizado dentro do Shopping RioMar Fortaleza, um dos mais modernos do Pa\u00eds. Conhe\u00e7a melhor o Teatro RioMar Fortaleza abaixo. Teatro RioMar Fortaleza Capacidade Com capacidade superior a 900 pessoas, mais de 4.000 m\u00b2 de \u00e1rea total, bar, chapelaria e recursos t\u00e9cnicos e ac\u00fasticos <\/p>\n","protected":false},"author":1,"featured_media":0,"parent":0,"menu_order":0,"comment_status":"closed","ping_status":"closed","template":"","meta":{"footnotes":""},"class_list":["post-240","page","type-page","status-publish","hentry"],"aioseo_notices":[],"_links":{"self":[{"href":"https:\/\/www.encontrafortaleza.com\/sobre\/wp-json\/wp\/v2\/pages\/240"}],"collection":[{"href":"https:\/\/www.encontrafortaleza.com\/sobre\/wp-json\/wp\/v2\/pages"}],"about":[{"href":"https:\/\/www.encontrafortaleza.com\/sobre\/wp-json\/wp\/v2\/types\/page"}],"author":[{"embeddable":true,"href":"https:\/\/www.encontrafortaleza.com\/sobre\/wp-json\/wp\/v2\/users\/1"}],"replies":[{"embeddable":true,"href":"https:\/\/www.encontrafortaleza.com\/sobre\/wp-json\/wp\/v2\/comments?post=240"}],"version-history":[{"count":0,"href":"https:\/\/www.encontrafortaleza.com\/sobre\/wp-json\/wp\/v2\/pages\/240\/revisions"}],"wp:attachment":[{"href":"https:\/\/www.encontrafortaleza.com\/sobre\/wp-json\/wp\/v2\/media?parent=240"}],"curies":[{"name":"wp","href":"https:\/\/api.w.org\/{rel}","templated":true}]}}