{"id":328,"date":"2018-08-24T05:17:30","date_gmt":"2018-08-24T08:17:30","guid":{"rendered":"http:\/\/www.encontrafortaleza.com\/sobre\/?page_id=328"},"modified":"2019-04-30T12:33:33","modified_gmt":"2019-04-30T15:33:33","slug":"prefeitura-de-fortaleza","status":"publish","type":"page","link":"https:\/\/www.encontrafortaleza.com\/sobre\/prefeitura-de-fortaleza\/","title":{"rendered":"Prefeitura de Fortaleza"},"content":{"rendered":"<div class=\"2ad529334b11458fd7d9bde3e187e581\" data-index=\"1\" style=\"float: left; margin: 5px 5px 5px 0;\">\n<!-- EBR \/Novo-Bairro-Topo\/ 300x250 -->\r\n<ins class=\"adsbygoogle\"\r\n     style=\"display:inline-block;width:300px;height:250px\"\r\n     data-ad-client=\"ca-pub-6414922941841817\"\r\n     data-ad-slot=\"5351822287\"><\/ins>\r\n<script>\r\n(adsbygoogle = window.adsbygoogle || []).push({});\r\n<\/script>\n<\/div>\n<p>A\u00a0<strong>Prefeitura de Fortaleza<\/strong>\u00a0\u00e9 a sede do poder executivo do munic\u00edpio. A Prefeitura abriga secretarias da educa\u00e7\u00e3o, sa\u00fade, meio ambiente e v\u00e1rias outras.<\/p>\n<p>Na sede da Prefeitura de Fortaleza, est\u00e3o instalados o Gabinete do prefeito e do vice-prefeito, al\u00e9m de secretarias e \u00f3rg\u00e3os. No local, o contribuinte tem acesso a servi\u00e7os como: Nota Fiscal Eletr\u00f4nica; Declara\u00e7\u00e3o de Servi\u00e7o; Emiss\u00e3o da 2\u00aa via do IPTU da Prefeitura Municipal; Consulta de Processos; Di\u00e1rio Oficial; entre outros.<\/p>\n<p><img loading=\"lazy\" decoding=\"async\" class=\"alignnone wp-image-329 size-full\" title=\"Prefeitura de Fortaleza\" src=\"http:\/\/www.encontrafortaleza.com\/sobre\/wp-content\/uploads\/2018\/08\/prefeitura-de-fortaleza.gif\" alt=\"Prefeitura de Fortaleza\" width=\"680\" height=\"189\" \/><\/p>\n<h2>Concursos Prefeitura de Fortaleza<\/h2>\n<p>A Prefeitura Municipal de\u00a0Fortaleza <em>realiza periodicamente concursos p\u00fablicos<\/em>\u00a0com oportunidades para diversos cargos. O primeiro passo para a abertura \u00e9 divulgado no Di\u00e1rio Oficial da Prefeitura de Fortaleza, que \u00e9 a constitui\u00e7\u00e3o da comiss\u00e3o do certame. No documento constar\u00e1 as chances de cada setor e a escolaridade exigida de cada pessoa para o concurso da prefeitura de Fortaleza.<\/p>\n<p>Para acompanhar o andamento e obter maiores informa\u00e7\u00f5es sobre vagas, consulte o site da Prefeitura de Fortaleza com cronogramas e outras especificidades dos concursos p\u00fablicos e processos seletivos que ocorrem.<\/p>\n<h3>IPTU Prefeitura de Fortaleza<\/h3>\n<p>Todos os anos os propriet\u00e1rios de um ou mais im\u00f3veis na cidade de Piracicaba devem pagar o\u00a0<em><a href=\"http:\/\/www.encontrafortaleza.com\/sobre\/iptu-fortaleza\/\">IPTU<\/a> (Imposto Predial e Territorial Urbano)<\/em>. Em alguns casos, o possuidor, mesmo n\u00e3o sendo o propriet\u00e1rio, \u00e9 o contribuinte do imposto. Na cidade de Fortaleza o contribuinte pode pagar o valor em cota \u00fanica (com desconto) ou em at\u00e9 dez cotas iguais. Voc\u00ea pode consultar e imprimir a segunda via do seu IPTU diretamente no site da Prefeitura de Fortaleza.<em><br \/>\n<\/em><\/p>\n<h3>Nfe Prefeitura de Fortaleza<\/h3>\n<p>A\u00a0<em><a href=\"https:\/\/www.encontrafortaleza.com\/sobre\/nota-fortaleza\/\">Nota Fiscal de Servi\u00e7os Eletr\u00f4nica<\/a> \u2013 NFS-e,<\/em>\u00a0\u00e9 o documento fiscal de exist\u00eancia apenas digital que substituir\u00e1 as tradicionais notas fiscais de servi\u00e7os impressas. A NFS-e, implantada pela SECRETARIA DA FAZENDA, ser\u00e1 emitida e armazenada eletronicamente em programa de computador da Prefeitura Piracicaba, com o objetivo de materializar os fatos geradores do ISSQN \u2013 Imposto Sobre Servi\u00e7os de Qualquer Natureza, por meio do registro eletr\u00f4nico das presta\u00e7\u00f5es de servi\u00e7os sujeitas \u00e0 tributa\u00e7\u00e3o do ISSQN. Outras respostas a perguntas frequentes sobre o SIMPLES NACIONAL podem ser obtidas no site da Receita Federal do Brasil.<\/p>\n<h3>ISS Prefeitura de Fortaleza<\/h3>\n<p>O\u00a0<em><a href=\"https:\/\/www.encontrafortaleza.com\/sobre\/iss-fortaleza\/\">ISS<\/a> \u00e9 o Imposto Sobre Servi\u00e7os<\/em>\u00a0. Ele \u00e9 um tributo de compet\u00eancia dos munic\u00edpios e Distrito Federal e incide sobre a presta\u00e7\u00e3o de servi\u00e7os. O ISS da Prefeitura de Fortaleza \u00e9 pago pelas empresas prestadoras de servi\u00e7os e profissionais aut\u00f4nomos. Todas as informa\u00e7\u00f5es necess\u00e1rias e d\u00favidas sobre o ISS da Prefeitura de Piracicaba podem ser esclarecidos diretamente no site da Prefeitura.<\/p>\n<h3>ITBI Prefeitura de Fortaleza<\/h3>\n<p>O <a href=\"https:\/\/www.encontrafortaleza.com\/sobre\/itbi-fortaleza\/\" target=\"_blank\" rel=\"noopener noreferrer\">ITBI<\/a> &#8211; Imposto de Transmiss\u00e3o de Bens Im\u00f3veis &#8211; \u00e9 um tributo municipal exigido para que seja efetivada a transa\u00e7\u00e3o de um im\u00f3vel entre o vendedor e o comprador.\u00a0O valor n\u00e3o \u00e9 fixo e cada munic\u00edpio tem uma <em>al\u00edquota<\/em> de pagamento, podendo variar acordo com o pre\u00e7o do im\u00f3vel que est\u00e1 sendo adquirido. Logo, \u00e9 preciso conhec\u00ea-lo para estar preparado e ter condi\u00e7\u00f5es de efetuar a quita\u00e7\u00e3o.<\/p>\n<h3>Vagas de Emprego Prefeitura de Fortaleza<\/h3>\n<p>A\u00a0Prefeitura de\u00a0FortalezaFortaleza disponibiliza vagas de trabalho\u00a0durante todo ano. Para se informar sobre os processos seletivos e se candidatar as vagas acompanhe o site da Prefeitura de Piracicaba, onde \u00e9 poss\u00edvel se informar sobre vagas abertas, sal\u00e1rios e compet\u00eancias necess\u00e1rias para se candidatar ao processo.<\/p>\n<h3>Hor\u00e1rio de Funcionamento Prefeitura de Fortaleza<\/h3>\n<ul>\n<li>De Segunda a Sexta das 08h \u00e0s 17h<\/li>\n<\/ul>\n<h3>Endere\u00e7o e Telefone Prefeitura de Fortaleza<\/h3>\n<ul>\n<li>Rua S\u00e3o Jos\u00e9, 01 &#8211; Centro &#8211; Fortaleza &#8211; CE<\/li>\n<li>Telefone: (85) 3295-9917<\/li>\n<\/ul>\n<h4>Outras informa\u00e7\u00f5es e site<\/h4>\n<ul>\n<li>Site Oficial:\u00a0<a href=\"https:\/\/www.fortaleza.ce.gov.br\/\" target=\"_blank\" rel=\"noopener noreferrer\">www.fortaleza.ce.gov.br<\/a><\/li>\n<li>Mais informa\u00e7\u00f5es:\u00a0<a href=\"https:\/\/www.prefeituradefortaleza.org\/\">www.prefeituradefortaleza.org<\/a><\/li>\n<\/ul>\n<h4>Mapa de localiza\u00e7\u00e3o<\/h4>\n<a class=\"wp-colorbox-iframe\" href=\"https:\/\/www.google.com\/maps\/embed?pb=!1m18!1m12!1m3!1d3981.3882647074024!2d-38.525817985241005!3d-3.7252273972896996!2m3!1f0!2f0!3f0!3m2!1i1024!2i768!4f13.1!3m3!1m2!1s0x7c7484dbd1d9d350xae1fb0c3051ef47f!2sRua+So+Jos+1+-+Centro+Fortaleza+-+CE+60060-170!5e0!3m2!1spt-BR!2sbr!4v1535098464475\"><img decoding=\"async\" src=\"http:\/\/www.encontracampinas.com.br\/imgs\/maps-post.png\"><\/a>\n\n<div style=\"font-size: 0px; height: 0px; line-height: 0px; margin: 0; padding: 0; clear: both;\"><\/div>","protected":false},"excerpt":{"rendered":"<p>A\u00a0Prefeitura de Fortaleza\u00a0\u00e9 a sede do poder executivo do munic\u00edpio. A Prefeitura abriga secretarias da educa\u00e7\u00e3o, sa\u00fade, meio ambiente e v\u00e1rias outras. Na sede da Prefeitura de Fortaleza, est\u00e3o instalados o Gabinete do prefeito e do vice-prefeito, al\u00e9m de secretarias e \u00f3rg\u00e3os. No local, o contribuinte tem acesso a servi\u00e7os como: Nota Fiscal Eletr\u00f4nica; Declara\u00e7\u00e3o de Servi\u00e7o; Emiss\u00e3o da 2\u00aa via do IPTU da Prefeitura Municipal; Consulta de Processos; Di\u00e1rio Oficial; entre outros. Concursos Prefeitura de Fortaleza A Prefeitura Municipal de\u00a0Fortaleza realiza periodicamente concursos p\u00fablicos\u00a0com oportunidades para diversos cargos. O primeiro passo para a abertura \u00e9 divulgado no Di\u00e1rio Oficial <\/p>\n","protected":false},"author":1,"featured_media":0,"parent":0,"menu_order":0,"comment_status":"closed","ping_status":"closed","template":"","meta":{"footnotes":""},"class_list":["post-328","page","type-page","status-publish","hentry"],"aioseo_notices":[],"_links":{"self":[{"href":"https:\/\/www.encontrafortaleza.com\/sobre\/wp-json\/wp\/v2\/pages\/328"}],"collection":[{"href":"https:\/\/www.encontrafortaleza.com\/sobre\/wp-json\/wp\/v2\/pages"}],"about":[{"href":"https:\/\/www.encontrafortaleza.com\/sobre\/wp-json\/wp\/v2\/types\/page"}],"author":[{"embeddable":true,"href":"https:\/\/www.encontrafortaleza.com\/sobre\/wp-json\/wp\/v2\/users\/1"}],"replies":[{"embeddable":true,"href":"https:\/\/www.encontrafortaleza.com\/sobre\/wp-json\/wp\/v2\/comments?post=328"}],"version-history":[{"count":0,"href":"https:\/\/www.encontrafortaleza.com\/sobre\/wp-json\/wp\/v2\/pages\/328\/revisions"}],"wp:attachment":[{"href":"https:\/\/www.encontrafortaleza.com\/sobre\/wp-json\/wp\/v2\/media?parent=328"}],"curies":[{"name":"wp","href":"https:\/\/api.w.org\/{rel}","templated":true}]}}