{"id":331,"date":"2018-08-24T05:38:07","date_gmt":"2018-08-24T08:38:07","guid":{"rendered":"http:\/\/www.encontrafortaleza.com\/sobre\/?page_id=331"},"modified":"2019-04-30T12:48:32","modified_gmt":"2019-04-30T15:48:32","slug":"esporte-clube-fortaleza","status":"publish","type":"page","link":"https:\/\/www.encontrafortaleza.com\/sobre\/esporte-clube-fortaleza\/","title":{"rendered":"Esporte Clube Fortaleza"},"content":{"rendered":"<div class=\"2ad529334b11458fd7d9bde3e187e581\" data-index=\"1\" style=\"float: left; margin: 5px 5px 5px 0;\">\n<!-- EBR \/Novo-Bairro-Topo\/ 300x250 -->\r\n<ins class=\"adsbygoogle\"\r\n     style=\"display:inline-block;width:300px;height:250px\"\r\n     data-ad-client=\"ca-pub-6414922941841817\"\r\n     data-ad-slot=\"5351822287\"><\/ins>\r\n<script>\r\n(adsbygoogle = window.adsbygoogle || []).push({});\r\n<\/script>\n<\/div>\n<p>O\u00a0<b>Fortaleza Esporte Clube<\/b>\u00a0\u00e9 um clube\u00a0poliesportivo\u00a0que est\u00e1 sediado na\u00a0cidade\u00a0de\u00a0Fortaleza, no\u00a0Nordeste\u00a0do\u00a0Brasil. Foi fundado em\u00a018 de outubro\u00a0de\u00a01918, por\u00a0Alcides Santos, um dos maiores esportistas\u00a0cearenses, que se apaixonou pelo\u00a0futebol\u00a0durante o per\u00edodo em que estudou no\u00a0<i>College Stella<\/i>, na\u00a0Su\u00ed\u00e7a.<\/p>\n<p>O Fortaleza tem tamb\u00e9m tradi\u00e7\u00e3o em outros esportes ol\u00edmpicos, ostentando os t\u00edtulos de campe\u00e3o brasileiro adulto de handebol feminino em 2001, e em 2004, no masculino.<\/p>\n<p><img loading=\"lazy\" decoding=\"async\" class=\"alignnone wp-image-332 size-full\" title=\"Esporte Clube Fortaleza\" src=\"http:\/\/www.encontrafortaleza.com\/sobre\/wp-content\/uploads\/2018\/08\/esporte-clube-fortaleza.gif\" alt=\"Esporte Clube Fortaleza\" width=\"680\" height=\"189\" \/><\/p>\n<p>Campe\u00e3o nordestino de basquetebol em 2001 e em 2003; campe\u00e3o do Norte\/Nordeste de Futsal em 2003 e da Liga Nordeste de Futsal de 2009; e bicampe\u00e3o da Liga Nordeste de Handebol masculino e feminino.<\/p>\n<p>O Fortaleza desde sua funda\u00e7\u00e3o teve seis\u00a0escudos\u00a0diferentes, com algumas figura\u00e7\u00f5es em um deles, o primeiro em\u00a01918, ano de sua funda\u00e7\u00e3o, percorrendo durante as primeiras d\u00e9cadas de vida do clube, era no estilo peninsular com a ponta redonda, na parte do\u00a0ret\u00e2ngulo\u00a0em cima o nome Fortaleza em\u00a0azul\u00a0real, posteriormente passa a ter um escudo no formato\u00a0su\u00ed\u00e7o: de formato semelhante ao do escudo cl\u00e1ssico em branco com as bordas em azul com as iniciais FSC em azul e vermelho, posteriormente na\u00a0d\u00e9cada de 1940\u00a0no mesmo, s\u00f3 que dividido, com a parte superior recortada, com a parte superior na\u00a0cor\u00a0vermelha\u00a0e na inferior na cor azul real intercalada por uma faixa\u00a0branca, dentro do escudo as iniciais do clube at\u00e9 ent\u00e3o em FSC,\u00a0<i>Fortaleza Sporting Club<\/i>\u00a0e depois FEC, quando o clube mudou o nome para Fortaleza Esporte Clube, escudo utilizado at\u00e9 meados da d\u00e9cada de 1960, sendo bastante semelhante ao do\u00a0Fluminense Football Club. Os jornais da \u00e9poca distorciam alguns emblemas pois n\u00e3o dispunham de tecnologia para reproduzir a fonte original na \u00e9poca, a seguir os escudos com seus respectivos per\u00edodos:<\/p>\n<p>A partir de meados da\u00a0d\u00e9cada de 1960, o Fortaleza adotou o atual escudo, formado por um\u00a0tri\u00e2ngulo is\u00f3sceles\u00a0branco, invertido, com base maior elevada por um ret\u00e2ngulo com altura igual \u00e0 metade da lateral do referido tri\u00e2ngulo. Dentro dessa parte alongada encontra-se outro\u00a0ret\u00e2ngulo, de cor branca, com o nome Fortaleza em azul real. No interior do tri\u00e2ngulo uma faixa branca de largura igual a um quarto da lateral menor com dois tri\u00e2ngulos escalenos, um azul real \u00e0 esquerda e outro vermelho \u00e0 direita. Das seis\u00a0estrelas\u00a0sobre o escudo do Fortaleza, as quatro inferiores representam o Tetracampeonato Cearense conquistado em\u00a02007\/2008\/2009\/2010. J\u00e1 as duas estrelas superiores representam duas das sete conquistas regionais\/inter-regionais do clube que s\u00e3o a\u00a0Copa Cidade de Natal de 1946\u00a0e o\u00a0Torneio Norte\u2013Nordeste de 1970.<\/p>\n<h2>Esporte Clube Fortaleza &#8211; Hino<\/h2>\n<p>O primeiro<em>\u00a0<a href=\"https:\/\/www.encontrafortaleza.com\/sobre\/hino-do-fortaleza\/\" target=\"_blank\" rel=\"noopener noreferrer\">hino do Fortaleza<\/a>\u00a0<\/em>foi composto em 1959 por Jos\u00e9 Jatahy, em 1967 \u00e9 composto o hino oficial pelo poeta Jackson de Carvalho, sendo sua grava\u00e7\u00e3o em outubro do mesmo ano, tendo como arranjador o maestro Manuel Ferreira e como int\u00e9rprete o cantor Manoel Paiva.<\/p>\n<p>Em 2004 \u00e9 lan\u00e7ado o CD dos Hinos Placar com artistas brasileiros interpretando os hinos dos 16 principais clubes de futebol do Pa\u00eds pela Revista Placar, confirmando o t\u00edtulo dado desde de 1973 pela imprensa do eixo Rio-S\u00e3o Paulo como um dos grandes clubes do futebol nacional o hino do\u00a0<a href=\"https:\/\/www.encontrafortaleza.com\/sobre\/esporte-clube-fortaleza\/\" target=\"_blank\" rel=\"noopener noreferrer\">Fortaleza<\/a>\u00a0foi cantando pelo cantor Raimundo Fagner, que atuou duas vezes pela equipe principal do tricolor, as partidas foram contra Am\u00e9rica-CE e Maranguape.<\/p>\n<h3><a href=\"https:\/\/www.encontrafortaleza.com\/sobre\/loja-do-fortaleza\/\" target=\"_blank\" rel=\"noopener noreferrer\">Loja do Fortaleza Time<\/a><\/h3>\n<p>Fundado em 1918, o <em>Fortaleza<\/em> pela primeira vez em sua hist\u00f3ria produz seu pr\u00f3prio material, sendo pioneiro na regi\u00e3o Nordeste do pa\u00eds.<\/p>\n<h3>Hor\u00e1rio de Funcionamento Esporte Clube Fortaleza em Fortaleza<\/h3>\n<ul>\n<li>Segunda a Sexta: das 08h \u00e0s 18h<\/li>\n<\/ul>\n<h3>Endere\u00e7o e Telefone Esporte Clube Fortaleza em Fortaleza<\/h3>\n<ul>\n<li>Av. Senador Fernandes T\u00e1vora, 200 &#8211;\u00a0Pici &#8211; Fortaleza &#8211; CE<\/li>\n<li>Telefone: (85) 3496-2846<\/li>\n<\/ul>\n<h4>Outras informa\u00e7\u00f5es e site<\/h4>\n<ul>\n<li>Mais informa\u00e7\u00f5es:\u00a0<a href=\"http:\/\/fortaleza1918.com.br\/\" target=\"_blank\" rel=\"noopener noreferrer\">www.fortaleza1918.com.br<\/a><\/li>\n<\/ul>\n<h4>Mapa de localiza\u00e7\u00e3o<\/h4>\n<a class=\"wp-colorbox-iframe\" href=\"https:\/\/www.google.com\/maps\/embed?pb=!1m18!1m12!1m3!1d3981.2026153639144!2d-38.57711598524102!3d-3.7660376972601677!2m3!1f0!2f0!3f0!3m2!1i1024!2i768!4f13.1!3m3!1m2!1s0x7c74c072f60cb3d0x615bfe15b385ea29!2sAv.+Senador+Fernandes+Tvora+200+-+Henrique+Jorge+Fortaleza+-+CE+60510-290!5e0!3m2!1spt-BR!2sbr!4v1535099719050\"><img decoding=\"async\" src=\"http:\/\/www.encontracampinas.com.br\/imgs\/maps-post.png\"><\/a>\n\n<div style=\"font-size: 0px; height: 0px; line-height: 0px; margin: 0; padding: 0; clear: both;\"><\/div>","protected":false},"excerpt":{"rendered":"<p>O\u00a0Fortaleza Esporte Clube\u00a0\u00e9 um clube\u00a0poliesportivo\u00a0que est\u00e1 sediado na\u00a0cidade\u00a0de\u00a0Fortaleza, no\u00a0Nordeste\u00a0do\u00a0Brasil. Foi fundado em\u00a018 de outubro\u00a0de\u00a01918, por\u00a0Alcides Santos, um dos maiores esportistas\u00a0cearenses, que se apaixonou pelo\u00a0futebol\u00a0durante o per\u00edodo em que estudou no\u00a0College Stella, na\u00a0Su\u00ed\u00e7a. O Fortaleza tem tamb\u00e9m tradi\u00e7\u00e3o em outros esportes ol\u00edmpicos, ostentando os t\u00edtulos de campe\u00e3o brasileiro adulto de handebol feminino em 2001, e em 2004, no masculino. Campe\u00e3o nordestino de basquetebol em 2001 e em 2003; campe\u00e3o do Norte\/Nordeste de Futsal em 2003 e da Liga Nordeste de Futsal de 2009; e bicampe\u00e3o da Liga Nordeste de Handebol masculino e feminino. O Fortaleza desde sua funda\u00e7\u00e3o teve seis\u00a0escudos\u00a0diferentes, com <\/p>\n","protected":false},"author":1,"featured_media":0,"parent":0,"menu_order":0,"comment_status":"closed","ping_status":"closed","template":"","meta":{"footnotes":""},"class_list":["post-331","page","type-page","status-publish","hentry"],"aioseo_notices":[],"_links":{"self":[{"href":"https:\/\/www.encontrafortaleza.com\/sobre\/wp-json\/wp\/v2\/pages\/331"}],"collection":[{"href":"https:\/\/www.encontrafortaleza.com\/sobre\/wp-json\/wp\/v2\/pages"}],"about":[{"href":"https:\/\/www.encontrafortaleza.com\/sobre\/wp-json\/wp\/v2\/types\/page"}],"author":[{"embeddable":true,"href":"https:\/\/www.encontrafortaleza.com\/sobre\/wp-json\/wp\/v2\/users\/1"}],"replies":[{"embeddable":true,"href":"https:\/\/www.encontrafortaleza.com\/sobre\/wp-json\/wp\/v2\/comments?post=331"}],"version-history":[{"count":0,"href":"https:\/\/www.encontrafortaleza.com\/sobre\/wp-json\/wp\/v2\/pages\/331\/revisions"}],"wp:attachment":[{"href":"https:\/\/www.encontrafortaleza.com\/sobre\/wp-json\/wp\/v2\/media?parent=331"}],"curies":[{"name":"wp","href":"https:\/\/api.w.org\/{rel}","templated":true}]}}