{"id":334,"date":"2018-08-24T05:51:24","date_gmt":"2018-08-24T08:51:24","guid":{"rendered":"http:\/\/www.encontrafortaleza.com\/sobre\/?page_id=334"},"modified":"2019-04-30T12:52:42","modified_gmt":"2019-04-30T15:52:42","slug":"sine-fortaleza","status":"publish","type":"page","link":"https:\/\/www.encontrafortaleza.com\/sobre\/sine-fortaleza\/","title":{"rendered":"Sine Fortaleza"},"content":{"rendered":"<div class=\"2ad529334b11458fd7d9bde3e187e581\" data-index=\"1\" style=\"float: left; margin: 5px 5px 5px 0;\">\n<!-- EBR \/Novo-Bairro-Topo\/ 300x250 -->\r\n<ins class=\"adsbygoogle\"\r\n     style=\"display:inline-block;width:300px;height:250px\"\r\n     data-ad-client=\"ca-pub-6414922941841817\"\r\n     data-ad-slot=\"5351822287\"><\/ins>\r\n<script>\r\n(adsbygoogle = window.adsbygoogle || []).push({});\r\n<\/script>\n<\/div>\n<p>O Sistema Nacional de Emprego (SINE) \u00e9 um \u00f3rg\u00e3o do governo federal do Brasil, coordenado pelo Minist\u00e9rio do Trabalho e Emprego, por interm\u00e9dio da Secretaria de Pol\u00edticas de Emprego e Sal\u00e1rio, com o objetivo de fazer a intermedia\u00e7\u00e3o de m\u00e3o-de-obra atrav\u00e9s de suas ag\u00eancias espalhadas por todo o pa\u00eds, controlar o pagamento do seguro-desemprego e apoiar o Programa de Gera\u00e7\u00e3o de Emprego, Trabalho e Renda (PROGER).<\/p>\n<p>Confira mais informa\u00e7\u00f5es sobre o\u00a0<strong>Sine Fortaleza<\/strong>.<\/p>\n<p><img loading=\"lazy\" decoding=\"async\" class=\"alignnone wp-image-335 size-full\" title=\"Sine Fortaleza\" src=\"http:\/\/www.encontrafortaleza.com\/sobre\/wp-content\/uploads\/2018\/08\/sine-fortaleza.gif\" alt=\"Sine Fortaleza\" width=\"680\" height=\"189\" \/><\/p>\n<h2>Sine Fortaleza Vagas de Emprego<\/h2>\n<p>O Sine Fortaleza disponibiliza diversas <em>vagas de emprego<\/em> em v\u00e1rias \u00e1reas de diferentes de atua\u00e7\u00e3o. Para consulta-las\u00a0<a href=\"https:\/\/www.trabalhabrasil.com.br\/vagas-empregos-em-fortaleza-ce\" target=\"_blank\" rel=\"noopener noreferrer\">acesse aqui<\/a>.<\/p>\n<h3>Sine Fortaleza Seguro Desemprego<\/h3>\n<p>O\u00a0<em>Seguro Desemprego<\/em>\u00a0\u00e9 um benef\u00edcio integrante da seguridade social, garantido pelo art.7\u00ba dos Direitos Sociais da Constitui\u00e7\u00e3o Federal e tem por finalidade prover assist\u00eancia financeira tempor\u00e1ria ao trabalhador dispensado involuntariamente.<\/p>\n<p>O interessado precisa acessar o site do Sine e escolher o local onde deseja ser atendido. As unidades dispon\u00edveis para agendamento podem ser pesquisadas por munic\u00edpio ou nome da unidade.<\/p>\n<h3>Sine Fortaleza Agendamento<\/h3>\n<p>Acesse o site do Sine para realizar um <em>agendamento<\/em> pr\u00e9vio antes de realizar uma visita f\u00edsica ao local.<\/p>\n<h3>Hor\u00e1rio de Funcionamento Sine em Fortaleza<\/h3>\n<ul>\n<li>Todas as unidades atendem de Segunda a Sexta das 8 \u00e0s 18h<\/li>\n<\/ul>\n<h3>Endere\u00e7o e Telefone Sine em Fortaleza<\/h3>\n<ul>\n<li><strong>Sine Centro:<\/strong> R. Assun\u00e7\u00e3o, 699 \u2013 Telefone: (85) 3101-2776<\/li>\n<li><strong>Sine Aldeota:<\/strong> Av. Santos Dumont, 5015\u00a0\u2013 Telefone: (85) 3101-1660<\/li>\n<li><strong>Sine Benfica:<\/strong> Av. da Universidade, 2596 \u2013 Telefone: (85) 3101-5500<\/li>\n<li><strong>Sine Parangaba:<\/strong>\u00a0Av. Jo\u00e3o Pessoa, 6239 &#8211; Telefone:\u00a0(85) 3101-3035<\/li>\n<li><strong>Sine Ant\u00f4nio Bezerra:<\/strong>\u00a0R. Dem\u00e9trio Menezes, 3750 &#8211; Telefone:\u00a0(85) 3101-2743<\/li>\n<li><strong>Sine Bonsucesso:<\/strong>\u00a0Av. Augusto dos Anjos, 2458 &#8211; Telefone:\u00a0(85) 98540-2223<\/li>\n<\/ul>\n<h4>Outras informa\u00e7\u00f5es e site<\/h4>\n<ul>\n<li>Mais informa\u00e7\u00f5es:\u00a0<a href=\"http:\/\/www.sine.com.br\/\" target=\"_blank\" rel=\"noopener noreferrer\">www.sine.com.br<\/a><\/li>\n<\/ul>\n<h4>Mapa de localiza\u00e7\u00e3o Centro<\/h4>\n<a class=\"wp-colorbox-iframe\" href=\"https:\/\/www.google.com\/maps\/embed?pb=!1m18!1m12!1m3!1d3981.338565238539!2d-38.531084485241124!3d-3.7361961972817346!2m3!1f0!2f0!3f0!3m2!1i1024!2i768!4f13.1!3m3!1m2!1s0x7c749aaddeae5850x2e84176412a6e1b6!2sR.+Assuno+699+-+Centro+Fortaleza+-+CE+60050-010!5e0!3m2!1spt-BR!2sbr!4v1535100506297\"><img decoding=\"async\" src=\"http:\/\/www.encontracampinas.com.br\/imgs\/maps-post.png\"><\/a>\n\n<div style=\"font-size: 0px; height: 0px; line-height: 0px; margin: 0; padding: 0; clear: both;\"><\/div>","protected":false},"excerpt":{"rendered":"<p>O Sistema Nacional de Emprego (SINE) \u00e9 um \u00f3rg\u00e3o do governo federal do Brasil, coordenado pelo Minist\u00e9rio do Trabalho e Emprego, por interm\u00e9dio da Secretaria de Pol\u00edticas de Emprego e Sal\u00e1rio, com o objetivo de fazer a intermedia\u00e7\u00e3o de m\u00e3o-de-obra atrav\u00e9s de suas ag\u00eancias espalhadas por todo o pa\u00eds, controlar o pagamento do seguro-desemprego e apoiar o Programa de Gera\u00e7\u00e3o de Emprego, Trabalho e Renda (PROGER). Confira mais informa\u00e7\u00f5es sobre o\u00a0Sine Fortaleza. Sine Fortaleza Vagas de Emprego O Sine Fortaleza disponibiliza diversas vagas de emprego em v\u00e1rias \u00e1reas de diferentes de atua\u00e7\u00e3o. Para consulta-las\u00a0acesse aqui. Sine Fortaleza Seguro Desemprego O\u00a0Seguro <\/p>\n","protected":false},"author":1,"featured_media":0,"parent":0,"menu_order":0,"comment_status":"closed","ping_status":"closed","template":"","meta":{"footnotes":""},"class_list":["post-334","page","type-page","status-publish","hentry"],"aioseo_notices":[],"_links":{"self":[{"href":"https:\/\/www.encontrafortaleza.com\/sobre\/wp-json\/wp\/v2\/pages\/334"}],"collection":[{"href":"https:\/\/www.encontrafortaleza.com\/sobre\/wp-json\/wp\/v2\/pages"}],"about":[{"href":"https:\/\/www.encontrafortaleza.com\/sobre\/wp-json\/wp\/v2\/types\/page"}],"author":[{"embeddable":true,"href":"https:\/\/www.encontrafortaleza.com\/sobre\/wp-json\/wp\/v2\/users\/1"}],"replies":[{"embeddable":true,"href":"https:\/\/www.encontrafortaleza.com\/sobre\/wp-json\/wp\/v2\/comments?post=334"}],"version-history":[{"count":0,"href":"https:\/\/www.encontrafortaleza.com\/sobre\/wp-json\/wp\/v2\/pages\/334\/revisions"}],"wp:attachment":[{"href":"https:\/\/www.encontrafortaleza.com\/sobre\/wp-json\/wp\/v2\/media?parent=334"}],"curies":[{"name":"wp","href":"https:\/\/api.w.org\/{rel}","templated":true}]}}