{"id":337,"date":"2018-08-24T06:06:50","date_gmt":"2018-08-24T09:06:50","guid":{"rendered":"http:\/\/www.encontrafortaleza.com\/sobre\/?page_id=337"},"modified":"2019-04-30T13:07:03","modified_gmt":"2019-04-30T16:07:03","slug":"ifce-fortaleza","status":"publish","type":"page","link":"https:\/\/www.encontrafortaleza.com\/sobre\/ifce-fortaleza\/","title":{"rendered":"IFCE Fortaleza"},"content":{"rendered":"<div class=\"2ad529334b11458fd7d9bde3e187e581\" data-index=\"1\" style=\"float: left; margin: 5px 5px 5px 0;\">\n<!-- EBR \/Novo-Bairro-Topo\/ 300x250 -->\r\n<ins class=\"adsbygoogle\"\r\n     style=\"display:inline-block;width:300px;height:250px\"\r\n     data-ad-client=\"ca-pub-6414922941841817\"\r\n     data-ad-slot=\"5351822287\"><\/ins>\r\n<script>\r\n(adsbygoogle = window.adsbygoogle || []).push({});\r\n<\/script>\n<\/div>\n<div class=\"cell width-8 position-0 padrao \" data-panel=\"\">\n<div id=\"cc9bc5a5-47a3-40c0-a346-a7633e58f41a\" class=\"tile padrao\">\n<div class=\"tile-content\">\n<div class=\"visualClear\">\n<p>Com a cria\u00e7\u00e3o do <strong>IFCE Fortaleza<\/strong> &#8211; Instituto Federal de Educa\u00e7\u00e3o, Ci\u00eancia e Tecnologia do Cear\u00e1 &#8211; em 29 de dezembro de 2008 (Lei 11.892), a unidade do Cefet\/CE na capital cearense se transformou em campus de Fortaleza da nova institui\u00e7\u00e3o.<\/p>\n<p>Com sede localizada na Avenida Treze de Maio, n\u00ba 2081 &#8211; Benfica, inaugurada em 1952 ainda sob a denomina\u00e7\u00e3o de Escola Industrial de Fortaleza, o campus atualmente possui cerca de 7600 alunos matriculados em 14 cursos t\u00e9cnicos, 8 superiores tecnol\u00f3gicos, 5 bacharelados, 4 licenciaturas e 8 mestrados.<\/p>\n<\/div>\n<\/div>\n<\/div>\n<\/div>\n<p><img loading=\"lazy\" decoding=\"async\" class=\"alignnone wp-image-338 size-full\" title=\"IFCE Fortaleza\" src=\"http:\/\/www.encontrafortaleza.com\/sobre\/wp-content\/uploads\/2018\/08\/ifce-fortaleza.gif\" alt=\"IFCE Fortaleza\" width=\"680\" height=\"189\" \/><\/p>\n<h2>IFCE Fortaleza Cursos<\/h2>\n<p>A IFCE oferece os seguintes <em>cursos<\/em> de gradua\u00e7\u00e3o:<em><br \/>\n<\/em><\/p>\n<ul>\n<li class=\"visualClear\">Agronomia<\/li>\n<li class=\"visualClear\">Ci\u00eancia da Computa\u00e7\u00e3o<\/li>\n<li class=\"visualClear\">Engenharia Ambiental<\/li>\n<li class=\"visualClear\">Engenharia Ambiental e Sanit\u00e1ria<\/li>\n<li class=\"visualClear\">Engenharia Civil<\/li>\n<li class=\"visualClear\">Engenharia de Aquicultura<\/li>\n<li class=\"visualClear\">Engenharia de Computa\u00e7\u00e3o<\/li>\n<li class=\"visualClear\">Engenharia de Controle e Automa\u00e7\u00e3o<\/li>\n<li class=\"visualClear\">Engenharia de Mecatr\u00f4nica<\/li>\n<li class=\"visualClear\">Engenharia de Produ\u00e7\u00e3o Civil<\/li>\n<li class=\"visualClear\">Engenharia de Telecomunica\u00e7\u00f5es<\/li>\n<li class=\"visualClear\">Engenharia Mec\u00e2nica<\/li>\n<li class=\"visualClear\">Nutri\u00e7\u00e3o<\/li>\n<li class=\"visualClear\">Servi\u00e7o Social<\/li>\n<li class=\"visualClear\">Sistemas de Informa\u00e7\u00e3o<\/li>\n<li class=\"visualClear\">Turismo<\/li>\n<li class=\"visualClear\">Zootecnia<\/li>\n<\/ul>\n<h3>IFCE Fortaleza Cursos T\u00e9cnicos<\/h3>\n<p>A IFCE oferece os seguintes <em>cursos t\u00e9cnicos:<\/em><\/p>\n<ul>\n<li class=\"visualClear\">Agroind\u00fastria<\/li>\n<li class=\"visualClear\">Agroneg\u00f3cio<\/li>\n<li class=\"visualClear\">Alimentos<\/li>\n<li class=\"visualClear\">An\u00e1lise e Desenvolvimento de Sistemas<\/li>\n<li class=\"visualClear\">Automa\u00e7\u00e3o Industrial<\/li>\n<li class=\"visualClear\">Constru\u00e7\u00e3o de Edif\u00edcios<\/li>\n<li class=\"visualClear\">Estradas<\/li>\n<li class=\"visualClear\">Gastronomia<\/li>\n<li class=\"visualClear\">Gest\u00e3o Ambiental<\/li>\n<li class=\"visualClear\">Gest\u00e3o de Turismo<\/li>\n<li class=\"visualClear\">Gest\u00e3o Desportiva e de Lazer<\/li>\n<li class=\"visualClear\">Hotelaria<\/li>\n<li class=\"visualClear\">Irriga\u00e7\u00e3o e Drenagem<\/li>\n<li class=\"visualClear\">Manuten\u00e7\u00e3o Industrial<\/li>\n<li class=\"visualClear\">Mecatr\u00f4nica Industrial<\/li>\n<li class=\"visualClear\">Processos Ambientais<\/li>\n<li class=\"visualClear\">Processos Qu\u00edmicos<\/li>\n<li class=\"visualClear\">Rede de Computadores<\/li>\n<li class=\"visualClear\">Saneamento Ambiental<\/li>\n<li class=\"visualClear\">Telem\u00e1tica<\/li>\n<\/ul>\n<h3>IFCE Fortaleza Mestrado<\/h3>\n<p>A IFCE oferece os seguintes <em>cursos de mestrado:<\/em><\/p>\n<ul>\n<li>Artes,<\/li>\n<li>Ci\u00eancia da Computa\u00e7\u00e3o,<\/li>\n<li>Educa\u00e7\u00e3o Profissional e Tecnol\u00f3gica,<\/li>\n<li>Energias Renov\u00e1veis,<\/li>\n<li>Engenharia de Telecomunica\u00e7\u00f5es,<\/li>\n<li>Ensino de Ci\u00eancias e Matem\u00e1tica;<\/li>\n<li>Propriedade Intelectual;<\/li>\n<li>Transfer\u00eancia de Tecnologia para Inova\u00e7\u00e3o;<\/li>\n<li>Tecnologia e Gest\u00e3o Ambiental.<\/li>\n<\/ul>\n<h3>IFCE Fortaleza Sisu<\/h3>\n<p>Sistema de Sele\u00e7\u00e3o Unificada (<em>SiSU<\/em>) \u00e9 uma plataforma digital no ar desde janeiro de 2010 sendo desenvolvida pelo Minist\u00e9rio da Educa\u00e7\u00e3o brasileiro e utilizada pelos estudantes que realizaram o Exame Nacional do Ensino M\u00e9dio (ENEM) para se inscreverem nas institui\u00e7\u00f5es de ensino superior que aderiram totalmente ou parcialmente, com uma certa porcentagem de suas vagas, \u00e0 nota do ENEM como forma de ingresso, em substitui\u00e7\u00e3o ao vestibular.<\/p>\n<p>O sistema tem por base o mesmo projeto do Programa Universidade para Todos, e sua din\u00e2mica \u00e9 por turnos. Durante o dia, fica aberto a sele\u00e7\u00e3o e modifica\u00e7\u00e3o por parte dos estudantes e na madrugada (23h:59min \u00e0s 01h:59min) \u00e9 fechado \u00e0 edi\u00e7\u00f5es. Neste momento o sistema gera o ranking classificat\u00f3rio. No pr\u00f3ximo dia, o sistema \u00e9 reaberto para os estudantes verificarem sua classifica\u00e7\u00e3o no curso escolhido e se desejarem alterarem o curso e a universidade. A prova tamb\u00e9m \u00e9 feita por pessoas com interesse em ganhar bolsa integral ou parcial em universidade particular atrav\u00e9s do Programa Universidade para Todos (Prouni). Desde 2014 serve tamb\u00e9m para obten\u00e7\u00e3o de financiamento atrav\u00e9s do fundo de Financiamento do Ensino Superior (FIES).<\/p>\n<h3>Hor\u00e1rio de Funcionamento IFCE em Fortaleza<\/h3>\n<ul>\n<li>Segunda a Sexta: das 08h \u00e0s 19h30<\/li>\n<\/ul>\n<h3>Endere\u00e7o e Telefone IFCE em Fortaleza<\/h3>\n<ul>\n<li>Av. Treze de Maio, 2081 &#8211; Benfica &#8211; Fortaleza &#8211; CE<\/li>\n<li>Telefone: (85) 3307-3681<\/li>\n<\/ul>\n<h4>Outras informa\u00e7\u00f5es e site<\/h4>\n<ul>\n<li>Mais informa\u00e7\u00f5es:\u00a0<a href=\"https:\/\/ifce.edu.br\/fortaleza\" target=\"_blank\" rel=\"noopener noreferrer\">www.ifce.edu.br\/fortaleza<\/a><\/li>\n<\/ul>\n<h4>Mapa de localiza\u00e7\u00e3o<\/h4>\n<a class=\"wp-colorbox-iframe\" href=\"https:\/\/www.google.com\/maps\/embed?pb=!1m14!1m8!1m3!1d15925.208508410016!2d-38.5358765!3d-3.7442178!3m2!1i1024!2i768!4f13.1!3m3!1m2!1s0x00x35b7fad8eb59ba84!2sIFCE+-+Campus+de+Fortaleza!5e0!3m2!1spt-BR!2sbr!4v1535101452103\"><img decoding=\"async\" src=\"http:\/\/www.encontracampinas.com.br\/imgs\/maps-post.png\"><\/a>\n\n<div style=\"font-size: 0px; height: 0px; line-height: 0px; margin: 0; padding: 0; clear: both;\"><\/div>","protected":false},"excerpt":{"rendered":"<p>Com a cria\u00e7\u00e3o do IFCE Fortaleza &#8211; Instituto Federal de Educa\u00e7\u00e3o, Ci\u00eancia e Tecnologia do Cear\u00e1 &#8211; em 29 de dezembro de 2008 (Lei 11.892), a unidade do Cefet\/CE na capital cearense se transformou em campus de Fortaleza da nova institui\u00e7\u00e3o. Com sede localizada na Avenida Treze de Maio, n\u00ba 2081 &#8211; Benfica, inaugurada em 1952 ainda sob a denomina\u00e7\u00e3o de Escola Industrial de Fortaleza, o campus atualmente possui cerca de 7600 alunos matriculados em 14 cursos t\u00e9cnicos, 8 superiores tecnol\u00f3gicos, 5 bacharelados, 4 licenciaturas e 8 mestrados. IFCE Fortaleza Cursos A IFCE oferece os seguintes cursos de gradua\u00e7\u00e3o: Agronomia <\/p>\n","protected":false},"author":1,"featured_media":0,"parent":0,"menu_order":0,"comment_status":"closed","ping_status":"closed","template":"","meta":{"footnotes":""},"class_list":["post-337","page","type-page","status-publish","hentry"],"aioseo_notices":[],"_links":{"self":[{"href":"https:\/\/www.encontrafortaleza.com\/sobre\/wp-json\/wp\/v2\/pages\/337"}],"collection":[{"href":"https:\/\/www.encontrafortaleza.com\/sobre\/wp-json\/wp\/v2\/pages"}],"about":[{"href":"https:\/\/www.encontrafortaleza.com\/sobre\/wp-json\/wp\/v2\/types\/page"}],"author":[{"embeddable":true,"href":"https:\/\/www.encontrafortaleza.com\/sobre\/wp-json\/wp\/v2\/users\/1"}],"replies":[{"embeddable":true,"href":"https:\/\/www.encontrafortaleza.com\/sobre\/wp-json\/wp\/v2\/comments?post=337"}],"version-history":[{"count":0,"href":"https:\/\/www.encontrafortaleza.com\/sobre\/wp-json\/wp\/v2\/pages\/337\/revisions"}],"wp:attachment":[{"href":"https:\/\/www.encontrafortaleza.com\/sobre\/wp-json\/wp\/v2\/media?parent=337"}],"curies":[{"name":"wp","href":"https:\/\/api.w.org\/{rel}","templated":true}]}}