{"id":340,"date":"2018-08-24T09:40:15","date_gmt":"2018-08-24T12:40:15","guid":{"rendered":"http:\/\/www.encontrafortaleza.com\/sobre\/?page_id=340"},"modified":"2019-04-30T13:28:41","modified_gmt":"2019-04-30T16:28:41","slug":"ufc-fortaleza","status":"publish","type":"page","link":"https:\/\/www.encontrafortaleza.com\/sobre\/ufc-fortaleza\/","title":{"rendered":"UFC Fortaleza"},"content":{"rendered":"<div class=\"2ad529334b11458fd7d9bde3e187e581\" data-index=\"1\" style=\"float: left; margin: 5px 5px 5px 0;\">\n<!-- EBR \/Novo-Bairro-Topo\/ 300x250 -->\r\n<ins class=\"adsbygoogle\"\r\n     style=\"display:inline-block;width:300px;height:250px\"\r\n     data-ad-client=\"ca-pub-6414922941841817\"\r\n     data-ad-slot=\"5351822287\"><\/ins>\r\n<script>\r\n(adsbygoogle = window.adsbygoogle || []).push({});\r\n<\/script>\n<\/div>\n<p>A Universidade Federal do Cear\u00e1 \u00e9 uma autarquia vinculada ao Minist\u00e9rio da Educa\u00e7\u00e3o. Nasceu como resultado de um amplo movimento de opini\u00e3o p\u00fablica. Foi criada pela\u00a0Lei n\u00ba 2.373, em 16 de dezembro de 1954, e instalada em 25 de junho do ano seguinte.<\/p>\n<p>A <strong>UFC Fortaleza<\/strong> \u00e9 composta de sete campi, denominados Campus do Benfica, Campus do Pici e Campus do Porangabu\u00e7u, todos localizados no munic\u00edpio de Fortaleza (sede da UFC), al\u00e9m do Campus de Sobral, Campus de Quixad\u00e1, Campus de Crate\u00fas e Campus de Russas.<\/p>\n<p><img loading=\"lazy\" decoding=\"async\" class=\"alignnone wp-image-341 size-full\" title=\"UFC Fortaleza\" src=\"http:\/\/www.encontrafortaleza.com\/sobre\/wp-content\/uploads\/2018\/08\/ufc-fortaleza.gif\" alt=\"UFC Fortaleza\" width=\"680\" height=\"189\" \/><\/p>\n<p>A Universidade Federal do Cear\u00e1, que h\u00e1 mais de 50 anos mant\u00e9m o compromisso de servir \u00e0 regi\u00e3o, sem esquecer o car\u00e1ter universal de sua produ\u00e7\u00e3o, chega hoje com praticamente todas as \u00e1reas do conhecimento representadas em seus campi.<\/p>\n<h2>UFC Fortaleza Cursos<\/h2>\n<p>A UFC oferece v\u00e1rios <em>cursos<\/em> em todas as \u00e1reas da educa\u00e7\u00e3o, s\u00e3o eles:<\/p>\n<ul>\n<li>Administra\u00e7\u00e3o<\/li>\n<li>Agronomia<\/li>\n<li>Arquitetura e Urbanismo<\/li>\n<li>Biblioteconomia<\/li>\n<li>Biotecnologia<\/li>\n<li>Ci\u00eancia da Computa\u00e7\u00e3o<\/li>\n<li>Ci\u00eancias Ambientais<\/li>\n<li>Ci\u00eancias Atuariais<\/li>\n<li>Ci\u00eancias Biol\u00f3gicas<\/li>\n<li>Ci\u00eancias Cont\u00e1beis<\/li>\n<li>Ci\u00eancias Econ\u00f4micas<\/li>\n<li>Ci\u00eancias Sociais<\/li>\n<li>Cinema e Audiovisual<\/li>\n<li>Comunica\u00e7\u00e3o Social<\/li>\n<li>Jornalismo<\/li>\n<li>Publicidade e Propaganda<\/li>\n<li>Dan\u00e7a<\/li>\n<li>Design<\/li>\n<li>Direito<\/li>\n<li>Economia Dom\u00e9stica<\/li>\n<li>Economia Ecol\u00f3gica<\/li>\n<li>Educa\u00e7\u00e3o F\u00edsica<\/li>\n<li>Enfermagem<\/li>\n<li>Engenharia Ambiental<\/li>\n<li>Engenharia Civil<\/li>\n<li>Engenharia de Alimentos<\/li>\n<li>Engenharia de Computa\u00e7\u00e3o<\/li>\n<li>Engenharia de Energias Renov\u00e1veis<\/li>\n<li>Engenharia de Pesca<\/li>\n<li>Engenharia de Petr\u00f3leo<\/li>\n<li>Engenharia de Produ\u00e7\u00e3o Mec\u00e2nica<\/li>\n<li>Engenharia de Telecomunica\u00e7\u00f5es<\/li>\n<li>Engenharia de Teleinform\u00e1tica<\/li>\n<li>Engenharia El\u00e9trica<\/li>\n<li>Engenharia Mec\u00e2nica<\/li>\n<li>Engenharia Metal\u00fargica<\/li>\n<li>Engenharia Qu\u00edmica<\/li>\n<li>Estat\u00edstica<\/li>\n<li>Farm\u00e1cia<\/li>\n<li>Filosofia<\/li>\n<li>Finan\u00e7as<\/li>\n<li>F\u00edsica<\/li>\n<li>Fisioterapia<\/li>\n<li>Gastronomia<\/li>\n<li>Geografia<\/li>\n<li>Geologia<\/li>\n<li>Gest\u00e3o de Pol\u00edticas P\u00fablicas<\/li>\n<li>Hist\u00f3ria<\/li>\n<li>Letras<\/li>\n<li>Licenciatura Intercultural Ind\u00edgena das Etnias Pitaguary, Tapeba, Kanind\u00e9 de Aratuba, Jenipapo-Kanind\u00e9 e Anac\u00e9<\/li>\n<li>Licenciatura Intercultural Ind\u00edgena Kuaba<\/li>\n<li>Matem\u00e1tica<\/li>\n<li>Medicina<\/li>\n<li>Oceanografia<\/li>\n<li>Odontologia<\/li>\n<li>Pedagogia<\/li>\n<li>Psicologia<\/li>\n<li>Qu\u00edmica<\/li>\n<li>Secretariado Executivo<\/li>\n<li>Sistemas e M\u00eddias Digitais<\/li>\n<li>Teatro<\/li>\n<li>Tecnologia em Gest\u00e3o de Qualidade<\/li>\n<li>Zootecnia<\/li>\n<\/ul>\n<h3>UFC Fortaleza EAD<\/h3>\n<p>A Universidade oferece os seguintes<em> cursos na modalidade EAD<\/em>:<\/p>\n<ul>\n<li>Administra\u00e7\u00e3o<\/li>\n<li>Administra\u00e7\u00e3o P\u00fablica<\/li>\n<li>F\u00edsica<\/li>\n<li>Letras Ingl\u00eas\/Espanhol\/Portugu\u00eas<\/li>\n<li>Matem\u00e1tica<\/li>\n<li>Pedagogia<\/li>\n<\/ul>\n<h3>Universidade Federal do Cear\u00e1 Concurso<\/h3>\n<p>A UFC admite funcion\u00e1rios atrav\u00e9s de <em>concurso p\u00fablico<\/em>, fique atento ao site para n\u00e3o perder as datas de inscri\u00e7\u00f5es e provas.<\/p>\n<h3>Hor\u00e1rio de Funcionamento UFC em Fortaleza<\/h3>\n<ul>\n<li>Segunda a Sexta: das 08h \u00e0s 18h<\/li>\n<\/ul>\n<h3>Endere\u00e7o e Telefone UFC em Fortaleza<\/h3>\n<ul>\n<li>Av. da Universidade, 2853 &#8211; Benfica &#8211; Fortaleza &#8211; CE<\/li>\n<li>Telefone: (85) 3366-7300<\/li>\n<\/ul>\n<h4>Outras informa\u00e7\u00f5es e site<\/h4>\n<ul>\n<li>Mais informa\u00e7\u00f5es:\u00a0<a href=\"http:\/\/www.prograd.ufc.br\" target=\"_blank\" rel=\"noopener noreferrer\">www.prograd.ufc.br<\/a><\/li>\n<\/ul>\n<h4>Mapa de localiza\u00e7\u00e3o<\/h4>\n<a class=\"wp-colorbox-iframe\" href=\"https:\/\/www.google.com\/maps\/embed?pb=!1m18!1m12!1m3!1d3981.3127900777845!2d-38.54098708524084!3d-3.7418721972776385!2m3!1f0!2f0!3f0!3m2!1i1024!2i768!4f13.1!3m3!1m2!1s0x7c74910208900390x2abd7761d35693b2!2sAv.+da+Universidade+2853+-+Benfica+Fortaleza+-+CE+60020-181!5e0!3m2!1spt-BR!2sbr!4v1535114250621\"><img decoding=\"async\" src=\"http:\/\/www.encontracampinas.com.br\/imgs\/maps-post.png\"><\/a>\n\n<div style=\"font-size: 0px; height: 0px; line-height: 0px; margin: 0; padding: 0; clear: both;\"><\/div>","protected":false},"excerpt":{"rendered":"<p>A Universidade Federal do Cear\u00e1 \u00e9 uma autarquia vinculada ao Minist\u00e9rio da Educa\u00e7\u00e3o. Nasceu como resultado de um amplo movimento de opini\u00e3o p\u00fablica. Foi criada pela\u00a0Lei n\u00ba 2.373, em 16 de dezembro de 1954, e instalada em 25 de junho do ano seguinte. A UFC Fortaleza \u00e9 composta de sete campi, denominados Campus do Benfica, Campus do Pici e Campus do Porangabu\u00e7u, todos localizados no munic\u00edpio de Fortaleza (sede da UFC), al\u00e9m do Campus de Sobral, Campus de Quixad\u00e1, Campus de Crate\u00fas e Campus de Russas. A Universidade Federal do Cear\u00e1, que h\u00e1 mais de 50 anos mant\u00e9m o compromisso <\/p>\n","protected":false},"author":1,"featured_media":0,"parent":0,"menu_order":0,"comment_status":"closed","ping_status":"closed","template":"","meta":{"footnotes":""},"class_list":["post-340","page","type-page","status-publish","hentry"],"aioseo_notices":[],"_links":{"self":[{"href":"https:\/\/www.encontrafortaleza.com\/sobre\/wp-json\/wp\/v2\/pages\/340"}],"collection":[{"href":"https:\/\/www.encontrafortaleza.com\/sobre\/wp-json\/wp\/v2\/pages"}],"about":[{"href":"https:\/\/www.encontrafortaleza.com\/sobre\/wp-json\/wp\/v2\/types\/page"}],"author":[{"embeddable":true,"href":"https:\/\/www.encontrafortaleza.com\/sobre\/wp-json\/wp\/v2\/users\/1"}],"replies":[{"embeddable":true,"href":"https:\/\/www.encontrafortaleza.com\/sobre\/wp-json\/wp\/v2\/comments?post=340"}],"version-history":[{"count":0,"href":"https:\/\/www.encontrafortaleza.com\/sobre\/wp-json\/wp\/v2\/pages\/340\/revisions"}],"wp:attachment":[{"href":"https:\/\/www.encontrafortaleza.com\/sobre\/wp-json\/wp\/v2\/media?parent=340"}],"curies":[{"name":"wp","href":"https:\/\/api.w.org\/{rel}","templated":true}]}}