{"id":349,"date":"2018-08-24T10:24:43","date_gmt":"2018-08-24T13:24:43","guid":{"rendered":"http:\/\/www.encontrafortaleza.com\/sobre\/?page_id=349"},"modified":"2019-04-30T13:53:23","modified_gmt":"2019-04-30T16:53:23","slug":"procon-fortaleza","status":"publish","type":"page","link":"https:\/\/www.encontrafortaleza.com\/sobre\/procon-fortaleza\/","title":{"rendered":"Procon Fortaleza"},"content":{"rendered":"<div class=\"2ad529334b11458fd7d9bde3e187e581\" data-index=\"1\" style=\"float: left; margin: 5px 5px 5px 0;\">\n<!-- EBR \/Novo-Bairro-Topo\/ 300x250 -->\r\n<ins class=\"adsbygoogle\"\r\n     style=\"display:inline-block;width:300px;height:250px\"\r\n     data-ad-client=\"ca-pub-6414922941841817\"\r\n     data-ad-slot=\"5351822287\"><\/ins>\r\n<script>\r\n(adsbygoogle = window.adsbygoogle || []).push({});\r\n<\/script>\n<\/div>\n<p>Procon \u00e9 um \u00f3rg\u00e3o administrativo de prote\u00e7\u00e3o e defesa do consumidor que atua no \u00e2mbito nacional, ou seja, em todo territ\u00f3rio brasileiro. Possui uma sede situada em S\u00e3o Paulo (PROCON-SP) que \u00e9 vinculada ao governo do estado onde as prefeituras que desejam ter o PROCON local faz um\u00a0conv\u00eanio para atuar no \u00e2mbito do munic\u00edpio ao qual est\u00e1 vinculado.<\/p>\n<p>Conhe\u00e7a o\u00a0<strong>Procon Fortaleza.<\/strong><\/p>\n<p><img loading=\"lazy\" decoding=\"async\" class=\"alignnone wp-image-350 size-full\" title=\"Procon Fortaleza\" src=\"http:\/\/www.encontrafortaleza.com\/sobre\/wp-content\/uploads\/2018\/08\/procon-fortaleza.gif\" alt=\"Procon Fortaleza\" width=\"680\" height=\"189\" \/><\/p>\n<h2>Procon Fortaleza Registro de Reclama\u00e7\u00e3o<\/h2>\n<p>\u00c9 de suma import\u00e2ncia que o consumidor apresente o cupom fiscal ou nota fiscal que comprove a aquisi\u00e7\u00e3o legal do bem ou servi\u00e7o\u00a0para que possa fazer o\u00a0<em>registro de reclama\u00e7\u00e3o<\/em>\u00a0no Procon.<\/p>\n<p>\u00c9 de extrema import\u00e2ncia documentar-se de protocolos e anota\u00e7\u00f5es de todas as formas de contato com informa\u00e7\u00f5es detalhadas, tais como:<\/p>\n<ul>\n<li>N\u00famero de telefone qual tentou ou efetuou contato<\/li>\n<li>N\u00famero de protocolo de atendimento<\/li>\n<li>Nome da pessoa qual recebeu seu contato na empresa<\/li>\n<li>Hor\u00e1rio exato e tamb\u00e9m dura\u00e7\u00e3o do contato<\/li>\n<li>E-mails enviados a empresa<\/li>\n<\/ul>\n<p>Em caso de produtos com altera\u00e7\u00e3o, v\u00edcio ou dano \u00e9 necess\u00e1rio que se fa\u00e7a a apresenta\u00e7\u00e3o do (s) mesmo (s), visto que na embalagem h\u00e1 informa\u00e7\u00f5es sobre o fornecedor e data de validade de lote do item.<\/p>\n<p>Em casos de assuntos financeiros onde haja alguma pend\u00eancia por parte do consumidor e ele n\u00e3o consiga contato com a empresa credora para a negocia\u00e7\u00e3o da d\u00edvida o Procon da cidade de Fortaleza tamb\u00e9m pode intervir.<\/p>\n<h3>Procon Fortaleza Vapt Vupt<\/h3>\n<p>O Procon Fortaleza est\u00e1 no <a href=\"https:\/\/www.encontrafortaleza.com\/sobre\/vapt-vupt-fortaleza\/\">Vapt Vupt<\/a>. Confira os servi\u00e7os do N\u00facleo Messejana:<\/p>\n<ul>\n<li>Abertura de Reclama\u00e7\u00f5es.<\/li>\n<li>Den\u00fancias.<\/li>\n<li>Audi\u00eancias de Concilia\u00e7\u00e3o.<\/li>\n<li>Orienta\u00e7\u00e3o Jur\u00eddica.<\/li>\n<li>Informa\u00e7\u00f5es sobre assuntos relativos \u00e0s rela\u00e7\u00f5es de consumo.<\/li>\n<\/ul>\n<h3>Hor\u00e1rio de Funcionamento\u00a0Procon em\u00a0Fortaleza<\/h3>\n<ul>\n<li>Segunda a Sexta das 08h \u00e0s 13h<\/li>\n<\/ul>\n<h3>Endere\u00e7o e Telefone\u00a0Procon em Fortaleza<\/h3>\n<ul>\n<li>Rua Major Facundo, 869 &#8211; Centro &#8211; Fortaleza &#8211; CE<\/li>\n<li>Telefone:\u00a0<span class=\"w8qArf\"> (85) 3105-1138<\/span><\/li>\n<\/ul>\n<h4>Outras informa\u00e7\u00f5es e site<\/h4>\n<ul>\n<li>Mais informa\u00e7\u00f5es:\u00a0<a href=\"http:\/\/www.procon.ma.gov.br\/\" target=\"_blank\" rel=\"noopener noreferrer\">www.procon.ma.gov.br<\/a><\/li>\n<\/ul>\n<h4>Mapa de localiza\u00e7\u00e3o<\/h4>\n<a class=\"wp-colorbox-iframe\" href=\"https:\/\/www.google.com\/maps\/embed?pb=!1m14!1m8!1m3!1d15925.45377086127!2d-38.5288983!3d-3.7307097!3m2!1i1024!2i768!4f13.1!3m3!1m2!1s0x00x8fbf4fd65685decf!2sProcon+Fortaleza!5e0!3m2!1spt-BR!2sbr!4v1535116921589\"><img decoding=\"async\" src=\"http:\/\/www.encontracampinas.com.br\/imgs\/maps-post.png\"><\/a>\n\n<div style=\"font-size: 0px; height: 0px; line-height: 0px; margin: 0; padding: 0; clear: both;\"><\/div>","protected":false},"excerpt":{"rendered":"<p>Procon \u00e9 um \u00f3rg\u00e3o administrativo de prote\u00e7\u00e3o e defesa do consumidor que atua no \u00e2mbito nacional, ou seja, em todo territ\u00f3rio brasileiro. Possui uma sede situada em S\u00e3o Paulo (PROCON-SP) que \u00e9 vinculada ao governo do estado onde as prefeituras que desejam ter o PROCON local faz um\u00a0conv\u00eanio para atuar no \u00e2mbito do munic\u00edpio ao qual est\u00e1 vinculado. Conhe\u00e7a o\u00a0Procon Fortaleza. Procon Fortaleza Registro de Reclama\u00e7\u00e3o \u00c9 de suma import\u00e2ncia que o consumidor apresente o cupom fiscal ou nota fiscal que comprove a aquisi\u00e7\u00e3o legal do bem ou servi\u00e7o\u00a0para que possa fazer o\u00a0registro de reclama\u00e7\u00e3o\u00a0no Procon. \u00c9 de extrema import\u00e2ncia <\/p>\n","protected":false},"author":1,"featured_media":0,"parent":0,"menu_order":0,"comment_status":"closed","ping_status":"closed","template":"","meta":{"footnotes":""},"class_list":["post-349","page","type-page","status-publish","hentry"],"aioseo_notices":[],"_links":{"self":[{"href":"https:\/\/www.encontrafortaleza.com\/sobre\/wp-json\/wp\/v2\/pages\/349"}],"collection":[{"href":"https:\/\/www.encontrafortaleza.com\/sobre\/wp-json\/wp\/v2\/pages"}],"about":[{"href":"https:\/\/www.encontrafortaleza.com\/sobre\/wp-json\/wp\/v2\/types\/page"}],"author":[{"embeddable":true,"href":"https:\/\/www.encontrafortaleza.com\/sobre\/wp-json\/wp\/v2\/users\/1"}],"replies":[{"embeddable":true,"href":"https:\/\/www.encontrafortaleza.com\/sobre\/wp-json\/wp\/v2\/comments?post=349"}],"version-history":[{"count":0,"href":"https:\/\/www.encontrafortaleza.com\/sobre\/wp-json\/wp\/v2\/pages\/349\/revisions"}],"wp:attachment":[{"href":"https:\/\/www.encontrafortaleza.com\/sobre\/wp-json\/wp\/v2\/media?parent=349"}],"curies":[{"name":"wp","href":"https:\/\/api.w.org\/{rel}","templated":true}]}}