{"id":352,"date":"2018-08-24T10:31:20","date_gmt":"2018-08-24T13:31:20","guid":{"rendered":"http:\/\/www.encontrafortaleza.com\/sobre\/?page_id=352"},"modified":"2019-04-30T14:01:29","modified_gmt":"2019-04-30T17:01:29","slug":"praia-do-futuro-fortaleza","status":"publish","type":"page","link":"https:\/\/www.encontrafortaleza.com\/sobre\/praia-do-futuro-fortaleza\/","title":{"rendered":"Praia do Futuro Fortaleza"},"content":{"rendered":"<div class=\"2ad529334b11458fd7d9bde3e187e581\" data-index=\"1\" style=\"float: left; margin: 5px 5px 5px 0;\">\n<!-- EBR \/Novo-Bairro-Topo\/ 300x250 -->\r\n<ins class=\"adsbygoogle\"\r\n     style=\"display:inline-block;width:300px;height:250px\"\r\n     data-ad-client=\"ca-pub-6414922941841817\"\r\n     data-ad-slot=\"5351822287\"><\/ins>\r\n<script>\r\n(adsbygoogle = window.adsbygoogle || []).push({});\r\n<\/script>\n<\/div>\n<p>A\u00a0<b>Praia do Futuro<\/b>\u00a0\u00e9 uma\u00a0praia\u00a0e tamb\u00e9m\u00a0bairro\u00a0na \u00e1rea leste de\u00a0Fortaleza, capital do estado do\u00a0Cear\u00e1.\u00a0<sup id=\"cite_ref-1\" class=\"reference\"><\/sup>\u00c9 considerada uma das mais conhecidas praias do\u00a0Nordeste.<\/p>\n<p>Com aproximadamente 8 km de extens\u00e3o, possui um corredor de &#8220;barracas&#8221; (restaurantes\u00a0com comida t\u00edpica e frutos do mar), feitas normalmente de palha de\u00a0carna\u00faba, onde s\u00e3o servidos uma variedade de pratos t\u00edpicos. A praia tem muito movimento nos dias de quinta-feira a noite, dia da tradicional caranguejada, prato t\u00edpico.<\/p>\n<p><img loading=\"lazy\" decoding=\"async\" class=\"alignnone wp-image-353 size-full\" title=\"Praia do Futuro Fortaleza\" src=\"http:\/\/www.encontrafortaleza.com\/sobre\/wp-content\/uploads\/2018\/08\/praia-do-futuro-fortaleza.gif\" alt=\"Praia do Futuro Fortaleza\" width=\"680\" height=\"189\" \/><\/p>\n<p>O bairro Praia do Futuro tem este nome devido a um an\u00fancio da Imobili\u00e1ria Ant\u00f4nio Diogo, que, em 1966, fez divulga\u00e7\u00e3o do &#8220;Novo Bairro&#8221;. Na mesma \u00e9poca, esta \u00e1rea de Fortaleza era pouco frequentada, j\u00e1 que, por motivos culturais da \u00e9poca, as fam\u00edlias da alta classe n\u00e3o poderiam ter contato com a classe bastarda, que ocupava parte daquela \u00e1rea. Em 1968, finalmente, a praia come\u00e7ou a ter suas primeiras quadras e lotes, que se estenderam at\u00e9 a foz do Rio Coc\u00f3.<\/p>\n<p>Em 1969, foi iniciada a primeira via do bairro, que, tempos mais tarde, se transformaria na Avenida Dioguinho, nome vinda da mesma imobili\u00e1ria. Em 1970, \u00e9 iniciada a segunda via, que tamb\u00e9m tornou-se avenida na d\u00e9cada de 80, na Avenida Zez\u00e9 Diogo, nome vindo de um dos representantes da Imobili\u00e1ria. Em 1984, a Imobili\u00e1ria Ant\u00f4nio Diogo entra em liquida\u00e7\u00e3o. A venda de lotes no &#8220;Novo Bairro&#8221; \u00e9 encerrada e, com isso, nascem os problemas de ocupa\u00e7\u00f5es sem planejamento do Bairro.<\/p>\n<h2>Praia do Futuro Fortaleza Principais Atrativos<\/h2>\n<p>Durante o dia voc\u00ea tem muito o que ver na Praia do Futuro. Cada uma das barracas apresenta seus<em> atrativos<\/em> para os turistas que veem a capital Fortaleza, tornando-se, de certa forma, refer\u00eancias e tradicionais para a cidade. O Chico do Caranguejo, por exemplo, \u00e9 conhecido pela sua caranguejada que acontece toda quinta-feira \u00e0 noite. A barraca recebe clientes para experimentar o caranguejo tradicional e diversos outros pratos feitos a partir dele.<\/p>\n<p>J\u00e1 a barraca <a href=\"https:\/\/www.encontrafortaleza.com\/sobre\/crocobeach-fortaleza\/\">Croco Beach<\/a> \u00e9 atrativa pelas festas que acontecem aos finais de semana, com shows de forr\u00f3 e ax\u00e9, principalmente nos meses de ver\u00e3o. O pr\u00e9-carnaval aqui \u00e9 o mais conhecido e bem frequentado da cidade. Vale a pena conferir se voc\u00ea estiver na cidade na \u00e9poca. Outras barracas tamb\u00e9m se destacam, como a Biruta, que recebe shows de grande porte com apresenta\u00e7\u00f5es de artistas nacionais; tamb\u00e9m a Vira Ver\u00e3o, a maior barraca para o p\u00fablico GLS da capital.<\/p>\n<p>Na \u00faltima semana de julho, acontece na Praia do Futuro o Fortal, que \u00e9 a maior micareta da cidade e considerada uma das mais famosas do Brasil. Artistas do ax\u00e9 e ritmos populares v\u00eam para a capital puxar seus trios el\u00e9tricos e fazer a folia por todo um final de semana.<\/p>\n<h3>Praia do Futuro Fortaleza Fotos<\/h3>\n<p><img loading=\"lazy\" decoding=\"async\" class=\"alignnone wp-image-1666 size-full\" title=\"Praia do Futuro Fortaleza Fotos\" src=\"https:\/\/www.encontrafortaleza.com\/sobre\/wp-content\/uploads\/2019\/04\/praia-do-futuro-fortaleza-fotos.gif\" alt=\"Praia do Futuro Fortaleza Fotos\" width=\"544\" height=\"450\" \/><\/p>\n<h3>Hor\u00e1rio de Funcionamento Praia do Futuro em Fortaleza<\/h3>\n<ul>\n<li>24 horas<\/li>\n<\/ul>\n<h3>Endere\u00e7o e Telefone Praia do Futuro em Fortaleza<\/h3>\n<ul>\n<li>Fortaleza &#8211; CE<\/li>\n<\/ul>\n<h4>Mapa de localiza\u00e7\u00e3o<\/h4>\n<a class=\"wp-colorbox-iframe\" href=\"https:\/\/www.google.com\/maps\/embed?pb=!1m18!1m12!1m3!1d63701.19423033728!2d-38.48593466026124!3d-3.7392639035343835!2m3!1f0!2f0!3f0!3m2!1i1024!2i768!4f13.1!3m3!1m2!1s0x7c747be963781510x566f88a305935f84!2sPraia+do+Futuro!5e0!3m2!1spt-BR!2sbr!4v1535117322831\"><img decoding=\"async\" src=\"http:\/\/www.encontracampinas.com.br\/imgs\/maps-post.png\"><\/a>\n\n<div style=\"font-size: 0px; height: 0px; line-height: 0px; margin: 0; padding: 0; clear: both;\"><\/div>","protected":false},"excerpt":{"rendered":"<p>A\u00a0Praia do Futuro\u00a0\u00e9 uma\u00a0praia\u00a0e tamb\u00e9m\u00a0bairro\u00a0na \u00e1rea leste de\u00a0Fortaleza, capital do estado do\u00a0Cear\u00e1.\u00a0\u00c9 considerada uma das mais conhecidas praias do\u00a0Nordeste. Com aproximadamente 8 km de extens\u00e3o, possui um corredor de &#8220;barracas&#8221; (restaurantes\u00a0com comida t\u00edpica e frutos do mar), feitas normalmente de palha de\u00a0carna\u00faba, onde s\u00e3o servidos uma variedade de pratos t\u00edpicos. A praia tem muito movimento nos dias de quinta-feira a noite, dia da tradicional caranguejada, prato t\u00edpico. O bairro Praia do Futuro tem este nome devido a um an\u00fancio da Imobili\u00e1ria Ant\u00f4nio Diogo, que, em 1966, fez divulga\u00e7\u00e3o do &#8220;Novo Bairro&#8221;. Na mesma \u00e9poca, esta \u00e1rea de Fortaleza era pouco <\/p>\n","protected":false},"author":1,"featured_media":0,"parent":0,"menu_order":0,"comment_status":"closed","ping_status":"closed","template":"","meta":{"footnotes":""},"class_list":["post-352","page","type-page","status-publish","hentry"],"aioseo_notices":[],"_links":{"self":[{"href":"https:\/\/www.encontrafortaleza.com\/sobre\/wp-json\/wp\/v2\/pages\/352"}],"collection":[{"href":"https:\/\/www.encontrafortaleza.com\/sobre\/wp-json\/wp\/v2\/pages"}],"about":[{"href":"https:\/\/www.encontrafortaleza.com\/sobre\/wp-json\/wp\/v2\/types\/page"}],"author":[{"embeddable":true,"href":"https:\/\/www.encontrafortaleza.com\/sobre\/wp-json\/wp\/v2\/users\/1"}],"replies":[{"embeddable":true,"href":"https:\/\/www.encontrafortaleza.com\/sobre\/wp-json\/wp\/v2\/comments?post=352"}],"version-history":[{"count":0,"href":"https:\/\/www.encontrafortaleza.com\/sobre\/wp-json\/wp\/v2\/pages\/352\/revisions"}],"wp:attachment":[{"href":"https:\/\/www.encontrafortaleza.com\/sobre\/wp-json\/wp\/v2\/media?parent=352"}],"curies":[{"name":"wp","href":"https:\/\/api.w.org\/{rel}","templated":true}]}}