{"id":355,"date":"2018-08-24T10:42:03","date_gmt":"2018-08-24T13:42:03","guid":{"rendered":"http:\/\/www.encontrafortaleza.com\/sobre\/?page_id=355"},"modified":"2019-04-30T14:05:37","modified_gmt":"2019-04-30T17:05:37","slug":"correios-fortaleza","status":"publish","type":"page","link":"https:\/\/www.encontrafortaleza.com\/sobre\/correios-fortaleza\/","title":{"rendered":"Correios Fortaleza"},"content":{"rendered":"<div class=\"2ad529334b11458fd7d9bde3e187e581\" data-index=\"1\" style=\"float: left; margin: 5px 5px 5px 0;\">\n<!-- EBR \/Novo-Bairro-Topo\/ 300x250 -->\r\n<ins class=\"adsbygoogle\"\r\n     style=\"display:inline-block;width:300px;height:250px\"\r\n     data-ad-client=\"ca-pub-6414922941841817\"\r\n     data-ad-slot=\"5351822287\"><\/ins>\r\n<script>\r\n(adsbygoogle = window.adsbygoogle || []).push({});\r\n<\/script>\n<\/div>\n<p>Sua correspond\u00eancia entregue com efici\u00eancia atrav\u00e9s das ag\u00eancias dos Correios localizadas na cidade de Fortaleza. Todas as ag\u00eancias dos Correios em Fortaleza funcionam de Segunda a Sexta-feira das 8h \u00e0s 16 horas.<\/p>\n<p>J\u00e1 suas entregas ser\u00e3o feitas de acordo com a data de postagem e servi\u00e7o contratado no ato do envio. Confira abaixo a rela\u00e7\u00e3o de\u00a0<strong>Ag\u00eancias dos Correios em Fortaleza<\/strong><em>:<\/em><\/p>\n<p><img loading=\"lazy\" decoding=\"async\" class=\"alignnone wp-image-1667 size-full\" title=\"Correios Fortaleza\" src=\"https:\/\/www.encontrafortaleza.com\/sobre\/wp-content\/uploads\/2019\/04\/correios-curitiba.gif\" alt=\"Correios Fortaleza\" width=\"680\" height=\"189\" \/><\/p>\n<h3>Lista de Correios em Fortaleza<\/h3>\n<div class=\"lista-gratuito\">\n<p><strong>Jacarepagu\u00e1<\/strong>\u00a0\u2013 Av. Francisco S\u00e1, 2511 \u2013 Telefone: (85) 3223-7905<\/p>\n<\/div>\n<div class=\"lista-gratuito2\">\n<p><strong>Joaquim T\u00e1vora<\/strong>\u00a0\u2013 Rua Padre Valdevino, 1046 \u2013 Telefone: (85) 3017-5017<\/p>\n<\/div>\n<div class=\"lista-gratuito\">\n<p><strong>Aldeota\u00a0<\/strong>\u2013 <span class=\"w8qArf\">\u00a0<\/span><span class=\"LrzXr\">Av. Santos Dumont, 1740 &#8211; Loja 2<\/span> \u2013 Telefone: (85) 3264-1605<\/p>\n<\/div>\n<div class=\"lista-gratuito2\">\n<p><strong>Cambeba \u2013<\/strong>Av. Oliveira Paiva, 2800\u00a0\u00a0\u2013 Telefone: (85) 3277-1984<\/p>\n<\/div>\n<div class=\"lista-gratuito\">\n<p><strong>Meireles \u2013<\/strong>R. Bar\u00e3o de Aracati, 909\u00a0\u00a0\u2013 Telefone: (85) 3221-2960<\/p>\n<\/div>\n<div class=\"lista-gratuito2\">\n<p><strong>Montese\u00a0<\/strong>\u2013 Av. Professor Gomes de Matos, 798 \u2013 Telefone:\u00a0(85) 3491-4142<\/p>\n<\/div>\n<div class=\"lista-gratuito\">\n<p><strong>Parangaba \u2013<\/strong>Avenida Jo\u00e3o Pesoa, 7189\u00a0\u00a0\u2013 Telefone: (85) 3292-2908<\/p>\n<\/div>\n<div class=\"lista-gratuito2\">\n<p><strong>S\u00e3o Geraldo<\/strong>\u00a0\u2013 Av. Bezerra de Menezes, 2071\u00a0 \u2013 Telefone: (85) 3287-3737<\/p>\n<\/div>\n<div class=\"lista-gratuito\">\n<p><strong>Centro<\/strong>\u00a0\u2013\u00a0<span class=\"w8qArf\"> R. Pedro Borges, s\/n\u00a0<\/span><span class=\"LrzXr\">\u00a0<\/span>\u00a0\u2013 Telefone: (85) 3287-3737<\/p>\n<\/div>\n<div class=\"lista-gratuito2\">\n<p><strong>Rodolfo Te\u00f3filo<\/strong>\u00a0\u2013 Rua Professor Costa Mendes, 1609 \u00a0\u2013 Telefone: (85) 3281-7828<\/p>\n<\/div>\n<div class=\"lista-gratuito\">\n<p><strong>Dionisio Torres\u00a0<\/strong>\u2013 R. Osvaldo Cruz, 2321 \u2013 Telefone: (85) 3242-9798<\/p>\n<\/div>\n\n<div style=\"font-size: 0px; height: 0px; line-height: 0px; margin: 0; padding: 0; clear: both;\"><\/div>","protected":false},"excerpt":{"rendered":"<p>Sua correspond\u00eancia entregue com efici\u00eancia atrav\u00e9s das ag\u00eancias dos Correios localizadas na cidade de Fortaleza. Todas as ag\u00eancias dos Correios em Fortaleza funcionam de Segunda a Sexta-feira das 8h \u00e0s 16 horas. J\u00e1 suas entregas ser\u00e3o feitas de acordo com a data de postagem e servi\u00e7o contratado no ato do envio. Confira abaixo a rela\u00e7\u00e3o de\u00a0Ag\u00eancias dos Correios em Fortaleza: Lista de Correios em Fortaleza Jacarepagu\u00e1\u00a0\u2013 Av. Francisco S\u00e1, 2511 \u2013 Telefone: (85) 3223-7905 Joaquim T\u00e1vora\u00a0\u2013 Rua Padre Valdevino, 1046 \u2013 Telefone: (85) 3017-5017 Aldeota\u00a0\u2013 \u00a0Av. Santos Dumont, 1740 &#8211; Loja 2 \u2013 Telefone: (85) 3264-1605 Cambeba \u2013Av. Oliveira Paiva, <\/p>\n","protected":false},"author":1,"featured_media":0,"parent":0,"menu_order":0,"comment_status":"closed","ping_status":"closed","template":"","meta":{"footnotes":""},"class_list":["post-355","page","type-page","status-publish","hentry"],"aioseo_notices":[],"_links":{"self":[{"href":"https:\/\/www.encontrafortaleza.com\/sobre\/wp-json\/wp\/v2\/pages\/355"}],"collection":[{"href":"https:\/\/www.encontrafortaleza.com\/sobre\/wp-json\/wp\/v2\/pages"}],"about":[{"href":"https:\/\/www.encontrafortaleza.com\/sobre\/wp-json\/wp\/v2\/types\/page"}],"author":[{"embeddable":true,"href":"https:\/\/www.encontrafortaleza.com\/sobre\/wp-json\/wp\/v2\/users\/1"}],"replies":[{"embeddable":true,"href":"https:\/\/www.encontrafortaleza.com\/sobre\/wp-json\/wp\/v2\/comments?post=355"}],"version-history":[{"count":0,"href":"https:\/\/www.encontrafortaleza.com\/sobre\/wp-json\/wp\/v2\/pages\/355\/revisions"}],"wp:attachment":[{"href":"https:\/\/www.encontrafortaleza.com\/sobre\/wp-json\/wp\/v2\/media?parent=355"}],"curies":[{"name":"wp","href":"https:\/\/api.w.org\/{rel}","templated":true}]}}