{"id":366,"date":"2018-08-25T09:04:17","date_gmt":"2018-08-25T12:04:17","guid":{"rendered":"http:\/\/www.encontrafortaleza.com\/sobre\/?page_id=366"},"modified":"2019-05-01T13:18:02","modified_gmt":"2019-05-01T16:18:02","slug":"igreja-da-paz-fortaleza","status":"publish","type":"page","link":"https:\/\/www.encontrafortaleza.com\/sobre\/igreja-da-paz-fortaleza\/","title":{"rendered":"Igreja da Paz Fortaleza"},"content":{"rendered":"<div class=\"2ad529334b11458fd7d9bde3e187e581\" data-index=\"1\" style=\"float: left; margin: 5px 5px 5px 0;\">\n<!-- EBR \/Novo-Bairro-Topo\/ 300x250 -->\r\n<ins class=\"adsbygoogle\"\r\n     style=\"display:inline-block;width:300px;height:250px\"\r\n     data-ad-client=\"ca-pub-6414922941841817\"\r\n     data-ad-slot=\"5351822287\"><\/ins>\r\n<script>\r\n(adsbygoogle = window.adsbygoogle || []).push({});\r\n<\/script>\n<\/div>\n<p>Na vis\u00e3o do MDA, \u00e9 poss\u00edvel \u00e0 Igreja Local ganhar multid\u00f5es para Jesus sem deixar de cuidar bem de cada crist\u00e3o \u2013 \u00e9 o modelo de discipulado um a um em a\u00e7\u00e3o. A <strong>Igreja da Paz Fortaleza<\/strong>\u00a0abrange diversos fatores desenvolvidos na Igreja Local.<\/p>\n<p>Sem d\u00favida, o fator central do Modelo de Discipulado Apost\u00f3lico \u00e9 o\u00a0discipulado um a um\u00a0que todos na igreja recebem. Por\u00e9m, este modelo fala da vis\u00e3o geral de como a Igreja Local deve funcionar.<\/p>\n<p><img loading=\"lazy\" decoding=\"async\" class=\"alignnone wp-image-367 size-full\" title=\"Igreja da Paz Fortaleza\" src=\"http:\/\/www.encontrafortaleza.com\/sobre\/wp-content\/uploads\/2018\/08\/igreja-da-paz-fortaleza.gif\" alt=\"Igreja da Paz Fortaleza\" width=\"680\" height=\"189\" \/><\/p>\n<h2>Igreja da Paz Fortaleza Ao Vivo<\/h2>\n<p>Voc\u00ea pode assistir ao vivo pelo Youtube os cultos da Igreja da Paz, e tamb\u00e9m pode assistir aos cultos gravados tamb\u00e9m. Acesse <a href=\"https:\/\/www.youtube.com\/user\/PazFortaleza\" target=\"_blank\" rel=\"noopener noreferrer\">www.youtube.com\/user\/PazFortaleza<\/a><\/p>\n<h2>Igreja da Paz Fortaleza MDA<\/h2>\n<p>A Paz Church \u00e9 100% Vis\u00e3o do <em>MDA.<\/em>\u00a0Na Vis\u00e3o do MDA, \u00e9 poss\u00edvel \u00e0 Igreja local ganhar multid\u00f5es para Jesus sem deixar de cuidar bem de cada crist\u00e3o.<\/p>\n<p>O MDA abrange diversos fatores desenvolvidos na Igreja Local. Sem d\u00favida, o fator central desse poderoso modelo \u00e9 o discipulado, que todos na igreja recebem, seja individualmente, seja atrav\u00e9s do pastoreio eficaz da c\u00e9lula.<\/p>\n<p>A C\u00e9lula, tamb\u00e9m carinhosamente chamada de Life Group, \u00e9 a Igreja no Lar. Um lugar de pastoreio, de grandes amizades, de estudo da Palavra de Deus e de ora\u00e7\u00e3o intensa. Um ambiente cheio de f\u00e9, alegria e muito amor.<\/p>\n<p>Na Vis\u00e3o do MDA cada crist\u00e3o compromissado deve estar sendo e fazendo disc\u00edpulos, participar de uma C\u00e9lula, abra\u00e7ar a vis\u00e3o da Igreja Local, buscar a Unidade da Igreja Mundial e colocar em primeiro lugar o Reino de Deus.<\/p>\n<h3>Hor\u00e1rio de Funcionamento Igreja da Paz em Fortaleza<\/h3>\n<ul>\n<li>Cultos &#8211; Todo Domingo \u00e0s 9h30 e \u00e0s 17h30<\/li>\n<li>Tardel\/Treinamento &#8211; Aos Domingos \u00e0s 8h00 e \u00e0s 16h00<\/li>\n<li>C\u00e9lulas nos Lares &#8211; Quarta a S\u00e1bado em diversos hor\u00e1rios<\/li>\n<li>Empresas em Foco &#8211; Segunda quinzenalmente<\/li>\n<li>Santa Ceia &#8211; 1\u00ba Domingo do M\u00eas<\/li>\n<li>Consagra\u00e7\u00e3o de Crian\u00e7as &#8211; 2\u00ba Domingo do M\u00eas<\/li>\n<\/ul>\n<h3>Endere\u00e7o e Telefone Igreja da Paz em Fortaleza<\/h3>\n<ul>\n<li>Av. Recreio, 840 &#8211; Lagoa Redonda &#8211; Fortaleza &#8211; CE<\/li>\n<li>Telefone: (85) 3229-1378<\/li>\n<\/ul>\n<h4>Outras informa\u00e7\u00f5es e site<\/h4>\n<ul>\n<li>Mais informa\u00e7\u00f5es:\u00a0<a href=\"http:\/\/www.igrejadapaz.com.br\/fortaleza\/\" target=\"_blank\" rel=\"noopener noreferrer\">www.igrejadapaz.com.br<\/a><\/li>\n<\/ul>\n<h4>Mapa de localiza\u00e7\u00e3o<\/h4>\n<a class=\"wp-colorbox-iframe\" href=\"https:\/\/www.google.com\/maps\/embed?pb=!1m18!1m12!1m3!1d3980.987281722644!2d-38.45191168524074!3d-3.812826997226331!2m3!1f0!2f0!3f0!3m2!1i1024!2i768!4f13.1!3m3!1m2!1s0x7c7451b147147df0x603b274c1e5a313d!2sAv.+Recreio+840+-+Lagoa+Redonda+Fortaleza+-+CE+60831-600!5e0!3m2!1spt-BR!2sbr!4v1535198485206\"><img decoding=\"async\" src=\"http:\/\/www.encontracampinas.com.br\/imgs\/maps-post.png\"><\/a>\n\n<div style=\"font-size: 0px; height: 0px; line-height: 0px; margin: 0; padding: 0; clear: both;\"><\/div>","protected":false},"excerpt":{"rendered":"<p>Na vis\u00e3o do MDA, \u00e9 poss\u00edvel \u00e0 Igreja Local ganhar multid\u00f5es para Jesus sem deixar de cuidar bem de cada crist\u00e3o \u2013 \u00e9 o modelo de discipulado um a um em a\u00e7\u00e3o. A Igreja da Paz Fortaleza\u00a0abrange diversos fatores desenvolvidos na Igreja Local. Sem d\u00favida, o fator central do Modelo de Discipulado Apost\u00f3lico \u00e9 o\u00a0discipulado um a um\u00a0que todos na igreja recebem. Por\u00e9m, este modelo fala da vis\u00e3o geral de como a Igreja Local deve funcionar. Igreja da Paz Fortaleza Ao Vivo Voc\u00ea pode assistir ao vivo pelo Youtube os cultos da Igreja da Paz, e tamb\u00e9m pode assistir aos <\/p>\n","protected":false},"author":1,"featured_media":0,"parent":0,"menu_order":0,"comment_status":"closed","ping_status":"closed","template":"","meta":{"footnotes":""},"class_list":["post-366","page","type-page","status-publish","hentry"],"aioseo_notices":[],"_links":{"self":[{"href":"https:\/\/www.encontrafortaleza.com\/sobre\/wp-json\/wp\/v2\/pages\/366"}],"collection":[{"href":"https:\/\/www.encontrafortaleza.com\/sobre\/wp-json\/wp\/v2\/pages"}],"about":[{"href":"https:\/\/www.encontrafortaleza.com\/sobre\/wp-json\/wp\/v2\/types\/page"}],"author":[{"embeddable":true,"href":"https:\/\/www.encontrafortaleza.com\/sobre\/wp-json\/wp\/v2\/users\/1"}],"replies":[{"embeddable":true,"href":"https:\/\/www.encontrafortaleza.com\/sobre\/wp-json\/wp\/v2\/comments?post=366"}],"version-history":[{"count":0,"href":"https:\/\/www.encontrafortaleza.com\/sobre\/wp-json\/wp\/v2\/pages\/366\/revisions"}],"wp:attachment":[{"href":"https:\/\/www.encontrafortaleza.com\/sobre\/wp-json\/wp\/v2\/media?parent=366"}],"curies":[{"name":"wp","href":"https:\/\/api.w.org\/{rel}","templated":true}]}}