{"id":369,"date":"2018-08-25T09:17:26","date_gmt":"2018-08-25T12:17:26","guid":{"rendered":"http:\/\/www.encontrafortaleza.com\/sobre\/?page_id=369"},"modified":"2019-05-01T13:38:35","modified_gmt":"2019-05-01T16:38:35","slug":"detran-fortaleza","status":"publish","type":"page","link":"https:\/\/www.encontrafortaleza.com\/sobre\/detran-fortaleza\/","title":{"rendered":"Detran Fortaleza"},"content":{"rendered":"<div class=\"2ad529334b11458fd7d9bde3e187e581\" data-index=\"1\" style=\"float: left; margin: 5px 5px 5px 0;\">\n<!-- EBR \/Novo-Bairro-Topo\/ 300x250 -->\r\n<ins class=\"adsbygoogle\"\r\n     style=\"display:inline-block;width:300px;height:250px\"\r\n     data-ad-client=\"ca-pub-6414922941841817\"\r\n     data-ad-slot=\"5351822287\"><\/ins>\r\n<script>\r\n(adsbygoogle = window.adsbygoogle || []).push({});\r\n<\/script>\n<\/div>\n<p>O Detran (Departamento Estadual de Tr\u00e2nsito) \u00e9 um \u00f3rg\u00e3o que tem como fun\u00e7\u00e3o, administrar e fiscalizar o tr\u00e2nsito de ve\u00edculos assim como a forma\u00e7\u00e3o de seus condutores.<\/p>\n<p>O\u00a0<strong>Detran Fortaleza<\/strong>\u00a0realiza licenciamento de ve\u00edculos , bem como o registro, instala\u00e7\u00e3o e selagem de placas, isso \u00e9 feito para facilitar a identifica\u00e7\u00e3o do autom\u00f3vel e regularizar sua situa\u00e7\u00e3o, possibilitando a circula\u00e7\u00e3o em vias p\u00fablicas.<\/p>\n<p><a href=\"https:\/\/www.encontrafortaleza.com\/sobre\/detran-fortaleza\/detran-fortaleza\/\" target=\"_blank\" rel=\"noopener noreferrer\"><img loading=\"lazy\" decoding=\"async\" class=\"alignnone wp-image-370 size-full\" title=\"Detran Fortaleza\" src=\"http:\/\/www.encontrafortaleza.com\/sobre\/wp-content\/uploads\/2018\/08\/detran-fortaleza.gif\" alt=\"Detran Fortaleza\" width=\"680\" height=\"189\" \/><\/a><\/p>\n<h2>Detran Fortaleza Licenciamento de Ve\u00edculos<\/h2>\n<p>O Calend\u00e1rio Anual de <em>Licenciamento de ve\u00edculos<\/em> do DETRAN CE entra em vigor no m\u00eas de mar\u00e7o. Os propriet\u00e1rios podem emitir o boleto do licenciamento atrav\u00e9s do site do Detran CE ou ainda pelo aplicativo Detran CE que \u00e9 gratuito e est\u00e1 dispon\u00edvel para download na APP Store e Google Play.<\/p>\n<p>O boleto ser\u00e1 gerado mediante a informa\u00e7\u00e3o da placa e do n\u00famero do Renavam (Registro Nacional de Ve\u00edculos Automotores).\u00a0\u00a0Caso haja multas vencidas, seus valores ser\u00e3o cobrados no boleto do licenciamento.<\/p>\n<p>O pagamento deve ser feito na rede banc\u00e1ria credenciada, inclusive caixas eletr\u00f4nicos: Banco do Brasil, Bradesco, Caixa Econ\u00f4mica e Lot\u00e9ricas. Conforme determina o C\u00f3digo de Tr\u00e2nsito Brasileiro \u2013 CTB \u2013 a falta de licenciamento anual \u00e9 uma infra\u00e7\u00e3o de tr\u00e2nsito que acarreta em multa e remo\u00e7\u00e3o do ve\u00edculo.<\/p>\n<h3>Detran Fortaleza Multas<\/h3>\n<p>Voc\u00ea pode conferir se o seu ve\u00edculo foi multado acessando a aba servi\u00e7os e depois em <em>multas<\/em>. Voc\u00ea pode fazer a pesquisa utilizando a placa do ve\u00edculo ou o Renavam e pesquisar.<\/p>\n<h2>Detran Fortaleza Servi\u00e7os<\/h2>\n<p>O Detran oferece os seguintes <em>servi\u00e7os:<\/em><\/p>\n<p><strong>Ve\u00edculos<\/strong><\/p>\n<ul>\n<li>Agendamento de Vistoria<\/li>\n<li>Acompanhe o seu Processo<\/li>\n<li>Primeiro Emplacamento<\/li>\n<li>Transfer\u00eancia<\/li>\n<li>Licenciamento<\/li>\n<li>Seguro Obrigat\u00f3rio(DPVAT)<\/li>\n<li>Taxas \/ Multas<\/li>\n<li>Emiss\u00e3o de IPVA<\/li>\n<li>Consulta Completa<\/li>\n<li>Consulta Simples<\/li>\n<li>Seguro Obrigat\u00f3rio(DPVAT)<\/li>\n<li>Rastreamento de Documento<\/li>\n<li>Valida\u00e7\u00e3o de CRV<\/li>\n<li>Taxa Expediente<\/li>\n<li>Consulta ao SNG<\/li>\n<li>Certid\u00e3o Negativa<\/li>\n<li>Certid\u00e3o Negativa Por Placa<\/li>\n<li>Autenticar Documento<\/li>\n<li>Acompanhamento Recurso Infra\u00e7\u00e3o<\/li>\n<\/ul>\n<p><strong>Habilita\u00e7\u00e3o<\/strong><\/p>\n<ul>\n<li>CNH Digital<\/li>\n<li>Renova\u00e7\u00e3o de CNH<\/li>\n<li>CNH Definitiva<\/li>\n<li>2\u00aa Via CNH<\/li>\n<li>Mudan\u00e7a de Categoria<\/li>\n<li>Adi\u00e7\u00e3o de Categoria<\/li>\n<li>Carteira de Motorista para Agricultor Familiar<\/li>\n<li>Carteira de Motorista Popular<\/li>\n<li>Carteira de Motorista Popular Estudantil<\/li>\n<li>Permiss\u00e3o Internacional para Dirigir &#8211; PID<\/li>\n<li>Consultar Pontua\u00e7\u00e3o<\/li>\n<li>Emitir Nada Consta<\/li>\n<li>Autenticar Nada Consta<\/li>\n<li>Rastreamento de Documento<\/li>\n<li>Suspens\u00e3o CNH<\/li>\n<\/ul>\n<p><strong>Transportes<\/strong><\/p>\n<ul>\n<li>Passe Livre Intermunicipal<\/li>\n<li>Licen\u00e7a Especial<\/li>\n<li>Infra\u00e7\u00f5es ou Taxas Avulsas<\/li>\n<li>Pesquisa de Linhas Regulares de Passageiros<\/li>\n<li>AET Simplificada e Especial<\/li>\n<li>Carteira Macro Regi\u00f5es<\/li>\n<li>Rota das Emo\u00e7\u00f5es<\/li>\n<li>Certid\u00e3o Negativa de D\u00e9bitos<\/li>\n<\/ul>\n<p><strong>Divida Ativa<\/strong><\/p>\n<ul>\n<li>Consulta de Processos Administrativos<\/li>\n<li>Consulta de T\u00edtulos<\/li>\n<\/ul>\n<p><strong>Leil\u00e3o<\/strong><\/p>\n<ul>\n<li>Consulta de Leil\u00f5es<\/li>\n<\/ul>\n<h3>Hor\u00e1rio de Funcionamento\u00a0Detran em Fortaleza<\/h3>\n<ul>\n<li><strong>Maraponga:<\/strong>\u00a0Segunda a Sexta das 08h \u00e0s 15h<\/li>\n<li><strong>Calhau:\u00a0<\/strong>Segunda a Sexta das 08h \u00e0s 15h<\/li>\n<li><strong>Iguatemi:<\/strong> Segunda a Sexta das 10h \u00e0s 17h<\/li>\n<li><strong>S\u00e3o Geraldo:<\/strong>\u00a0Segunda a Sexta das 08h \u00e0s 15h<\/li>\n<li><strong>Rio Mar:<\/strong> Segunda a Sexta das 10h \u00e0s 17h<\/li>\n<li><strong>Conjunto Cear\u00e1:<\/strong>\u00a0Segunda a Sexta das 08h \u00e0s 15h<\/li>\n<\/ul>\n<h3>Endere\u00e7o e Telefone Detran em Fortaleza<\/h3>\n<ul>\n<li><strong>Maraponga:<\/strong>\u00a0<span class=\"w8qArf\"> Av. Godofredo Maciel, 2900\u00a0<\/span><span class=\"LrzXr\">\u2013 Telef<\/span>one:\u00a0<span class=\"w8qArf\"> (85) 3195-2300<\/span><\/li>\n<li><strong>Bela Vista:\u00a0<\/strong>Av. Jos\u00e9 Bastos, 4699\u00a0\u00a0\u2013 Telefone: (85) 3101-5819<\/li>\n<li><strong>Iguatemi:<\/strong>\u00a0Av. Washington Soares, 85 &#8211; Telefone:\u00a0(85) 3101-3461<\/li>\n<li><strong>S\u00e3o Geraldo:<\/strong>\u00a0R. Gustavo Sampaio, 1252 &#8211; Telefone:\u00a00800 275 6768<\/li>\n<li><strong>Rio Mar:<\/strong>\u00a0R. Des. Lauro Nogueira, 1500\u00a0 &#8211; Telefone:\u00a0(85) 3195-2300<\/li>\n<li><strong>Conjunto Cear\u00e1:<\/strong>\u00a0Av. Ministro Albuquerque Lima, 711 &#8211; Telefone:\u00a0(85) 3294-7936<\/li>\n<\/ul>\n<h4>Outras informa\u00e7\u00f5es e site<\/h4>\n<ul>\n<li>Mais informa\u00e7\u00f5es:\u00a0<a href=\"http:\/\/www.detran.ce.gov.br\/\" target=\"_blank\" rel=\"noopener noreferrer\">www.detran.ce.gov.br<\/a><\/li>\n<li>Mais informa\u00e7\u00f5es:\u00a0<a href=\"https:\/\/www.detranbr.org\/detran-fortaleza-ce\/\">www.detranbr.org\/detran-fortaleza-ce<\/a><\/li>\n<\/ul>\n<h4>Mapa de localiza\u00e7\u00e3o Maraponga<\/h4>\n<a class=\"wp-colorbox-iframe\" href=\"https:\/\/www.google.com\/maps\/embed?pb=!1m18!1m12!1m3!1d3981.0424833520274!2d-38.573990985240776!3d-3.8008871972349514!2m3!1f0!2f0!3f0!3m2!1i1024!2i768!4f13.1!3m3!1m2!1s0x7c74dd42b0c50130xc1de6bf1053639ce!2sAv.+Godofredo+Maciel+2900+-+Maraponga+Fortaleza+-+CE+60710-903!5e0!3m2!1spt-BR!2sbr!4v1535199271668\"><img decoding=\"async\" src=\"http:\/\/www.encontracampinas.com.br\/imgs\/maps-post.png\"><\/a>\n\n<div style=\"font-size: 0px; height: 0px; line-height: 0px; margin: 0; padding: 0; clear: both;\"><\/div>","protected":false},"excerpt":{"rendered":"<p>O Detran (Departamento Estadual de Tr\u00e2nsito) \u00e9 um \u00f3rg\u00e3o que tem como fun\u00e7\u00e3o, administrar e fiscalizar o tr\u00e2nsito de ve\u00edculos assim como a forma\u00e7\u00e3o de seus condutores. O\u00a0Detran Fortaleza\u00a0realiza licenciamento de ve\u00edculos , bem como o registro, instala\u00e7\u00e3o e selagem de placas, isso \u00e9 feito para facilitar a identifica\u00e7\u00e3o do autom\u00f3vel e regularizar sua situa\u00e7\u00e3o, possibilitando a circula\u00e7\u00e3o em vias p\u00fablicas. Detran Fortaleza Licenciamento de Ve\u00edculos O Calend\u00e1rio Anual de Licenciamento de ve\u00edculos do DETRAN CE entra em vigor no m\u00eas de mar\u00e7o. Os propriet\u00e1rios podem emitir o boleto do licenciamento atrav\u00e9s do site do Detran CE ou ainda pelo <\/p>\n","protected":false},"author":1,"featured_media":0,"parent":0,"menu_order":0,"comment_status":"closed","ping_status":"closed","template":"","meta":{"footnotes":""},"class_list":["post-369","page","type-page","status-publish","hentry"],"aioseo_notices":[],"_links":{"self":[{"href":"https:\/\/www.encontrafortaleza.com\/sobre\/wp-json\/wp\/v2\/pages\/369"}],"collection":[{"href":"https:\/\/www.encontrafortaleza.com\/sobre\/wp-json\/wp\/v2\/pages"}],"about":[{"href":"https:\/\/www.encontrafortaleza.com\/sobre\/wp-json\/wp\/v2\/types\/page"}],"author":[{"embeddable":true,"href":"https:\/\/www.encontrafortaleza.com\/sobre\/wp-json\/wp\/v2\/users\/1"}],"replies":[{"embeddable":true,"href":"https:\/\/www.encontrafortaleza.com\/sobre\/wp-json\/wp\/v2\/comments?post=369"}],"version-history":[{"count":0,"href":"https:\/\/www.encontrafortaleza.com\/sobre\/wp-json\/wp\/v2\/pages\/369\/revisions"}],"wp:attachment":[{"href":"https:\/\/www.encontrafortaleza.com\/sobre\/wp-json\/wp\/v2\/media?parent=369"}],"curies":[{"name":"wp","href":"https:\/\/api.w.org\/{rel}","templated":true}]}}