{"id":376,"date":"2018-08-25T09:47:24","date_gmt":"2018-08-25T12:47:24","guid":{"rendered":"http:\/\/www.encontrafortaleza.com\/sobre\/?page_id=376"},"modified":"2019-05-01T14:05:08","modified_gmt":"2019-05-01T17:05:08","slug":"ipm-fortaleza","status":"publish","type":"page","link":"https:\/\/www.encontrafortaleza.com\/sobre\/ipm-fortaleza\/","title":{"rendered":"IPM Fortaleza"},"content":{"rendered":"<div class=\"2ad529334b11458fd7d9bde3e187e581\" data-index=\"1\" style=\"float: left; margin: 5px 5px 5px 0;\">\n<!-- EBR \/Novo-Bairro-Topo\/ 300x250 -->\r\n<ins class=\"adsbygoogle\"\r\n     style=\"display:inline-block;width:300px;height:250px\"\r\n     data-ad-client=\"ca-pub-6414922941841817\"\r\n     data-ad-slot=\"5351822287\"><\/ins>\r\n<script>\r\n(adsbygoogle = window.adsbygoogle || []).push({});\r\n<\/script>\n<\/div>\n<p>O Instituto de Previd\u00eancia do Munic\u00edpio (IPM) \u00e9 o \u00f3rg\u00e3o respons\u00e1vel por proporcionar aos servidores do munic\u00edpio de Fortaleza assist\u00eancia \u00e0 sa\u00fade (IPM Sa\u00fade), administra\u00e7\u00e3o de benef\u00edcios previdenci\u00e1rios (Previfor) e atendimento pericial (per\u00edcia m\u00e9dica).\u00a0A sa\u00fade, a previd\u00eancia e o atendimento pericial comp\u00f5em o trip\u00e9 de responsabilidades que norteiam as a\u00e7\u00f5es do \u00f3rg\u00e3o.<\/p>\n<p>O <strong>IPM Fortaleza<\/strong> tem por objetivo proporcionar assist\u00eancia de sa\u00fade aos servidores do munic\u00edpio de Fortaleza, conforme o regulamento aprovado pelo decreto 11.700, em 2004.<\/p>\n<p><img loading=\"lazy\" decoding=\"async\" class=\"alignnone wp-image-377 size-full\" title=\"IPM Fortaleza\" src=\"http:\/\/www.encontrafortaleza.com\/sobre\/wp-content\/uploads\/2018\/08\/ipm-fortaleza.gif\" alt=\"IPM Fortaleza\" width=\"680\" height=\"189\" \/><\/p>\n<p>Tem, tamb\u00e9m, por finalidade garantir aos seus segurados e dependentes os direitos \u00e0 Previd\u00eancia Social.<\/p>\n<h2>IPM Fortaleza Especialidades<\/h2>\n<p>O IPM oferece as seguintes <em>especialidades:<\/em><\/p>\n<ul>\n<li>Acupuntura<\/li>\n<li>Angiologia<\/li>\n<li>Cardiologia<\/li>\n<li>Cirurgia Geral<\/li>\n<li>Cirurgia Pl\u00e1stica<\/li>\n<li>Clinica M\u00e9dica<\/li>\n<li>Dermatologia<\/li>\n<li>Endocrinologia<\/li>\n<li>Fonoaudiologia<\/li>\n<li>Gastroenterologia<\/li>\n<li>Geriatria<\/li>\n<li>Ginecologia<\/li>\n<li>Mastologia<\/li>\n<li>Nefrologia<\/li>\n<li>Nutri\u00e7\u00e3o<\/li>\n<li>Odontologia<\/li>\n<li>Oftalmologia<\/li>\n<li>Oncologia<\/li>\n<li>Pediatria<\/li>\n<li>Per\u00edcia M\u00e9dica<\/li>\n<li>Periodontia<\/li>\n<li>Pneumologia<\/li>\n<li>Proctologia<\/li>\n<li>Psicologa<\/li>\n<li>Reumatologia<\/li>\n<li>Traumatologia<\/li>\n<\/ul>\n<h3>IPM Fortaleza Contra Cheque<\/h3>\n<p>Voc\u00ea pode imprimir o seu contracheque pela p\u00e1gina do portal do servidor <a href=\"https:\/\/sistemadoservidor.fortaleza.ce.gov.br\/\" target=\"_blank\" rel=\"noopener noreferrer\">www.sistemadoservidor.fortaleza.ce.gov.br<\/a><\/p>\n<h3>Hor\u00e1rio de Funcionamento IPM em Fortaleza<\/h3>\n<ul>\n<li>Segunda a Sexta: das 08h \u00e0s 17h<\/li>\n<\/ul>\n<h3>Endere\u00e7o e Telefone IPM em Fortaleza<\/h3>\n<ul>\n<li>Av. da Universidade, 1940 &#8211; Centro &#8211; Fortaleza &#8211; CE<\/li>\n<li>Telefone: (85) 3252-1054<\/li>\n<\/ul>\n<h4>Outras informa\u00e7\u00f5es e site<\/h4>\n<ul>\n<li>Mais informa\u00e7\u00f5es:\u00a0<a href=\"https:\/\/www.fortaleza.ce.gov.br\/institucional\/a-secretaria-346\" target=\"_blank\" rel=\"noopener noreferrer\">www.fortaleza.ce.gov.br<\/a><\/li>\n<\/ul>\n<h4>Mapa de localiza\u00e7\u00e3o<\/h4>\n<a class=\"wp-colorbox-iframe\" href=\"https:\/\/www.google.com\/maps\/embed?pb=!1m14!1m8!1m3!1d15925.373650179372!2d-38.5340952!3d-3.7351278!3m2!1i1024!2i768!4f13.1!3m3!1m2!1s0x00x46bd242885f6cdea!2sInstituto+de+Previdncia+do+Municpio+-+IPM!5e0!3m2!1spt-BR!2sbr!4v1535201051113\"><img decoding=\"async\" src=\"http:\/\/www.encontracampinas.com.br\/imgs\/maps-post.png\"><\/a>\n\n<div style=\"font-size: 0px; height: 0px; line-height: 0px; margin: 0; padding: 0; clear: both;\"><\/div>","protected":false},"excerpt":{"rendered":"<p>O Instituto de Previd\u00eancia do Munic\u00edpio (IPM) \u00e9 o \u00f3rg\u00e3o respons\u00e1vel por proporcionar aos servidores do munic\u00edpio de Fortaleza assist\u00eancia \u00e0 sa\u00fade (IPM Sa\u00fade), administra\u00e7\u00e3o de benef\u00edcios previdenci\u00e1rios (Previfor) e atendimento pericial (per\u00edcia m\u00e9dica).\u00a0A sa\u00fade, a previd\u00eancia e o atendimento pericial comp\u00f5em o trip\u00e9 de responsabilidades que norteiam as a\u00e7\u00f5es do \u00f3rg\u00e3o. O IPM Fortaleza tem por objetivo proporcionar assist\u00eancia de sa\u00fade aos servidores do munic\u00edpio de Fortaleza, conforme o regulamento aprovado pelo decreto 11.700, em 2004. Tem, tamb\u00e9m, por finalidade garantir aos seus segurados e dependentes os direitos \u00e0 Previd\u00eancia Social. IPM Fortaleza Especialidades O IPM oferece as seguintes <\/p>\n","protected":false},"author":1,"featured_media":0,"parent":0,"menu_order":0,"comment_status":"closed","ping_status":"closed","template":"","meta":{"footnotes":""},"class_list":["post-376","page","type-page","status-publish","hentry"],"aioseo_notices":[],"_links":{"self":[{"href":"https:\/\/www.encontrafortaleza.com\/sobre\/wp-json\/wp\/v2\/pages\/376"}],"collection":[{"href":"https:\/\/www.encontrafortaleza.com\/sobre\/wp-json\/wp\/v2\/pages"}],"about":[{"href":"https:\/\/www.encontrafortaleza.com\/sobre\/wp-json\/wp\/v2\/types\/page"}],"author":[{"embeddable":true,"href":"https:\/\/www.encontrafortaleza.com\/sobre\/wp-json\/wp\/v2\/users\/1"}],"replies":[{"embeddable":true,"href":"https:\/\/www.encontrafortaleza.com\/sobre\/wp-json\/wp\/v2\/comments?post=376"}],"version-history":[{"count":0,"href":"https:\/\/www.encontrafortaleza.com\/sobre\/wp-json\/wp\/v2\/pages\/376\/revisions"}],"wp:attachment":[{"href":"https:\/\/www.encontrafortaleza.com\/sobre\/wp-json\/wp\/v2\/media?parent=376"}],"curies":[{"name":"wp","href":"https:\/\/api.w.org\/{rel}","templated":true}]}}