{"id":382,"date":"2018-08-29T08:21:13","date_gmt":"2018-08-29T11:21:13","guid":{"rendered":"http:\/\/www.encontrafortaleza.com\/sobre\/?page_id=382"},"modified":"2019-12-30T06:08:35","modified_gmt":"2019-12-30T09:08:35","slug":"praia-de-iracema-fortaleza","status":"publish","type":"page","link":"https:\/\/www.encontrafortaleza.com\/sobre\/praia-de-iracema-fortaleza\/","title":{"rendered":"Praia de Iracema Fortaleza"},"content":{"rendered":"<div class=\"2ad529334b11458fd7d9bde3e187e581\" data-index=\"1\" style=\"float: left; margin: 5px 5px 5px 0;\">\n<!-- EBR \/Novo-Bairro-Topo\/ 300x250 -->\r\n<ins class=\"adsbygoogle\"\r\n     style=\"display:inline-block;width:300px;height:250px\"\r\n     data-ad-client=\"ca-pub-6414922941841817\"\r\n     data-ad-slot=\"5351822287\"><\/ins>\r\n<script>\r\n(adsbygoogle = window.adsbygoogle || []).push({});\r\n<\/script>\n<\/div>\n<p>A\u00a0<b>Praia de Iracema<\/b>\u00a0\u00e9 uma\u00a0praia\u00a0de\u00a0bairro\u00a0hom\u00f4nimo localizados no\u00a0munic\u00edpio\u00a0de\u00a0Fortaleza, no\u00a0estado\u00a0do\u00a0Cear\u00e1, no\u00a0Brasil<span style=\"font-size: 13.3333px;\">.<\/span>\u00a0Seu nome vem da personagem\u00a0Iracema, que d\u00e1 t\u00edtulo ao romance\u00a0Iracema, do escritor cearense\u00a0Jos\u00e9 de Alencar.<\/p>\n<p>Segundo os mapas\u00a0holandeses\u00a0de 1649, foi neste local que os \u00edndios\u00a0potiguares\u00a0encontravam-se quando\u00a0Matias Beck\u00a0e sua frota chegaram a Fortaleza.\u00a0<sup id=\"cite_ref-2\" class=\"reference\"><\/sup><\/p>\n<p><img loading=\"lazy\" decoding=\"async\" class=\"alignnone wp-image-383 size-full\" title=\"Praia de Iracema Fortaleza\" src=\"http:\/\/www.encontrafortaleza.com\/sobre\/wp-content\/uploads\/2018\/08\/praia-de-iracema-fortaleza.gif\" alt=\"Praia de Iracema Fortaleza\" width=\"680\" height=\"189\" \/><\/p>\n<p>Al\u00e9m da forte liga\u00e7\u00e3o da praia e do bairro com a famosa obra da\u00a0trilogia indianista\u00a0do\u00a0romance brasileiro, o local tamb\u00e9m apresenta em boa parte de suas ruas nomes que representam a tradi\u00e7\u00e3o ind\u00edgena, como rua dos Tabajaras, Cariris e Potiguaras.<\/p>\n<p>Seu nome anterior era Praia do Peixe, nome esse que vinha da tradi\u00e7\u00e3o jangadeira do local, habitado por fam\u00edlias de homens da pesca. Em 1930, o local assume seu atual nome, ap\u00f3s um concurso. Est\u00e1tua <i>Iracema, a Guardi\u00e3,<\/i>constru\u00edda em 1996,<sup id=\"cite_ref-4\" class=\"reference\"><\/sup>\u00a0\u00e9 uma das duas est\u00e1tuas de Iracema presentes na praia de mesmo nome. Mostra a hero\u00edna segurando um grande arco em posi\u00e7\u00e3o de batalha.<\/p>\n<p>A Praia de Iracema \u00e9 uma das mais famosas da cidade. Foi palco das\u00a0<i>fan fests<\/i>\u00a0da\u00a0Copa do Mundo FIFA de 2014. Com o crescimento industrial da cidade, o local passou a ser utilizado para constru\u00e7\u00e3o de\u00a0casas de veraneio. O in\u00edcio dessa mudan\u00e7a urban\u00edstica se deu com a vinda da fam\u00edlia Magalh\u00e3es Porto \u00e0 capital cearense, que construiu o palacete que hoje abriga o Estoril. A partir da\u00ed, com o apoio das grandes fam\u00edlias burguesas locais, o bairro come\u00e7ou a se modernizar.<\/p>\n<p>Com a chegada da d\u00e9cada de 1940, a Praia de Iracema passou a ser frequentada pela boemia fortalezense, e esta acabou construindo a identidade do local. Posteriormente, o pr\u00e9dio do Estoril foi utilizado como cassino pelas\u00a0tropas americanas\u00a0sediadas em Fortaleza durante a\u00a0Segunda Guerra Mundial.\u00a0A Praia de Iracema, entretanto, sofreu com o avan\u00e7o do mar, ap\u00f3s a constru\u00e7\u00e3o do\u00a0Porto do Mucuripe\u00a0na d\u00e9cada de 1950. Sobre esse epis\u00f3dio, que modificou a paisagem local, o poeta e cantor Luiz Assun\u00e7\u00e3o cunhou ao local o t\u00edtulo de &#8220;a praia dos amores que o mar carregou&#8221;.<\/p>\n<p>Na praia, at\u00e9 os anos 1950, situava-se a\u00a0\u00c1rea Portu\u00e1ria de Fortaleza. Essa \u00e1rea foi restaurada, revitalizada e transformada no\u00a0Centro Cultural Drag\u00e3o do Mar. O\u00a0bairro nobre\u00a0de\u00a0Fortaleza, pr\u00f3ximo ao centro da\u00a0cidade, abriga hoje importantes instala\u00e7\u00f5es e institui\u00e7\u00f5es da cidade, como o\u00a0Semin\u00e1rio da Prainha, a Caixa Cultural de Fortaleza, a Funda\u00e7\u00e3o Joaquim Nabuco, a Biblioteca P\u00fablica Estadual do Cear\u00e1, o Porto Iracema das Artes, o complexo comercial da Avenida Monsenhor Tabosa, a Secretaria da Fazenda\u00a0do Estado do Cear\u00e1, o Acqu\u00e1rio Cear\u00e1, al\u00e9m de\u00a0boates,\u00a0bares,\u00a0hot\u00e9is\u00a0\u00e0\u00a0beira-mar\u00a0e centros de\u00a0lazer.<\/p>\n<h2>Praia de Iracema Fortaleza Ponte dos Ingleses<\/h2>\n<p>A <em>Ponte dos Ingleses<\/em>, equivocadamente conhecida como Ponte Met\u00e1lica, est\u00e1 localizada na Praia de Iracema. Foi um projeto de melhoramento da estrutura portu\u00e1ria de Fortaleza.<\/p>\n<p>A constru\u00e7\u00e3o do viaduto Lucas Bicalho foi iniciada em 24 de setembro de 1921, pela empresa inglesa Norton Griffts Co., para servir de porto da cidade de Fortaleza, em substitui\u00e7\u00e3o da antiga Ponte Met\u00e1lica (ponte ao lado, pr\u00f3xima da Avenida Almirante Tamandar\u00e9). No entanto, nunca funcionou como porto. O viaduto integrava o ante-projeto de um porto-ilha proposto pelo engenheiro Manuel Carneiro de Sousa Bandeira, e desenvolvido pelo engenheiro Lucas Bicalho. As obras foram iniciadas em 1921, durante o governo do presidente Epit\u00e1cio Pessoa, e foram suspensas no governo de Artur Bernardes, no qual permaneceu inconclusa.<\/p>\n<p>Em 1994, foi aprovado um projeto de recupera\u00e7\u00e3o da ponte atrav\u00e9s da Secretaria de Cultura do Estado do Cear\u00e1. A ponte foi recuperada e urbanizada para o uso p\u00fablico, al\u00e9m de ter recebido uma arma\u00e7\u00e3o de madeira sobre parte do viaduto, projeto dos arquitetos Fausto Nilo e Delberg Ponce de Leon, tamb\u00e9m respons\u00e1veis pelo projeto arquitet\u00f4nico do Centro Drag\u00e3o do Mar de Arte e Cultura. Atualmente, a Ponte dos Ingleses conta tamb\u00e9m com um N\u00facleo de Prote\u00e7\u00e3o dos Golfinhos e uma Torre de Observa\u00e7\u00e3o de Cet\u00e1ceos.<\/p>\n<h3>Praia de Iracema Fortaleza Fotos<\/h3>\n<p><img loading=\"lazy\" decoding=\"async\" class=\"alignnone wp-image-1678 size-full\" title=\"Praia de Iracema Fortaleza Fotos\" src=\"https:\/\/www.encontrafortaleza.com\/sobre\/wp-content\/uploads\/2019\/05\/praia-de-iracema.gif\" alt=\"Praia de Iracema Fortaleza Fotos\" width=\"523\" height=\"450\" \/><\/p>\n<h3>Hor\u00e1rio de Funcionamento Praia de Iracema em Fortaleza<\/h3>\n<ul>\n<li>24 horas<\/li>\n<\/ul>\n<h3>Endere\u00e7o e Telefone Praia de Iracema em Fortaleza<\/h3>\n<ul>\n<li>Praia de Iracema &#8211; Fortaleza &#8211; CE<\/li>\n<\/ul>\n<h4>Mapa de localiza\u00e7\u00e3o<\/h4>\n<a class=\"wp-colorbox-iframe\" href=\"https:\/\/www.google.com\/maps\/embed?pb=!1m18!1m12!1m3!1d15925.652956125623!2d-38.52167157320857!3d-3.719703306698605!2m3!1f0!2f0!3f0!3m2!1i1024!2i768!4f13.1!3m3!1m2!1s0x7c74841ba67de310xef2de945119c588f!2sPraia+de+Iracema!5e0!3m2!1spt-BR!2sbr!4v1535541445632\"><img decoding=\"async\" src=\"http:\/\/www.encontracampinas.com.br\/imgs\/maps-post.png\"><\/a>\n\n<div style=\"font-size: 0px; height: 0px; line-height: 0px; margin: 0; padding: 0; clear: both;\"><\/div>","protected":false},"excerpt":{"rendered":"<p>A\u00a0Praia de Iracema\u00a0\u00e9 uma\u00a0praia\u00a0de\u00a0bairro\u00a0hom\u00f4nimo localizados no\u00a0munic\u00edpio\u00a0de\u00a0Fortaleza, no\u00a0estado\u00a0do\u00a0Cear\u00e1, no\u00a0Brasil.\u00a0Seu nome vem da personagem\u00a0Iracema, que d\u00e1 t\u00edtulo ao romance\u00a0Iracema, do escritor cearense\u00a0Jos\u00e9 de Alencar. Segundo os mapas\u00a0holandeses\u00a0de 1649, foi neste local que os \u00edndios\u00a0potiguares\u00a0encontravam-se quando\u00a0Matias Beck\u00a0e sua frota chegaram a Fortaleza.\u00a0 Al\u00e9m da forte liga\u00e7\u00e3o da praia e do bairro com a famosa obra da\u00a0trilogia indianista\u00a0do\u00a0romance brasileiro, o local tamb\u00e9m apresenta em boa parte de suas ruas nomes que representam a tradi\u00e7\u00e3o ind\u00edgena, como rua dos Tabajaras, Cariris e Potiguaras. Seu nome anterior era Praia do Peixe, nome esse que vinha da tradi\u00e7\u00e3o jangadeira do local, habitado por fam\u00edlias de homens da <\/p>\n","protected":false},"author":1,"featured_media":0,"parent":0,"menu_order":0,"comment_status":"closed","ping_status":"closed","template":"","meta":{"footnotes":""},"class_list":["post-382","page","type-page","status-publish","hentry"],"aioseo_notices":[],"_links":{"self":[{"href":"https:\/\/www.encontrafortaleza.com\/sobre\/wp-json\/wp\/v2\/pages\/382"}],"collection":[{"href":"https:\/\/www.encontrafortaleza.com\/sobre\/wp-json\/wp\/v2\/pages"}],"about":[{"href":"https:\/\/www.encontrafortaleza.com\/sobre\/wp-json\/wp\/v2\/types\/page"}],"author":[{"embeddable":true,"href":"https:\/\/www.encontrafortaleza.com\/sobre\/wp-json\/wp\/v2\/users\/1"}],"replies":[{"embeddable":true,"href":"https:\/\/www.encontrafortaleza.com\/sobre\/wp-json\/wp\/v2\/comments?post=382"}],"version-history":[{"count":0,"href":"https:\/\/www.encontrafortaleza.com\/sobre\/wp-json\/wp\/v2\/pages\/382\/revisions"}],"wp:attachment":[{"href":"https:\/\/www.encontrafortaleza.com\/sobre\/wp-json\/wp\/v2\/media?parent=382"}],"curies":[{"name":"wp","href":"https:\/\/api.w.org\/{rel}","templated":true}]}}