{"id":387,"date":"2018-08-29T08:46:03","date_gmt":"2018-08-29T11:46:03","guid":{"rendered":"http:\/\/www.encontrafortaleza.com\/sobre\/?page_id=387"},"modified":"2019-05-03T13:59:29","modified_gmt":"2019-05-03T16:59:29","slug":"rio-mar-fortaleza","status":"publish","type":"page","link":"https:\/\/www.encontrafortaleza.com\/sobre\/rio-mar-fortaleza\/","title":{"rendered":"Rio Mar Fortaleza"},"content":{"rendered":"<div class=\"2ad529334b11458fd7d9bde3e187e581\" data-index=\"1\" style=\"float: left; margin: 5px 5px 5px 0;\">\n<!-- EBR \/Novo-Bairro-Topo\/ 300x250 -->\r\n<ins class=\"adsbygoogle\"\r\n     style=\"display:inline-block;width:300px;height:250px\"\r\n     data-ad-client=\"ca-pub-6414922941841817\"\r\n     data-ad-slot=\"5351822287\"><\/ins>\r\n<script>\r\n(adsbygoogle = window.adsbygoogle || []).push({});\r\n<\/script>\n<\/div>\n<p>Indescrit\u00edvel \u00e9 aproveitar a vida em Fortaleza com mais moda, gastronomia, cultura e divers\u00e3o. Todos os dias s\u00e3o assim no <strong>RioMar Fortaleza<\/strong>. Moderno, inovador e de uma beleza arquitet\u00f4nica incompar\u00e1vel, o RioMar Fortaleza foi totalmente planejado para ser um presente do Grupo JCPM a Fortaleza.<\/p>\n<p>Junto ao incr\u00edvel mix de 385 lojas dos mais diversos segmentos, incluindo famosas grifes internacionais, temos uma das maiores e melhores estruturas de Shopping Center do pa\u00eds.<\/p>\n<p><img loading=\"lazy\" decoding=\"async\" class=\"alignnone wp-image-388 size-full\" title=\"Rio Mar Fortaleza\" src=\"http:\/\/www.encontrafortaleza.com\/sobre\/wp-content\/uploads\/2018\/08\/rio-mar-fortaleza.gif\" alt=\"Rio Mar Fortaleza\" width=\"680\" height=\"189\" \/><\/p>\n<p>F\u00e1cil acesso, amplo estacionamento, incompar\u00e1vel conforto, excel\u00eancia no atendimento e grandes marcas comprovam o que o Shopping oferece de melhor: momentos inesquec\u00edveis para toda a fam\u00edlia.<\/p>\n<h2>Shopping Rio Mar Fortaleza Cinema<\/h2>\n<p>O RioMar Shopping conta a quarta maior operadora de <em>cinemas<\/em> do mundo e a maior da Am\u00e9rica Latina, a Cinep\u00f3lis. S\u00e3o 10 salas com as mais modernas tecnologias, das quais tr\u00eas VIPs, uma 4DX e outra Macro XE.<\/p>\n<h3>Rio Mar Fortaleza Teatro<\/h3>\n<p>Com capacidade para 900 espectadores, o <em>Teatro RioMar<\/em> \u00e9 uma refer\u00eancia e uma das grandes op\u00e7\u00f5es de lazer para os que gostam de assistir a bons espet\u00e1culos. Funciona em Soft Openning e fica localizado pr\u00f3ximo \u00e0 Pra\u00e7a de Alimenta\u00e7\u00e3o, no Piso L3.<\/p>\n<h3>Rio Mar Fortaleza Servi\u00e7os<\/h3>\n<p>O RioMar Fortaleza tem um verdadeiro shopping de <em>servi\u00e7os<\/em> nos pisos E1 e E2. Na \u00c1rea de Conveni\u00eancia e Servi\u00e7os voc\u00ea encontra diversas opera\u00e7\u00f5es, como: academia de gin\u00e1stica, caixas eletr\u00f4nicos, gr\u00e1fica, pet shop e muitos outros servi\u00e7os especializados.<\/p>\n<h3>Vagas Rio Mar Fortaleza &#8211; Trabalhe Conosco<\/h3>\n<p>O Shopping Rio Mar Fortaleza disponibiliza<em> vagas de trabalho<\/em> durante todo ano. Para se informar sobre os processos seletivos e se candidatar as vagas acompanhe o site da empresa, onde \u00e9 poss\u00edvel se informar sobre vagas abertas, sal\u00e1rios e compet\u00eancias necess\u00e1rias para se candidatar ao processo.<\/p>\n<h3>Hor\u00e1rio de Funcionamento Rio Mar em Fortaleza<\/h3>\n<ul>\n<li>Diariamente: das 10h \u00e0s 22h<\/li>\n<\/ul>\n<h3>Endere\u00e7o e Telefone Rio Mar em Fortaleza<\/h3>\n<ul>\n<li>R. Des. Lauro Nogueira, 1500 &#8211; Papicu &#8211;\u00a0 Fortaleza &#8211; CE<\/li>\n<li>Telefone: (85) 3066-2000<\/li>\n<\/ul>\n<h4>Outras informa\u00e7\u00f5es e site<\/h4>\n<ul>\n<li>Mais informa\u00e7\u00f5es:\u00a0<a href=\"http:\/\/riomarfortaleza.com.br\" target=\"_blank\" rel=\"noopener noreferrer\">www.riomarfortaleza.com.br<\/a><\/li>\n<\/ul>\n<h4>Mapa de localiza\u00e7\u00e3o<\/h4>\n<a class=\"wp-colorbox-iframe\" href=\"https:\/\/www.google.com\/maps\/embed?pb=!1m14!1m8!1m3!1d15925.265234095496!2d-38.471712!3d-3.7410979!3m2!1i1024!2i768!4f13.1!3m3!1m2!1s0x00xcfe3f384b9308e03!2sRioMar+Fortaleza!5e0!3m2!1spt-BR!2sbr!4v1535542980604\"><img decoding=\"async\" src=\"http:\/\/www.encontracampinas.com.br\/imgs\/maps-post.png\"><\/a>\n\n<div style=\"font-size: 0px; height: 0px; line-height: 0px; margin: 0; padding: 0; clear: both;\"><\/div>","protected":false},"excerpt":{"rendered":"<p>Indescrit\u00edvel \u00e9 aproveitar a vida em Fortaleza com mais moda, gastronomia, cultura e divers\u00e3o. Todos os dias s\u00e3o assim no RioMar Fortaleza. Moderno, inovador e de uma beleza arquitet\u00f4nica incompar\u00e1vel, o RioMar Fortaleza foi totalmente planejado para ser um presente do Grupo JCPM a Fortaleza. Junto ao incr\u00edvel mix de 385 lojas dos mais diversos segmentos, incluindo famosas grifes internacionais, temos uma das maiores e melhores estruturas de Shopping Center do pa\u00eds. F\u00e1cil acesso, amplo estacionamento, incompar\u00e1vel conforto, excel\u00eancia no atendimento e grandes marcas comprovam o que o Shopping oferece de melhor: momentos inesquec\u00edveis para toda a fam\u00edlia. Shopping Rio <\/p>\n","protected":false},"author":1,"featured_media":0,"parent":0,"menu_order":0,"comment_status":"closed","ping_status":"closed","template":"","meta":{"footnotes":""},"class_list":["post-387","page","type-page","status-publish","hentry"],"aioseo_notices":[],"_links":{"self":[{"href":"https:\/\/www.encontrafortaleza.com\/sobre\/wp-json\/wp\/v2\/pages\/387"}],"collection":[{"href":"https:\/\/www.encontrafortaleza.com\/sobre\/wp-json\/wp\/v2\/pages"}],"about":[{"href":"https:\/\/www.encontrafortaleza.com\/sobre\/wp-json\/wp\/v2\/types\/page"}],"author":[{"embeddable":true,"href":"https:\/\/www.encontrafortaleza.com\/sobre\/wp-json\/wp\/v2\/users\/1"}],"replies":[{"embeddable":true,"href":"https:\/\/www.encontrafortaleza.com\/sobre\/wp-json\/wp\/v2\/comments?post=387"}],"version-history":[{"count":0,"href":"https:\/\/www.encontrafortaleza.com\/sobre\/wp-json\/wp\/v2\/pages\/387\/revisions"}],"wp:attachment":[{"href":"https:\/\/www.encontrafortaleza.com\/sobre\/wp-json\/wp\/v2\/media?parent=387"}],"curies":[{"name":"wp","href":"https:\/\/api.w.org\/{rel}","templated":true}]}}