{"id":398,"date":"2018-08-29T09:18:38","date_gmt":"2018-08-29T12:18:38","guid":{"rendered":"http:\/\/www.encontrafortaleza.com\/sobre\/?page_id=398"},"modified":"2019-05-08T06:27:07","modified_gmt":"2019-05-08T09:27:07","slug":"receita-federal-fortaleza","status":"publish","type":"page","link":"https:\/\/www.encontrafortaleza.com\/sobre\/receita-federal-fortaleza\/","title":{"rendered":"Receita Federal Fortaleza"},"content":{"rendered":"<div class=\"2ad529334b11458fd7d9bde3e187e581\" data-index=\"1\" style=\"float: left; margin: 5px 5px 5px 0;\">\n<!-- EBR \/Novo-Bairro-Topo\/ 300x250 -->\r\n<ins class=\"adsbygoogle\"\r\n     style=\"display:inline-block;width:300px;height:250px\"\r\n     data-ad-client=\"ca-pub-6414922941841817\"\r\n     data-ad-slot=\"5351822287\"><\/ins>\r\n<script>\r\n(adsbygoogle = window.adsbygoogle || []).push({});\r\n<\/script>\n<\/div>\n<p class=\" \">A\u00a0<strong>Receita Federal Fortaleza<\/strong>\u00a0\u00e9 um \u00f3rg\u00e3o espec\u00edfico, singular, subordinado ao Minist\u00e9rio da Fazenda, exercendo fun\u00e7\u00f5es essenciais para que o Estado possa cumprir seus objetivos.<\/p>\n<p class=\" \">\u00c9 respons\u00e1vel pela administra\u00e7\u00e3o dos tributos de compet\u00eancia da Uni\u00e3o, inclusive os previdenci\u00e1rios, e aqueles incidentes sobre o com\u00e9rcio exterior, abrangendo parte significativa das contribui\u00e7\u00f5es sociais do Pa\u00eds.<\/p>\n<p><img loading=\"lazy\" decoding=\"async\" class=\"alignnone wp-image-399 size-full\" title=\"Receita Federal Fortaleza\" src=\"http:\/\/www.encontrafortaleza.com\/sobre\/wp-content\/uploads\/2018\/08\/receita-federal-fortaleza.gif\" alt=\"Receita Federal Fortaleza\" width=\"680\" height=\"189\" \/><\/p>\n<p>A\u00a0Receita Federal tamb\u00e9m subsidia o Poder Executivo Federal na formula\u00e7\u00e3o da pol\u00edtica tribut\u00e1ria brasileira, previne e combate a sonega\u00e7\u00e3o fiscal, o contrabando, o descaminho, a pirataria, a fraude comercial, o tr\u00e1fico de drogas e de animais em extin\u00e7\u00e3o e outros atos il\u00edcitos relacionados ao com\u00e9rcio internacional.<\/p>\n<p>Se o atendimento for destinado \u00e0 pessoa jur\u00eddica, \u00e9 necess\u00e1rio que o contribuinte realize um agendamento no site da\u00a0<em>Receita Federal<\/em>. No caso de pessoas f\u00edsicas, \u00e9 feita uma distribui\u00e7\u00e3o de senhas na pr\u00f3pria unidade, sendo que a triagem \u00e9 realizada at\u00e9 as 18h30, respeitando o limite de atendimento.<\/p>\n<h2>Receita Federal Fortaleza Servi\u00e7os<\/h2>\n<p><em>Alguns dos servi\u00e7os prestados pelas\u00a0Receita Federal<\/em><\/p>\n<ul>\n<li>Certid\u00e3o Negativa, relativa a tributos e contribui\u00e7\u00f5es federais;<\/li>\n<li>Parcelamento de d\u00e9bitos de natureza tribut\u00e1ria;<\/li>\n<li>Inscri\u00e7\u00e3o no CPF \u2013 Cadastro de Pessoas F\u00edsicas;<\/li>\n<li>Inscri\u00e7\u00e3o no CGC \u2013 Cadastro Geral de Contribuintes;<\/li>\n<li>Preenchimento de guias para recolhimento de tributos e contribui\u00e7\u00f5es federais;<\/li>\n<li>C\u00e1lculo de multas e acr\u00e9scimos legais;<\/li>\n<li>Entrega de declara\u00e7\u00f5es e de outras obriga\u00e7\u00f5es acess\u00f3rias;<\/li>\n<li>C\u00f3pias e segundas vias de documentos diversos;<\/li>\n<li>Isen\u00e7\u00e3o de IPI na aquisi\u00e7\u00e3o de ve\u00edculos para t\u00e1xi ou para uso de deficientes f\u00edsicos;<\/li>\n<li>Regulariza\u00e7\u00e3o de situa\u00e7\u00e3o fiscal;<\/li>\n<li>Orienta\u00e7\u00e3o sobre a aplica\u00e7\u00e3o da legisla\u00e7\u00e3o tribut\u00e1ria, pessoalmente ou por telefone;<\/li>\n<li>Informa\u00e7\u00f5es gerais.<\/li>\n<\/ul>\n<h3>Receita Federal Fortaleza Agendamento<\/h3>\n<p>A Receita Federal oferece servi\u00e7os que podem ser realizados pela internet, se n\u00e3o for esse o seu caso acesse o site na aba de\u00a0<em>agendamento\u00a0<\/em>\u00a0<a href=\"https:\/\/www.receita.fazenda.gov.br\/Aplicacoes\/SSL\/ATBHE\/SAGA\/defaultsemcertrecaptcha.aspx\" target=\"_blank\" rel=\"noopener noreferrer\">www.receita.fazenda.gov.br<\/a>\u00a0e siga as instru\u00e7\u00f5es.<\/p>\n<h3>Hor\u00e1rio de Funcionamento Receita Federal Fortaleza<\/h3>\n<ul>\n<li>Segunda a Sexta das 7h \u00e0s 18h<\/li>\n<\/ul>\n<h3>Endere\u00e7o e Telefone Receita Federal\u00a0Fortaleza<\/h3>\n<ul>\n<li>R. Bar\u00e3o de Aracati, 909 &#8211; Aldeota &#8211; Fortaleza &#8211; CE<\/li>\n<li>Telefone: (85) 3878-3200<\/li>\n<\/ul>\n<h4>Outras informa\u00e7\u00f5es e site:<\/h4>\n<ul>\n<li>Mais informa\u00e7\u00f5es:\u00a0<a href=\"http:\/\/www.receita.fazenda.gov.br\/\" target=\"_blank\" rel=\"noopener noreferrer\">www.receita.fazenda.gov.br<\/a><\/li>\n<\/ul>\n<h4>Mapa de localiza\u00e7\u00e3o:<\/h4>\n<a class=\"wp-colorbox-iframe\" href=\"https:\/\/www.google.com\/maps\/embed?pb=!1m14!1m8!1m3!1d15925.46954771634!2d-38.5104489!3d-3.7298391!3m2!1i1024!2i768!4f13.1!3m3!1m2!1s0x00xba16d91cd1bb44a1!2sReceita+Federal!5e0!3m2!1spt-BR!2sbr!4v1535544985967\"><img decoding=\"async\" src=\"http:\/\/www.encontracampinas.com.br\/imgs\/maps-post.png\"><\/a>\n\n<div style=\"font-size: 0px; height: 0px; line-height: 0px; margin: 0; padding: 0; clear: both;\"><\/div>","protected":false},"excerpt":{"rendered":"<p>A\u00a0Receita Federal Fortaleza\u00a0\u00e9 um \u00f3rg\u00e3o espec\u00edfico, singular, subordinado ao Minist\u00e9rio da Fazenda, exercendo fun\u00e7\u00f5es essenciais para que o Estado possa cumprir seus objetivos. \u00c9 respons\u00e1vel pela administra\u00e7\u00e3o dos tributos de compet\u00eancia da Uni\u00e3o, inclusive os previdenci\u00e1rios, e aqueles incidentes sobre o com\u00e9rcio exterior, abrangendo parte significativa das contribui\u00e7\u00f5es sociais do Pa\u00eds. A\u00a0Receita Federal tamb\u00e9m subsidia o Poder Executivo Federal na formula\u00e7\u00e3o da pol\u00edtica tribut\u00e1ria brasileira, previne e combate a sonega\u00e7\u00e3o fiscal, o contrabando, o descaminho, a pirataria, a fraude comercial, o tr\u00e1fico de drogas e de animais em extin\u00e7\u00e3o e outros atos il\u00edcitos relacionados ao com\u00e9rcio internacional. Se o atendimento <\/p>\n","protected":false},"author":1,"featured_media":0,"parent":0,"menu_order":0,"comment_status":"closed","ping_status":"closed","template":"","meta":{"footnotes":""},"class_list":["post-398","page","type-page","status-publish","hentry"],"aioseo_notices":[],"_links":{"self":[{"href":"https:\/\/www.encontrafortaleza.com\/sobre\/wp-json\/wp\/v2\/pages\/398"}],"collection":[{"href":"https:\/\/www.encontrafortaleza.com\/sobre\/wp-json\/wp\/v2\/pages"}],"about":[{"href":"https:\/\/www.encontrafortaleza.com\/sobre\/wp-json\/wp\/v2\/types\/page"}],"author":[{"embeddable":true,"href":"https:\/\/www.encontrafortaleza.com\/sobre\/wp-json\/wp\/v2\/users\/1"}],"replies":[{"embeddable":true,"href":"https:\/\/www.encontrafortaleza.com\/sobre\/wp-json\/wp\/v2\/comments?post=398"}],"version-history":[{"count":0,"href":"https:\/\/www.encontrafortaleza.com\/sobre\/wp-json\/wp\/v2\/pages\/398\/revisions"}],"wp:attachment":[{"href":"https:\/\/www.encontrafortaleza.com\/sobre\/wp-json\/wp\/v2\/media?parent=398"}],"curies":[{"name":"wp","href":"https:\/\/api.w.org\/{rel}","templated":true}]}}