{"id":403,"date":"2018-08-29T09:42:40","date_gmt":"2018-08-29T12:42:40","guid":{"rendered":"http:\/\/www.encontrafortaleza.com\/sobre\/?page_id=403"},"modified":"2019-05-08T06:42:03","modified_gmt":"2019-05-08T09:42:03","slug":"arquidiocese-fortaleza","status":"publish","type":"page","link":"https:\/\/www.encontrafortaleza.com\/sobre\/arquidiocese-fortaleza\/","title":{"rendered":"Arquidiocese Fortaleza"},"content":{"rendered":"<div class=\"2ad529334b11458fd7d9bde3e187e581\" data-index=\"1\" style=\"float: left; margin: 5px 5px 5px 0;\">\n<!-- EBR \/Novo-Bairro-Topo\/ 300x250 -->\r\n<ins class=\"adsbygoogle\"\r\n     style=\"display:inline-block;width:300px;height:250px\"\r\n     data-ad-client=\"ca-pub-6414922941841817\"\r\n     data-ad-slot=\"5351822287\"><\/ins>\r\n<script>\r\n(adsbygoogle = window.adsbygoogle || []).push({});\r\n<\/script>\n<\/div>\n<p>A <strong>Arquidiocese de Fortaleza<\/strong> \u00e9 uma circunscri\u00e7\u00e3o eclesi\u00e1stica da Igreja Cat\u00f3lica no estado do Cear\u00e1, congrega 143 par\u00f3quias e \u00e1reas pastorais. Tem Dom Jos\u00e9 Ant\u00f4nio Aparecido Tosi Marques como arcebispo e Dom Rosalvo Cordeiro de Lima como bispo auxiliar.<\/p>\n<p>A Igreja Catedral \u00e9 dedicada a S\u00e3o Jos\u00e9 e foi inaugurada em 1978 com capacidade para abrigar 5.000 pessoas. Sua administra\u00e7\u00e3o \u00e9 formada pela C\u00faria Metropolitana, Secretariado de Pastoral e Tribunal Eclesi\u00e1stico.<\/p>\n<p><img loading=\"lazy\" decoding=\"async\" class=\"alignnone wp-image-404 size-full\" title=\"Arquidiocese Fortaleza\" src=\"http:\/\/www.encontrafortaleza.com\/sobre\/wp-content\/uploads\/2018\/08\/arquidiocese-fortaleza.gif\" alt=\"Arquidiocese Fortaleza\" width=\"680\" height=\"189\" \/><\/p>\n<p>A Miss\u00e3o da Arquidiocese \u00e9 evangelizar, a partir de Jesus Cristo, na for\u00e7a do Esp\u00edrito Santo, como Igreja disc\u00edpula, mission\u00e1ria, prof\u00e9tica e misericordiosa, alimentada pela Palavra de Deus e pela Eucaristia, \u00e0 luz da evang\u00e9lica op\u00e7\u00e3o preferencial pelos pobres, para que todos tenham vida, rumo ao Reino definitivo.<\/p>\n<h2>Arquidiocese Fortaleza Par\u00f3quias<\/h2>\n<p>Pertencem \u00e0 Arquidiocese de Fortaleza as seguintes <em>Par\u00f3quias:<\/em><\/p>\n<ul>\n<li>Bom Jesus dos Aflitos<\/li>\n<li>Nossa Senhora da Assun\u00e7\u00e3o<\/li>\n<li>Nossa Senhora da Concei\u00e7\u00e3o<\/li>\n<li>Nossa Senhora dos Prazeres<\/li>\n<li>Regi\u00e3o Praia<\/li>\n<li>Regi\u00e3o Serra<\/li>\n<li>Regi\u00e3o Sert\u00e3o<\/li>\n<li>Sagrada Fam\u00edlia<\/li>\n<li>S\u00e3o Jos\u00e9<\/li>\n<\/ul>\n<h3>Arquidiocese Fortaleza Pastorais<\/h3>\n<p>Diversas <em>pastorais<\/em> possuem coordena\u00e7\u00e3o ou articula\u00e7\u00e3o arquidiocesana, mas a metodologia \u00e9 que essas coordena\u00e7\u00f5es arquidiocesanas se fa\u00e7am sempre a partir das Regi\u00f5es Episcopais. Possuem coordena\u00e7\u00e3o arquidiocesana: Campanhas, Conselho de Leigos, Conselho Mission\u00e1rio Arquidiocesano, Pastoral do D\u00edzimo, de Catequese, de Comunica\u00e7\u00e3o, Familiar, Vocacional, Lit\u00fargica, do Setor Juventude, das Comunidades Eclesiais de Base \u2013 CEBs e Grito dos Exclu\u00eddos.<\/p>\n<p>A articula\u00e7\u00e3o das Pastorais Sociais, CEBs e Organismos envolve:<\/p>\n<p>Pastoral Afro, Pastoral Carcer\u00e1ria, Pastoral da Aids, Pastoral da Crian\u00e7a, Pastoral da Juventude do Meio Popular, Pastoral da Juventude, Pastoral da Mulher Marginalizada, Pastoral da Pessoa Idosa, Pastoral da Terra (CPT), Pastoral da Sa\u00fade, Pastoral da Sobriedade, Pastoral do Menor, Pastoral do Migrante, Pastoral do Povo da Rua, Pastoral dos Pescadores, Pastoral dos Surdos, Pastoral Oper\u00e1ria, Caritas Arquidiocesana, Centro de Defesa e Promo\u00e7\u00e3o dos Direitos Humanos, Curso de Ver\u00e3o na Terra do Sol, Grito dos Exclu\u00eddos e a coordena\u00e7\u00e3o arquidiocesana das CEBs.<\/p>\n<h3>Arquidiocese Fortaleza Confiss\u00f5es<\/h3>\n<p>Os hor\u00e1rios de <em>confiss\u00f5es<\/em> devem ser consultados nas par\u00f3quias. Entre em contato pelo telefone abaixo e se informa melhor.<\/p>\n<h3>Hor\u00e1rio de Funcionamento Arquidiocese em Fortaleza<\/h3>\n<ul>\n<li>Segunda a Sexta: das 08h \u00e0s 18h<\/li>\n<\/ul>\n<h3>Endere\u00e7o e Telefone\u00a0Arquidiocese em Fortaleza<\/h3>\n<ul>\n<li>Av. Des. Moreira, 2211 &#8211; Aldeota &#8211; Fortaleza &#8211; CE<\/li>\n<li>Telefone: (85) 3224-6489<\/li>\n<\/ul>\n<h4>Outras informa\u00e7\u00f5es e site<\/h4>\n<ul>\n<li>Mais informa\u00e7\u00f5es:\u00a0<a href=\"http:\/\/www.arquidiocesedefortaleza.org.br\/\" target=\"_blank\" rel=\"noopener noreferrer\">www.arquidiocesedefortaleza.org.br<\/a><\/li>\n<\/ul>\n<h4>Mapa de localiza\u00e7\u00e3o<\/h4>\n<a class=\"wp-colorbox-iframe\" href=\"https:\/\/www.google.com\/maps\/embed?pb=!1m18!1m12!1m3!1d3981.2963923783977!2d-38.50323578524105!3d-3.7454786972750296!2m3!1f0!2f0!3f0!3m2!1i1024!2i768!4f13.1!3m3!1m2!1s0x7c7489223f709cb0xa0f138f644da5582!2sAv.+Des.+Moreira+2211+-+Aldeota+Fortaleza+-+CE+60170-002!5e0!3m2!1spt-BR!2sbr!4v1535546332891\"><img decoding=\"async\" src=\"http:\/\/www.encontracampinas.com.br\/imgs\/maps-post.png\"><\/a>\n\n<div style=\"font-size: 0px; height: 0px; line-height: 0px; margin: 0; padding: 0; clear: both;\"><\/div>","protected":false},"excerpt":{"rendered":"<p>A Arquidiocese de Fortaleza \u00e9 uma circunscri\u00e7\u00e3o eclesi\u00e1stica da Igreja Cat\u00f3lica no estado do Cear\u00e1, congrega 143 par\u00f3quias e \u00e1reas pastorais. Tem Dom Jos\u00e9 Ant\u00f4nio Aparecido Tosi Marques como arcebispo e Dom Rosalvo Cordeiro de Lima como bispo auxiliar. A Igreja Catedral \u00e9 dedicada a S\u00e3o Jos\u00e9 e foi inaugurada em 1978 com capacidade para abrigar 5.000 pessoas. Sua administra\u00e7\u00e3o \u00e9 formada pela C\u00faria Metropolitana, Secretariado de Pastoral e Tribunal Eclesi\u00e1stico. A Miss\u00e3o da Arquidiocese \u00e9 evangelizar, a partir de Jesus Cristo, na for\u00e7a do Esp\u00edrito Santo, como Igreja disc\u00edpula, mission\u00e1ria, prof\u00e9tica e misericordiosa, alimentada pela Palavra de Deus e <\/p>\n","protected":false},"author":1,"featured_media":0,"parent":0,"menu_order":0,"comment_status":"closed","ping_status":"closed","template":"","meta":{"footnotes":""},"class_list":["post-403","page","type-page","status-publish","hentry"],"aioseo_notices":[],"_links":{"self":[{"href":"https:\/\/www.encontrafortaleza.com\/sobre\/wp-json\/wp\/v2\/pages\/403"}],"collection":[{"href":"https:\/\/www.encontrafortaleza.com\/sobre\/wp-json\/wp\/v2\/pages"}],"about":[{"href":"https:\/\/www.encontrafortaleza.com\/sobre\/wp-json\/wp\/v2\/types\/page"}],"author":[{"embeddable":true,"href":"https:\/\/www.encontrafortaleza.com\/sobre\/wp-json\/wp\/v2\/users\/1"}],"replies":[{"embeddable":true,"href":"https:\/\/www.encontrafortaleza.com\/sobre\/wp-json\/wp\/v2\/comments?post=403"}],"version-history":[{"count":0,"href":"https:\/\/www.encontrafortaleza.com\/sobre\/wp-json\/wp\/v2\/pages\/403\/revisions"}],"wp:attachment":[{"href":"https:\/\/www.encontrafortaleza.com\/sobre\/wp-json\/wp\/v2\/media?parent=403"}],"curies":[{"name":"wp","href":"https:\/\/api.w.org\/{rel}","templated":true}]}}