{"id":418,"date":"2018-09-03T04:53:34","date_gmt":"2018-09-03T07:53:34","guid":{"rendered":"http:\/\/www.encontrafortaleza.com\/sobre\/?page_id=418"},"modified":"2019-05-08T07:02:06","modified_gmt":"2019-05-08T10:02:06","slug":"hospital-geral-de-fortaleza","status":"publish","type":"page","link":"https:\/\/www.encontrafortaleza.com\/sobre\/hospital-geral-de-fortaleza\/","title":{"rendered":"Hospital Geral de Fortaleza"},"content":{"rendered":"<div class=\"2ad529334b11458fd7d9bde3e187e581\" data-index=\"1\" style=\"float: left; margin: 5px 5px 5px 0;\">\n<!-- EBR \/Novo-Bairro-Topo\/ 300x250 -->\r\n<ins class=\"adsbygoogle\"\r\n     style=\"display:inline-block;width:300px;height:250px\"\r\n     data-ad-client=\"ca-pub-6414922941841817\"\r\n     data-ad-slot=\"5351822287\"><\/ins>\r\n<script>\r\n(adsbygoogle = window.adsbygoogle || []).push({});\r\n<\/script>\n<\/div>\n<p>O <strong>Hospital Geral de Fortaleza<\/strong> &#8211; HGF &#8211; foi inaugurado em 23 de maio de 1969, como unidade pertencente ao extinto Instituto Nacional de Assist\u00eancia M\u00e9dica, Previdenci\u00e1ria e Social \u2013 INAMPS; idealizado para ser Centro de Refer\u00eancia para o Norte e Nordeste no tocante \u00e0 assist\u00eancia de alta complexidade.<\/p>\n<p>Desde o ano de 1990, quando de sua estadualiza\u00e7\u00e3o, o hospital passa a integrar o Sistema \u00danico de Sa\u00fade na rede assistencial da Secretaria da Sa\u00fade do Estado do Cear\u00e1 \u2013 SESA, \u00f3rg\u00e3o do Poder Executivo.<\/p>\n<p><img loading=\"lazy\" decoding=\"async\" class=\"alignnone wp-image-419 size-full\" title=\"Hospital Geral de Fortaleza\" src=\"http:\/\/www.encontrafortaleza.com\/sobre\/wp-content\/uploads\/2018\/09\/hospital-geral-de-fortaleza.gif\" alt=\"Hospital Geral de Fortaleza\" width=\"680\" height=\"189\" \/><\/p>\n<p>Hoje, o HGF \u00e9 o maior hospital p\u00fablico da rede estadual, refer\u00eancia em procedimentos de alta complexidade, realizando transplantes, neurocirurgias, e prestando assist\u00eancia em AVC (Acidente Vascular Cerebral) e outras patologias neurol\u00f3gicas, ortopedia, obstetr\u00edcia de alto risco, tratamentos cl\u00ednicos especializados dentre outros. Integra a rede de Hospitais Sentinelas, Hospital Amigo da Crian\u00e7a, Rede Cegonha e, por \u00faltimo, foi inclu\u00eddo no Programa SOS Emerg\u00eancia, do Minist\u00e9rio da Sa\u00fade. \u00c9 refer\u00eancia em 33 especialidades e 64 subespecialidades.<\/p>\n<p>Em outubro de 2009, o HGF inaugurou a Unidade de AVC, com estrutura moderna e equipe interdisciplinar de plant\u00e3o 24 horas para fazer um atendimento diferenciado ao paciente que chega na emerg\u00eancia com AVC, a principal causa de morte hoje em todo o Brasil. A Unidade \u00e9 a maior do pa\u00eds com vinte leitos e capacidade para atender 240 pacientes por m\u00eas.<\/p>\n<p>A Unidade mant\u00e9m o \u00fanico Banco de Olhos do Estado, fazendo a capta\u00e7\u00e3o, preserva\u00e7\u00e3o e distribui\u00e7\u00e3o de c\u00f3rneas para os 13 centros transplantadores de todo o Cear\u00e1. Al\u00e9m de realizar transplantes de c\u00f3rneas, faz transplantes de f\u00edgado, p\u00e2ncreas e rim. O Centro de Transplantes Renais \u00e9 refer\u00eancia no Norte e Nordeste, j\u00e1 tendo realizado mais de mil transplantes, marca atingida em 2009.<\/p>\n<h2>Hospital Geral de Fortaleza Call Center<\/h2>\n<p>Para entrar em contato com o hospital, tirar suas d\u00favidas ou marcar consultas e exames, entre em contato pelo <em>Call Center<\/em> no site.<\/p>\n<h3>Hospital Geral Fortaleza Maternidade<\/h3>\n<p>O Hospital conta com uma ala equipada e especializada no atendimento a gestante e ao beb\u00ea. Para maiores informa\u00e7\u00f5es sobre o setor entre em contato com o Hospital.<\/p>\n<h3>Vagas Hospital Geral de Fortaleza &#8211; Trabalhe Conosco<\/h3>\n<p>O Hospital Geral de Fortaleza disponibiliza <em>vagas de trabalho<\/em> durante todo ano. Para se informar sobre os processos seletivos e se candidatar as vagas acompanhe o site da empresa, onde \u00e9 poss\u00edvel se informar sobre vagas abertas, sal\u00e1rios e compet\u00eancias necess\u00e1rias para se candidatar ao processo.<\/p>\n<h3>Hor\u00e1rio de Funcionamento Hospital Geral em Fortaleza<\/h3>\n<ul>\n<li>24 horas<\/li>\n<\/ul>\n<h3>Endere\u00e7o e Telefone Hospital Geral em Fortaleza<\/h3>\n<ul>\n<li>R. Andr\u00e9 Dall&#8217;Olio, 540 &#8211; Papicu &#8211; Fortaleza &#8211; CE<\/li>\n<li>Telefone: (85) 3101-3161<\/li>\n<\/ul>\n<h4>Outras informa\u00e7\u00f5es e site<\/h4>\n<ul>\n<li>Mais informa\u00e7\u00f5es:\u00a0<a href=\"http:\/\/www.hgf.ce.gov.br\/#\" target=\"_blank\" rel=\"noopener noreferrer\">www.hgf.ce.gov.br<\/a><\/li>\n<\/ul>\n<h4>Mapa de localiza\u00e7\u00e3o<\/h4>\n<a class=\"wp-colorbox-iframe\" href=\"https:\/\/www.google.com\/maps\/embed?pb=!1m18!1m12!1m3!1d3981.336401555609!2d-38.48175768524092!3d-3.736672997281407!2m3!1f0!2f0!3f0!3m2!1i1024!2i768!4f13.1!3m3!1m2!1s0x7c747d3535d7ee50x5375a98cbbb9b87!2sR.+Andr+Dall&#039;Olio+540+-+Papicu+Fortaleza+-+CE+60175-195!5e0!3m2!1spt-BR!2sbr!4v1535960885400\"><img decoding=\"async\" src=\"http:\/\/www.encontracampinas.com.br\/imgs\/maps-post.png\"><\/a>\n\n<div style=\"font-size: 0px; height: 0px; line-height: 0px; margin: 0; padding: 0; clear: both;\"><\/div>","protected":false},"excerpt":{"rendered":"<p>O Hospital Geral de Fortaleza &#8211; HGF &#8211; foi inaugurado em 23 de maio de 1969, como unidade pertencente ao extinto Instituto Nacional de Assist\u00eancia M\u00e9dica, Previdenci\u00e1ria e Social \u2013 INAMPS; idealizado para ser Centro de Refer\u00eancia para o Norte e Nordeste no tocante \u00e0 assist\u00eancia de alta complexidade. Desde o ano de 1990, quando de sua estadualiza\u00e7\u00e3o, o hospital passa a integrar o Sistema \u00danico de Sa\u00fade na rede assistencial da Secretaria da Sa\u00fade do Estado do Cear\u00e1 \u2013 SESA, \u00f3rg\u00e3o do Poder Executivo. Hoje, o HGF \u00e9 o maior hospital p\u00fablico da rede estadual, refer\u00eancia em procedimentos de <\/p>\n","protected":false},"author":1,"featured_media":0,"parent":0,"menu_order":0,"comment_status":"closed","ping_status":"closed","template":"","meta":{"footnotes":""},"class_list":["post-418","page","type-page","status-publish","hentry"],"aioseo_notices":[],"_links":{"self":[{"href":"https:\/\/www.encontrafortaleza.com\/sobre\/wp-json\/wp\/v2\/pages\/418"}],"collection":[{"href":"https:\/\/www.encontrafortaleza.com\/sobre\/wp-json\/wp\/v2\/pages"}],"about":[{"href":"https:\/\/www.encontrafortaleza.com\/sobre\/wp-json\/wp\/v2\/types\/page"}],"author":[{"embeddable":true,"href":"https:\/\/www.encontrafortaleza.com\/sobre\/wp-json\/wp\/v2\/users\/1"}],"replies":[{"embeddable":true,"href":"https:\/\/www.encontrafortaleza.com\/sobre\/wp-json\/wp\/v2\/comments?post=418"}],"version-history":[{"count":0,"href":"https:\/\/www.encontrafortaleza.com\/sobre\/wp-json\/wp\/v2\/pages\/418\/revisions"}],"wp:attachment":[{"href":"https:\/\/www.encontrafortaleza.com\/sobre\/wp-json\/wp\/v2\/media?parent=418"}],"curies":[{"name":"wp","href":"https:\/\/api.w.org\/{rel}","templated":true}]}}