{"id":439,"date":"2018-09-03T10:08:34","date_gmt":"2018-09-03T13:08:34","guid":{"rendered":"http:\/\/www.encontrafortaleza.com\/sobre\/?page_id=439"},"modified":"2019-05-08T07:52:06","modified_gmt":"2019-05-08T10:52:06","slug":"rodoviaria-de-fortaleza","status":"publish","type":"page","link":"https:\/\/www.encontrafortaleza.com\/sobre\/rodoviaria-de-fortaleza\/","title":{"rendered":"Rodovi\u00e1ria de Fortaleza"},"content":{"rendered":"<div class=\"2ad529334b11458fd7d9bde3e187e581\" data-index=\"1\" style=\"float: left; margin: 5px 5px 5px 0;\">\n<!-- EBR \/Novo-Bairro-Topo\/ 300x250 -->\r\n<ins class=\"adsbygoogle\"\r\n     style=\"display:inline-block;width:300px;height:250px\"\r\n     data-ad-client=\"ca-pub-6414922941841817\"\r\n     data-ad-slot=\"5351822287\"><\/ins>\r\n<script>\r\n(adsbygoogle = window.adsbygoogle || []).push({});\r\n<\/script>\n<\/div>\n<p>Constru\u00eddo pela Socicam,\u00a0o Terminal Rodovi\u00e1rio Antonio Bezerra\u00a0foi inaugurado em 11\/12\/2000. Com 12 plataformas, 19 bilheterias e lojas de apoio, al\u00e9m de posto da Pol\u00edcia Militar, o terminal est\u00e1 instalado em terreno de 11 mil metros quadrados.<\/p>\n<p>A <strong>Rodovi\u00e1ria de Fortaleza<\/strong> conta com recursos de acessibilidade como macas, cadeiras de rodas dispon\u00edveis no balc\u00e3o de atendimento no setor inferior de embarque e desembarque, tr\u00eas rampas de acesso, duas escadas rolantes para embarcar e desembarcar e carrinhos para levar a bagagem nos andares superiores e no estacionamento.<\/p>\n<p><img loading=\"lazy\" decoding=\"async\" class=\"alignnone wp-image-440 size-full\" title=\"Rodovi\u00e1ria de Fortaleza\" src=\"http:\/\/www.encontrafortaleza.com\/sobre\/wp-content\/uploads\/2018\/09\/rodoviaria-de-frtaleza.gif\" alt=\"Rodovi\u00e1ria de Fortaleza\" width=\"680\" height=\"189\" \/><\/p>\n<p>Os banheiros tamb\u00e9m s\u00e3o adaptados e h\u00e1 vagas exclusivas no estacionamento.<\/p>\n<h2>Rodovi\u00e1ria de Fortaleza Pre\u00e7os \u00d4nibus<\/h2>\n<p>Os\u00a0<em>valores das passagens<\/em>\u00a0podem ser consultados diretamente no site da companhia que voc\u00ea deseja viajar<\/p>\n<h3>Rodovi\u00e1ria de Fortaleza Empresas<\/h3>\n<p>As <em>empresas<\/em> que funcionam na rodovi\u00e1ria s\u00e3o:<\/p>\n<ul>\n<li>Coopratrafce<\/li>\n<li>Cooprtrater<\/li>\n<li>Expresso Guanabara<\/li>\n<li>Nordeste<\/li>\n<li>Princesa dos Inhamuns<\/li>\n<li>S\u00e3o Benedito<\/li>\n<li>Transbrasil<\/li>\n<li>Via\u00e7\u00e3o Eucatur<\/li>\n<li>Via\u00e7\u00e3o Fretcar<\/li>\n<li>Via\u00e7\u00e3o Gontijo<\/li>\n<li>Via\u00e7\u00e3o Itapemirim<\/li>\n<li>Via\u00e7\u00e3o Nacional<\/li>\n<li>Via\u00e7\u00e3o Penha<\/li>\n<li>Via\u00e7\u00e3o Tavares<\/li>\n<li>Via\u00e7\u00e3o Transbrasiliana<\/li>\n<\/ul>\n<h3>Rodovi\u00e1ria de Fortaleza Hor\u00e1rio de \u00d4nibus e Previs\u00e3o de Chegada<\/h3>\n<p>Para\u00a0<em>consultar os hor\u00e1rios de \u00f4nibus e a previs\u00e3o de chegada das linhas<\/em>, acesse o site da empresa de \u00f4nibus que voc\u00ea pretende viajar. L\u00e1 \u00e9 poss\u00edvel fazer a consulta atualizada dos hor\u00e1rios, dura\u00e7\u00e3o da viagem e previs\u00e3o de chegada ao destino.<\/p>\n<h3>Rodovi\u00e1ria de Fortaleza Servi\u00e7os<\/h3>\n<p>A Rodovi\u00e1ria de Fortaleza fornece os principais <em>servi\u00e7os<\/em> para os usu\u00e1rios, como balc\u00e3o de informa\u00e7\u00f5es, caixas eletr\u00f4nicos e guarda volumes. Al\u00e9m disso, conta com diversas op\u00e7\u00f5es de restaurantes e lojas para a comodidade do passageiro.<\/p>\n<p>A rodovi\u00e1ria possui tamb\u00e9m estacionamento e sanit\u00e1rios, inclusive para banho.<\/p>\n<p>O terminal rodovi\u00e1rio \u00e9 adaptado para melhor atender os passageiros com mobilidade reduzida e\/ou defici\u00eancia e conta com rampas de acesso, cadeiras de rodas e sanit\u00e1rios (masculinos e femininos) adaptados. Disponibiliza vagas exclusivas no estacionamento e pessoal preparado para aux\u00edlio e acompanhamento de deficientes.<\/p>\n<h3>Vagas Rodovi\u00e1ria de Fortaleza &#8211; Trabalhe Conosco<\/h3>\n<p>A Rodovi\u00e1ria de Fortaleza disponibiliza <em>vagas de trabalho<\/em> durante todo ano. Para se informar sobre os processos seletivos e se candidatar as vagas acompanhe o site da empresa, onde \u00e9 poss\u00edvel se informar sobre vagas abertas, sal\u00e1rios e compet\u00eancias necess\u00e1rias para se candidatar ao processo.<\/p>\n<h3>Hor\u00e1rio de Funcionamento Rodovi\u00e1ria em Fortaleza<\/h3>\n<ul>\n<li>24 horas<\/li>\n<\/ul>\n<h3>Endere\u00e7o e Telefone Rodovi\u00e1ria em Fortaleza<\/h3>\n<ul>\n<li>Av. Borges de Melo, 1630 &#8211; F\u00e1tima &#8211; Fortaleza &#8211; CE<\/li>\n<li>Telefone: (85) 3256-2200<\/li>\n<\/ul>\n<h4>Mapa de localiza\u00e7\u00e3o<\/h4>\n<a class=\"wp-colorbox-iframe\" href=\"https:\/\/www.google.com\/maps\/embed?pb=!1m14!1m8!1m3!1d15924.964235546995!2d-38.5308386!3d-3.7576232!3m2!1i1024!2i768!4f13.1!3m3!1m2!1s0x00xb72dcdd987c6dafe!2sTerminal+Rodovirio+Eng.+Joo+Thom!5e0!3m2!1spt-BR!2sbr!4v1535979897803\"><img decoding=\"async\" src=\"http:\/\/www.encontracampinas.com.br\/imgs\/maps-post.png\"><\/a>\n\n<div style=\"font-size: 0px; height: 0px; line-height: 0px; margin: 0; padding: 0; clear: both;\"><\/div>","protected":false},"excerpt":{"rendered":"<p>Constru\u00eddo pela Socicam,\u00a0o Terminal Rodovi\u00e1rio Antonio Bezerra\u00a0foi inaugurado em 11\/12\/2000. Com 12 plataformas, 19 bilheterias e lojas de apoio, al\u00e9m de posto da Pol\u00edcia Militar, o terminal est\u00e1 instalado em terreno de 11 mil metros quadrados. A Rodovi\u00e1ria de Fortaleza conta com recursos de acessibilidade como macas, cadeiras de rodas dispon\u00edveis no balc\u00e3o de atendimento no setor inferior de embarque e desembarque, tr\u00eas rampas de acesso, duas escadas rolantes para embarcar e desembarcar e carrinhos para levar a bagagem nos andares superiores e no estacionamento. Os banheiros tamb\u00e9m s\u00e3o adaptados e h\u00e1 vagas exclusivas no estacionamento. Rodovi\u00e1ria de Fortaleza Pre\u00e7os <\/p>\n","protected":false},"author":1,"featured_media":0,"parent":0,"menu_order":0,"comment_status":"closed","ping_status":"closed","template":"","meta":{"footnotes":""},"class_list":["post-439","page","type-page","status-publish","hentry"],"aioseo_notices":[],"_links":{"self":[{"href":"https:\/\/www.encontrafortaleza.com\/sobre\/wp-json\/wp\/v2\/pages\/439"}],"collection":[{"href":"https:\/\/www.encontrafortaleza.com\/sobre\/wp-json\/wp\/v2\/pages"}],"about":[{"href":"https:\/\/www.encontrafortaleza.com\/sobre\/wp-json\/wp\/v2\/types\/page"}],"author":[{"embeddable":true,"href":"https:\/\/www.encontrafortaleza.com\/sobre\/wp-json\/wp\/v2\/users\/1"}],"replies":[{"embeddable":true,"href":"https:\/\/www.encontrafortaleza.com\/sobre\/wp-json\/wp\/v2\/comments?post=439"}],"version-history":[{"count":0,"href":"https:\/\/www.encontrafortaleza.com\/sobre\/wp-json\/wp\/v2\/pages\/439\/revisions"}],"wp:attachment":[{"href":"https:\/\/www.encontrafortaleza.com\/sobre\/wp-json\/wp\/v2\/media?parent=439"}],"curies":[{"name":"wp","href":"https:\/\/api.w.org\/{rel}","templated":true}]}}