{"id":447,"date":"2018-09-10T05:13:47","date_gmt":"2018-09-10T08:13:47","guid":{"rendered":"http:\/\/www.encontrafortaleza.com\/sobre\/?page_id=447"},"modified":"2019-05-08T08:11:33","modified_gmt":"2019-05-08T11:11:33","slug":"camara-municipal-de-fortaleza","status":"publish","type":"page","link":"https:\/\/www.encontrafortaleza.com\/sobre\/camara-municipal-de-fortaleza\/","title":{"rendered":"C\u00e2mara Municipal de Fortaleza"},"content":{"rendered":"<div class=\"2ad529334b11458fd7d9bde3e187e581\" data-index=\"1\" style=\"float: left; margin: 5px 5px 5px 0;\">\n<!-- EBR \/Novo-Bairro-Topo\/ 300x250 -->\r\n<ins class=\"adsbygoogle\"\r\n     style=\"display:inline-block;width:300px;height:250px\"\r\n     data-ad-client=\"ca-pub-6414922941841817\"\r\n     data-ad-slot=\"5351822287\"><\/ins>\r\n<script>\r\n(adsbygoogle = window.adsbygoogle || []).push({});\r\n<\/script>\n<\/div>\n<p>A\u00a0<b>C\u00e2mara Municipal de Fortaleza<\/b>\u00a0\u00e9 o\u00a0\u00f3rg\u00e3o legislativo\u00a0do\u00a0munic\u00edpio\u00a0hom\u00f4nimo. Composta por 43\u00a0vereadores, \u00e9 a maior casa legislativa municipal do\u00a0Cear\u00e1.<\/p>\n<p>Pioneira no uso da documenta\u00e7\u00e3o eletr\u00f4nica, a C\u00e2mara Municipal de Fortaleza disponibiliza na\u00a0Internet\u00a0todo o acervo de\u00a0leis,\u00a0decretos,\u00a0emendas\u00a0e resolu\u00e7\u00f5es desde\u00a01948. Totalizando mais de 500.000 documentos\u00a0digitalizados e que podem ter seu acesso p\u00fablico atrav\u00e9s de pesquisa por n\u00famero do documento, autor ou assunto.<\/p>\n<p><img loading=\"lazy\" decoding=\"async\" class=\"alignnone wp-image-448 size-full\" title=\"C\u00e2mara Municipal de Fortaleza\" src=\"http:\/\/www.encontrafortaleza.com\/sobre\/wp-content\/uploads\/2018\/09\/camara-municiap-de-fortaleza.gif\" alt=\"C\u00e2mara Municipal de Fortaleza\" width=\"680\" height=\"189\" \/><\/p>\n<p>Pensando na transpar\u00eancia de suas a\u00e7\u00f5es, a casa transmite pela internet, o \u00e1udio e v\u00eddeo das sess\u00f5es plen\u00e1rias desde\u00a01997\u00a0e, atualmente, a programa\u00e7\u00e3o de sua TV legislativa, chamada TV Fortaleza.\u00a0 A C\u00e2mara Municipal de Fortaleza figurou entre as 100 Melhores Empresas de TI do Brasil em\u00a02009\u00a0e\u00a02011\u00a0por meio do\u00a0Pr\u00eamio IT Leaders\u00a0que premia os principais\u00a0l\u00edderes de tecnologia\u00a0do\u00a0Brasil.<\/p>\n<h2>C\u00e2mara Municipal de Fortaleza Vereador<\/h2>\n<p>No exerc\u00edcio da fun\u00e7\u00e3o o <em>vereador<\/em> tem o poder de ouvir o que os eleitores querem, propor e aprovar esses pedidos na C\u00e2mara Municipal e fiscalizar as a\u00e7\u00f5es do Poder Executivo em rela\u00e7\u00e3o \u00e0s essas demandas. Na efetiva\u00e7\u00e3o dos seus direitos os eleitores devem acompanhar a atua\u00e7\u00e3o do vereador para verificar se o trabalho est\u00e1 sendo bem desenvolvido.<\/p>\n<p>Ao vereador cabe elaborar as leis municipais e fiscalizar a atua\u00e7\u00e3o do Executivo \u2013 no caso, o prefeito. S\u00e3o os vereadores que prop\u00f5em, discutem e aprovam as leis a serem aplicadas no munic\u00edpio. Dentre essas leis que passam pela C\u00e2mara Municipal, est\u00e1 a Lei Or\u00e7ament\u00e1ria Anual (LOA), onde s\u00e3o definidos os investimentos a serem feitos pela Prefeitura na cidade durante cada ano, que ser\u00e3o acompanhadas pelos vereadores, podendo os mesmo fazerem adequa\u00e7\u00f5es.<\/p>\n<h3>C\u00e2mara Municipal de Fortaleza Concursos<\/h3>\n<p>A C\u00e2mara Municipal contrata funcion\u00e1rios por meio de <em>concursos p\u00fablicos<\/em>, acesse o site e n\u00e3o perca as datas das inscri\u00e7\u00f5es e provas.<\/p>\n<h3>C\u00e2mara Municipal de Fortaleza ao Vivo<\/h3>\n<p>Voc\u00ea pode assistir \u00e0s transmiss\u00f5es da C\u00e2mara de Fortaleza pelo canal do Youtube <a href=\"https:\/\/www.youtube.com\/channel\/UCaa7wRZqVT8rrv69BZB079g\" target=\"_blank\" rel=\"noopener noreferrer\">www.youtube.com\/channel\/UCaa7wRZqVT8rrv69BZB079g <\/a>e fique por dentro do que acontece no dia a dia dos vereadores.<\/p>\n<h3>Hor\u00e1rio de Funcionamento C\u00e2mara Municipal em Fortaleza<\/h3>\n<ul>\n<li>Segunda a Sexta: das 08h \u00e0s 17h<\/li>\n<\/ul>\n<h3>Endere\u00e7o e Telefone C\u00e2mara Municipal em Fortaleza<\/h3>\n<ul>\n<li>\n<div><span class=\"_2iem\">Rua Dr. Thompson Bulc\u00e3o, 830 &#8211; Patriolino Ribeiro &#8211;\u00a0<\/span><span class=\"_2iem\">Fortaleza &#8211; CE<\/span><\/div>\n<\/li>\n<li>Telefone: (85) 3444-8300<\/li>\n<\/ul>\n<h4>Outras informa\u00e7\u00f5es e site<\/h4>\n<ul>\n<li>Mais informa\u00e7\u00f5es:\u00a0<a href=\"http:\/\/www.cmfor.ce.gov.br\/\" target=\"_blank\" rel=\"noopener noreferrer\">www.cmfor.ce.gov.br<\/a><\/li>\n<\/ul>\n<h4>Mapa de localiza\u00e7\u00e3o<\/h4>\n<a class=\"wp-colorbox-iframe\" href=\"https:\/\/www.google.com\/maps\/embed?pb=!1m18!1m12!1m3!1d3981.1943887471466!2d-38.498143285240864!3d-3.7678358972588493!2m3!1f0!2f0!3f0!3m2!1i1024!2i768!4f13.1!3m3!1m2!1s0x7c748b2ae05b4f50xb6d0cfc51c3d37b0!2sRua+Dr.+Thompson+Bulco+830+-+Eng.+Luciano+Cavalcante+Fortaleza+-+CE+60810-460!5e0!3m2!1spt-BR!2sbr!4v1536567046346\"><img decoding=\"async\" src=\"http:\/\/www.encontracampinas.com.br\/imgs\/maps-post.png\"><\/a>\n\n<div style=\"font-size: 0px; height: 0px; line-height: 0px; margin: 0; padding: 0; clear: both;\"><\/div>","protected":false},"excerpt":{"rendered":"<p>A\u00a0C\u00e2mara Municipal de Fortaleza\u00a0\u00e9 o\u00a0\u00f3rg\u00e3o legislativo\u00a0do\u00a0munic\u00edpio\u00a0hom\u00f4nimo. Composta por 43\u00a0vereadores, \u00e9 a maior casa legislativa municipal do\u00a0Cear\u00e1. Pioneira no uso da documenta\u00e7\u00e3o eletr\u00f4nica, a C\u00e2mara Municipal de Fortaleza disponibiliza na\u00a0Internet\u00a0todo o acervo de\u00a0leis,\u00a0decretos,\u00a0emendas\u00a0e resolu\u00e7\u00f5es desde\u00a01948. Totalizando mais de 500.000 documentos\u00a0digitalizados e que podem ter seu acesso p\u00fablico atrav\u00e9s de pesquisa por n\u00famero do documento, autor ou assunto. Pensando na transpar\u00eancia de suas a\u00e7\u00f5es, a casa transmite pela internet, o \u00e1udio e v\u00eddeo das sess\u00f5es plen\u00e1rias desde\u00a01997\u00a0e, atualmente, a programa\u00e7\u00e3o de sua TV legislativa, chamada TV Fortaleza.\u00a0 A C\u00e2mara Municipal de Fortaleza figurou entre as 100 Melhores Empresas de TI do Brasil <\/p>\n","protected":false},"author":1,"featured_media":0,"parent":0,"menu_order":0,"comment_status":"closed","ping_status":"closed","template":"","meta":{"footnotes":""},"class_list":["post-447","page","type-page","status-publish","hentry"],"aioseo_notices":[],"_links":{"self":[{"href":"https:\/\/www.encontrafortaleza.com\/sobre\/wp-json\/wp\/v2\/pages\/447"}],"collection":[{"href":"https:\/\/www.encontrafortaleza.com\/sobre\/wp-json\/wp\/v2\/pages"}],"about":[{"href":"https:\/\/www.encontrafortaleza.com\/sobre\/wp-json\/wp\/v2\/types\/page"}],"author":[{"embeddable":true,"href":"https:\/\/www.encontrafortaleza.com\/sobre\/wp-json\/wp\/v2\/users\/1"}],"replies":[{"embeddable":true,"href":"https:\/\/www.encontrafortaleza.com\/sobre\/wp-json\/wp\/v2\/comments?post=447"}],"version-history":[{"count":0,"href":"https:\/\/www.encontrafortaleza.com\/sobre\/wp-json\/wp\/v2\/pages\/447\/revisions"}],"wp:attachment":[{"href":"https:\/\/www.encontrafortaleza.com\/sobre\/wp-json\/wp\/v2\/media?parent=447"}],"curies":[{"name":"wp","href":"https:\/\/api.w.org\/{rel}","templated":true}]}}